{"id":307,"date":"2025-11-11T18:10:26","date_gmt":"2025-11-11T21:10:26","guid":{"rendered":"https:\/\/litoral.ufpr.br\/meliponario\/?page_id=307"},"modified":"2025-11-12T17:12:25","modified_gmt":"2025-11-12T20:12:25","slug":"publicacoes","status":"publish","type":"page","link":"https:\/\/litoral.ufpr.br\/meliponario\/publicacoes\/","title":{"rendered":"Cole\u00e7\u00e3o B\u00eaia: A Abelinha Sem Ferr\u00e3o"},"content":{"rendered":"\n<figure class=\"wp-block-image size-full\"><img loading=\"lazy\" decoding=\"async\" width=\"429\" height=\"593\" src=\"https:\/\/litoral.ufpr.br\/meliponario\/wp-content\/uploads\/sites\/35\/2025\/11\/image-3.png\" alt=\"\" class=\"wp-image-314\" srcset=\"https:\/\/litoral.ufpr.br\/meliponario\/wp-content\/uploads\/sites\/35\/2025\/11\/image-3.png 429w, https:\/\/litoral.ufpr.br\/meliponario\/wp-content\/uploads\/sites\/35\/2025\/11\/image-3-217x300.png 217w\" sizes=\"auto, (max-width: 429px) 100vw, 429px\" \/><\/figure>\n\n\n\n<p><\/p>\n\n\n\n<figure class=\"wp-block-image size-full is-resized\"><img loading=\"lazy\" decoding=\"async\" width=\"442\" height=\"635\" src=\"https:\/\/litoral.ufpr.br\/meliponario\/wp-content\/uploads\/sites\/35\/2025\/11\/image-2.png\" alt=\"\" class=\"wp-image-313\" style=\"width:430px;height:auto\" srcset=\"https:\/\/litoral.ufpr.br\/meliponario\/wp-content\/uploads\/sites\/35\/2025\/11\/image-2.png 442w, https:\/\/litoral.ufpr.br\/meliponario\/wp-content\/uploads\/sites\/35\/2025\/11\/image-2-209x300.png 209w\" sizes=\"auto, (max-width: 442px) 100vw, 442px\" \/><\/figure>\n\n\n\n<figure class=\"wp-block-image size-full is-resized\"><img loading=\"lazy\" decoding=\"async\" width=\"467\" height=\"249\" src=\"https:\/\/litoral.ufpr.br\/meliponario\/wp-content\/uploads\/sites\/35\/2025\/11\/image-4.png\" alt=\"\" class=\"wp-image-315\" style=\"width:695px;height:auto\" srcset=\"https:\/\/litoral.ufpr.br\/meliponario\/wp-content\/uploads\/sites\/35\/2025\/11\/image-4.png 467w, https:\/\/litoral.ufpr.br\/meliponario\/wp-content\/uploads\/sites\/35\/2025\/11\/image-4-300x160.png 300w\" sizes=\"auto, (max-width: 467px) 100vw, 467px\" \/><\/figure>\n\n\n\n<figure class=\"wp-block-image size-full\"><img loading=\"lazy\" decoding=\"async\" width=\"436\" height=\"588\" src=\"https:\/\/litoral.ufpr.br\/meliponario\/wp-content\/uploads\/sites\/35\/2025\/11\/image-5.png\" alt=\"\" class=\"wp-image-316\" srcset=\"https:\/\/litoral.ufpr.br\/meliponario\/wp-content\/uploads\/sites\/35\/2025\/11\/image-5.png 436w, https:\/\/litoral.ufpr.br\/meliponario\/wp-content\/uploads\/sites\/35\/2025\/11\/image-5-222x300.png 222w\" sizes=\"auto, (max-width: 436px) 100vw, 436px\" \/><\/figure>\n\n\n\n<h2 class=\"wp-block-heading\"><a href=\"https:\/\/litoral.ufpr.br\/meliponario\/wp-content\/uploads\/sites\/35\/2025\/11\/Livro-1-final.pdf\">Livro 1<\/a><\/h2>\n\n\n\n<figure class=\"wp-block-image size-full is-resized\"><img loading=\"lazy\" decoding=\"async\" width=\"437\" height=\"587\" src=\"https:\/\/litoral.ufpr.br\/meliponario\/wp-content\/uploads\/sites\/35\/2025\/11\/image-6.png\" alt=\"\" class=\"wp-image-317\" style=\"width:433px;height:auto\" srcset=\"https:\/\/litoral.ufpr.br\/meliponario\/wp-content\/uploads\/sites\/35\/2025\/11\/image-6.png 437w, https:\/\/litoral.ufpr.br\/meliponario\/wp-content\/uploads\/sites\/35\/2025\/11\/image-6-223x300.png 223w\" sizes=\"auto, (max-width: 437px) 100vw, 437px\" \/><\/figure>\n\n\n\n<h2 class=\"wp-block-heading\"><a href=\"https:\/\/litoral.ufpr.br\/meliponario\/wp-content\/uploads\/sites\/35\/2025\/11\/Livro-2-Final.pdf\">Livro 2<\/a><\/h2>\n\n\n\n<figure class=\"wp-block-image size-full\"><img loading=\"lazy\" decoding=\"async\" width=\"435\" height=\"579\" src=\"https:\/\/litoral.ufpr.br\/meliponario\/wp-content\/uploads\/sites\/35\/2025\/11\/image-7.png\" alt=\"\" class=\"wp-image-318\" srcset=\"https:\/\/litoral.ufpr.br\/meliponario\/wp-content\/uploads\/sites\/35\/2025\/11\/image-7.png 435w, https:\/\/litoral.ufpr.br\/meliponario\/wp-content\/uploads\/sites\/35\/2025\/11\/image-7-225x300.png 225w\" sizes=\"auto, (max-width: 435px) 100vw, 435px\" \/><\/figure>\n\n\n\n<h2 class=\"wp-block-heading\"><a href=\"https:\/\/litoral.ufpr.br\/meliponario\/wp-content\/uploads\/sites\/35\/2025\/11\/Livro-Final.pdf\">Livro 3<\/a><\/h2>\n\n\n\n<figure class=\"wp-block-image size-full\"><img loading=\"lazy\" decoding=\"async\" width=\"437\" height=\"580\" src=\"https:\/\/litoral.ufpr.br\/meliponario\/wp-content\/uploads\/sites\/35\/2025\/11\/image-8.png\" alt=\"\" class=\"wp-image-319\" srcset=\"https:\/\/litoral.ufpr.br\/meliponario\/wp-content\/uploads\/sites\/35\/2025\/11\/image-8.png 437w, https:\/\/litoral.ufpr.br\/meliponario\/wp-content\/uploads\/sites\/35\/2025\/11\/image-8-226x300.png 226w\" sizes=\"auto, (max-width: 437px) 100vw, 437px\" \/><\/figure>\n\n\n\n<h2 class=\"wp-block-heading\"><a href=\"https:\/\/litoral.ufpr.br\/meliponario\/wp-content\/uploads\/sites\/35\/2025\/11\/Livro-4-Final.pdf\">Livro 4<\/a><\/h2>\n\n\n\n<figure class=\"wp-block-image size-full\"><img loading=\"lazy\" decoding=\"async\" width=\"428\" height=\"585\" src=\"https:\/\/litoral.ufpr.br\/meliponario\/wp-content\/uploads\/sites\/35\/2025\/11\/image-9.png\" alt=\"\" class=\"wp-image-320\" srcset=\"https:\/\/litoral.ufpr.br\/meliponario\/wp-content\/uploads\/sites\/35\/2025\/11\/image-9.png 428w, https:\/\/litoral.ufpr.br\/meliponario\/wp-content\/uploads\/sites\/35\/2025\/11\/image-9-219x300.png 219w\" sizes=\"auto, (max-width: 428px) 100vw, 428px\" \/><\/figure>\n\n\n\n<h2 class=\"wp-block-heading\"><a href=\"https:\/\/litoral.ufpr.br\/meliponario\/wp-content\/uploads\/sites\/35\/2025\/11\/Livro-5-Final.pdf\">Livro 5<\/a><\/h2>\n\n\n\n<figure class=\"wp-block-image size-full\"><img loading=\"lazy\" decoding=\"async\" width=\"434\" height=\"591\" src=\"https:\/\/litoral.ufpr.br\/meliponario\/wp-content\/uploads\/sites\/35\/2025\/11\/image-10.png\" alt=\"\" class=\"wp-image-321\" srcset=\"https:\/\/litoral.ufpr.br\/meliponario\/wp-content\/uploads\/sites\/35\/2025\/11\/image-10.png 434w, https:\/\/litoral.ufpr.br\/meliponario\/wp-content\/uploads\/sites\/35\/2025\/11\/image-10-220x300.png 220w\" sizes=\"auto, (max-width: 434px) 100vw, 434px\" \/><\/figure>\n","protected":false},"excerpt":{"rendered":"<p>Livro 1 Livro 2 Livro 3 Livro 4 Livro 5<\/p>\n","protected":false},"author":1660,"featured_media":0,"parent":0,"menu_order":0,"comment_status":"closed","ping_status":"closed","template":"","meta":{"_acf_changed":false,"footnotes":""},"class_list":["post-307","page","type-page","status-publish","hentry"],"acf":[],"_links":{"self":[{"href":"https:\/\/litoral.ufpr.br\/meliponario\/wp-json\/wp\/v2\/pages\/307","targetHints":{"allow":["GET"]}}],"collection":[{"href":"https:\/\/litoral.ufpr.br\/meliponario\/wp-json\/wp\/v2\/pages"}],"about":[{"href":"https:\/\/litoral.ufpr.br\/meliponario\/wp-json\/wp\/v2\/types\/page"}],"author":[{"embeddable":true,"href":"https:\/\/litoral.ufpr.br\/meliponario\/wp-json\/wp\/v2\/users\/1660"}],"replies":[{"embeddable":true,"href":"https:\/\/litoral.ufpr.br\/meliponario\/wp-json\/wp\/v2\/comments?post=307"}],"version-history":[{"count":4,"href":"https:\/\/litoral.ufpr.br\/meliponario\/wp-json\/wp\/v2\/pages\/307\/revisions"}],"predecessor-version":[{"id":336,"href":"https:\/\/litoral.ufpr.br\/meliponario\/wp-json\/wp\/v2\/pages\/307\/revisions\/336"}],"wp:attachment":[{"href":"https:\/\/litoral.ufpr.br\/meliponario\/wp-json\/wp\/v2\/media?parent=307"}],"curies":[{"name":"wp","href":"https:\/\/api.w.org\/{rel}","templated":true}]}}