{"id":227,"date":"2025-09-02T20:28:47","date_gmt":"2025-09-02T23:28:47","guid":{"rendered":"https:\/\/litoral.ufpr.br\/meliponario\/?page_id=227"},"modified":"2025-10-09T14:01:05","modified_gmt":"2025-10-09T17:01:05","slug":"2025-2","status":"publish","type":"page","link":"https:\/\/litoral.ufpr.br\/meliponario\/2025-2\/","title":{"rendered":"2025\/2"},"content":{"rendered":"\n<h2 class=\"wp-block-heading\">ICH \u2013 Intera\u00e7\u00f5es Culturais e Human\u00edsticas<\/h2>\n\n\n\n<h2 class=\"wp-block-heading\">Tema: Cria\u00e7\u00e3o de Abelhas Nativas<strong>: dimens\u00f5es socioambientais, econ\u00f4micas e educacionais da meliponicultura.<\/strong><\/h2>\n\n\n\n<figure class=\"wp-block-pullquote\"><blockquote><p>Participa\u00e7\u00e3o no IX ENECAMB realizado na UFPR Litoral<\/p><\/blockquote><\/figure>\n\n\n\n<p>O\u00a0<strong>IX Encontro Nacional de Estudantes de Ci\u00eancias Ambientais (IX ENECAMB)<\/strong>, um dos principais espa\u00e7os de articula\u00e7\u00e3o pol\u00edtica, acad\u00eamica e cultural da \u00e1rea. O evento reuniu estudantes de diferentes institui\u00e7\u00f5es de ensino superior do pa\u00eds, docentes, pesquisadores e comunidades locais para discutir os desafios contempor\u00e2neos da forma\u00e7\u00e3o e da atua\u00e7\u00e3o profissional em Ci\u00eancias Ambientais, no per\u00edodo de 05 a 12 de outubro de 2025. <\/p>\n\n\n\n<p>Os estudantes da ICH &#8211; Cria\u00e7\u00e3o de Abelhas Nativas  j\u00e1 realizaram atividades durante o evento.<\/p>\n\n\n\n<figure class=\"wp-block-gallery has-nested-images columns-default is-cropped wp-block-gallery-1 is-layout-flex wp-block-gallery-is-layout-flex\">\n<figure class=\"wp-block-image size-large\"><img loading=\"lazy\" decoding=\"async\" width=\"768\" height=\"1024\" data-id=\"296\" src=\"https:\/\/litoral.ufpr.br\/meliponario\/wp-content\/uploads\/sites\/35\/2025\/10\/WhatsApp-Image-2025-10-09-at-13.24.46-768x1024.jpeg\" alt=\"\" class=\"wp-image-296\" srcset=\"https:\/\/litoral.ufpr.br\/meliponario\/wp-content\/uploads\/sites\/35\/2025\/10\/WhatsApp-Image-2025-10-09-at-13.24.46-768x1024.jpeg 768w, https:\/\/litoral.ufpr.br\/meliponario\/wp-content\/uploads\/sites\/35\/2025\/10\/WhatsApp-Image-2025-10-09-at-13.24.46-225x300.jpeg 225w, https:\/\/litoral.ufpr.br\/meliponario\/wp-content\/uploads\/sites\/35\/2025\/10\/WhatsApp-Image-2025-10-09-at-13.24.46-1152x1536.jpeg 1152w, https:\/\/litoral.ufpr.br\/meliponario\/wp-content\/uploads\/sites\/35\/2025\/10\/WhatsApp-Image-2025-10-09-at-13.24.46.jpeg 1200w\" sizes=\"auto, (max-width: 768px) 100vw, 768px\" \/><\/figure>\n\n\n\n<figure class=\"wp-block-image size-large\"><img loading=\"lazy\" decoding=\"async\" width=\"768\" height=\"1024\" data-id=\"297\" src=\"https:\/\/litoral.ufpr.br\/meliponario\/wp-content\/uploads\/sites\/35\/2025\/10\/WhatsApp-Image-2025-10-09-at-13.24.26-1-768x1024.jpeg\" alt=\"\" class=\"wp-image-297\" srcset=\"https:\/\/litoral.ufpr.br\/meliponario\/wp-content\/uploads\/sites\/35\/2025\/10\/WhatsApp-Image-2025-10-09-at-13.24.26-1-768x1024.jpeg 768w, https:\/\/litoral.ufpr.br\/meliponario\/wp-content\/uploads\/sites\/35\/2025\/10\/WhatsApp-Image-2025-10-09-at-13.24.26-1-225x300.jpeg 225w, https:\/\/litoral.ufpr.br\/meliponario\/wp-content\/uploads\/sites\/35\/2025\/10\/WhatsApp-Image-2025-10-09-at-13.24.26-1-1152x1536.jpeg 1152w, https:\/\/litoral.ufpr.br\/meliponario\/wp-content\/uploads\/sites\/35\/2025\/10\/WhatsApp-Image-2025-10-09-at-13.24.26-1.jpeg 1200w\" sizes=\"auto, (max-width: 768px) 100vw, 768px\" \/><\/figure>\n\n\n\n<figure class=\"wp-block-image size-large\"><img loading=\"lazy\" decoding=\"async\" width=\"768\" height=\"1024\" data-id=\"298\" src=\"https:\/\/litoral.ufpr.br\/meliponario\/wp-content\/uploads\/sites\/35\/2025\/10\/WhatsApp-Image-2025-10-09-at-13.24.26-768x1024.jpeg\" alt=\"\" class=\"wp-image-298\" srcset=\"https:\/\/litoral.ufpr.br\/meliponario\/wp-content\/uploads\/sites\/35\/2025\/10\/WhatsApp-Image-2025-10-09-at-13.24.26-768x1024.jpeg 768w, https:\/\/litoral.ufpr.br\/meliponario\/wp-content\/uploads\/sites\/35\/2025\/10\/WhatsApp-Image-2025-10-09-at-13.24.26-225x300.jpeg 225w, https:\/\/litoral.ufpr.br\/meliponario\/wp-content\/uploads\/sites\/35\/2025\/10\/WhatsApp-Image-2025-10-09-at-13.24.26-1152x1536.jpeg 1152w, https:\/\/litoral.ufpr.br\/meliponario\/wp-content\/uploads\/sites\/35\/2025\/10\/WhatsApp-Image-2025-10-09-at-13.24.26.jpeg 1200w\" sizes=\"auto, (max-width: 768px) 100vw, 768px\" \/><\/figure>\n\n\n\n<figure class=\"wp-block-image size-large\"><img loading=\"lazy\" decoding=\"async\" width=\"768\" height=\"1024\" data-id=\"299\" src=\"https:\/\/litoral.ufpr.br\/meliponario\/wp-content\/uploads\/sites\/35\/2025\/10\/WhatsApp-Image-2025-10-09-at-13.24.27-768x1024.jpeg\" alt=\"\" class=\"wp-image-299\" srcset=\"https:\/\/litoral.ufpr.br\/meliponario\/wp-content\/uploads\/sites\/35\/2025\/10\/WhatsApp-Image-2025-10-09-at-13.24.27-768x1024.jpeg 768w, https:\/\/litoral.ufpr.br\/meliponario\/wp-content\/uploads\/sites\/35\/2025\/10\/WhatsApp-Image-2025-10-09-at-13.24.27-225x300.jpeg 225w, https:\/\/litoral.ufpr.br\/meliponario\/wp-content\/uploads\/sites\/35\/2025\/10\/WhatsApp-Image-2025-10-09-at-13.24.27-1152x1536.jpeg 1152w, https:\/\/litoral.ufpr.br\/meliponario\/wp-content\/uploads\/sites\/35\/2025\/10\/WhatsApp-Image-2025-10-09-at-13.24.27.jpeg 1200w\" sizes=\"auto, (max-width: 768px) 100vw, 768px\" \/><\/figure>\n\n\n\n<figure class=\"wp-block-image size-large\"><img loading=\"lazy\" decoding=\"async\" width=\"671\" height=\"1024\" data-id=\"300\" src=\"https:\/\/litoral.ufpr.br\/meliponario\/wp-content\/uploads\/sites\/35\/2025\/10\/WhatsApp-Image-2025-10-09-at-12.55.09-1-671x1024.jpeg\" alt=\"\" class=\"wp-image-300\" srcset=\"https:\/\/litoral.ufpr.br\/meliponario\/wp-content\/uploads\/sites\/35\/2025\/10\/WhatsApp-Image-2025-10-09-at-12.55.09-1-671x1024.jpeg 671w, https:\/\/litoral.ufpr.br\/meliponario\/wp-content\/uploads\/sites\/35\/2025\/10\/WhatsApp-Image-2025-10-09-at-12.55.09-1-197x300.jpeg 197w, https:\/\/litoral.ufpr.br\/meliponario\/wp-content\/uploads\/sites\/35\/2025\/10\/WhatsApp-Image-2025-10-09-at-12.55.09-1-768x1173.jpeg 768w, https:\/\/litoral.ufpr.br\/meliponario\/wp-content\/uploads\/sites\/35\/2025\/10\/WhatsApp-Image-2025-10-09-at-12.55.09-1-1006x1536.jpeg 1006w, https:\/\/litoral.ufpr.br\/meliponario\/wp-content\/uploads\/sites\/35\/2025\/10\/WhatsApp-Image-2025-10-09-at-12.55.09-1.jpeg 1048w\" sizes=\"auto, (max-width: 671px) 100vw, 671px\" \/><\/figure>\n\n\n\n<figure class=\"wp-block-image size-large\"><img loading=\"lazy\" decoding=\"async\" width=\"730\" height=\"1024\" data-id=\"301\" src=\"https:\/\/litoral.ufpr.br\/meliponario\/wp-content\/uploads\/sites\/35\/2025\/10\/WhatsApp-Image-2025-10-09-at-12.55.09-730x1024.jpeg\" alt=\"\" class=\"wp-image-301\" srcset=\"https:\/\/litoral.ufpr.br\/meliponario\/wp-content\/uploads\/sites\/35\/2025\/10\/WhatsApp-Image-2025-10-09-at-12.55.09-730x1024.jpeg 730w, https:\/\/litoral.ufpr.br\/meliponario\/wp-content\/uploads\/sites\/35\/2025\/10\/WhatsApp-Image-2025-10-09-at-12.55.09-214x300.jpeg 214w, https:\/\/litoral.ufpr.br\/meliponario\/wp-content\/uploads\/sites\/35\/2025\/10\/WhatsApp-Image-2025-10-09-at-12.55.09-768x1078.jpeg 768w, https:\/\/litoral.ufpr.br\/meliponario\/wp-content\/uploads\/sites\/35\/2025\/10\/WhatsApp-Image-2025-10-09-at-12.55.09-1094x1536.jpeg 1094w, https:\/\/litoral.ufpr.br\/meliponario\/wp-content\/uploads\/sites\/35\/2025\/10\/WhatsApp-Image-2025-10-09-at-12.55.09.jpeg 1140w\" sizes=\"auto, (max-width: 730px) 100vw, 730px\" \/><\/figure>\n<figcaption class=\"blocks-gallery-caption\">Atividades em Laborat\u00f3rio<\/figcaption><\/figure>\n\n\n\n<figure class=\"wp-block-pullquote\"><blockquote><p><strong>Sa\u00edda de Campo ao S\u00edtio Pr\u00f3polis Azul &#8211; Paranagu\u00e1 <\/strong><\/p><\/blockquote><\/figure>\n\n\n\n<div class=\"wp-block-columns is-layout-flex wp-container-core-columns-is-layout-9d6595d7 wp-block-columns-is-layout-flex\">\n<div class=\"wp-block-column is-layout-flow wp-block-column-is-layout-flow\" style=\"flex-basis:100%\">\n<div class=\"wp-block-columns is-layout-flex wp-container-core-columns-is-layout-9d6595d7 wp-block-columns-is-layout-flex\">\n<div class=\"wp-block-column is-layout-flow wp-block-column-is-layout-flow\" style=\"flex-basis:100%\">\n<figure class=\"wp-block-image size-large\"><img loading=\"lazy\" decoding=\"async\" width=\"1024\" height=\"768\" src=\"https:\/\/litoral.ufpr.br\/meliponario\/wp-content\/uploads\/sites\/35\/2025\/10\/image-1-1024x768.png\" alt=\"\" class=\"wp-image-289\" srcset=\"https:\/\/litoral.ufpr.br\/meliponario\/wp-content\/uploads\/sites\/35\/2025\/10\/image-1-1024x768.png 1024w, https:\/\/litoral.ufpr.br\/meliponario\/wp-content\/uploads\/sites\/35\/2025\/10\/image-1-300x225.png 300w, https:\/\/litoral.ufpr.br\/meliponario\/wp-content\/uploads\/sites\/35\/2025\/10\/image-1-768x576.png 768w, https:\/\/litoral.ufpr.br\/meliponario\/wp-content\/uploads\/sites\/35\/2025\/10\/image-1-600x450.png 600w, https:\/\/litoral.ufpr.br\/meliponario\/wp-content\/uploads\/sites\/35\/2025\/10\/image-1.png 1280w\" sizes=\"auto, (max-width: 1024px) 100vw, 1024px\" \/><\/figure>\n<\/div>\n<\/div>\n\n\n\n<p>Nesse dia 01 de outubro, estudantes da UFPR Litoral realizaram visita t\u00e9cnica ao Melipon\u00e1rio &#8220;Sitio Pr\u00f3polis Azul&#8221;, em Paranagu\u00e1.<\/p>\n\n\n\n<p>A atividade, conduzida pelo prof. Renato Bochicchio, teve por objetivo ampliar os conhecimentos sobre manejo de abelhas sem ferr\u00e3o (ASF), especialmente da abelha manda\u00e7aia (Melipona quadrifasciata), \u00fanica esp\u00e9cie produtora do pr\u00f3polis azul, encontrada apenas na faixa litor\u00e2nea entre os estados de Santa Catarina e S\u00e3o Paulo.<\/p>\n\n\n\n<p>O meliponicultor Rafael Ferlin, propriet\u00e1rio do Sitio, al\u00e9m de contar com um plantel de centenas de col\u00f4nias, realiza a confec\u00e7\u00e3o das caixas racionais, desenvolve o design e impress\u00e3o de pe\u00e7as espec\u00edficas para o manejo em impressoras 3D e apresenta vasto conhecimento sobre a flora mel\u00edfera local.<\/p>\n\n\n\n<p>Durante a intera\u00e7\u00e3o com os estudantes, foram realizadas diversas atividades pr\u00e1ticas de manejo, bem como apontadas possibilidades de novos estudos sobre as ASF do melipon\u00e1rio pela UFPR, a partir da realiza\u00e7\u00e3o de projetos acad\u00eamicos da gradua\u00e7\u00e3o e p\u00f3s-gradua\u00e7\u00e3o.<\/p>\n\n\n\n<p>Ap\u00f3s o sucesso da atividade, ser\u00e3o confirmadas novas incurs\u00f5es para os avan\u00e7os no trabalho conjunto com o Sitio Pr\u00f3polis Azul pela UFPR.<\/p>\n\n\n\n<p><\/p>\n<\/div>\n<\/div>\n\n\n<div class=\"wp-block-image\">\n<figure class=\"aligncenter size-large\"><img loading=\"lazy\" decoding=\"async\" width=\"576\" height=\"1024\" src=\"https:\/\/litoral.ufpr.br\/meliponario\/wp-content\/uploads\/sites\/35\/2025\/10\/image-2-576x1024.png\" alt=\"\" class=\"wp-image-291\" srcset=\"https:\/\/litoral.ufpr.br\/meliponario\/wp-content\/uploads\/sites\/35\/2025\/10\/image-2-576x1024.png 576w, https:\/\/litoral.ufpr.br\/meliponario\/wp-content\/uploads\/sites\/35\/2025\/10\/image-2-169x300.png 169w, https:\/\/litoral.ufpr.br\/meliponario\/wp-content\/uploads\/sites\/35\/2025\/10\/image-2.png 720w\" sizes=\"auto, (max-width: 576px) 100vw, 576px\" \/><figcaption>Pr\u00f3polis Azul<\/figcaption><\/figure><\/div>\n\n\n<figure class=\"wp-block-pullquote\"><blockquote><p><strong>Sa\u00edda de campo ao Melipon\u00e1rio Doce Para\u00edso, em Colombo\/PR<\/strong><\/p><\/blockquote><\/figure>\n\n\n\n<p><\/p>\n\n\n<div class=\"wp-block-image\">\n<figure class=\"aligncenter size-full\"><img loading=\"lazy\" decoding=\"async\" width=\"557\" height=\"503\" src=\"https:\/\/litoral.ufpr.br\/meliponario\/wp-content\/uploads\/sites\/35\/2025\/10\/image.png\" alt=\"\" class=\"wp-image-287\" srcset=\"https:\/\/litoral.ufpr.br\/meliponario\/wp-content\/uploads\/sites\/35\/2025\/10\/image.png 557w, https:\/\/litoral.ufpr.br\/meliponario\/wp-content\/uploads\/sites\/35\/2025\/10\/image-300x271.png 300w\" sizes=\"auto, (max-width: 557px) 100vw, 557px\" \/><figcaption>Melipon\u00e1rio Doce Para\u00edso, em Colombo\/PR &#8211; 24\/09\/2025<\/figcaption><\/figure><\/div>\n\n\n<p>Estudantes da ICH \u201cCria\u00e7\u00e3o de Abelhas Nativas\u201d da UFPR Litoral, equipe do projeto de extens\u00e3o \u201cEstrat\u00e9gias para o fortalecimento da cria\u00e7\u00e3o de abelhas sem ferr\u00e3o (ASF) no litoral paranaense e representantes da Associa\u00e7\u00e3o de Meliponicultores do Litoral do Paran\u00e1 &#8211; AME Litoral, realizaram uma sa\u00edda de campo ao Melipon\u00e1rio Doce Para\u00edso, em Colombo\/PR.<\/p>\n\n\n\n<p>O espa\u00e7o \u00e9 refer\u00eancia estadual na meliponicultura, atividade dedicada \u00e0 cria\u00e7\u00e3o de abelhas nativas sem ferr\u00e3o &#8211; fundamentais para a preserva\u00e7\u00e3o da biodiversidade brasileira.<\/p>\n\n\n\n<p>Durante a visita, em 24\/09\/25, foram apresentadas informa\u00e7\u00f5es sobre a hist\u00f3ria do Melipon\u00e1rio, a distribui\u00e7\u00e3o das esp\u00e9cies ao longo da \u00e1rea e diversos aspectos do manejo das col\u00f4nias.<\/p>\n\n\n\n<p>Ao final, foi realizada atividade de degusta\u00e7\u00e3o de m\u00e9is de diferentes abelhas sociais e apresentados diferentes produtos elaborados a partir do mel e pr\u00f3polis.<\/p>\n\n\n\n<p>A visita t\u00e9cnica aproximou os la\u00e7os na rela\u00e7\u00e3o da UFPR com a realidade da produ\u00e7\u00e3o e dos produtores e abriu portas para novos estudos e investiga\u00e7\u00f5es sobre essa fascinante atividade produtiva e sustent\u00e1vel.<\/p>\n\n\n\n<p>Conhe\u00e7a nosso Instagram!<\/p>\n\n\n\n<p><a href=\"https:\/\/www.instagram.com\/meliponario.ufpr\/reel\/DPQ_wXnkQbs\/\">https:\/\/www.instagram.com\/meliponario.ufpr\/reel\/DPQ_wXnkQbs\/<\/a><\/p>\n\n\n\n<p><a href=\"https:\/\/www.instagram.com\/explore\/tags\/abelhasnativas\/\">#abelhasnativas<\/a><a href=\"https:\/\/www.instagram.com\/explore\/tags\/abelhassemferr%C3%A3o%F0%9F%90%9D\/\">#abelhassemferr\u00e3o\ud83d\udc1d<\/a><a href=\"https:\/\/www.instagram.com\/explore\/tags\/melipon%C3%A1rio\/\">#melipon\u00e1rio<\/a><a href=\"https:\/\/www.instagram.com\/explore\/tags\/mel\/\">#mel<\/a><a href=\"https:\/\/www.instagram.com\/explore\/tags\/abelhasnativasdosul\/\">#abelhasnativasdosul<\/a><a href=\"https:\/\/www.instagram.com\/explore\/tags\/ufprlitoral\/\">#ufprlitoral<\/a><a href=\"https:\/\/www.instagram.com\/explore\/tags\/amelitoral\/\">#AMElitoral<\/a><a href=\"https:\/\/www.instagram.com\/explore\/tags\/exten%C3%A7%C3%A3ouniversit%C3%A1ria\/\">#exten\u00e7\u00e3ouniversit\u00e1ria<\/a><\/p>\n\n\n\n<figure class=\"wp-block-pullquote\"><blockquote><p>Atividade pr\u00e1tica de constru\u00e7\u00e3o do ninho-armadilha para captura de abelhas sem ferr\u00e3o, resultantes da intera\u00e7\u00e3o entres as ICHs \u201cCria\u00e7\u00e3o de Abelhas Nativas\u201d e \u201cAgroflorestas\u201d.<\/p><\/blockquote><\/figure>\n\n\n\n<p>Nesse dia 01 de setembro foi realizada atividade de prepara\u00e7\u00e3o de iscas para acolhimento de abelhas sem ferr\u00e3o, resultantes da intera\u00e7\u00e3o entres as ICHs &#8220;Cria\u00e7\u00e3o de Abelhas Nativas&#8221; e &#8220;Agroflorestas&#8221;.<\/p>\n\n\n\n<p>O objetivo \u00e9 propiciar a instala\u00e7\u00e3o inicial em propriedade na Col\u00f4nia Quintilha, bem como em escolas p\u00fablicas no litoral do Paran\u00e1.<\/p>\n\n\n\n<p>A iniciativa \u00e9 coordenada pelo projeto de extens\u00e3o &#8220;Estrat\u00e9gias para o Fortalecimento da Cria\u00e7\u00e3o de Abelhas Nativas no Litoral Paranaense&#8221;, coordenado pelo prof. Renato Bochicchio.<\/p>\n\n\n<div class=\"wp-block-image\">\n<figure class=\"aligncenter size-large\"><img loading=\"lazy\" decoding=\"async\" width=\"1024\" height=\"768\" src=\"https:\/\/litoral.ufpr.br\/meliponario\/wp-content\/uploads\/sites\/35\/2025\/09\/image-1-1024x768.png\" alt=\"\" class=\"wp-image-237\" srcset=\"https:\/\/litoral.ufpr.br\/meliponario\/wp-content\/uploads\/sites\/35\/2025\/09\/image-1-1024x768.png 1024w, https:\/\/litoral.ufpr.br\/meliponario\/wp-content\/uploads\/sites\/35\/2025\/09\/image-1-300x225.png 300w, https:\/\/litoral.ufpr.br\/meliponario\/wp-content\/uploads\/sites\/35\/2025\/09\/image-1-768x576.png 768w, https:\/\/litoral.ufpr.br\/meliponario\/wp-content\/uploads\/sites\/35\/2025\/09\/image-1-1536x1152.png 1536w, https:\/\/litoral.ufpr.br\/meliponario\/wp-content\/uploads\/sites\/35\/2025\/09\/image-1-2048x1536.png 2048w, https:\/\/litoral.ufpr.br\/meliponario\/wp-content\/uploads\/sites\/35\/2025\/09\/image-1-600x450.png 600w\" sizes=\"auto, (max-width: 1024px) 100vw, 1024px\" \/><\/figure><\/div>\n\n\n<p>Na manh\u00e3 do dia 03\/09, os estudantes, acompanhados pelos extensionistas do projeto \u201cEstrat\u00e9gias para o fortalecimento da cria\u00e7\u00e3o de abelhas nativas\u201d, pelos professores Gilson e Lesama (curso tecnol\u00f3go em Agroecologia), pelo professor Lanes (curso de Gest\u00e3o de Empreendedorismo), e pelo meliponicultor Gilberto Eckel, realizaram a instala\u00e7\u00e3o das iscas em uma propriedade na Col\u00f4nia Quintilha, fruto da parceria com a ICH \u201cAgroflorestas\u201d.<\/p>\n\n\n\n<p>Ao todo, foram instaladas aproximadamente 24 iscas, com protagonismo dos estudantes na execu\u00e7\u00e3o da atividade e de ricos processos de parcerias de diferentes projetos e espa\u00e7os pedag\u00f3gicos da UFPR Litoral.<\/p>\n\n\n\n<p><a href=\"https:\/\/www.instagram.com\/explore\/tags\/meliponicultura\/\">#meliponicultura<\/a><a href=\"https:\/\/www.instagram.com\/explore\/tags\/iscaabelhas\/\">#iscaabelhas<\/a><a href=\"https:\/\/www.instagram.com\/explore\/tags\/abelhassemferr%C3%A3o%F0%9F%90%9D\/\">#abelhassemferr\u00e3o\ud83d\udc1d<\/a><a href=\"https:\/\/www.instagram.com\/explore\/tags\/associa%C3%A7%C3%A3odemeliponicultoresdolitoraldoparan%C3%A1\/\">#associa\u00e7\u00e3odemeliponicultoresdolitoraldoparan\u00e1<\/a><a href=\"https:\/\/www.instagram.com\/explore\/tags\/extens%C3%A3ouniversit%C3%A1ria\/\">#extens\u00e3ouniversit\u00e1ria<\/a><a href=\"https:\/\/www.instagram.com\/explore\/tags\/abelhasnativas\/\">#abelhasnativas<\/a><a href=\"https:\/\/www.instagram.com\/explore\/tags\/ameparan%C3%A1\/\">#ameparan\u00e1<\/a><\/p>\n\n\n\n<p><a href=\"https:\/\/www.instagram.com\/reel\/DOOlCb4Efqn\/?utm_source=ig_web_copy_link\">https:\/\/www.instagram.com\/reel\/DOOlCb4Efqn\/?utm_source=ig_web_copy_link<\/a><\/p>\n\n\n\n<figure class=\"wp-block-pullquote\"><blockquote><p>Plantio na \u00e1rea do Melipon\u00e1rio<\/p><\/blockquote><\/figure>\n\n\n\n<p>Esp\u00e9cies implantadas na \u00e1rea do Melipon\u00e1rio Did\u00e1tico-Cient\u00edfico durante o manejo do dia 01\/09\/25: Ing\u00e1, Cedro Rosa, Grumixama, Pitangueira, Ara\u00e7\u00e1, Ju\u00e7ara, Justicia, Salvia splendens, Lantana, Ab\u00f3bora menina, Batata-doce laranja, Mix de feij\u00f5es, Ervilhaca, Uvaia e Mam\u00e3o.<\/p>\n\n\n\n<figure class=\"wp-block-gallery has-nested-images columns-default is-cropped wp-block-gallery-2 is-layout-flex wp-block-gallery-is-layout-flex\">\n<figure class=\"wp-block-image size-full\"><img loading=\"lazy\" decoding=\"async\" width=\"1200\" height=\"1600\" data-id=\"274\" src=\"https:\/\/litoral.ufpr.br\/meliponario\/wp-content\/uploads\/sites\/35\/2025\/09\/WhatsApp-Image-2025-09-03-at-22.37.00-3.jpeg\" alt=\"\" class=\"wp-image-274\" \/><\/figure>\n<\/figure>\n\n\n\n<figure class=\"wp-block-gallery has-nested-images columns-default is-cropped wp-block-gallery-3 is-layout-flex wp-block-gallery-is-layout-flex\">\n<figure class=\"wp-block-image size-full\"><img loading=\"lazy\" decoding=\"async\" width=\"1200\" height=\"1600\" data-id=\"266\" src=\"https:\/\/litoral.ufpr.br\/meliponario\/wp-content\/uploads\/sites\/35\/2025\/09\/WhatsApp-Image-2025-09-03-at-22.37.00-1.jpeg\" alt=\"\" class=\"wp-image-266\" \/><\/figure>\n\n\n\n<figure class=\"wp-block-image size-full\"><img loading=\"lazy\" decoding=\"async\" width=\"1200\" height=\"1600\" data-id=\"267\" src=\"https:\/\/litoral.ufpr.br\/meliponario\/wp-content\/uploads\/sites\/35\/2025\/09\/WhatsApp-Image-2025-09-03-at-22.37.00-2.jpeg\" alt=\"\" class=\"wp-image-267\" \/><\/figure>\n<\/figure>\n\n\n\n<div class=\"wp-block-group\"><div class=\"wp-block-group__inner-container is-layout-flow wp-block-group-is-layout-flow\">\n<div class=\"wp-block-columns is-layout-flex wp-container-core-columns-is-layout-9d6595d7 wp-block-columns-is-layout-flex\">\n<div class=\"wp-block-column is-layout-flow wp-block-column-is-layout-flow\" style=\"flex-basis:100%\">\n<figure class=\"wp-block-gallery has-nested-images columns-default is-cropped wp-block-gallery-4 is-layout-flex wp-block-gallery-is-layout-flex\">\n<figure class=\"wp-block-image size-full\"><img loading=\"lazy\" decoding=\"async\" width=\"1200\" height=\"1600\" data-id=\"261\" src=\"https:\/\/litoral.ufpr.br\/meliponario\/wp-content\/uploads\/sites\/35\/2025\/09\/WhatsApp-Image-2025-09-03-at-22.36.59.jpeg\" alt=\"\" class=\"wp-image-261\" \/><\/figure>\n\n\n\n<figure class=\"wp-block-image size-full\"><img loading=\"lazy\" decoding=\"async\" width=\"1200\" height=\"1600\" data-id=\"270\" src=\"https:\/\/litoral.ufpr.br\/meliponario\/wp-content\/uploads\/sites\/35\/2025\/09\/WhatsApp-Image-2025-09-01-at-12.25.56-2.jpeg\" alt=\"\" class=\"wp-image-270\" \/><\/figure>\n<\/figure>\n<\/div>\n<\/div>\n\n\n\n<figure class=\"wp-block-gallery has-nested-images columns-default is-cropped wp-block-gallery-5 is-layout-flex wp-block-gallery-is-layout-flex\">\n<figure class=\"wp-block-image size-full\"><img loading=\"lazy\" decoding=\"async\" width=\"1600\" height=\"1200\" data-id=\"264\" src=\"https:\/\/litoral.ufpr.br\/meliponario\/wp-content\/uploads\/sites\/35\/2025\/09\/WhatsApp-Image-2025-09-03-at-22.36.59-1.jpeg\" alt=\"\" class=\"wp-image-264\" \/><\/figure>\n\n\n\n<figure class=\"wp-block-image size-full\"><img loading=\"lazy\" decoding=\"async\" width=\"1200\" height=\"1600\" data-id=\"271\" src=\"https:\/\/litoral.ufpr.br\/meliponario\/wp-content\/uploads\/sites\/35\/2025\/09\/WhatsApp-Image-2025-09-03-at-22.36.57-1-2.jpeg\" alt=\"\" class=\"wp-image-271\" \/><\/figure>\n<\/figure>\n<\/div><\/div>\n\n\n\n<p><\/p>\n","protected":false},"excerpt":{"rendered":"<p>ICH \u2013 Intera\u00e7\u00f5es Culturais e Human\u00edsticas Tema: Cria\u00e7\u00e3o de Abelhas Nativas: dimens\u00f5es socioambientais, econ\u00f4micas e educacionais da meliponicultura. Participa\u00e7\u00e3o no IX ENECAMB realizado na UFPR Litoral O\u00a0IX Encontro Nacional de Estudantes de Ci\u00eancias Ambientais (IX ENECAMB), um dos principais espa\u00e7os de articula\u00e7\u00e3o pol\u00edtica, acad\u00eamica e cultural da \u00e1rea. O evento reuniu estudantes de diferentes institui\u00e7\u00f5es [&hellip;]<\/p>\n","protected":false},"author":1660,"featured_media":0,"parent":0,"menu_order":0,"comment_status":"closed","ping_status":"closed","template":"","meta":{"_acf_changed":false,"footnotes":""},"class_list":["post-227","page","type-page","status-publish","hentry"],"acf":[],"_links":{"self":[{"href":"https:\/\/litoral.ufpr.br\/meliponario\/wp-json\/wp\/v2\/pages\/227","targetHints":{"allow":["GET"]}}],"collection":[{"href":"https:\/\/litoral.ufpr.br\/meliponario\/wp-json\/wp\/v2\/pages"}],"about":[{"href":"https:\/\/litoral.ufpr.br\/meliponario\/wp-json\/wp\/v2\/types\/page"}],"author":[{"embeddable":true,"href":"https:\/\/litoral.ufpr.br\/meliponario\/wp-json\/wp\/v2\/users\/1660"}],"replies":[{"embeddable":true,"href":"https:\/\/litoral.ufpr.br\/meliponario\/wp-json\/wp\/v2\/comments?post=227"}],"version-history":[{"count":16,"href":"https:\/\/litoral.ufpr.br\/meliponario\/wp-json\/wp\/v2\/pages\/227\/revisions"}],"predecessor-version":[{"id":304,"href":"https:\/\/litoral.ufpr.br\/meliponario\/wp-json\/wp\/v2\/pages\/227\/revisions\/304"}],"wp:attachment":[{"href":"https:\/\/litoral.ufpr.br\/meliponario\/wp-json\/wp\/v2\/media?parent=227"}],"curies":[{"name":"wp","href":"https:\/\/api.w.org\/{rel}","templated":true}]}}