{"id":225,"date":"2025-09-02T20:28:15","date_gmt":"2025-09-02T23:28:15","guid":{"rendered":"https:\/\/litoral.ufpr.br\/meliponario\/?page_id=225"},"modified":"2025-09-02T20:59:32","modified_gmt":"2025-09-02T23:59:32","slug":"2025-1","status":"publish","type":"page","link":"https:\/\/litoral.ufpr.br\/meliponario\/2025-1\/","title":{"rendered":"2025\/1"},"content":{"rendered":"\n<h2 class=\"wp-block-heading\">ICH \u2013 Intera\u00e7\u00f5es Culturais e Human\u00edsticas<\/h2>\n\n\n\n<h2 class=\"wp-block-heading\">Tema: Cria\u00e7\u00e3o de Abelhas Nativas<strong>: dimens\u00f5es socioambientais, econ\u00f4micas e educacionais da meliponicultura.<\/strong><\/h2>\n\n\n\n<p>Abaixo alguns dos registros da ICH do primeiro semestre de 2025, constituindo agendas de atua\u00e7\u00e3o junto a meliponicultores reconhecidos no cen\u00e1rio estadual, bem como junto \u00e0 Associa\u00e7\u00e3o de Meliponicultores do Litoral Paranaense \u2013 AME-Litoral, dialogando diretamente com as demandas reais. Nesse semestre, a estrutura da ICH foi definida a partir dos seguintes temas geradores:<\/p>\n\n\n\n<ol class=\"wp-block-list\"><li>Manejo do Melipon\u00e1rio Did\u00e1tico-Cient\u00edfico da UFPR Litoral \u2013 interven\u00e7\u00f5es para valida\u00e7\u00e3o como espa\u00e7o de visita\u00e7\u00e3o p\u00fablica;<\/li><li>Dialogo com a AME-Litoral \u2013 Intera\u00e7\u00e3o direta com necessidades concretas. Destacam-se a execu\u00e7\u00e3o do curso de extens\u00e3o \u201cGest\u00e3o de Midias para Meliponicultores\u201d e in\u00edcio da produ\u00e7\u00e3o de materiais did\u00e1ticos para educa\u00e7\u00e3o ambiental em s\u00e9ries iniciais do ensino fundamental de Pontal do Paran\u00e1 e Matinhos;<\/li><li>Produ\u00e7\u00e3o de Materiais did\u00e1ticos\/informativos \u2013 produ\u00e7\u00e3o de site, canal de instagram, elementos l\u00fadicos e informativos, como a produ\u00e7\u00e3o de placas coloridas de identifica\u00e7\u00e3o de esp\u00e9cies, manipula\u00e7\u00e3o e preparo de telhados artesanais de argila.<\/li><li>Prepara\u00e7\u00e3o para a produ\u00e7\u00e3o de uma Palinoteca \u2013 dom\u00ednio das t\u00e9cnicas de preparo de l\u00e2minas de p\u00f3len, aprendizado sobre as t\u00e9cnicas laboratoriais, produ\u00e7\u00e3o de padr\u00e3o de banco digital de imagens; levantamento de contatos de palinotecas de universidades federais no Brasil.<\/li><li>Capta\u00e7\u00e3o de recursos para projetos em meliponicultura \u2013 estudo e levantamento de editais de apoio direto e indireto para a pr\u00e1tica produtiva e ecol\u00f3gica envolvendo as abelhas nativas. <\/li><\/ol>\n\n\n\n<figure class=\"wp-block-image\"><img loading=\"lazy\" decoding=\"async\" width=\"1600\" height=\"1200\" src=\"https:\/\/litoral.ufpr.br\/meliponario\/wp-content\/uploads\/sites\/35\/2025\/06\/WhatsApp-Image-2025-06-04-at-10.57.18.jpeg\" alt=\"\" class=\"wp-image-178\" srcset=\"https:\/\/litoral.ufpr.br\/meliponario\/wp-content\/uploads\/sites\/35\/2025\/06\/WhatsApp-Image-2025-06-04-at-10.57.18.jpeg 1600w, https:\/\/litoral.ufpr.br\/meliponario\/wp-content\/uploads\/sites\/35\/2025\/06\/WhatsApp-Image-2025-06-04-at-10.57.18-300x225.jpeg 300w, https:\/\/litoral.ufpr.br\/meliponario\/wp-content\/uploads\/sites\/35\/2025\/06\/WhatsApp-Image-2025-06-04-at-10.57.18-1024x768.jpeg 1024w, https:\/\/litoral.ufpr.br\/meliponario\/wp-content\/uploads\/sites\/35\/2025\/06\/WhatsApp-Image-2025-06-04-at-10.57.18-768x576.jpeg 768w, https:\/\/litoral.ufpr.br\/meliponario\/wp-content\/uploads\/sites\/35\/2025\/06\/WhatsApp-Image-2025-06-04-at-10.57.18-1536x1152.jpeg 1536w, https:\/\/litoral.ufpr.br\/meliponario\/wp-content\/uploads\/sites\/35\/2025\/06\/WhatsApp-Image-2025-06-04-at-10.57.18-600x450.jpeg 600w\" sizes=\"auto, (max-width: 1600px) 100vw, 1600px\" \/><\/figure>\n\n\n\n<figure class=\"wp-block-image\"><img loading=\"lazy\" decoding=\"async\" width=\"2560\" height=\"1124\" src=\"https:\/\/litoral.ufpr.br\/meliponario\/wp-content\/uploads\/sites\/35\/2025\/06\/IMG_20250430_101454086-scaled.jpg\" alt=\"\" class=\"wp-image-177\" srcset=\"https:\/\/litoral.ufpr.br\/meliponario\/wp-content\/uploads\/sites\/35\/2025\/06\/IMG_20250430_101454086-scaled.jpg 2560w, https:\/\/litoral.ufpr.br\/meliponario\/wp-content\/uploads\/sites\/35\/2025\/06\/IMG_20250430_101454086-300x132.jpg 300w, https:\/\/litoral.ufpr.br\/meliponario\/wp-content\/uploads\/sites\/35\/2025\/06\/IMG_20250430_101454086-1024x450.jpg 1024w, https:\/\/litoral.ufpr.br\/meliponario\/wp-content\/uploads\/sites\/35\/2025\/06\/IMG_20250430_101454086-768x337.jpg 768w, https:\/\/litoral.ufpr.br\/meliponario\/wp-content\/uploads\/sites\/35\/2025\/06\/IMG_20250430_101454086-1536x674.jpg 1536w, https:\/\/litoral.ufpr.br\/meliponario\/wp-content\/uploads\/sites\/35\/2025\/06\/IMG_20250430_101454086-2048x899.jpg 2048w\" sizes=\"auto, (max-width: 2560px) 100vw, 2560px\" \/><\/figure>\n\n\n\n<figure class=\"wp-block-image\"><img loading=\"lazy\" decoding=\"async\" width=\"2560\" height=\"1124\" src=\"https:\/\/litoral.ufpr.br\/meliponario\/wp-content\/uploads\/sites\/35\/2025\/06\/IMG_20250423_084027261-scaled.jpg\" alt=\"\" class=\"wp-image-176\" srcset=\"https:\/\/litoral.ufpr.br\/meliponario\/wp-content\/uploads\/sites\/35\/2025\/06\/IMG_20250423_084027261-scaled.jpg 2560w, https:\/\/litoral.ufpr.br\/meliponario\/wp-content\/uploads\/sites\/35\/2025\/06\/IMG_20250423_084027261-300x132.jpg 300w, https:\/\/litoral.ufpr.br\/meliponario\/wp-content\/uploads\/sites\/35\/2025\/06\/IMG_20250423_084027261-1024x450.jpg 1024w, https:\/\/litoral.ufpr.br\/meliponario\/wp-content\/uploads\/sites\/35\/2025\/06\/IMG_20250423_084027261-768x337.jpg 768w, https:\/\/litoral.ufpr.br\/meliponario\/wp-content\/uploads\/sites\/35\/2025\/06\/IMG_20250423_084027261-1536x674.jpg 1536w, https:\/\/litoral.ufpr.br\/meliponario\/wp-content\/uploads\/sites\/35\/2025\/06\/IMG_20250423_084027261-2048x899.jpg 2048w\" sizes=\"auto, (max-width: 2560px) 100vw, 2560px\" \/><\/figure>\n\n\n\n<figure class=\"wp-block-image\"><img loading=\"lazy\" decoding=\"async\" width=\"2560\" height=\"1124\" src=\"https:\/\/litoral.ufpr.br\/meliponario\/wp-content\/uploads\/sites\/35\/2025\/06\/IMG_20250416_094028838-scaled.jpg\" alt=\"\" class=\"wp-image-175\" srcset=\"https:\/\/litoral.ufpr.br\/meliponario\/wp-content\/uploads\/sites\/35\/2025\/06\/IMG_20250416_094028838-scaled.jpg 2560w, https:\/\/litoral.ufpr.br\/meliponario\/wp-content\/uploads\/sites\/35\/2025\/06\/IMG_20250416_094028838-300x132.jpg 300w, https:\/\/litoral.ufpr.br\/meliponario\/wp-content\/uploads\/sites\/35\/2025\/06\/IMG_20250416_094028838-1024x450.jpg 1024w, https:\/\/litoral.ufpr.br\/meliponario\/wp-content\/uploads\/sites\/35\/2025\/06\/IMG_20250416_094028838-768x337.jpg 768w, https:\/\/litoral.ufpr.br\/meliponario\/wp-content\/uploads\/sites\/35\/2025\/06\/IMG_20250416_094028838-1536x674.jpg 1536w, https:\/\/litoral.ufpr.br\/meliponario\/wp-content\/uploads\/sites\/35\/2025\/06\/IMG_20250416_094028838-2048x899.jpg 2048w\" sizes=\"auto, (max-width: 2560px) 100vw, 2560px\" \/><\/figure>\n\n\n\n<figure class=\"wp-block-image\"><img loading=\"lazy\" decoding=\"async\" width=\"1920\" height=\"2560\" src=\"https:\/\/litoral.ufpr.br\/meliponario\/wp-content\/uploads\/sites\/35\/2025\/05\/WhatsApp-Image-2025-06-04-at-10.54.50-scaled.jpeg\" alt=\"\" class=\"wp-image-168\" srcset=\"https:\/\/litoral.ufpr.br\/meliponario\/wp-content\/uploads\/sites\/35\/2025\/05\/WhatsApp-Image-2025-06-04-at-10.54.50-scaled.jpeg 1920w, https:\/\/litoral.ufpr.br\/meliponario\/wp-content\/uploads\/sites\/35\/2025\/05\/WhatsApp-Image-2025-06-04-at-10.54.50-225x300.jpeg 225w, https:\/\/litoral.ufpr.br\/meliponario\/wp-content\/uploads\/sites\/35\/2025\/05\/WhatsApp-Image-2025-06-04-at-10.54.50-768x1024.jpeg 768w, https:\/\/litoral.ufpr.br\/meliponario\/wp-content\/uploads\/sites\/35\/2025\/05\/WhatsApp-Image-2025-06-04-at-10.54.50-1152x1536.jpeg 1152w, https:\/\/litoral.ufpr.br\/meliponario\/wp-content\/uploads\/sites\/35\/2025\/05\/WhatsApp-Image-2025-06-04-at-10.54.50-1536x2048.jpeg 1536w\" sizes=\"auto, (max-width: 1920px) 100vw, 1920px\" \/><\/figure>\n\n\n\n<figure class=\"wp-block-image\"><img loading=\"lazy\" decoding=\"async\" width=\"1204\" height=\"1600\" src=\"https:\/\/litoral.ufpr.br\/meliponario\/wp-content\/uploads\/sites\/35\/2025\/05\/WhatsApp-Image-2025-06-04-at-13.22.09.jpeg\" alt=\"\" class=\"wp-image-169\" srcset=\"https:\/\/litoral.ufpr.br\/meliponario\/wp-content\/uploads\/sites\/35\/2025\/05\/WhatsApp-Image-2025-06-04-at-13.22.09.jpeg 1204w, https:\/\/litoral.ufpr.br\/meliponario\/wp-content\/uploads\/sites\/35\/2025\/05\/WhatsApp-Image-2025-06-04-at-13.22.09-226x300.jpeg 226w, https:\/\/litoral.ufpr.br\/meliponario\/wp-content\/uploads\/sites\/35\/2025\/05\/WhatsApp-Image-2025-06-04-at-13.22.09-771x1024.jpeg 771w, https:\/\/litoral.ufpr.br\/meliponario\/wp-content\/uploads\/sites\/35\/2025\/05\/WhatsApp-Image-2025-06-04-at-13.22.09-768x1021.jpeg 768w, https:\/\/litoral.ufpr.br\/meliponario\/wp-content\/uploads\/sites\/35\/2025\/05\/WhatsApp-Image-2025-06-04-at-13.22.09-1156x1536.jpeg 1156w\" sizes=\"auto, (max-width: 1204px) 100vw, 1204px\" \/><\/figure>\n\n\n\n<figure class=\"wp-block-image\"><img loading=\"lazy\" decoding=\"async\" width=\"2560\" height=\"1124\" src=\"https:\/\/litoral.ufpr.br\/meliponario\/wp-content\/uploads\/sites\/35\/2025\/06\/IMG_20250326_085349453-scaled.jpg\" alt=\"\" class=\"wp-image-173\" srcset=\"https:\/\/litoral.ufpr.br\/meliponario\/wp-content\/uploads\/sites\/35\/2025\/06\/IMG_20250326_085349453-scaled.jpg 2560w, https:\/\/litoral.ufpr.br\/meliponario\/wp-content\/uploads\/sites\/35\/2025\/06\/IMG_20250326_085349453-300x132.jpg 300w, https:\/\/litoral.ufpr.br\/meliponario\/wp-content\/uploads\/sites\/35\/2025\/06\/IMG_20250326_085349453-1024x450.jpg 1024w, https:\/\/litoral.ufpr.br\/meliponario\/wp-content\/uploads\/sites\/35\/2025\/06\/IMG_20250326_085349453-768x337.jpg 768w, https:\/\/litoral.ufpr.br\/meliponario\/wp-content\/uploads\/sites\/35\/2025\/06\/IMG_20250326_085349453-1536x674.jpg 1536w, https:\/\/litoral.ufpr.br\/meliponario\/wp-content\/uploads\/sites\/35\/2025\/06\/IMG_20250326_085349453-2048x899.jpg 2048w\" sizes=\"auto, (max-width: 2560px) 100vw, 2560px\" \/><\/figure>\n\n\n\n<figure class=\"wp-block-image\"><img loading=\"lazy\" decoding=\"async\" width=\"2560\" height=\"1124\" src=\"https:\/\/litoral.ufpr.br\/meliponario\/wp-content\/uploads\/sites\/35\/2025\/06\/IMG_20250402_084458431-scaled.jpg\" alt=\"\" class=\"wp-image-174\" srcset=\"https:\/\/litoral.ufpr.br\/meliponario\/wp-content\/uploads\/sites\/35\/2025\/06\/IMG_20250402_084458431-scaled.jpg 2560w, https:\/\/litoral.ufpr.br\/meliponario\/wp-content\/uploads\/sites\/35\/2025\/06\/IMG_20250402_084458431-300x132.jpg 300w, https:\/\/litoral.ufpr.br\/meliponario\/wp-content\/uploads\/sites\/35\/2025\/06\/IMG_20250402_084458431-1024x450.jpg 1024w, https:\/\/litoral.ufpr.br\/meliponario\/wp-content\/uploads\/sites\/35\/2025\/06\/IMG_20250402_084458431-768x337.jpg 768w, https:\/\/litoral.ufpr.br\/meliponario\/wp-content\/uploads\/sites\/35\/2025\/06\/IMG_20250402_084458431-1536x674.jpg 1536w, https:\/\/litoral.ufpr.br\/meliponario\/wp-content\/uploads\/sites\/35\/2025\/06\/IMG_20250402_084458431-2048x899.jpg 2048w\" sizes=\"auto, (max-width: 2560px) 100vw, 2560px\" \/><\/figure>\n\n\n","protected":false},"excerpt":{"rendered":"<p>ICH \u2013 Intera\u00e7\u00f5es Culturais e Human\u00edsticas Tema: Cria\u00e7\u00e3o de Abelhas Nativas: dimens\u00f5es socioambientais, econ\u00f4micas e educacionais da meliponicultura. Abaixo alguns dos registros da ICH do primeiro semestre de 2025, constituindo agendas de atua\u00e7\u00e3o junto a meliponicultores reconhecidos no cen\u00e1rio estadual, bem como junto \u00e0 Associa\u00e7\u00e3o de Meliponicultores do Litoral Paranaense \u2013 AME-Litoral, dialogando diretamente com [&hellip;]<\/p>\n","protected":false},"author":1660,"featured_media":0,"parent":0,"menu_order":0,"comment_status":"closed","ping_status":"closed","template":"","meta":{"_acf_changed":false,"footnotes":""},"class_list":["post-225","page","type-page","status-publish","hentry"],"acf":[],"_links":{"self":[{"href":"https:\/\/litoral.ufpr.br\/meliponario\/wp-json\/wp\/v2\/pages\/225","targetHints":{"allow":["GET"]}}],"collection":[{"href":"https:\/\/litoral.ufpr.br\/meliponario\/wp-json\/wp\/v2\/pages"}],"about":[{"href":"https:\/\/litoral.ufpr.br\/meliponario\/wp-json\/wp\/v2\/types\/page"}],"author":[{"embeddable":true,"href":"https:\/\/litoral.ufpr.br\/meliponario\/wp-json\/wp\/v2\/users\/1660"}],"replies":[{"embeddable":true,"href":"https:\/\/litoral.ufpr.br\/meliponario\/wp-json\/wp\/v2\/comments?post=225"}],"version-history":[{"count":4,"href":"https:\/\/litoral.ufpr.br\/meliponario\/wp-json\/wp\/v2\/pages\/225\/revisions"}],"predecessor-version":[{"id":247,"href":"https:\/\/litoral.ufpr.br\/meliponario\/wp-json\/wp\/v2\/pages\/225\/revisions\/247"}],"wp:attachment":[{"href":"https:\/\/litoral.ufpr.br\/meliponario\/wp-json\/wp\/v2\/media?parent=225"}],"curies":[{"name":"wp","href":"https:\/\/api.w.org\/{rel}","templated":true}]}}