{"id":3919,"date":"2025-09-23T17:51:35","date_gmt":"2025-09-23T20:51:35","guid":{"rendered":"https:\/\/litoral.ufpr.br\/lincom\/?page_id=3919"},"modified":"2025-09-24T11:33:17","modified_gmt":"2025-09-24T14:33:17","slug":"reserva-de-espacos","status":"publish","type":"page","link":"https:\/\/litoral.ufpr.br\/letras\/reserva-de-espacos\/","title":{"rendered":"Reserva de Espa\u00e7os"},"content":{"rendered":"\n<p>ANEXO XIII&nbsp;<\/p>\n\n\n\n<p>Reserva de espa\u00e7os e Ensalamento&nbsp;&nbsp;<\/p>\n\n\n\n<p>Para solicita\u00e7\u00f5es de reserva dos espa\u00e7os a seguir, envie e-mail para:<strong>&nbsp;<\/strong><a href=\"mailto:coord.academica.litoral@ufpr.br\" target=\"_blank\" rel=\"noreferrer noopener\"><strong>coord.academica.litoral@ufpr.br<\/strong><\/a>&nbsp;<\/p>\n\n\n\n<p><a href=\"https:\/\/calendar.google.com\/calendar\/embed?src=cnri5o1pje7gmhrgrppm698ooc%40group.calendar.google.com&amp;ctz=America%2FSao_Paulo\" target=\"_blank\" rel=\"noreferrer noopener\">Agenda<\/a>&nbsp;da sala Teresa Urban&nbsp;<\/p>\n\n\n\n<p><a href=\"https:\/\/calendar.google.com\/calendar\/embed?src=kvngl058mqd0nl3j82m3ka9ggc%40group.calendar.google.com&amp;ctz=America%2FSao_Paulo\" target=\"_blank\" rel=\"noreferrer noopener\">Agenda<\/a>&nbsp;do Laborat\u00f3rio de Inform\u00e1tica&nbsp;<\/p>\n\n\n\n<p><a href=\"https:\/\/calendar.google.com\/calendar\/embed?src=d728599f3db370a39231ab58e3eadd5dd098435515fd26ce002e92ab35e8127e%40group.calendar.google.com&amp;ctz=America%2FSao_Paulo\" target=\"_blank\" rel=\"noreferrer noopener\">Agenda<\/a>&nbsp;do Gabinete das Coordena\u00e7\u00f5es das Gradua\u00e7\u00f5es&nbsp;<\/p>\n\n\n\n<p>Para solicita\u00e7\u00f5es de reserva dos espa\u00e7os a seguir, preencha o formul\u00e1rio abaixo:&nbsp;<\/p>\n\n\n\n<p>Link para solicitar esses espa\u00e7os:&nbsp;<a href=\"https:\/\/docs.google.com\/forms\/d\/e\/1FAIpQLSeJxAenb5vYYB5IUF7G0mVagXSHOwErwxnPJ_NQfzfZDa0pZg\/viewform%C2%A0\">https:\/\/docs.google.com\/forms\/d\/e\/1FAIpQLSeJxAenb5vYYB5IUF7G0mVagXSHOwErwxnPJ_NQfzfZDa0pZg\/viewform&nbsp;<\/a><\/p>\n\n\n\n<p><a href=\"https:\/\/calendar.google.com\/calendar\/u\/0?cid=N3EybnI3bmJsMWxsOWoyZDhnM2lmbG1qOW9AZ3JvdXAuY2FsZW5kYXIuZ29vZ2xlLmNvbQ\" target=\"_blank\" rel=\"noreferrer noopener\">Agenda do Audit\u00f3rio Juliano Fumaneri Weiss<\/a>&nbsp;<\/p>\n\n\n\n<p><a href=\"https:\/\/litoral.ufpr.br\/ufpr-litoral\/estrutura-administrativa\/coordenacao-administrativa\/comunicacao-e-eventos\/gestao-de-eventos\/agenda-do-hall-de-exposicoes-do-auditorio-juliano-fumaneri-weiss\/\" target=\"_blank\" rel=\"noreferrer noopener\">Agenda do Hall de Exposi\u00e7\u00f5es do Audit\u00f3rio Juliano Fumaneri Weiss<\/a>&nbsp;<\/p>\n\n\n\n<p><a href=\"https:\/\/litoral.ufpr.br\/ufpr-litoral\/estrutura-administrativa\/coordenacao-administrativa\/comunicacao-e-eventos\/gestao-de-eventos\/agenda-do-espaco-multiuso\/\" target=\"_blank\" rel=\"noreferrer noopener\">Agenda do Espa\u00e7o Paulo Freire<\/a>&nbsp;<\/p>\n\n\n\n<p><a href=\"https:\/\/litoral.ufpr.br\/ufpr-litoral\/estrutura-administrativa\/coordenacao-administrativa\/comunicacao-e-eventos\/gestao-de-eventos\/agenda-da-tenda-interblocos\/\" target=\"_blank\" rel=\"noreferrer noopener\">Agenda da Pra\u00e7a Jussara&nbsp;<\/a>&nbsp;<\/p>\n\n\n\n<p><a href=\"https:\/\/calendar.google.com\/calendar\/embed?src=jpk03r0obh9rrr8vhf2cbasqs4%40group.calendar.google.com&amp;ctz=America%2FSao_Paulo\" target=\"_blank\" rel=\"noreferrer noopener\">Agenda&nbsp; do Hall de exposi\u00e7\u00f5es do 1\u00ba andar do Pr\u00e9dio Administrativo<\/a>&nbsp;<\/p>\n\n\n\n<p><a href=\"https:\/\/calendar.google.com\/calendar\/embed?src=5035c4244d4e8504fa654084a2f4ab23de6acc2b0c7b49f334ae31a0bfd3ab5a%40group.calendar.google.com&amp;ctz=America%2FSao_Paulo\" target=\"_blank\" rel=\"noreferrer noopener\">Sala de Reuni\u00f5es \u2013 Camarim do Audit\u00f3rio<\/a>&nbsp;<\/p>\n\n\n\n<p>Para solicita\u00e7\u00f5es de reserva do NTE, preencha o formul\u00e1rio abaixo:&nbsp;<\/p>\n\n\n\n<p>Link para solicitar esse espa\u00e7o:&nbsp;<a href=\"https:\/\/docs.google.com\/forms\/d\/e\/1FAIpQLSeKTqXH72K36c89tCdIi0doUBfLTIjtcXQ9WB2UKZ3QpRsiFg\/viewform\" target=\"_blank\" rel=\"noreferrer noopener\">https:\/\/docs.google.com\/forms\/d\/e\/1FAIpQLSeKTqXH72K36c89tCdIi0doUBfLTIjtcXQ9WB2UKZ3QpRsiFg\/viewform<\/a>&nbsp;<\/p>\n","protected":false},"excerpt":{"rendered":"<p>ANEXO XIII&nbsp; Reserva de espa\u00e7os e Ensalamento&nbsp;&nbsp; Para solicita\u00e7\u00f5es de reserva dos espa\u00e7os a seguir, envie e-mail para:&nbsp;coord.academica.litoral@ufpr.br&nbsp; Agenda&nbsp;da sala Teresa Urban&nbsp; Agenda&nbsp;do Laborat\u00f3rio de Inform\u00e1tica&nbsp; Agenda&nbsp;do Gabinete das Coordena\u00e7\u00f5es das Gradua\u00e7\u00f5es&nbsp; Para solicita\u00e7\u00f5es de reserva dos espa\u00e7os a seguir, preencha o formul\u00e1rio abaixo:&nbsp; Link para solicitar esses espa\u00e7os:&nbsp;https:\/\/docs.google.com\/forms\/d\/e\/1FAIpQLSeJxAenb5vYYB5IUF7G0mVagXSHOwErwxnPJ_NQfzfZDa0pZg\/viewform&nbsp; Agenda do Audit\u00f3rio Juliano Fumaneri Weiss&nbsp; [&hellip;]<\/p>\n","protected":false},"author":1638,"featured_media":0,"parent":0,"menu_order":0,"comment_status":"closed","ping_status":"closed","template":"","meta":{"_acf_changed":false,"footnotes":""},"class_list":["post-3919","page","type-page","status-publish","hentry"],"acf":[],"_links":{"self":[{"href":"https:\/\/litoral.ufpr.br\/letras\/wp-json\/wp\/v2\/pages\/3919","targetHints":{"allow":["GET"]}}],"collection":[{"href":"https:\/\/litoral.ufpr.br\/letras\/wp-json\/wp\/v2\/pages"}],"about":[{"href":"https:\/\/litoral.ufpr.br\/letras\/wp-json\/wp\/v2\/types\/page"}],"author":[{"embeddable":true,"href":"https:\/\/litoral.ufpr.br\/letras\/wp-json\/wp\/v2\/users\/1638"}],"replies":[{"embeddable":true,"href":"https:\/\/litoral.ufpr.br\/letras\/wp-json\/wp\/v2\/comments?post=3919"}],"version-history":[{"count":2,"href":"https:\/\/litoral.ufpr.br\/letras\/wp-json\/wp\/v2\/pages\/3919\/revisions"}],"predecessor-version":[{"id":3976,"href":"https:\/\/litoral.ufpr.br\/letras\/wp-json\/wp\/v2\/pages\/3919\/revisions\/3976"}],"wp:attachment":[{"href":"https:\/\/litoral.ufpr.br\/letras\/wp-json\/wp\/v2\/media?parent=3919"}],"curies":[{"name":"wp","href":"https:\/\/api.w.org\/{rel}","templated":true}]}}