{"id":3918,"date":"2025-09-23T17:51:35","date_gmt":"2025-09-23T20:51:35","guid":{"rendered":"https:\/\/litoral.ufpr.br\/lincom\/?page_id=3918"},"modified":"2025-09-24T11:32:36","modified_gmt":"2025-09-24T14:32:36","slug":"projeto-office-365","status":"publish","type":"page","link":"https:\/\/litoral.ufpr.br\/letras\/projeto-office-365\/","title":{"rendered":"Projeto Office 365"},"content":{"rendered":"\n<p>A UFPR, atrav\u00e9s da AGTIC, firmou contrato de ades\u00e3o, sem custos para a Institui\u00e7\u00e3o, ao Office 365 Education.<\/p>\n\n\n\n<p>A partir da implanta\u00e7\u00e3o do Projeto Office 365, todos os usu\u00e1rios de e-mails @ufpr ter\u00e3o acesso gratuito a essa ferramenta.<\/p>\n\n\n\n<p><strong>O que \u00e9 o Projeto?<\/strong><strong><\/strong><\/p>\n\n\n\n<p>\u00c9 a implementa\u00e7\u00e3o de recursos que permitir\u00e1 \u00e0 UFPR oferecer a sua comunidade acad\u00eamica, de forma gratuita, o acesso online aos principais aplicativos disponibilizados pelo Office 365, como Outlook (e-mail), OneDrive (nuvem de armazenamento), Teams (ferramenta de reuni\u00e3o e compartilhamento de arquivos), Excel (ferramenta de planilhas), PowerPoint (ferramenta de apresenta\u00e7\u00f5es), Word (ferramenta de texto), Forms (formul\u00e1rios) Planner (agenda e ferramenta de tarefas) entre outros.<\/p>\n\n\n\n<p><strong>Como acessar?<\/strong><strong><\/strong><\/p>\n\n\n\n<p>Basta acessar seu e-mail @ufpr por meio do aplicativo Outlook (se estiver pelo celular) ou pelo link outlook.com (se estiver pelo computador) e acessar pelo \u00edcone superior esquerdo, com os nove pontos.<\/p>\n\n\n\n<figure class=\"wp-block-image\"><img decoding=\"async\" src=\"https:\/\/litoral.ufpr.br\/admpublica\/wp-content\/uploads\/sites\/6\/2025\/08\/image-2.png\" alt=\"\" class=\"wp-image-4175\" \/><\/figure>\n\n\n\n<p>P\u00e1gina atualizada em:\u00a0<strong>23 de setembro de 2025.<\/strong><\/p>\n","protected":false},"excerpt":{"rendered":"<p>A UFPR, atrav\u00e9s da AGTIC, firmou contrato de ades\u00e3o, sem custos para a Institui\u00e7\u00e3o, ao Office 365 Education. A partir da implanta\u00e7\u00e3o do Projeto Office 365, todos os usu\u00e1rios de e-mails @ufpr ter\u00e3o acesso gratuito a essa ferramenta. O que \u00e9 o Projeto? \u00c9 a implementa\u00e7\u00e3o de recursos que permitir\u00e1 \u00e0 UFPR oferecer a sua [&hellip;]<\/p>\n","protected":false},"author":1638,"featured_media":0,"parent":0,"menu_order":0,"comment_status":"closed","ping_status":"closed","template":"","meta":{"_acf_changed":false,"footnotes":""},"class_list":["post-3918","page","type-page","status-publish","hentry"],"acf":[],"_links":{"self":[{"href":"https:\/\/litoral.ufpr.br\/letras\/wp-json\/wp\/v2\/pages\/3918","targetHints":{"allow":["GET"]}}],"collection":[{"href":"https:\/\/litoral.ufpr.br\/letras\/wp-json\/wp\/v2\/pages"}],"about":[{"href":"https:\/\/litoral.ufpr.br\/letras\/wp-json\/wp\/v2\/types\/page"}],"author":[{"embeddable":true,"href":"https:\/\/litoral.ufpr.br\/letras\/wp-json\/wp\/v2\/users\/1638"}],"replies":[{"embeddable":true,"href":"https:\/\/litoral.ufpr.br\/letras\/wp-json\/wp\/v2\/comments?post=3918"}],"version-history":[{"count":3,"href":"https:\/\/litoral.ufpr.br\/letras\/wp-json\/wp\/v2\/pages\/3918\/revisions"}],"predecessor-version":[{"id":3975,"href":"https:\/\/litoral.ufpr.br\/letras\/wp-json\/wp\/v2\/pages\/3918\/revisions\/3975"}],"wp:attachment":[{"href":"https:\/\/litoral.ufpr.br\/letras\/wp-json\/wp\/v2\/media?parent=3918"}],"curies":[{"name":"wp","href":"https:\/\/api.w.org\/{rel}","templated":true}]}}