{"id":3917,"date":"2025-09-23T17:51:35","date_gmt":"2025-09-23T20:51:35","guid":{"rendered":"https:\/\/litoral.ufpr.br\/lincom\/?page_id=3917"},"modified":"2025-09-24T11:30:16","modified_gmt":"2025-09-24T14:30:16","slug":"diplomas","status":"publish","type":"page","link":"https:\/\/litoral.ufpr.br\/letras\/diplomas\/","title":{"rendered":"Diplomas"},"content":{"rendered":"\n<p>Ap\u00f3s 2023, todos os diplomas emitidos pela UFPR s\u00e3o digitais e s\u00e3o retirados via SIGA, no campo de \u201cegressos\u201d.<\/p>\n\n\n\n<p>O prazo para que o diploma fique dispon\u00edvel \u00e9 de at\u00e9 120 dias ap\u00f3s a ata de cola\u00e7\u00e3o e estando o egresso ou a egressa com a documenta\u00e7\u00e3o pessoal regularizada. Aconselhamos verificar a cada 15 dias.<\/p>\n\n\n\n<p><strong>Tutorial para acesso ao Diploma:<\/strong><\/p>\n\n\n\n<figure class=\"wp-block-embed\"><div class=\"wp-block-embed__wrapper\">\nhttps:\/\/ufpraberta.ufpr.br\/pluginfile.php\/142636\/mod_resource\/content\/1\/Tutorial%20Diploma%20Digital%20-%20Perfil%20Egresso.pdf\n<\/div><\/figure>\n\n\n\n<p><strong>REPRESENTA\u00c7\u00c3O VISUAL DIPLOMA DIGITAL (RVDD)<\/strong><\/p>\n\n\n\n<p>Para imprimir a Representa\u00e7\u00e3o Visual do Diploma Digital, com a utiliza\u00e7\u00e3o de papel e tratamento gr\u00e1ficos, \u00e9 necess\u00e1rio o pagamento de taxa que deve ser feito com Guia de Recolhimento da Uni\u00e3o (GRU). O valor da Taxa \u00e9 de R$ 70,00 (setenta reais). A solicita\u00e7\u00e3o de impress\u00e3o da RVDD dever\u00e1 ser feita por e-mail, anexando a guia de recolhimento da uni\u00e3o, o comprovante de pagamento e requerimento preenchido e assinado.<\/p>\n\n\n\n<figure class=\"wp-block-embed\"><div class=\"wp-block-embed__wrapper\">\nhttps:\/\/direito.ufpr.br\/wp-content\/uploads\/2023\/09\/Requerimento_RVDD.pdf\n<\/div><\/figure>\n\n\n\n<p><strong>ORIENTA\u00c7\u00d5ES PARA PREENCHIMENTO DA GRU (EXCLUSIVO RVDD)<\/strong><\/p>\n\n\n\n<figure class=\"wp-block-embed\"><div class=\"wp-block-embed__wrapper\">\nhttps:\/\/pagtesouro.tesouro.gov.br\/portal-gru\/#\/emissao-gru\/formulario?ug=153079&#038;codigoRecolhimento=78929-1\n<\/div><\/figure>\n\n\n\n<p>1. Unidade Gestora (UG) = 153079<\/p>\n\n\n\n<p>2. Gest\u00e3o = 15232<\/p>\n\n\n\n<p>3. C\u00f3digo de Recolhimento = 78929-1<\/p>\n\n\n\n<p>4. N\u00famero de Refer\u00eancia = 1715366206001<\/p>\n\n\n\n<p>5. Compet\u00eancia: m\u00eas de vencimento<\/p>\n\n\n\n<p>6. Vencimento: dia de vencimento<\/p>\n\n\n\n<p>7. CNPJ\/CPF do Contribuinte<\/p>\n\n\n\n<p>8. Nome do Contribuinte\/Recolhedor<\/p>\n\n\n\n<p>9. Valor Principal: R$70,00<\/p>\n\n\n\n<p>10. Valor Total: R$70,00<\/p>\n\n\n\n<p><strong>SEGUNDA VIA DE DIPLOMA<\/strong><\/p>\n\n\n\n<p>Para solicitar a segunda via do diploma, \u00e9 necess\u00e1rio encaminhar os seguintes documentos para naadlitoral@ufpr.br:<\/p>\n\n\n\n<p>&nbsp;&nbsp;&nbsp; \u2022&nbsp; Formul\u00e1rio de Solicita\u00e7\u00e3o de Segunda Via do Diploma preenchido e assinado;<\/p>\n\n\n\n<p>&nbsp;&nbsp;&nbsp; \u2022&nbsp; C\u00f3pia autenticada da Certid\u00e3o de Nascimento ou Casamento;<\/p>\n\n\n\n<p>&nbsp;&nbsp;&nbsp; \u2022&nbsp; C\u00f3pia autenticada do RG;<\/p>\n\n\n\n<p>&nbsp;&nbsp;&nbsp; \u2022&nbsp; Guia de Recolhimento da Uni\u00e3o (GRU) com o comprovante de pagamento.<\/p>\n\n\n\n<figure class=\"wp-block-embed\"><div class=\"wp-block-embed__wrapper\">\nhttps:\/\/direito.ufpr.br\/wp-content\/uploads\/2022\/04\/REQUERIMENTO-PARA-SOLICITACAO-DE-2-VIA-DE-DIPLOMA.pdf\n<\/div><\/figure>\n\n\n\n<p><strong>ORIENTA\u00c7\u00d5ES PARA PREENCHIMENTO DA GRU (EXCLUSIVO PARA SEGUNDA VIA DE DIPLOMA)<\/strong><\/p>\n\n\n\n<p>1. Unidade Gestora Arrecadadora = 153079<\/p>\n\n\n\n<p>2. Gest\u00e3o = 15232<\/p>\n\n\n\n<p>3. C\u00f3digo de Recolhimento = 28927-2<\/p>\n\n\n\n<p>4. N\u00famero de Refer\u00eancia = 1715366206001<\/p>\n\n\n\n<p>5. Compet\u00eancia: m\u00eas de vencimento<\/p>\n\n\n\n<p>6. Vencimento: dia de vencimento<\/p>\n\n\n\n<p>7. CNPJ\/CPF do Contribuinte<\/p>\n\n\n\n<p>8. Nome do Contribuinte\/Recolhedor<\/p>\n\n\n\n<p>9. Valor Principal: 275,00<\/p>\n\n\n\n<p>10. Valor Total: 275,00<\/p>\n\n\n\n<p>Link:&nbsp;<a href=\"https:\/\/pagtesouro.tesouro.gov.br\/portal-gru\/#\/emissao-gru\/formulario?ug=153079&amp;codigoRecolhimento=28927-2\">https:\/\/pagtesouro.tesouro.gov.br\/portal-gru\/#\/emissao-gru\/formulario?ug=153079&amp;codigoRecolhimento=28927-2<\/a><\/p>\n\n\n\n<p>P\u00e1gina atualizada em:\u00a0<strong>23 de setembro de 2025.<\/strong><\/p>\n","protected":false},"excerpt":{"rendered":"<p>Ap\u00f3s 2023, todos os diplomas emitidos pela UFPR s\u00e3o digitais e s\u00e3o retirados via SIGA, no campo de \u201cegressos\u201d. O prazo para que o diploma fique dispon\u00edvel \u00e9 de at\u00e9 120 dias ap\u00f3s a ata de cola\u00e7\u00e3o e estando o egresso ou a egressa com a documenta\u00e7\u00e3o pessoal regularizada. Aconselhamos verificar a cada 15 dias. [&hellip;]<\/p>\n","protected":false},"author":1638,"featured_media":0,"parent":0,"menu_order":0,"comment_status":"closed","ping_status":"closed","template":"","meta":{"_acf_changed":false,"footnotes":""},"class_list":["post-3917","page","type-page","status-publish","hentry"],"acf":[],"_links":{"self":[{"href":"https:\/\/litoral.ufpr.br\/letras\/wp-json\/wp\/v2\/pages\/3917","targetHints":{"allow":["GET"]}}],"collection":[{"href":"https:\/\/litoral.ufpr.br\/letras\/wp-json\/wp\/v2\/pages"}],"about":[{"href":"https:\/\/litoral.ufpr.br\/letras\/wp-json\/wp\/v2\/types\/page"}],"author":[{"embeddable":true,"href":"https:\/\/litoral.ufpr.br\/letras\/wp-json\/wp\/v2\/users\/1638"}],"replies":[{"embeddable":true,"href":"https:\/\/litoral.ufpr.br\/letras\/wp-json\/wp\/v2\/comments?post=3917"}],"version-history":[{"count":2,"href":"https:\/\/litoral.ufpr.br\/letras\/wp-json\/wp\/v2\/pages\/3917\/revisions"}],"predecessor-version":[{"id":3973,"href":"https:\/\/litoral.ufpr.br\/letras\/wp-json\/wp\/v2\/pages\/3917\/revisions\/3973"}],"wp:attachment":[{"href":"https:\/\/litoral.ufpr.br\/letras\/wp-json\/wp\/v2\/media?parent=3917"}],"curies":[{"name":"wp","href":"https:\/\/api.w.org\/{rel}","templated":true}]}}