{"id":3899,"date":"2025-09-23T17:43:59","date_gmt":"2025-09-23T20:43:59","guid":{"rendered":"https:\/\/litoral.ufpr.br\/lincom\/?page_id=3899"},"modified":"2025-09-24T11:05:40","modified_gmt":"2025-09-24T14:05:40","slug":"saps","status":"publish","type":"page","link":"https:\/\/litoral.ufpr.br\/letras\/saps\/","title":{"rendered":"SAPS"},"content":{"rendered":"\n<p>A Se\u00e7\u00e3o de Aten\u00e7\u00e3o e Promo\u00e7\u00e3o \u00e0 Sa\u00fade (SAPS) \u00e9 respons\u00e1vel por ofertar atendimento m\u00e9dico e de enfermagem \u00e0 Comunidade Universit\u00e1ria do Setor Litoral, bem como desenvolver projetos em conjunto com os cursos de gradua\u00e7\u00e3o e p\u00f3s-gradua\u00e7\u00e3o.\u00a0\u00a0<\/p>\n\n\n\n<p><strong>Atendimentos especialidades<\/strong><\/p>\n\n\n\n<p>Al\u00e9m dos atendimentos pr\u00f3prios da SAPS, temos parceria com o CASA 3 e CASA 4 e Unidade Escola de Curitiba com atendimentos Odontol\u00f3gicos, Cl\u00ednicos, Ginecol\u00f3gicos, Fisioter\u00e1picos, Nutri\u00e7\u00e3o, Psiqui\u00e1tricos e Psicol\u00f3gicos. Para esses atendimentos \u00e9 necess\u00e1rio entrar em contato com a SAPS para orienta\u00e7\u00f5es de como agendar consulta, bem como o transporte at\u00e9 Curitiba (o formul\u00e1rio deve ser enviado at\u00e9 12h do dia anterior ao da consulta).<\/p>\n\n\n\n<p><strong>Hor\u00e1rio de atendimento:<\/strong>&nbsp;de segunda \u00e0 sexta, das 8h \u00e0s 12h e das 13h \u00e0s 19h<\/p>\n\n\n\n<p><strong>Contatos<\/strong><\/p>\n\n\n\n<p>Whatsapp:<a href=\"http:\/\/wa.me\/41988627888\">(<\/a><a href=\"http:\/\/wa.me\/41988627888\">41) 98862-7888<\/a><\/p>\n\n\n\n<p>E-mail:&nbsp;<a href=\"mailto:sapslitoral@ufpr.br\">sapslitoral@ufpr.br<\/a><\/p>\n\n\n\n<p><strong>Outras informa\u00e7\u00f5es importantes<\/strong><\/p>\n\n\n\n<p>&nbsp;<a href=\"https:\/\/litoral.ufpr.br\/wp-content\/uploads\/2024\/02\/CADERNO-DE-ATRIBUICOES-DA-SAPS-2023.pdf\">Caderno de atribui\u00e7\u00f5es SAPS<\/a><\/p>\n\n\n\n<p>&nbsp;<a href=\"https:\/\/litoral.ufpr.br\/blog\/noticia\/procedimentos-sobre-infeccao-confirmada\/\">COVID-19: Procedimentos sobre infec\u00e7\u00e3o confirmada<\/a><\/p>\n\n\n\n<p>&nbsp;<a href=\"https:\/\/litoral.ufpr.br\/wp-content\/uploads\/2022\/07\/Agendamentos-de-transporte-para-saudeconsultas.pdf\">Orienta\u00e7\u00f5es sobre transporte<\/a><\/p>\n\n\n\n<p>P\u00e1gina atualizada em:\u00a0<strong>24 de setembro de 2025.<\/strong><\/p>\n","protected":false},"excerpt":{"rendered":"<p>A Se\u00e7\u00e3o de Aten\u00e7\u00e3o e Promo\u00e7\u00e3o \u00e0 Sa\u00fade (SAPS) \u00e9 respons\u00e1vel por ofertar atendimento m\u00e9dico e de enfermagem \u00e0 Comunidade Universit\u00e1ria do Setor Litoral, bem como desenvolver projetos em conjunto com os cursos de gradua\u00e7\u00e3o e p\u00f3s-gradua\u00e7\u00e3o.\u00a0\u00a0 Atendimentos especialidades Al\u00e9m dos atendimentos pr\u00f3prios da SAPS, temos parceria com o CASA 3 e CASA 4 e [&hellip;]<\/p>\n","protected":false},"author":1638,"featured_media":0,"parent":0,"menu_order":0,"comment_status":"closed","ping_status":"closed","template":"","meta":{"_acf_changed":false,"footnotes":""},"class_list":["post-3899","page","type-page","status-publish","hentry"],"acf":[],"_links":{"self":[{"href":"https:\/\/litoral.ufpr.br\/letras\/wp-json\/wp\/v2\/pages\/3899","targetHints":{"allow":["GET"]}}],"collection":[{"href":"https:\/\/litoral.ufpr.br\/letras\/wp-json\/wp\/v2\/pages"}],"about":[{"href":"https:\/\/litoral.ufpr.br\/letras\/wp-json\/wp\/v2\/types\/page"}],"author":[{"embeddable":true,"href":"https:\/\/litoral.ufpr.br\/letras\/wp-json\/wp\/v2\/users\/1638"}],"replies":[{"embeddable":true,"href":"https:\/\/litoral.ufpr.br\/letras\/wp-json\/wp\/v2\/comments?post=3899"}],"version-history":[{"count":2,"href":"https:\/\/litoral.ufpr.br\/letras\/wp-json\/wp\/v2\/pages\/3899\/revisions"}],"predecessor-version":[{"id":3961,"href":"https:\/\/litoral.ufpr.br\/letras\/wp-json\/wp\/v2\/pages\/3899\/revisions\/3961"}],"wp:attachment":[{"href":"https:\/\/litoral.ufpr.br\/letras\/wp-json\/wp\/v2\/media?parent=3899"}],"curies":[{"name":"wp","href":"https:\/\/api.w.org\/{rel}","templated":true}]}}