{"id":3898,"date":"2025-09-23T17:43:59","date_gmt":"2025-09-23T20:43:59","guid":{"rendered":"https:\/\/litoral.ufpr.br\/lincom\/?page_id=3898"},"modified":"2025-09-24T10:53:39","modified_gmt":"2025-09-24T13:53:39","slug":"sepol-2","status":"publish","type":"page","link":"https:\/\/litoral.ufpr.br\/letras\/sepol-2\/","title":{"rendered":"SEPOL"},"content":{"rendered":"\n<p>A&nbsp;<strong>Se\u00e7\u00e3o de Pol\u00edticas Afirmativas, Assuntos Estudantis e Comunit\u00e1rios (SEPOL)<\/strong>&nbsp;desenvolve, acompanha e assessora programas e a\u00e7\u00f5es de apoio que contribuem com a perman\u00eancia e a forma\u00e7\u00e3o individual e global dos estudantes.<\/p>\n\n\n\n<p><strong>Atendimento<\/strong><\/p>\n\n\n\n<p>Al\u00e9m de atuar no acompanhamento dos bolsistas PROBEM, os Psic\u00f3logos da SEPOL realizam o atendimento psicol\u00f3gico aos acad\u00eamicos da gradua\u00e7\u00e3o e p\u00f3s-gradua\u00e7\u00e3o atrav\u00e9s da modalidade de plant\u00e3o e\/ou atendimento psicoter\u00e1pico breve. As solicita\u00e7\u00f5es de atendimento s\u00e3o realizadas via formul\u00e1rio eletr\u00f4nico,&nbsp;<a href=\"https:\/\/docs.google.com\/forms\/d\/e\/1FAIpQLSd3hVmDFvwhHHAzoDSxNCnIDw6WoVz_cUwwYdCq1FlAjoIVmw\/viewform\">clicando aqui<\/a>.<\/p>\n\n\n\n<p>As Assistentes Sociais da SEPOL s\u00e3o respons\u00e1veis pelos atendimentos sociais aos acad\u00eamicos da UFPR Litoral, atrav\u00e9s de avalia\u00e7\u00f5es s\u00f3cio-econ\u00f4micas e atendimentos individuais de orienta\u00e7\u00e3o e encaminhamentos sobre direitos e deveres (normas, c\u00f3digos e legisla\u00e7\u00e3o), servi\u00e7os, recursos sociais e programas e a\u00e7\u00f5es da PRAE. Realizam e coordenam o recebimento, an\u00e1lise e arquivamento das documenta\u00e7\u00f5es dos acad\u00eamicos em rela\u00e7\u00e3o aos editais dos programas e a\u00e7\u00f5es da PRAE e demais \u00f3rg\u00e3os, a fim de garantir o cumprimento dos prazos e procedimentos estabelecidos. Tamb\u00e9m acompanham os acad\u00eamicos de Servi\u00e7o Social que cumprem est\u00e1gio obrigat\u00f3rio no Setor, al\u00e9m de participar de estudos, mapeamentos e demais pesquisas relacionadas aos acad\u00eamicos. Para agendar atendimento social,&nbsp;<a href=\"https:\/\/forms.gle\/8t7nmMTBVS9YXg5Z9\">clique aqui<\/a>.<\/p>\n\n\n\n<p>A Pedagoga e a T\u00e9cnica em Assuntos Educacionais realizam a recep\u00e7\u00e3o, orienta\u00e7\u00e3o e encaminhamento de estudantes da gradua\u00e7\u00e3o que necessitam de apoio pedag\u00f3gico. Em especial, acompanham os acad\u00eamicos e bolsistas do PROBEM que n\u00e3o apresentam rendimento de acordo com as resolu\u00e7\u00f5es da institui\u00e7\u00e3o, de forma a detectar e superar os obst\u00e1culos \u00e0 perman\u00eancia no Programa. Ofertam atividades pedag\u00f3gicas aos acad\u00eamicos no campo da leitura e da escrita acad\u00eamica, bem como prestam assessoria pedag\u00f3gica \u00e0s c\u00e2maras pedag\u00f3gicas no campo da aprendizagem, dentro das especificidades da Se\u00e7\u00e3o. Para agendar atendimento pedag\u00f3gico,&nbsp;<a href=\"https:\/\/forms.office.com\/Pages\/ResponsePage.aspx?id=ozd7w-Lp-UK8Z0ubc44d8HyKH0PvLOhGnjxfAAh2BHhUMFlFUEk3RTRGMFZROEE3VEREMkRNMUpUQS4u\">clique aqui<\/a>.<\/p>\n\n\n\n<p><strong>Documentos importantes<\/strong><\/p>\n\n\n\n<p>Caderno de atribui\u00e7\u00f5es da SEPOL:&nbsp;<a href=\"https:\/\/litoral.ufpr.br\/wp-content\/uploads\/2019\/10\/CADERNO-DE-ATRIBUI%C3%87%C3%95ES-DA-SEPOL-2019-v2.pdf\">clique aqui<\/a><\/p>\n\n\n\n<p>Legisla\u00e7\u00f5es referentes \u00e0 Quest\u00e3o Racial:&nbsp;<a href=\"https:\/\/litoral.ufpr.br\/wp-content\/uploads\/2019\/12\/Legisla%C3%A7%C3%A3o-Racial.pdf\">clique aqui<\/a><\/p>\n\n\n\n<p>Legisla\u00e7\u00f5es referentes \u00e0 Inclus\u00e3o e Acessibilidade:&nbsp;<a href=\"https:\/\/litoral.ufpr.br\/wp-content\/uploads\/2019\/12\/Legisla%C3%A7%C3%A3o-SITE.pdf\">clique aqui<\/a><\/p>\n\n\n\n<p><strong>Contatos<\/strong><\/p>\n\n\n\n<p>Hor\u00e1rio de atendimento: de segunda a sexta das 8h \u00e0s 12h e das 13h \u00e0s 17h<\/p>\n\n\n\n<p>Telefone: (41) 98426-0025<\/p>\n\n\n\n<p>E-mail:&nbsp;<a href=\"mailto:sepol@ufpr.br\">sepol@ufpr.br<\/a><\/p>\n\n\n\n<p><strong>Formul\u00e1rios<\/strong><\/p>\n\n\n\n<p><a href=\"https:\/\/docs.google.com\/forms\/d\/e\/1FAIpQLScLurrNa9N2_tczwnP3EO9zJNGeY3-fjE6eFPX49kIOD53Z9A\/viewform\">Solicita\u00e7\u00e3o de Tradu\u00e7\u00e3o e Interpreta\u00e7\u00e3o de Libras<\/a><\/p>\n\n\n\n<p><a href=\"https:\/\/docs.google.com\/forms\/d\/e\/1FAIpQLSd3hVmDFvwhHHAzoDSxNCnIDw6WoVz_cUwwYdCq1FlAjoIVmw\/viewform\">Atendimento Psicol\u00f3gico<\/a><\/p>\n\n\n\n<p><a href=\"https:\/\/docs.google.com\/forms\/d\/e\/1FAIpQLSe1KfVqV6jM9MjB31al4ygLb0tnYbn71dsvfBX0O1QlcFHSrw\/viewform\">Atendimento do Servi\u00e7o Social<\/a><\/p>\n\n\n\n<p><a href=\"https:\/\/forms.office.com\/Pages\/ResponsePage.aspx?id=ozd7w-Lp-UK8Z0ubc44d8PY_8kfkNzxJq4qjF6yYY3pUMFlFUEk3RTRGMFZROEE3VEREMkRNMUpUQSQlQCN0PWcu\">Atendimento Pedag\u00f3gico<\/a><\/p>\n\n\n\n<p>P\u00e1gina atualizada em:\u00a0<strong>24 de setembro de 2025.<\/strong><\/p>\n","protected":false},"excerpt":{"rendered":"<p>A&nbsp;Se\u00e7\u00e3o de Pol\u00edticas Afirmativas, Assuntos Estudantis e Comunit\u00e1rios (SEPOL)&nbsp;desenvolve, acompanha e assessora programas e a\u00e7\u00f5es de apoio que contribuem com a perman\u00eancia e a forma\u00e7\u00e3o individual e global dos estudantes. Atendimento Al\u00e9m de atuar no acompanhamento dos bolsistas PROBEM, os Psic\u00f3logos da SEPOL realizam o atendimento psicol\u00f3gico aos acad\u00eamicos da gradua\u00e7\u00e3o e p\u00f3s-gradua\u00e7\u00e3o atrav\u00e9s da [&hellip;]<\/p>\n","protected":false},"author":1638,"featured_media":0,"parent":0,"menu_order":0,"comment_status":"closed","ping_status":"closed","template":"","meta":{"_acf_changed":false,"footnotes":""},"class_list":["post-3898","page","type-page","status-publish","hentry"],"acf":[],"_links":{"self":[{"href":"https:\/\/litoral.ufpr.br\/letras\/wp-json\/wp\/v2\/pages\/3898","targetHints":{"allow":["GET"]}}],"collection":[{"href":"https:\/\/litoral.ufpr.br\/letras\/wp-json\/wp\/v2\/pages"}],"about":[{"href":"https:\/\/litoral.ufpr.br\/letras\/wp-json\/wp\/v2\/types\/page"}],"author":[{"embeddable":true,"href":"https:\/\/litoral.ufpr.br\/letras\/wp-json\/wp\/v2\/users\/1638"}],"replies":[{"embeddable":true,"href":"https:\/\/litoral.ufpr.br\/letras\/wp-json\/wp\/v2\/comments?post=3898"}],"version-history":[{"count":3,"href":"https:\/\/litoral.ufpr.br\/letras\/wp-json\/wp\/v2\/pages\/3898\/revisions"}],"predecessor-version":[{"id":3960,"href":"https:\/\/litoral.ufpr.br\/letras\/wp-json\/wp\/v2\/pages\/3898\/revisions\/3960"}],"wp:attachment":[{"href":"https:\/\/litoral.ufpr.br\/letras\/wp-json\/wp\/v2\/media?parent=3898"}],"curies":[{"name":"wp","href":"https:\/\/api.w.org\/{rel}","templated":true}]}}