{"id":3874,"date":"2025-09-18T15:53:38","date_gmt":"2025-09-18T18:53:38","guid":{"rendered":"https:\/\/litoral.ufpr.br\/lincom\/?page_id=3874"},"modified":"2025-09-23T18:21:28","modified_gmt":"2025-09-23T21:21:28","slug":"trabalho-de-conclusao-de-curso-tcc","status":"publish","type":"page","link":"https:\/\/litoral.ufpr.br\/letras\/trabalho-de-conclusao-de-curso-tcc\/","title":{"rendered":"Trabalho de Conclus\u00e3o de Curso &#8211; TCC"},"content":{"rendered":"\n<p>O Trabalho de Conclus\u00e3o de Curso \u2013 TCC tem por finalidade oportunizar ao estudante do Curso de<br>Licenciatura em Letras Portugu\u00eas a integra\u00e7\u00e3o e sistematiza\u00e7\u00e3o de conte\u00fados e experi\u00eancias<br>desenvolvidos e apropriados ao longo da periodiza\u00e7\u00e3o curricular, a partir de fundamenta\u00e7\u00e3o te\u00f3rica e<br>metodol\u00f3gica orientada pelos docentes do curso.<\/p>\n","protected":false},"excerpt":{"rendered":"<p>O Trabalho de Conclus\u00e3o de Curso \u2013 TCC tem por finalidade oportunizar ao estudante do Curso deLicenciatura em Letras Portugu\u00eas a integra\u00e7\u00e3o e sistematiza\u00e7\u00e3o de conte\u00fados e experi\u00eanciasdesenvolvidos e apropriados ao longo da periodiza\u00e7\u00e3o curricular, a partir de fundamenta\u00e7\u00e3o te\u00f3rica emetodol\u00f3gica orientada pelos docentes do curso.<\/p>\n","protected":false},"author":1638,"featured_media":0,"parent":0,"menu_order":0,"comment_status":"closed","ping_status":"closed","template":"","meta":{"_acf_changed":false,"footnotes":""},"class_list":["post-3874","page","type-page","status-publish","hentry"],"acf":[],"_links":{"self":[{"href":"https:\/\/litoral.ufpr.br\/letras\/wp-json\/wp\/v2\/pages\/3874","targetHints":{"allow":["GET"]}}],"collection":[{"href":"https:\/\/litoral.ufpr.br\/letras\/wp-json\/wp\/v2\/pages"}],"about":[{"href":"https:\/\/litoral.ufpr.br\/letras\/wp-json\/wp\/v2\/types\/page"}],"author":[{"embeddable":true,"href":"https:\/\/litoral.ufpr.br\/letras\/wp-json\/wp\/v2\/users\/1638"}],"replies":[{"embeddable":true,"href":"https:\/\/litoral.ufpr.br\/letras\/wp-json\/wp\/v2\/comments?post=3874"}],"version-history":[{"count":3,"href":"https:\/\/litoral.ufpr.br\/letras\/wp-json\/wp\/v2\/pages\/3874\/revisions"}],"predecessor-version":[{"id":3947,"href":"https:\/\/litoral.ufpr.br\/letras\/wp-json\/wp\/v2\/pages\/3874\/revisions\/3947"}],"wp:attachment":[{"href":"https:\/\/litoral.ufpr.br\/letras\/wp-json\/wp\/v2\/media?parent=3874"}],"curies":[{"name":"wp","href":"https:\/\/api.w.org\/{rel}","templated":true}]}}