{"id":3590,"date":"2025-08-27T16:40:55","date_gmt":"2025-08-27T19:40:55","guid":{"rendered":"https:\/\/litoral.ufpr.br\/lincom\/?page_id=3590"},"modified":"2025-10-15T08:59:49","modified_gmt":"2025-10-15T11:59:49","slug":"indicadores","status":"publish","type":"page","link":"https:\/\/litoral.ufpr.br\/letras\/indicadores\/","title":{"rendered":"Indicadores do curso"},"content":{"rendered":"\n<ul class=\"wp-block-list\"><li>O curso passou por altera\u00e7\u00e3o de nomenclatura recentemente (2025), sendo estes indicadores elencados ao curso de Linguagem e Comunica\u00e7\u00e3o.<\/li><\/ul>\n\n\n\n<figure class=\"wp-block-table\"><table><tbody><tr><td>ENADE<\/td><td>03 (2021)<\/td><\/tr><tr><td>Conceito Preliminar de Curso<\/td><td>04 (2021)<\/td><\/tr><tr><td>IDD<\/td><td>02 (2021)<\/td><\/tr><tr><td>Conceito de curso<\/td><td>04 (2014)<\/td><\/tr><\/tbody><\/table><\/figure>\n\n\n\n<p>Indicadores disponibilizados pelo&nbsp;<a href=\"https:\/\/emec.mec.gov.br\/emec\/consulta-cadastro\/detalhamento\/d96957f455f6405d14c6542552b0f6eb\/NTcx\/c1b85ea4d704f246bcced664fdaeddb6\/TEVUUkFTIC0gUE9SVFVHVcpT\">e-MEC<\/a><\/p>\n\n\n\n<p><strong>RESOLU\u00c7\u00d5ES <\/strong><\/p>\n\n\n\n<p>Altera\u00e7\u00e3o de nomenclatura do Curso <a href=\"https:\/\/litoral.ufpr.br\/lincom\/wp-content\/uploads\/sites\/18\/2025\/09\/RESOLUCAO-No-09-25-COUN-Alteracao-Nomenclatura.pdf\">RESOLU\u00c7\u00c3O N\u00ba 09\/25-COUN<\/a><\/p>\n\n\n\n<p>Cria\u00e7\u00e3o do curso de LINCOM &#8211; <a href=\"https:\/\/soc.ufpr.br\/wp-content\/uploads\/2023\/07\/Res.-70-23-CEPE-Fixa-o-Curr%C3%ADculo-Pleno-do-Curso-de-Linguagem-e-Comunica%C3%A7%C3%A3o-do-Setor-Litoral-da-Universidade-Federal-do-Paran%C3%A1..pdf\">RESOLU\u00c7\u00c3O N\u00ba 70\/23-CEPE<\/a><\/p>\n\n\n\n<p><\/p>\n\n\n\n<p>P\u00e1gina atualizada em:<strong>&nbsp;24 de setembro de 2025.<\/strong><\/p>\n\n\n\n<figure id=\"tbDataGridNova\" class=\"wp-block-table\"><table><tbody><tr><td><\/td><td><\/td><td><\/td><td><\/td><td><\/td><td><\/td><td><\/td><td><img decoding=\"async\" src=\"https:\/\/emec.mec.gov.br\/emec\/img\/default\/bolaVerde.png\" alt=\"\"><\/td><\/tr><\/tbody><\/table><\/figure>\n\n\n\n<p><\/p>\n","protected":false},"excerpt":{"rendered":"<p>O curso passou por altera\u00e7\u00e3o de nomenclatura recentemente (2025), sendo estes indicadores elencados ao curso de Linguagem e Comunica\u00e7\u00e3o. ENADE 03 (2021) Conceito Preliminar de Curso 04 (2021) IDD 02 (2021) Conceito de curso 04 (2014) Indicadores disponibilizados pelo&nbsp;e-MEC RESOLU\u00c7\u00d5ES Altera\u00e7\u00e3o de nomenclatura do Curso RESOLU\u00c7\u00c3O N\u00ba 09\/25-COUN Cria\u00e7\u00e3o do curso de LINCOM &#8211; RESOLU\u00c7\u00c3O [&hellip;]<\/p>\n","protected":false},"author":1638,"featured_media":0,"parent":0,"menu_order":0,"comment_status":"closed","ping_status":"closed","template":"","meta":{"_acf_changed":false,"footnotes":""},"class_list":["post-3590","page","type-page","status-publish","hentry"],"acf":[],"_links":{"self":[{"href":"https:\/\/litoral.ufpr.br\/letras\/wp-json\/wp\/v2\/pages\/3590","targetHints":{"allow":["GET"]}}],"collection":[{"href":"https:\/\/litoral.ufpr.br\/letras\/wp-json\/wp\/v2\/pages"}],"about":[{"href":"https:\/\/litoral.ufpr.br\/letras\/wp-json\/wp\/v2\/types\/page"}],"author":[{"embeddable":true,"href":"https:\/\/litoral.ufpr.br\/letras\/wp-json\/wp\/v2\/users\/1638"}],"replies":[{"embeddable":true,"href":"https:\/\/litoral.ufpr.br\/letras\/wp-json\/wp\/v2\/comments?post=3590"}],"version-history":[{"count":14,"href":"https:\/\/litoral.ufpr.br\/letras\/wp-json\/wp\/v2\/pages\/3590\/revisions"}],"predecessor-version":[{"id":4135,"href":"https:\/\/litoral.ufpr.br\/letras\/wp-json\/wp\/v2\/pages\/3590\/revisions\/4135"}],"wp:attachment":[{"href":"https:\/\/litoral.ufpr.br\/letras\/wp-json\/wp\/v2\/media?parent=3590"}],"curies":[{"name":"wp","href":"https:\/\/api.w.org\/{rel}","templated":true}]}}