{"id":3584,"date":"2025-08-27T16:39:20","date_gmt":"2025-08-27T19:39:20","guid":{"rendered":"https:\/\/litoral.ufpr.br\/lincom\/?page_id=3584"},"modified":"2025-10-17T14:35:54","modified_gmt":"2025-10-17T17:35:54","slug":"apresentacao-geral","status":"publish","type":"page","link":"https:\/\/litoral.ufpr.br\/letras\/apresentacao-geral\/","title":{"rendered":"Apresenta\u00e7\u00e3o Geral"},"content":{"rendered":"\n<div class=\"wp-block-columns is-layout-flex wp-container-core-columns-is-layout-9d6595d7 wp-block-columns-is-layout-flex\">\n<div class=\"wp-block-column is-layout-flow wp-block-column-is-layout-flow\" style=\"flex-basis:100%\">\n<div class=\"wp-block-group is-vertical is-layout-flex wp-container-core-group-is-layout-8cf370e7 wp-block-group-is-layout-flex\">\n<p><strong>DADOS GERAIS<\/strong><\/p>\n\n\n\n<p>Modalidade: Presencial &nbsp;<\/p>\n\n\n\n<p>Regime: Semestral &nbsp;<\/p>\n\n\n\n<p>Local de oferta: Campus Matinhos (UFPR Litoral) &nbsp;<\/p>\n\n\n\n<p>Turno de funcionamento: Noturno &nbsp;<\/p>\n\n\n\n<p>N\u00famero total de vagas\/ano: 35 &nbsp;<\/p>\n\n\n\n<p>Carga hor\u00e1ria total: 3200 horas<\/p>\n\n\n\n<p>Prazo de integraliza\u00e7\u00e3o curricular: m\u00ednimo de 8 semestres e m\u00e1ximo de 12 semestres.<\/p>\n<\/div>\n<\/div>\n<\/div>\n\n\n\n<p><strong>PERFIL DO EGRESSO<\/strong><\/p>\n\n\n\n<p>O licenciado em Letras Portugu\u00eas est\u00e1 habilitado, prioritariamente, para o exerc\u00edcio do magist\u00e9rio em<br>l\u00edngua portuguesa e respectivas literaturas do sexto ao nono ano do Ensino Fundamental e no Ensino<br>M\u00e9dio. Agrega-se a isto a inser\u00e7\u00e3o dos estudos da Comunica\u00e7\u00e3o Social, objetivando trazer aos futuros<br>egressos a quest\u00e3o da influ\u00eancia das diversas m\u00eddias na sociedade e, consequentemente, na sala de aula<br>da Educa\u00e7\u00e3o B\u00e1sica, bem como utilizar criticamente os mesmos elementos da cultura de massa como<br>instrumento de trabalho.<br>O egresso tamb\u00e9m pode atuar em organiza\u00e7\u00f5es n\u00e3o governamentais (ONGs), institui\u00e7\u00f5es de car\u00e1ter<br>sociocultural n\u00e3o escolares, projetos ou programas institucionais que desenvolvem a\u00e7\u00f5es pedag\u00f3gicas.<br>Trata-se de um profissional capaz de demonstrar coer\u00eancia entre a teoria e a sua pr\u00e1xis pedag\u00f3gica de<br>forma interdisciplinar, n\u00e3o se furtando, jamais, \u00e0 autocr\u00edtica e \u00e0 cr\u00edtica da sua forma\u00e7\u00e3o,<br>comprometendo-se com sua forma\u00e7\u00e3o permanente. As egressas e os egressos t\u00eam dom\u00ednio da norma<br>culta da l\u00edngua portuguesa e consci\u00eancia do lugar social da varia\u00e7\u00e3o lingu\u00edstica, bem como<br>conhecimento de suas literaturas e culturas estudadas e pesquisadas. Al\u00e9m disso, apresentam<br>capacidade de articula\u00e7\u00e3o das m\u00faltiplas linguagens inseridas em tecnologias de informa\u00e7\u00e3o e<br>comunica\u00e7\u00e3o diversas, tendo aptid\u00e3o para elabora\u00e7\u00e3o cr\u00edtica e posicionamento frente \u00e0 pr\u00e1tica do<br>magist\u00e9rio.<\/p>\n\n\n\n<p><strong>OBJETIVOS DO CURSO &nbsp;<\/strong><\/p>\n\n\n\n<p><strong>Objetivo Geral &nbsp;<\/strong><\/p>\n\n\n\n<p>Formar docentes cientes de sua a\u00e7\u00e3o educativa na sociedade, na educa\u00e7\u00e3o formal ou n\u00e3o formal, ou em<br>outros espa\u00e7os sociais (tais como associa\u00e7\u00f5es, empresas, ONGs, etc.), capazes de interferir nas quest\u00f5es<br>educacionais de seu pa\u00eds, estado e munic\u00edpio, oferecendo condi\u00e7\u00f5es para que seus discentes percebam<br>a complexidade educacional brasileira como tamb\u00e9m as quest\u00f5es intr\u00ednsecas de poder que a linguagem<br>e a comunica\u00e7\u00e3o cont\u00eam.<\/p>\n\n\n\n<p><strong>Objetivos espec\u00edficos &nbsp;<\/strong><\/p>\n\n\n\n<p>O licenciado em Letras Portugu\u00eas atua, principalmente, na Educa\u00e7\u00e3o B\u00e1sica, como professor de L\u00edngua<br>Portuguesa e suas literaturas. Trata-se de um profissional formado na perspectiva intercultural, que<br>conhece criticamente a linguagem, compreendendo-a em sua perspectiva social e cultural, preparado<br>para atividades ligadas ao magist\u00e9rio de l\u00edngua e de literatura, bem como compromissado pol\u00edtico-t\u00e9cnico-profissionalmente com a produ\u00e7\u00e3o de conhecimentos cient\u00edficos, com o desenvolvimento dos<br>contextos socioculturais locais.<br>Nessa perspectiva, s\u00e3o objetivos do Curso:<br>\u2022 estimular a cria\u00e7\u00e3o cultural e o desenvolvimento do esp\u00edrito cr\u00edtico e cient\u00edfico;<br>\u2022 refletir sobre as diversas quest\u00f5es educacionais brasileiras, conhecendo especialmente a<br>realidade do litoral paranaense, com vistas \u00e0 forma\u00e7\u00e3o de profissionais que se norteiem por<br>princ\u00edpios \u00e9ticos e pol\u00edticos, capazes de atuar em diferentes contextos;<br>\u2022 incentivar a pesquisa na \u00e1rea de linguagem e suas m\u00eddias, visando ao desenvolvimento cont\u00ednuo<br>de discentes e docentes;<br>\u2022 estimular o permanente desejo de aperfei\u00e7oamento cultural, intelectual, profissional de<br>docentes e discentes;<br>\u2022 incentivar a utiliza\u00e7\u00e3o e a leitura cr\u00edtica de diversas m\u00eddias;<br>\u2022 incentivar e promover a extens\u00e3o, aberta \u00e0 comunidade, visando \u00e0 sua integra\u00e7\u00e3o nas<br>atividades acad\u00eamicas e cient\u00edficas, assim como a divulga\u00e7\u00e3o e socializa\u00e7\u00e3o dos conhecimentos<br>constru\u00eddos no Curso, entendidos como patrim\u00f4nio social<\/p>\n\n\n\n<p><strong>PROJETOS PEDAG\u00d3GICO DO CURSO (PPC)<\/strong><\/p>\n\n\n\n<p>O curso possui atualmente um Projeto Pedag\u00f3gico de Curso (PPC) em vig\u00eancia, referente ao ano de 2025, o qual pode ser acessado por meio do link abaixo:<\/p>\n\n\n\n<p><a href=\"https:\/\/litoral.ufpr.br\/lincom\/wp-content\/uploads\/sites\/18\/2025\/09\/PPC_2025.pdf\">PPC 2025<\/a> &#8211; LETRAS PORTUGU\u00caS<\/p>\n\n\n\n<p><a href=\"https:\/\/litoral.ufpr.br\/lincom\/wp-content\/uploads\/sites\/18\/2025\/10\/PPP-UFPR-LITORAL_Set-2008_Alteracao_Dez-2008.pdf\"><strong>PROJETO POL\u00cdTICO PEDAG\u00d3GICO (PPP) SETOR LITOR<\/strong>AL<\/a><\/p>\n\n\n\n<p><strong><a href=\"https:\/\/litoral.ufpr.br\/lincom\/wp-content\/uploads\/sites\/18\/2025\/10\/Plano-de-Desenvolvimento-Institucional-UFPR-2022-2026.pdf\">PLANO DE DESENVOLVIMENTO INSTITUCIONAL DA UFPR<\/a><\/strong><\/p>\n\n\n\n<p><\/p>\n\n\n\n<p>P\u00e1gina atualizada em:<strong> 17 de outubro de 2025.<\/strong><\/p>\n","protected":false},"excerpt":{"rendered":"<p>DADOS GERAIS Modalidade: Presencial &nbsp; Regime: Semestral &nbsp; Local de oferta: Campus Matinhos (UFPR Litoral) &nbsp; Turno de funcionamento: Noturno &nbsp; N\u00famero total de vagas\/ano: 35 &nbsp; Carga hor\u00e1ria total: 3200 horas Prazo de integraliza\u00e7\u00e3o curricular: m\u00ednimo de 8 semestres e m\u00e1ximo de 12 semestres. PERFIL DO EGRESSO O licenciado em Letras Portugu\u00eas est\u00e1 habilitado, [&hellip;]<\/p>\n","protected":false},"author":1638,"featured_media":0,"parent":0,"menu_order":0,"comment_status":"closed","ping_status":"closed","template":"","meta":{"_acf_changed":false,"footnotes":""},"class_list":["post-3584","page","type-page","status-publish","hentry"],"acf":[],"_links":{"self":[{"href":"https:\/\/litoral.ufpr.br\/letras\/wp-json\/wp\/v2\/pages\/3584","targetHints":{"allow":["GET"]}}],"collection":[{"href":"https:\/\/litoral.ufpr.br\/letras\/wp-json\/wp\/v2\/pages"}],"about":[{"href":"https:\/\/litoral.ufpr.br\/letras\/wp-json\/wp\/v2\/types\/page"}],"author":[{"embeddable":true,"href":"https:\/\/litoral.ufpr.br\/letras\/wp-json\/wp\/v2\/users\/1638"}],"replies":[{"embeddable":true,"href":"https:\/\/litoral.ufpr.br\/letras\/wp-json\/wp\/v2\/comments?post=3584"}],"version-history":[{"count":40,"href":"https:\/\/litoral.ufpr.br\/letras\/wp-json\/wp\/v2\/pages\/3584\/revisions"}],"predecessor-version":[{"id":4181,"href":"https:\/\/litoral.ufpr.br\/letras\/wp-json\/wp\/v2\/pages\/3584\/revisions\/4181"}],"wp:attachment":[{"href":"https:\/\/litoral.ufpr.br\/letras\/wp-json\/wp\/v2\/media?parent=3584"}],"curies":[{"name":"wp","href":"https:\/\/api.w.org\/{rel}","templated":true}]}}