{"id":3242,"date":"2023-09-20T20:02:40","date_gmt":"2023-09-20T23:02:40","guid":{"rendered":"https:\/\/litoral.ufpr.br\/lincom\/?page_id=3242"},"modified":"2025-09-17T16:46:38","modified_gmt":"2025-09-17T19:46:38","slug":"restaurante-universitario","status":"publish","type":"page","link":"https:\/\/litoral.ufpr.br\/letras\/restaurante-universitario\/","title":{"rendered":"Restaurante Universit\u00e1rio"},"content":{"rendered":"\n<p>O card\u00e1pio dos RUs \u00e9 elaborado por nutricionistas vinculadas aos restaurantes terceirizados que prestam servi\u00e7o \u00e0 UFPR, sendo fiscalizados pela equipe de nutri\u00e7\u00e3o do quadro pr\u00f3prio da Institui\u00e7\u00e3o.<\/p>\n\n\n\n<p>No caf\u00e9 da manh\u00e3 s\u00e3o fornecidos caf\u00e9, leite e ch\u00e1 livremente. Demais itens s\u00e3o porcionados, sendo 1 unidade por pessoa.<\/p>\n\n\n\n<p>No almo\u00e7o e jantar, saladas, guarni\u00e7\u00f5es, arroz e feij\u00e3o s\u00e3o servidos livremente. A carne e a sobremesa s\u00e3o servidos de forma porcionada.<\/p>\n\n\n\n<p>O&nbsp; RU oferece op\u00e7\u00e3o vegana para todos os itens que cont\u00e9m algum ingrediente de origem animal.<\/p>\n\n\n\n<p>Varia\u00e7\u00f5es podem ocorrer entre as unidades considerando particularidades de cada uma, como equipamentos, m\u00e3o-de-obra e quest\u00f5es log\u00edsticas.<\/p>\n\n\n\n<p class=\"has-text-align-center\"><strong>HOR\u00c1RIO DE FUNCIONAMENTO<\/strong>\u00a0<strong>E ENDERE\u00c7O<\/strong><\/p>\n\n\n\n<p class=\"has-text-align-center\"><strong>CARD\u00c1PIO<\/strong><\/p>\n\n\n\n<p>&nbsp;<strong>Curitiba<\/strong><\/p>\n\n\n\n<p><a href=\"https:\/\/pra.ufpr.br\/ru\/horario-ru-central\/\">RU Central<\/a><\/p>\n\n\n\n<p><a href=\"https:\/\/pra.ufpr.br\/ru\/horario-de-funcionamento-ru-centro-politecnico\/\">RU Centro Polit\u00e9cnico<\/a><\/p>\n\n\n\n<p><a href=\"https:\/\/pra.ufpr.br\/ru\/horario-de-funcionamento-ru-agrarias\/\">RU Agr\u00e1rias<\/a><\/p>\n\n\n\n<p><a href=\"https:\/\/pra.ufpr.br\/ru\/horario-de-funcionamento-ru-botanico\/\">RU Jardim Bot\u00e2nico<\/a><\/p>\n\n\n\n<p>&nbsp;<strong>Interior<\/strong><\/p>\n\n\n\n<p><a href=\"https:\/\/pra.ufpr.br\/ru\/horario-de-funcionamento-ru-mirassol-2\/\">RU Mirassol<\/a><\/p>\n\n\n\n<p><a href=\"https:\/\/pra.ufpr.br\/ru\/horario-de-funcionamento-ru-cem\/\">RU CEM<\/a><\/p>\n\n\n\n<p><a href=\"https:\/\/pra.ufpr.br\/ru\/horario-de-funcionamento-ru-jandaia-do-sul\/\">RU Jandaia do Sul<\/a><\/p>\n\n\n\n<p><a href=\"https:\/\/pra.ufpr.br\/ru\/horario-de-funcionamento-ru-palotina\/\">RU Palotina<\/a><\/p>\n\n\n\n<p><a href=\"https:\/\/pra.ufpr.br\/ru\/horario-de-funcionamento-ru-toledo\/\">RU Toledo<\/a><\/p>\n\n\n\n<p><a href=\"https:\/\/pra.ufpr.br\/ru\/horario-de-funcionamento-ru-matinhos\/\">RU Matinhos<\/a> &#8211; Endere\u00e7o do Restaurante Universit\u00e1rio de Matinhos:\u00a0<strong>Rua Paranagu\u00e1, 175<\/strong>.<\/p>\n\n\n\n<p><\/p>\n\n\n\n<p><\/p>\n","protected":false},"excerpt":{"rendered":"<p>O card\u00e1pio dos RUs \u00e9 elaborado por nutricionistas vinculadas aos restaurantes terceirizados que prestam servi\u00e7o \u00e0 UFPR, sendo fiscalizados pela equipe de nutri\u00e7\u00e3o do quadro pr\u00f3prio da Institui\u00e7\u00e3o. No caf\u00e9 da manh\u00e3 s\u00e3o fornecidos caf\u00e9, leite e ch\u00e1 livremente. Demais itens s\u00e3o porcionados, sendo 1 unidade por pessoa. No almo\u00e7o e jantar, saladas, guarni\u00e7\u00f5es, arroz [&hellip;]<\/p>\n","protected":false},"author":1645,"featured_media":0,"parent":0,"menu_order":0,"comment_status":"closed","ping_status":"closed","template":"","meta":{"_acf_changed":false,"footnotes":""},"class_list":["post-3242","page","type-page","status-publish","hentry"],"acf":[],"_links":{"self":[{"href":"https:\/\/litoral.ufpr.br\/letras\/wp-json\/wp\/v2\/pages\/3242","targetHints":{"allow":["GET"]}}],"collection":[{"href":"https:\/\/litoral.ufpr.br\/letras\/wp-json\/wp\/v2\/pages"}],"about":[{"href":"https:\/\/litoral.ufpr.br\/letras\/wp-json\/wp\/v2\/types\/page"}],"author":[{"embeddable":true,"href":"https:\/\/litoral.ufpr.br\/letras\/wp-json\/wp\/v2\/users\/1645"}],"replies":[{"embeddable":true,"href":"https:\/\/litoral.ufpr.br\/letras\/wp-json\/wp\/v2\/comments?post=3242"}],"version-history":[{"count":4,"href":"https:\/\/litoral.ufpr.br\/letras\/wp-json\/wp\/v2\/pages\/3242\/revisions"}],"predecessor-version":[{"id":3794,"href":"https:\/\/litoral.ufpr.br\/letras\/wp-json\/wp\/v2\/pages\/3242\/revisions\/3794"}],"wp:attachment":[{"href":"https:\/\/litoral.ufpr.br\/letras\/wp-json\/wp\/v2\/media?parent=3242"}],"curies":[{"name":"wp","href":"https:\/\/api.w.org\/{rel}","templated":true}]}}