{"id":3240,"date":"2023-09-20T20:02:40","date_gmt":"2023-09-20T23:02:40","guid":{"rendered":"https:\/\/litoral.ufpr.br\/lincom\/?page_id=3240"},"modified":"2026-02-24T11:56:43","modified_gmt":"2026-02-24T14:56:43","slug":"apoio-estudantil","status":"publish","type":"page","link":"https:\/\/litoral.ufpr.br\/letras\/apoio-estudantil\/","title":{"rendered":"Transporte"},"content":{"rendered":"\n<p>O Interpraias \u00e9 um servi\u00e7o ofertado pela UFPR, por meio da Central de Transportes, de uso exclusivo de estudantes e servidores da institui\u00e7\u00e3o. A linha Litoral visa atender principalmente a comunidade acad\u00eamica do Setor Litoral e do Centro de Estudos do Mar (Pontal do Paran\u00e1).&nbsp;<\/p>\n\n\n\n<p>O trajeto realizado \u00e9: CEM (Pontal do Paran\u00e1) &lt;\u2013&gt; Setor Litoral (Matinhos).&nbsp;<\/p>\n\n\n\n<p>Confira os pontos e hor\u00e1rios das paradas:&nbsp;<\/p>\n\n\n\n<figure class=\"wp-block-image size-large\"><img loading=\"lazy\" decoding=\"async\" width=\"655\" height=\"1024\" src=\"https:\/\/litoral.ufpr.br\/letras\/wp-content\/uploads\/sites\/18\/2026\/02\/6569b7b1-babe-4833-bc67-d1241678805c-655x1024.jpg\" alt=\"\" class=\"wp-image-4205\" srcset=\"https:\/\/litoral.ufpr.br\/letras\/wp-content\/uploads\/sites\/18\/2026\/02\/6569b7b1-babe-4833-bc67-d1241678805c-655x1024.jpg 655w, https:\/\/litoral.ufpr.br\/letras\/wp-content\/uploads\/sites\/18\/2026\/02\/6569b7b1-babe-4833-bc67-d1241678805c-192x300.jpg 192w, https:\/\/litoral.ufpr.br\/letras\/wp-content\/uploads\/sites\/18\/2026\/02\/6569b7b1-babe-4833-bc67-d1241678805c.jpg 767w\" sizes=\"auto, (max-width: 655px) 100vw, 655px\" \/><\/figure>\n\n\n\n<p>P\u00e1gina atualizada em: <strong>24 de fev. de 2026<\/strong><\/p>\n","protected":false},"excerpt":{"rendered":"<p>O Interpraias \u00e9 um servi\u00e7o ofertado pela UFPR, por meio da Central de Transportes, de uso exclusivo de estudantes e servidores da institui\u00e7\u00e3o. A linha Litoral visa atender principalmente a comunidade acad\u00eamica do Setor Litoral e do Centro de Estudos do Mar (Pontal do Paran\u00e1).&nbsp; O trajeto realizado \u00e9: CEM (Pontal do Paran\u00e1) &lt;\u2013&gt; Setor [&hellip;]<\/p>\n","protected":false},"author":1645,"featured_media":0,"parent":0,"menu_order":0,"comment_status":"closed","ping_status":"closed","template":"","meta":{"_acf_changed":false,"footnotes":""},"class_list":["post-3240","page","type-page","status-publish","hentry"],"acf":[],"_links":{"self":[{"href":"https:\/\/litoral.ufpr.br\/letras\/wp-json\/wp\/v2\/pages\/3240","targetHints":{"allow":["GET"]}}],"collection":[{"href":"https:\/\/litoral.ufpr.br\/letras\/wp-json\/wp\/v2\/pages"}],"about":[{"href":"https:\/\/litoral.ufpr.br\/letras\/wp-json\/wp\/v2\/types\/page"}],"author":[{"embeddable":true,"href":"https:\/\/litoral.ufpr.br\/letras\/wp-json\/wp\/v2\/users\/1645"}],"replies":[{"embeddable":true,"href":"https:\/\/litoral.ufpr.br\/letras\/wp-json\/wp\/v2\/comments?post=3240"}],"version-history":[{"count":3,"href":"https:\/\/litoral.ufpr.br\/letras\/wp-json\/wp\/v2\/pages\/3240\/revisions"}],"predecessor-version":[{"id":4206,"href":"https:\/\/litoral.ufpr.br\/letras\/wp-json\/wp\/v2\/pages\/3240\/revisions\/4206"}],"wp:attachment":[{"href":"https:\/\/litoral.ufpr.br\/letras\/wp-json\/wp\/v2\/media?parent=3240"}],"curies":[{"name":"wp","href":"https:\/\/api.w.org\/{rel}","templated":true}]}}