{"id":3219,"date":"2023-09-20T19:59:39","date_gmt":"2023-09-20T22:59:39","guid":{"rendered":"https:\/\/litoral.ufpr.br\/lincom\/?page_id=3219"},"modified":"2025-09-18T09:06:05","modified_gmt":"2025-09-18T12:06:05","slug":"tcc","status":"publish","type":"page","link":"https:\/\/litoral.ufpr.br\/letras\/tcc\/","title":{"rendered":"UFPR Virtual"},"content":{"rendered":"\n<p>A UFPR Virtual \u00e9 o Ambiente Virtual de Aprendizagem (AVA) oferecidos \u00e0 comunidade acad\u00eamica. Voc\u00ea, estudante, ter\u00e1 acesso \u00e0s disciplinas em que est\u00e1 matriculado ou matriculada. Para acessar, entre no seguinte link:&nbsp;<a href=\"https:\/\/ufprvirtual.ufpr.br\/\">https:\/\/ufprvirtual.ufpr.br\/<\/a>&nbsp;e clique no \u00edcone \u201cacesso\u201d, que est\u00e1 no canto superior direito. Para realizar o login, insira seu CPF na identifica\u00e7\u00e3o e sua data de nascimento (sem abreviatura do ano) na senha.<\/p>\n\n\n\n<figure class=\"wp-block-image\"><img decoding=\"async\" src=\"https:\/\/litoral.ufpr.br\/admpublica\/wp-content\/uploads\/sites\/6\/2025\/08\/image-3.png\" alt=\"\" class=\"wp-image-4202\" \/><\/figure>\n\n\n\n<p><br>P\u00e1gina da UFPR Virtual<\/p>\n\n\n\n<figure class=\"wp-block-image\"><img decoding=\"async\" src=\"https:\/\/litoral.ufpr.br\/admpublica\/wp-content\/uploads\/sites\/6\/2025\/08\/image-4.png\" alt=\"\" class=\"wp-image-4203\" \/><\/figure>\n\n\n\n<p class=\"has-text-align-center\">P\u00e1gina de login<\/p>\n\n\n\n<p><strong>P\u00e1gina atualizada em:\u00a018 de setembro de 2025<img loading=\"lazy\" decoding=\"async\" width=\"600\" height=\"297\" src=\"https:\/\/litoral.ufpr.br\/c22037bf-e1a3-4bc8-8cdc-679c7df0c469\"><\/strong><\/p>\n","protected":false},"excerpt":{"rendered":"<p>A UFPR Virtual \u00e9 o Ambiente Virtual de Aprendizagem (AVA) oferecidos \u00e0 comunidade acad\u00eamica. Voc\u00ea, estudante, ter\u00e1 acesso \u00e0s disciplinas em que est\u00e1 matriculado ou matriculada. Para acessar, entre no seguinte link:&nbsp;https:\/\/ufprvirtual.ufpr.br\/&nbsp;e clique no \u00edcone \u201cacesso\u201d, que est\u00e1 no canto superior direito. Para realizar o login, insira seu CPF na identifica\u00e7\u00e3o e sua data de [&hellip;]<\/p>\n","protected":false},"author":1645,"featured_media":0,"parent":0,"menu_order":0,"comment_status":"closed","ping_status":"closed","template":"","meta":{"_acf_changed":false,"footnotes":""},"class_list":["post-3219","page","type-page","status-publish","hentry"],"acf":[],"_links":{"self":[{"href":"https:\/\/litoral.ufpr.br\/letras\/wp-json\/wp\/v2\/pages\/3219","targetHints":{"allow":["GET"]}}],"collection":[{"href":"https:\/\/litoral.ufpr.br\/letras\/wp-json\/wp\/v2\/pages"}],"about":[{"href":"https:\/\/litoral.ufpr.br\/letras\/wp-json\/wp\/v2\/types\/page"}],"author":[{"embeddable":true,"href":"https:\/\/litoral.ufpr.br\/letras\/wp-json\/wp\/v2\/users\/1645"}],"replies":[{"embeddable":true,"href":"https:\/\/litoral.ufpr.br\/letras\/wp-json\/wp\/v2\/comments?post=3219"}],"version-history":[{"count":7,"href":"https:\/\/litoral.ufpr.br\/letras\/wp-json\/wp\/v2\/pages\/3219\/revisions"}],"predecessor-version":[{"id":3807,"href":"https:\/\/litoral.ufpr.br\/letras\/wp-json\/wp\/v2\/pages\/3219\/revisions\/3807"}],"wp:attachment":[{"href":"https:\/\/litoral.ufpr.br\/letras\/wp-json\/wp\/v2\/media?parent=3219"}],"curies":[{"name":"wp","href":"https:\/\/api.w.org\/{rel}","templated":true}]}}