{"id":3169,"date":"2023-09-18T17:01:04","date_gmt":"2023-09-18T20:01:04","guid":{"rendered":"https:\/\/litoral.ufpr.br\/lincom\/?page_id=3169"},"modified":"2025-09-23T18:16:30","modified_gmt":"2025-09-23T21:16:30","slug":"afc","status":"publish","type":"page","link":"https:\/\/litoral.ufpr.br\/letras\/afc\/","title":{"rendered":"AFCs"},"content":{"rendered":"\n<p>As Atividades Formativas Complementares &#8211; AFC, denominadas como Atividades Complementares pelo<br>Conselho Nacional de Educa\u00e7\u00e3o, s\u00e3o regulamentadas na Universidade Federal do Paran\u00e1 pela<br>Resolu\u00e7\u00e3o n\u00ba 70\/04-CEPE com a denomina\u00e7\u00e3o de Atividades Formativas, sendo definidas como<br>\u201catividades complementares em rela\u00e7\u00e3o ao eixo fundamental do curr\u00edculo, objetivando sua<br>flexibiliza\u00e7\u00e3o&#8221;. Devem contemplar a articula\u00e7\u00e3o entre o ensino, pesquisa e extens\u00e3o, assegurando seu<br>car\u00e1ter interdisciplinar em rela\u00e7\u00e3o \u00e0s diversas \u00e1reas do conhecimento, respeitando, no entanto, o<br>Projeto Pedag\u00f3gico do curso.<br>A carga hor\u00e1ria das atividades formativas da Licenciatura em Letras Portugu\u00eas ser\u00e1 de 220 horas conforme especifica\u00e7\u00f5es do PPC.<\/p>\n\n\n\n<p><\/p>\n\n\n\n<div data-wp-interactive=\"core\/file\" class=\"wp-block-file\"><object data-wp-bind--hidden=\"!state.hasPdfPreview\" hidden class=\"wp-block-file__embed\" data=\"https:\/\/litoral.ufpr.br\/lincom\/wp-content\/uploads\/sites\/18\/2025\/09\/Anexo_2___Regulamento_de_Atividades_Formativas_Complementare-1.pdf\" type=\"application\/pdf\" style=\"width:100%;height:600px\" aria-label=\"Incorporado de Incorporado de Anexo_2___Regulamento_de_Atividades_Formativas_Complementare-1..\"><\/object><a id=\"wp-block-file--media-6be125af-1113-454f-aa70-bce192f2c48a\" href=\"https:\/\/litoral.ufpr.br\/lincom\/wp-content\/uploads\/sites\/18\/2025\/09\/Anexo_2___Regulamento_de_Atividades_Formativas_Complementare-1.pdf\">Anexo_2___Regulamento_de_Atividades_Formativas_Complementare-1<\/a><a href=\"https:\/\/litoral.ufpr.br\/lincom\/wp-content\/uploads\/sites\/18\/2025\/09\/Anexo_2___Regulamento_de_Atividades_Formativas_Complementare-1.pdf\" class=\"wp-block-file__button\" download aria-describedby=\"wp-block-file--media-6be125af-1113-454f-aa70-bce192f2c48a\">Baixar<\/a><\/div>\n","protected":false},"excerpt":{"rendered":"<p>As Atividades Formativas Complementares &#8211; AFC, denominadas como Atividades Complementares peloConselho Nacional de Educa\u00e7\u00e3o, s\u00e3o regulamentadas na Universidade Federal do Paran\u00e1 pelaResolu\u00e7\u00e3o n\u00ba 70\/04-CEPE com a denomina\u00e7\u00e3o de Atividades Formativas, sendo definidas como\u201catividades complementares em rela\u00e7\u00e3o ao eixo fundamental do curr\u00edculo, objetivando suaflexibiliza\u00e7\u00e3o&#8221;. Devem contemplar a articula\u00e7\u00e3o entre o ensino, pesquisa e extens\u00e3o, assegurando seucar\u00e1ter [&hellip;]<\/p>\n","protected":false},"author":1645,"featured_media":0,"parent":0,"menu_order":0,"comment_status":"closed","ping_status":"closed","template":"","meta":{"_acf_changed":false,"footnotes":""},"class_list":["post-3169","page","type-page","status-publish","hentry"],"acf":[],"_links":{"self":[{"href":"https:\/\/litoral.ufpr.br\/letras\/wp-json\/wp\/v2\/pages\/3169","targetHints":{"allow":["GET"]}}],"collection":[{"href":"https:\/\/litoral.ufpr.br\/letras\/wp-json\/wp\/v2\/pages"}],"about":[{"href":"https:\/\/litoral.ufpr.br\/letras\/wp-json\/wp\/v2\/types\/page"}],"author":[{"embeddable":true,"href":"https:\/\/litoral.ufpr.br\/letras\/wp-json\/wp\/v2\/users\/1645"}],"replies":[{"embeddable":true,"href":"https:\/\/litoral.ufpr.br\/letras\/wp-json\/wp\/v2\/comments?post=3169"}],"version-history":[{"count":17,"href":"https:\/\/litoral.ufpr.br\/letras\/wp-json\/wp\/v2\/pages\/3169\/revisions"}],"predecessor-version":[{"id":3943,"href":"https:\/\/litoral.ufpr.br\/letras\/wp-json\/wp\/v2\/pages\/3169\/revisions\/3943"}],"wp:attachment":[{"href":"https:\/\/litoral.ufpr.br\/letras\/wp-json\/wp\/v2\/media?parent=3169"}],"curies":[{"name":"wp","href":"https:\/\/api.w.org\/{rel}","templated":true}]}}