{"id":3060,"date":"2023-08-14T21:23:44","date_gmt":"2023-08-15T00:23:44","guid":{"rendered":"https:\/\/litoral.ufpr.br\/lincom\/?page_id=3060"},"modified":"2023-09-20T19:53:55","modified_gmt":"2023-09-20T22:53:55","slug":"centro-academico","status":"publish","type":"page","link":"https:\/\/litoral.ufpr.br\/letras\/centro-academico\/","title":{"rendered":"Centro Acad\u00eamico"},"content":{"rendered":"\n<p>Um Centro Acad\u00eamico (CA) desempenha um papel muito importante no ambiente universit\u00e1rio. Formado de maneira volunt\u00e1ria e operando legitimamente, o CA funciona como porta-voz dos interesses e necessidades do corpo discente de um curso espec\u00edfico, assegurando que essas quest\u00f5es sejam levadas em considera\u00e7\u00e3o nas decis\u00f5es institucionais.<\/p>\n\n\n\n<p>O CA de Linguagem e Comunica\u00e7\u00e3o (CALINCOM) \u00e9 constitu\u00eddo por representantes fixos, que foram eleitos com a dire\u00e7\u00e3o executiva; e rotativos, que colaboram temporariamente com as atividades propostas. A organiza\u00e7\u00e3o do CALINCOM \u00e9 horizontal e n\u00e3o segue uma estrutura r\u00edgida, fazendo com que as atribui\u00e7\u00f5es sejam distribu\u00eddas de forma igualit\u00e1ria.<\/p>\n\n\n\n<p>\u00c9 importante destacar que o corpo discente do curso pode se organizar independentemente do Centro Acad\u00eamico por meio de uma Assembleia Geral, que \u00e9 o \u00f3rg\u00e3o deliberativo m\u00e1ximo e soberano do movimento estudantil de Linguagem e Comunica\u00e7\u00e3o.<\/p>\n\n\n\n<p><strong>Gest\u00e3o atual: Saussure For Agora (2023-2024)<\/strong><\/p>\n\n\n\n<p>Com a decis\u00e3o de n\u00e3o abrir novas turmas de Linguagem e Comunica\u00e7\u00e3o em 2019 e 2020, o distanciamento entre estudantes remanescentes e ingressantes inviabilizou a transfer\u00eancia do legado do Centro Acad\u00eamico. Neste cen\u00e1rio, observou-se que a participa\u00e7\u00e3o discente no curso, incluindo sua integra\u00e7\u00e3o com a C\u00e2mara e entre colegas, poderia ser melhorada com a reativa\u00e7\u00e3o do CA.<\/p>\n\n\n\n<p>A chapa Saussure For Agora (pronunciada como \u201cs\u00f3 se for agora\u201d) surgiu da necessidade imprescind\u00edvel de abordar as pautas que v\u00eam afetando cumulativamente o corpo discente de Linguagem e Comunica\u00e7\u00e3o, principalmente o combate \u00e0 evas\u00e3o estudantil, t\u00f3pico delicado que foi agravado pela pandemia de COVID-19.<\/p>\n\n\n\n<p>Mais que participar das reuni\u00f5es de C\u00e2mara e organizar confraterniza\u00e7\u00f5es, o coletivo Saussure For Agora sonha em deixar sua marca viva no curso, possibilitando que as futuras turmas de Linguagem e Comunica\u00e7\u00e3o tenham acesso \u00e0 politiza\u00e7\u00e3o e \u00e0 autonomia proposta pelo Projeto Pol\u00edtico Pedag\u00f3gico freireano do Setor Litoral da UFPR.<\/p>\n\n\n\n<p><strong>Data de elei\u00e7\u00e3o:<\/strong> 23\/05\/2023<\/p>\n\n\n\n<p><strong>Data de in\u00edcio da gest\u00e3o: <\/strong>14\/06\/2023<\/p>\n\n\n\n<p><strong>Data de fim da gest\u00e3o: <\/strong>14\/06\/2024<\/p>\n\n\n\n<p><strong>Dire\u00e7\u00e3o executiva<\/strong><\/p>\n\n\n\n<p>Presidente: Felipe de Oliveira Correa<\/p>\n\n\n\n<p>Vice-presidente: Guilla\u00fcme Hatschebach<\/p>\n\n\n\n<p>Secret\u00e1rio: Luiz Eduardo Pinto<\/p>\n\n\n\n<p>Tesoureira: Vit\u00f3ria Regina dos Anjos da Costa<\/p>\n\n\n\n<p><strong>Representantes fixos<\/strong><\/p>\n\n\n\n<p>B\u00e1rbara Gon\u00e7alves de Lima de Oliveira<\/p>\n\n\n\n<p>Daiane Cristina Silva Mesquita<\/p>\n\n\n\n<p>Luiza Paniza Nogueira<\/p>\n\n\n\n<p>Nicholas Alves Mendon\u00e7a Pereira Ghizzi Braga<\/p>\n\n\n\n<p>Pietra Barbosa Catalani<\/p>\n\n\n\n<p>Vit\u00f3ria Aparecida Derossi Rodrigues<\/p>\n\n\n\n<p><strong>Contato<\/strong> <\/p>\n\n\n\n<p>E-mail: calincom.litoral@gmail.com<\/p>\n\n\n\n<p>Instagram: @calincom.litoral<\/p>\n","protected":false},"excerpt":{"rendered":"<p>Um Centro Acad\u00eamico (CA) desempenha um papel muito importante no ambiente universit\u00e1rio. Formado de maneira volunt\u00e1ria e operando legitimamente, o CA funciona como porta-voz dos interesses e necessidades do corpo discente de um curso espec\u00edfico, assegurando que essas quest\u00f5es sejam levadas em considera\u00e7\u00e3o nas decis\u00f5es institucionais. O CA de Linguagem e Comunica\u00e7\u00e3o (CALINCOM) \u00e9 constitu\u00eddo [&hellip;]<\/p>\n","protected":false},"author":1645,"featured_media":0,"parent":0,"menu_order":0,"comment_status":"closed","ping_status":"closed","template":"","meta":{"_acf_changed":false,"footnotes":""},"class_list":["post-3060","page","type-page","status-publish","hentry"],"acf":[],"_links":{"self":[{"href":"https:\/\/litoral.ufpr.br\/letras\/wp-json\/wp\/v2\/pages\/3060","targetHints":{"allow":["GET"]}}],"collection":[{"href":"https:\/\/litoral.ufpr.br\/letras\/wp-json\/wp\/v2\/pages"}],"about":[{"href":"https:\/\/litoral.ufpr.br\/letras\/wp-json\/wp\/v2\/types\/page"}],"author":[{"embeddable":true,"href":"https:\/\/litoral.ufpr.br\/letras\/wp-json\/wp\/v2\/users\/1645"}],"replies":[{"embeddable":true,"href":"https:\/\/litoral.ufpr.br\/letras\/wp-json\/wp\/v2\/comments?post=3060"}],"version-history":[{"count":3,"href":"https:\/\/litoral.ufpr.br\/letras\/wp-json\/wp\/v2\/pages\/3060\/revisions"}],"predecessor-version":[{"id":3214,"href":"https:\/\/litoral.ufpr.br\/letras\/wp-json\/wp\/v2\/pages\/3060\/revisions\/3214"}],"wp:attachment":[{"href":"https:\/\/litoral.ufpr.br\/letras\/wp-json\/wp\/v2\/media?parent=3060"}],"curies":[{"name":"wp","href":"https:\/\/api.w.org\/{rel}","templated":true}]}}