{"id":3045,"date":"2023-08-14T21:02:28","date_gmt":"2023-08-15T00:02:28","guid":{"rendered":"https:\/\/litoral.ufpr.br\/lincom\/?page_id=3045"},"modified":"2026-02-24T12:21:20","modified_gmt":"2026-02-24T15:21:20","slug":"perguntas-frequentes","status":"publish","type":"page","link":"https:\/\/litoral.ufpr.br\/letras\/perguntas-frequentes\/","title":{"rendered":"Perguntas frequentes"},"content":{"rendered":"\n<p><strong>1. Tenho atestado para os dias que faltei. Consigo abonar faltas?<\/strong><\/p>\n\n\n\n<p>N\u00e3o. Segundo a&nbsp;<a href=\"http:\/\/www.soc.ufpr.br\/portal\/wp-content\/uploads\/2016\/07\/Res-37-97-CEPE-atividades-acad%C3%AAmicas-alterada-pela-Res.-10-19-CEPE.pdf\">Resolu\u00e7\u00e3o n\u00ba 37\/97-CEPE<\/a>, art. 80, n\u00e3o h\u00e1 abono de faltas. O atestado s\u00f3 \u00e9 aproveit\u00e1vel para solicita\u00e7\u00e3o de exerc\u00edcios domiciliares e\/ou de segunda chamada para avalia\u00e7\u00f5es.<\/p>\n\n\n\n<p><strong>2. Exerc\u00edcios domiciliares?<\/strong><\/p>\n\n\n\n<p>Segundo a&nbsp;<a href=\"http:\/\/www.soc.ufpr.br\/portal\/wp-content\/uploads\/2016\/07\/Res-37-97-CEPE-atividades-acad%C3%AAmicas-alterada-pela-Res.-10-19-CEPE.pdf\">Resolu\u00e7\u00e3o n\u00ba 37\/97-CEPE,<\/a>&nbsp;ser\u00e1 permitido aos(\u00e0s) alunos(as) amparados(as) pelo Decreto-Lei n\u00ba 1044\/69 e \u00e0s alunas em estado de gravidez, nos termos da Lei n\u00ba 6202\/75, substituir a frequ\u00eancia \u00e0s aulas por exerc\u00edcios domiciliares, sempre que a coordena\u00e7\u00e3o do curso, mediante consulta ao departamento se for o caso, entender como compat\u00edveis com o estado de sa\u00fade do requerente, com a natureza da disciplina e com as possibilidades da Institui\u00e7\u00e3o. Para solicitar, envie a solicita\u00e7\u00e3o para a assessoria por meio do endere\u00e7o eletr\u00f4nico do curso.&nbsp;<\/p>\n\n\n\n<p><strong>3. N\u00e3o estou conseguindo fazer matr\u00edcula. Como proceder?<\/strong><\/p>\n\n\n\n<p>Primeiramente, consulte no\u00a0<a href=\"https:\/\/litoral.ufpr.br\/admpublica\/wp-content\/uploads\/sites\/6\/2024\/12\/Calendario-2025-15-a-18-semanas-RESOLUCAO-No-19-24-CEPE.pdf\">calend\u00e1rio acad\u00eamico<\/a>\u00a0se o per\u00edodo de solicita\u00e7\u00e3o de matr\u00edculas est\u00e1 aberto. Se estiver, verifique no SIGA se suas matr\u00edculas est\u00e3o cumprindo a carga hor\u00e1ria m\u00ednima exigida por semestre, que \u00e9 120h, ou se n\u00e3o h\u00e1 nenhum conflito de hor\u00e1rio. Se o problema n\u00e3o for resolvido, contate a assessoria.\u00a0<\/p>\n\n\n\n<p><strong>4. Quero trocar de ICH. \u00c9 poss\u00edvel?<\/strong><\/p>\n\n\n\n<p>Sim, \u00e9 poss\u00edvel, desde que esteja no per\u00edodo de ajuste de matr\u00edculas previsto em&nbsp;<a href=\"https:\/\/litoral.ufpr.br\/admpublica\/wp-content\/uploads\/sites\/6\/2024\/12\/Calendario-2025-15-a-18-semanas-RESOLUCAO-No-19-24-CEPE.pdf\">calend\u00e1rio acad\u00eamico.<\/a><\/p>\n\n\n\n<p><strong>5. Posso cancelar m\u00f3dulos?<\/strong><\/p>\n\n\n\n<p>Sim, existe um prazo para solicita\u00e7\u00e3o de cancelamento de m\u00f3dulos tamb\u00e9m previsto em&nbsp;<a href=\"https:\/\/litoral.ufpr.br\/admpublica\/wp-content\/uploads\/sites\/6\/2024\/12\/Calendario-2025-15-a-18-semanas-RESOLUCAO-No-19-24-CEPE.pdf\">calend\u00e1rio acad\u00eamico.<\/a><\/p>\n\n\n\n<p><strong>6. Como consigo certificados dos eventos que participei?<\/strong><\/p>\n\n\n\n<p>O certificado de participa\u00e7\u00e3o \u00e9 respons\u00e1vel pela organiza\u00e7\u00e3o de cada evento. Quando for participar de algum, atente-se a quem o organiza.&nbsp;<\/p>\n\n\n\n<p><strong>7. O que s\u00e3o Atividades Formativas Complementares?<\/strong><\/p>\n\n\n\n<p>As Atividades Formativas Complementares (AFCs) s\u00e3o constitu\u00eddas de atividades adicionais em rela\u00e7\u00e3o ao eixo fundamental do curr\u00edculo, objetivando sua flexibiliza\u00e7\u00e3o. Ou seja, s\u00e3o atua\u00e7\u00f5es fora do curso, podendo ser participa\u00e7\u00f5es em eventos, projetos de extens\u00e3o e\/ou de pesquisa, atividades volunt\u00e1rias, entre outros. No total, exige-se 220 horas de AFCs.<\/p>\n\n\n\n<p><strong>8. O que s\u00e3o os documentos comprobat\u00f3rios das horas de Atividades Formativas Complementares e como devo entreg\u00e1-los?<\/strong><\/p>\n\n\n\n<p>Esses documentos s\u00e3o certificados de participa\u00e7\u00e3o nas modalidades previstas no Regulamento do seu PPC. Al\u00e9m disso, os documentos comprobat\u00f3rios devem ser encaminhados todos juntos.<\/p>\n\n\n\n<p><strong>9. Onde encontro meu hist\u00f3rico escolar, declara\u00e7\u00e3o de matr\u00edcula e declara\u00e7\u00e3o de cota?<\/strong><\/p>\n\n\n\n<p>Toda a sua documenta\u00e7\u00e3o deve constar no SIGA, na aba \u201cDocumentos\u201d.<\/p>\n\n\n\n<p><strong>10. Estou com problemas de acesso ao meu e-mail e\/ou aos sistemas da universidade. O que eu devo fazer?<\/strong><\/p>\n\n\n\n<p>Todos os problemas de acesso devem ser resolvidos com a Ag\u00eancia de Tecnologia da Informa\u00e7\u00e3o e Comunica\u00e7\u00e3o (AGTIC), pelo e-mail suporte&nbsp;<a href=\"mailto:suporte@ufpr.br\">suporte@ufpr.br<\/a>. Se seu problema for na UFPR Virtual, entre em contato com&nbsp;<a href=\"mailto:suporte_ufprvirtual@ufpr.br\">suporte_ufprvirtual@ufpr.br<\/a>.<\/p>\n\n\n\n<p><strong>11. O que \u00e9 adiantamento?<\/strong><\/p>\n\n\n\n<p>Segundo a&nbsp;<a href=\"http:\/\/www.soc.ufpr.br\/portal\/wp-content\/uploads\/2016\/07\/Res-37-97-CEPE-atividades-acad%C3%AAmicas-alterada-pela-Res.-10-19-CEPE.pdf\">Resolu\u00e7\u00e3o n\u00ba 37\/97-CEPE,<\/a>entende-se por adiantamento de conhecimento a atribui\u00e7\u00e3o de nota em disciplina da UFPR em que o aluno comprove dom\u00ednio de conhecimento de conte\u00fado atrav\u00e9s da aprova\u00e7\u00e3o em exame, com nota igual ou superior a 50 (cinquenta). Os exames de adiantamento de conhecimento dever\u00e3o ocorrer por solicita\u00e7\u00e3o fundamentada do aluno ao colegiado de curso. A solicita\u00e7\u00e3o dever\u00e1 ser acompanhada de documentos comprobat\u00f3rios ou constituir-se de uma solicita\u00e7\u00e3o circunstanciada que indique o dom\u00ednio de conhecimento de conte\u00fado.<\/p>\n\n\n\n<p><strong>12. O que \u00e9 equival\u00eancia?<\/strong><\/p>\n\n\n\n<p>Segundo a&nbsp;<a href=\"http:\/\/www.soc.ufpr.br\/portal\/wp-content\/uploads\/2016\/07\/Res-37-97-CEPE-atividades-acad%C3%AAmicas-alterada-pela-Res.-10-19-CEPE.pdf\">Resolu\u00e7\u00e3o n\u00ba 37\/97-CEPE,<\/a>&nbsp;entende-se por equival\u00eancia em disciplina junto ao registro ativo do aluno na UFPR, a isen\u00e7\u00e3o da obrigatoriedade de cursar uma disciplina por haver sido aprovado em disciplina com conte\u00fado program\u00e1tico id\u00eantico ou semelhante ou de conte\u00fado relevante para a forma\u00e7\u00e3o profissional, cursada em outro registro, curr\u00edculo, curso ou institui\u00e7\u00e3o. A solicita\u00e7\u00e3o de equival\u00eancia de disciplinas dever\u00e1 ser protocolada uma \u00fanica vez por ocasi\u00e3o do ingresso na UFPR e, quando for o caso, no retorno de interc\u00e2mbio na coordena\u00e7\u00e3o do curso ao qual o aluno pertence.<\/p>\n\n\n\n<p><strong>13. O que \u00e9 aproveitamento?<\/strong><\/p>\n\n\n\n<p>Segundo a&nbsp;<a href=\"http:\/\/www.soc.ufpr.br\/portal\/wp-content\/uploads\/2016\/07\/Res-37-97-CEPE-atividades-acad%C3%AAmicas-alterada-pela-Res.-10-19-CEPE.pdf\">Resolu\u00e7\u00e3o n\u00ba 37\/97-CEPE,<\/a>&nbsp;entende-se por aproveitamento de conhecimento a atribui\u00e7\u00e3o de nota em disciplina da UFPR em que o aluno comprove dom\u00ednio de conhecimento de conte\u00fado atrav\u00e9s da aprova\u00e7\u00e3o em exame, com nota igual ou superior a 50 (cinquenta). Ter\u00e1 direito a exames de aproveitamento de conhecimento o aluno que tenha sido reprovado na disciplina, pelo menos uma vez, somente por nota, mas com frequ\u00eancia igual ou superior a 75%. O aluno poder\u00e1 solicitar no m\u00e1ximo dois exames de aproveitamento de conhecimento por per\u00edodo acad\u00eamico (semestre\/ano) e poder\u00e1 solicitar uma \u00fanica vez exame de aproveitamento de conhecimento em uma mesma disciplina.<\/p>\n\n\n\n<p><strong>14. Como mudar para o nome social?<\/strong><strong><\/strong><\/p>\n\n\n\n<p>Se voc\u00ea deseja incluir seu nome social no cadastro da UFPR, voc\u00ea deve realizar o pedido ao atendimento@ufpr.br por meio do seu e-mail institucional. No assunto do e-mail, coloque \u201cNome Social\u201d. Informe seu GRR, seu nome social e anexe uma c\u00f3pia de um documento oficial com foto. O prazo para altera\u00e7\u00e3o no Sistema Acad\u00eamico \u00e9 de quinze dias.<\/p>\n\n\n\n<p>P\u00e1gina atualizada em:\u00a0<strong>24 de fev. de 2026.<\/strong><\/p>\n\n\n\n<p><\/p>\n","protected":false},"excerpt":{"rendered":"<p>1. Tenho atestado para os dias que faltei. Consigo abonar faltas? N\u00e3o. Segundo a&nbsp;Resolu\u00e7\u00e3o n\u00ba 37\/97-CEPE, art. 80, n\u00e3o h\u00e1 abono de faltas. O atestado s\u00f3 \u00e9 aproveit\u00e1vel para solicita\u00e7\u00e3o de exerc\u00edcios domiciliares e\/ou de segunda chamada para avalia\u00e7\u00f5es. 2. Exerc\u00edcios domiciliares? Segundo a&nbsp;Resolu\u00e7\u00e3o n\u00ba 37\/97-CEPE,&nbsp;ser\u00e1 permitido aos(\u00e0s) alunos(as) amparados(as) pelo Decreto-Lei n\u00ba 1044\/69 e [&hellip;]<\/p>\n","protected":false},"author":1645,"featured_media":0,"parent":0,"menu_order":0,"comment_status":"closed","ping_status":"closed","template":"","meta":{"_acf_changed":false,"footnotes":""},"class_list":["post-3045","page","type-page","status-publish","hentry"],"acf":[],"_links":{"self":[{"href":"https:\/\/litoral.ufpr.br\/letras\/wp-json\/wp\/v2\/pages\/3045","targetHints":{"allow":["GET"]}}],"collection":[{"href":"https:\/\/litoral.ufpr.br\/letras\/wp-json\/wp\/v2\/pages"}],"about":[{"href":"https:\/\/litoral.ufpr.br\/letras\/wp-json\/wp\/v2\/types\/page"}],"author":[{"embeddable":true,"href":"https:\/\/litoral.ufpr.br\/letras\/wp-json\/wp\/v2\/users\/1645"}],"replies":[{"embeddable":true,"href":"https:\/\/litoral.ufpr.br\/letras\/wp-json\/wp\/v2\/comments?post=3045"}],"version-history":[{"count":5,"href":"https:\/\/litoral.ufpr.br\/letras\/wp-json\/wp\/v2\/pages\/3045\/revisions"}],"predecessor-version":[{"id":4208,"href":"https:\/\/litoral.ufpr.br\/letras\/wp-json\/wp\/v2\/pages\/3045\/revisions\/4208"}],"wp:attachment":[{"href":"https:\/\/litoral.ufpr.br\/letras\/wp-json\/wp\/v2\/media?parent=3045"}],"curies":[{"name":"wp","href":"https:\/\/api.w.org\/{rel}","templated":true}]}}