{"id":3041,"date":"2023-08-14T21:02:13","date_gmt":"2023-08-15T00:02:13","guid":{"rendered":"https:\/\/litoral.ufpr.br\/lincom\/?page_id=3041"},"modified":"2025-09-23T18:18:47","modified_gmt":"2025-09-23T21:18:47","slug":"estagio","status":"publish","type":"page","link":"https:\/\/litoral.ufpr.br\/letras\/estagio\/","title":{"rendered":"Est\u00e1gio Curricular"},"content":{"rendered":"\n<p><br>O est\u00e1gio, conceituado como elemento curricular de car\u00e1ter formador e como um ato educativo<br>supervisionado previsto para o Curso de Letras Portugu\u00eas, est\u00e1 regulamentado em conson\u00e2ncia com a<br>defini\u00e7\u00e3o do perfil do profissional egresso, bem como com os objetivos para a sua forma\u00e7\u00e3o.<br><\/p>\n\n\n\n<p>O Projeto Pedag\u00f3gico do Curso de Letras Portugu\u00eas prev\u00ea a realiza\u00e7\u00e3o de est\u00e1gio em duas modalidades:<br>o est\u00e1gio obrigat\u00f3rio e o n\u00e3o obrigat\u00f3rio. O objetivo dessas modalidades de est\u00e1gio \u00e9 de viabilizar ao<br>estudante o aprimoramento t\u00e9cnico-cient\u00edfico na forma\u00e7\u00e3o do profissional, mediante a an\u00e1lise e a<br>solu\u00e7\u00e3o de problemas concretos em condi\u00e7\u00f5es reais de trabalho, por interm\u00e9dio de situa\u00e7\u00f5es<br>relacionadas \u00e0 natureza e \u00e0 especificidade do curso e da aplica\u00e7\u00e3o dos conhecimentos te\u00f3ricos e<br>pr\u00e1ticos adquiridos nos diversos m\u00f3dulos previstos no PPC. <\/p>\n\n\n\n<p>O est\u00e1gio obrigat\u00f3rio ter\u00e1 carga hor\u00e1ria de 400 horas a serem cumpridas no 4\u00b0, 5\u00b0, 6\u00b0 e 7\u00b0 semestre, sendo vedada a pr\u00e1tica concomitante de dois est\u00e1gios no mesmo semestre, posto que cada est\u00e1gio \u00e9 pr\u00e9-requisito para a matr\u00edcula do estudante no est\u00e1gio seguinte.<\/p>\n\n\n\n<div data-wp-interactive=\"core\/file\" class=\"wp-block-file\"><object data-wp-bind--hidden=\"!state.hasPdfPreview\" hidden class=\"wp-block-file__embed\" data=\"https:\/\/litoral.ufpr.br\/lincom\/wp-content\/uploads\/sites\/18\/2025\/09\/Anexo_3___Regulamento_de_Estagio__2_-1.pdf\" type=\"application\/pdf\" style=\"width:100%;height:600px\" aria-label=\"Incorporado de Incorporado de Anexo_3___Regulamento_de_Estagio__2_-1..\"><\/object><a id=\"wp-block-file--media-4a59f36f-e0e2-4cbf-b88c-f35920f568ca\" href=\"https:\/\/litoral.ufpr.br\/lincom\/wp-content\/uploads\/sites\/18\/2025\/09\/Anexo_3___Regulamento_de_Estagio__2_-1.pdf\">Anexo_3___Regulamento_de_Estagio__2_-1<\/a><a href=\"https:\/\/litoral.ufpr.br\/lincom\/wp-content\/uploads\/sites\/18\/2025\/09\/Anexo_3___Regulamento_de_Estagio__2_-1.pdf\" class=\"wp-block-file__button\" download aria-describedby=\"wp-block-file--media-4a59f36f-e0e2-4cbf-b88c-f35920f568ca\">Baixar<\/a><\/div>\n","protected":false},"excerpt":{"rendered":"<p>O est\u00e1gio, conceituado como elemento curricular de car\u00e1ter formador e como um ato educativosupervisionado previsto para o Curso de Letras Portugu\u00eas, est\u00e1 regulamentado em conson\u00e2ncia com adefini\u00e7\u00e3o do perfil do profissional egresso, bem como com os objetivos para a sua forma\u00e7\u00e3o. O Projeto Pedag\u00f3gico do Curso de Letras Portugu\u00eas prev\u00ea a realiza\u00e7\u00e3o de est\u00e1gio em [&hellip;]<\/p>\n","protected":false},"author":1645,"featured_media":0,"parent":0,"menu_order":0,"comment_status":"closed","ping_status":"closed","template":"","meta":{"_acf_changed":false,"footnotes":""},"class_list":["post-3041","page","type-page","status-publish","hentry"],"acf":[],"_links":{"self":[{"href":"https:\/\/litoral.ufpr.br\/letras\/wp-json\/wp\/v2\/pages\/3041","targetHints":{"allow":["GET"]}}],"collection":[{"href":"https:\/\/litoral.ufpr.br\/letras\/wp-json\/wp\/v2\/pages"}],"about":[{"href":"https:\/\/litoral.ufpr.br\/letras\/wp-json\/wp\/v2\/types\/page"}],"author":[{"embeddable":true,"href":"https:\/\/litoral.ufpr.br\/letras\/wp-json\/wp\/v2\/users\/1645"}],"replies":[{"embeddable":true,"href":"https:\/\/litoral.ufpr.br\/letras\/wp-json\/wp\/v2\/comments?post=3041"}],"version-history":[{"count":7,"href":"https:\/\/litoral.ufpr.br\/letras\/wp-json\/wp\/v2\/pages\/3041\/revisions"}],"predecessor-version":[{"id":3945,"href":"https:\/\/litoral.ufpr.br\/letras\/wp-json\/wp\/v2\/pages\/3041\/revisions\/3945"}],"wp:attachment":[{"href":"https:\/\/litoral.ufpr.br\/letras\/wp-json\/wp\/v2\/media?parent=3041"}],"curies":[{"name":"wp","href":"https:\/\/api.w.org\/{rel}","templated":true}]}}