{"id":3031,"date":"2023-08-14T20:58:29","date_gmt":"2023-08-14T23:58:29","guid":{"rendered":"https:\/\/litoral.ufpr.br\/lincom\/?page_id=3031"},"modified":"2025-10-17T15:24:10","modified_gmt":"2025-10-17T18:24:10","slug":"projetos-de-extensao","status":"publish","type":"page","link":"https:\/\/litoral.ufpr.br\/letras\/projetos-de-extensao\/","title":{"rendered":"Projetos de Extens\u00e3o"},"content":{"rendered":"\n<figure class=\"wp-block-table\"><table><tbody><tr><td><strong>T\u00edtulo do Projeto\/ Atividade<\/strong><\/td><td><strong>Local onde ocorre<\/strong><\/td><td><strong>Docente e\/ou Servidor T\u00e9cnico-administrativo<\/strong><\/td><td><strong>P\u00fablico-alvo<\/strong><\/td><\/tr><tr><td>Ch\u00e1 com Libras<\/td><td>Matinhos<\/td><td>Patr\u00edcia Paula Schelp<\/td><td>Professores, alunos e comunidade<\/td><\/tr><tr><td>Minha Escola L\u00ea<\/td><td>Pontal do Paran\u00e1<\/td><td>Elisiani Vit\u00f3ria Tiepolo<\/td><td>Professores, alunos e comunidade de Pontal do Paran\u00e1<\/td><\/tr><tr><td>Minha Universidade L\u00ea<\/td><td>Setor Litoral<\/td><td>Elisiani Vit\u00f3ria Tiepolo<\/td><td>Professores, alunos, funcion\u00e1rios do Setor Litoral<\/td><\/tr><tr><td><a href=\"https:\/\/siga.ufpr.br\/sigasispro\/docente\/proposta.jsp?idProposta=25081&amp;idTipoProposta=17\">Mem\u00f3rias do Reino de Ayr\u00e1<\/a><\/td><td>Terreiro de Candombl\u00e9 Angola Reino de Ayr\u00e1<\/td><td>Ana Josefina Ferrari<\/td><td>Professores, alunos e comunidade<\/td><\/tr><tr><td><a href=\"https:\/\/siga.ufpr.br\/sigasispro\/docente\/proposta.jsp?idProposta=26544&amp;idTipoProposta=18\">Laborat\u00f3rio de Linguagens e Comunica\u00e7\u00e3o<\/a><\/td><td>Setor Litoral<\/td><td>Ana Josefina Ferrari<\/td><td>Professores, alunos e comunidade<\/td><\/tr><tr><td><a href=\"https:\/\/siga.ufpr.br\/sigasispro\/docente\/proposta.jsp?idProposta=43958&amp;idTipoProposta=17\">ECurSo &#8211; Equidade e Conhecimento &#8211; Curso preparat\u00f3rio para os processos de sele\u00e7\u00e3o das institui\u00e7\u00f5es p\u00fablicas de ensino superior.<\/a><\/td><td>Col\u00e9gio Municipal Wallace<\/td><td>Ana Josefina Ferrari<\/td><td>Professores, alunos e comunidade<\/td><\/tr><tr><td>Produ\u00e7\u00e3o de Conte\u00fado em Web Linguagens<\/td><td>Setor Litoral<\/td><td>F\u00e1bio de Carvalho Messa<\/td><td>Professores, alunos e comunidade<\/td><\/tr><tr><td>NEITE: N\u00facleo de Estudos Interdisciplinar de Tecnologias Educacionais<\/td><td>CIPEAD<\/td><td>Geovana Gentili<\/td><td>Professores, alunos e comunidade<\/td><\/tr><tr><td>Espa\u00e7o de forma\u00e7\u00e3o de professores pr\u00e9-servi\u00e7o de idiomas para fins espec\u00edficos em ambiente de internacionaliza\u00e7\u00e3o &#8211; Rede Andifes IsF<\/td><td>Setor Litoral<\/td><td>Cristina Cardoso<\/td><td>Professores, alunos e comunidade<\/td><\/tr><tr><td>Ciclo de Debates em<br>estudos africanos, afro-brasileiros e nas rela\u00e7\u00f5es \u00e9tnico-raciais<br><br><\/td><td>Setor Litoral<\/td><td>Robson Cust\u00f3dio<\/td><td>Comunidade<br>acad\u00eamica; Rede<br>Estadual e<br>Municipal de<br>Educa\u00e7\u00e3o do<br>Litoral do Paran\u00e1<\/td><\/tr><tr><td>Escritas Negras  <br><br><\/td><td>Col\u00e9gio Estadual<br>Mustaf\u00e1 Salom\u00e3o<\/td><td>Ana Josefina<br>Ferrari<\/td><td>Rede Estadual de<br>Educa\u00e7\u00e3o do<br>Litoral do Paran\u00e1;<br>Discentes do curso<br>de Letras<br>Portugu\u00eas<\/td><\/tr><tr><td>Sarau<\/td><td>Setor Litoral<\/td><td>Cristina Cardoso<br>e Robson<br>Cust\u00f3dio<\/td><td>Docentes e<br>discentes de Letras<br>Portugu\u00eas<\/td><\/tr><tr><td>Semana Acad\u00eamica<\/td><td>Setor Litoral<\/td><td>Cristina Cardoso<br>e Robson<br>Cust\u00f3dio<br><\/td><td>Docentes e<br>discentes de Letras<br>Portugu\u00eas<\/td><\/tr><\/tbody><\/table><\/figure>\n\n\n\n<p><\/p>\n","protected":false},"excerpt":{"rendered":"<p>T\u00edtulo do Projeto\/ Atividade Local onde ocorre Docente e\/ou Servidor T\u00e9cnico-administrativo P\u00fablico-alvo Ch\u00e1 com Libras Matinhos Patr\u00edcia Paula Schelp Professores, alunos e comunidade Minha Escola L\u00ea Pontal do Paran\u00e1 Elisiani Vit\u00f3ria Tiepolo Professores, alunos e comunidade de Pontal do Paran\u00e1 Minha Universidade L\u00ea Setor Litoral Elisiani Vit\u00f3ria Tiepolo Professores, alunos, funcion\u00e1rios do Setor Litoral Mem\u00f3rias [&hellip;]<\/p>\n","protected":false},"author":1645,"featured_media":0,"parent":0,"menu_order":0,"comment_status":"closed","ping_status":"closed","template":"","meta":{"_acf_changed":false,"footnotes":""},"class_list":["post-3031","page","type-page","status-publish","hentry"],"acf":[],"_links":{"self":[{"href":"https:\/\/litoral.ufpr.br\/letras\/wp-json\/wp\/v2\/pages\/3031","targetHints":{"allow":["GET"]}}],"collection":[{"href":"https:\/\/litoral.ufpr.br\/letras\/wp-json\/wp\/v2\/pages"}],"about":[{"href":"https:\/\/litoral.ufpr.br\/letras\/wp-json\/wp\/v2\/types\/page"}],"author":[{"embeddable":true,"href":"https:\/\/litoral.ufpr.br\/letras\/wp-json\/wp\/v2\/users\/1645"}],"replies":[{"embeddable":true,"href":"https:\/\/litoral.ufpr.br\/letras\/wp-json\/wp\/v2\/comments?post=3031"}],"version-history":[{"count":6,"href":"https:\/\/litoral.ufpr.br\/letras\/wp-json\/wp\/v2\/pages\/3031\/revisions"}],"predecessor-version":[{"id":4170,"href":"https:\/\/litoral.ufpr.br\/letras\/wp-json\/wp\/v2\/pages\/3031\/revisions\/4170"}],"wp:attachment":[{"href":"https:\/\/litoral.ufpr.br\/letras\/wp-json\/wp\/v2\/media?parent=3031"}],"curies":[{"name":"wp","href":"https:\/\/api.w.org\/{rel}","templated":true}]}}