{"id":3030,"date":"2023-08-14T20:58:29","date_gmt":"2023-08-14T23:58:29","guid":{"rendered":"https:\/\/litoral.ufpr.br\/lincom\/?page_id=3030"},"modified":"2025-10-17T15:28:55","modified_gmt":"2025-10-17T18:28:55","slug":"projetos-de-pesquisa","status":"publish","type":"page","link":"https:\/\/litoral.ufpr.br\/letras\/projetos-de-pesquisa\/","title":{"rendered":"Projetos de Pesquisa"},"content":{"rendered":"\n<figure class=\"wp-block-table\"><table><tbody><tr><td><strong>T\u00edtulo do Projeto\/ Atividade<\/strong><\/td><td><strong>Local onde ocorre<\/strong><\/td><td><strong>Docente e\/ou Servidor T\u00e9cnico- -administrativo<\/strong><\/td><td><strong>P\u00fablico-alvo<\/strong><\/td><\/tr><tr><td><a href=\"https:\/\/siga.ufpr.br\/sigasispro\/docente\/proposta.jsp?idProposta=3707&amp;idTipoProposta=2\">Mulheres das \u00e1guas, Mukuiu, nossas Iab\u00e1s da menha<\/a><\/td><td>Setor Litoral<\/td><td>Ana Josefina Ferrari<\/td><td>Professores, alunos e comunidade<\/td><\/tr><tr><td>Di\u00e1logos culturais &#8211; Experimenta\u00e7\u00e3o em tradu\u00e7\u00e3o liter\u00e1ria<\/td><td>Setor Litoral<\/td><td>Cristina Cardoso<\/td><td>Professores, alunos e comunidade<\/td><\/tr><tr><td>A literatura infantil e juvenil do Sec. XXI e o di\u00e1logo com os contos de fadas<\/td><td>Setor Litoral<\/td><td>Geovana Gentili<\/td><td>Professores, alunos e comunidade<\/td><\/tr><tr><td>Tem\u00e1ticas e discursos sobre o meio ambiente na fic\u00e7\u00e3o e no document\u00e1rio<\/td><td>Setor Litoral<\/td><td>Fabio de Carvalho Messa<\/td><td>Professores, alunos e comunidade<\/td><\/tr><tr><td>Representa\u00e7\u00f5es do<br>espa\u00e7o na literatura<br>africana<br>contempor\u00e2nea:<br>intera\u00e7\u00f5es human\u00edsticas<br>geoliter\u00e1rias. <\/td><td>Setor Litoral<\/td><td>Robson Cust\u00f3dio<\/td><td>Professores,<br>alunos e<br>comunidade<\/td><\/tr><tr><td>Do professor de l\u00edngua<br>portuguesa como<br>agente de letramento(s)<br>\u00e0s pol\u00edticas p\u00fablicas e<br>documentos oficiais: um<br>estudo de caso<\/td><td>Setor Litoral<\/td><td>Roziane Keila<br>Grando<\/td><td>Professores,<br>alunos e<br>comunidade<\/td><\/tr><\/tbody><\/table><\/figure>\n","protected":false},"excerpt":{"rendered":"<p>T\u00edtulo do Projeto\/ Atividade Local onde ocorre Docente e\/ou Servidor T\u00e9cnico- -administrativo P\u00fablico-alvo Mulheres das \u00e1guas, Mukuiu, nossas Iab\u00e1s da menha Setor Litoral Ana Josefina Ferrari Professores, alunos e comunidade Di\u00e1logos culturais &#8211; Experimenta\u00e7\u00e3o em tradu\u00e7\u00e3o liter\u00e1ria Setor Litoral Cristina Cardoso Professores, alunos e comunidade A literatura infantil e juvenil do Sec. XXI e o [&hellip;]<\/p>\n","protected":false},"author":1645,"featured_media":0,"parent":0,"menu_order":0,"comment_status":"closed","ping_status":"closed","template":"","meta":{"_acf_changed":false,"footnotes":""},"class_list":["post-3030","page","type-page","status-publish","hentry"],"acf":[],"_links":{"self":[{"href":"https:\/\/litoral.ufpr.br\/letras\/wp-json\/wp\/v2\/pages\/3030","targetHints":{"allow":["GET"]}}],"collection":[{"href":"https:\/\/litoral.ufpr.br\/letras\/wp-json\/wp\/v2\/pages"}],"about":[{"href":"https:\/\/litoral.ufpr.br\/letras\/wp-json\/wp\/v2\/types\/page"}],"author":[{"embeddable":true,"href":"https:\/\/litoral.ufpr.br\/letras\/wp-json\/wp\/v2\/users\/1645"}],"replies":[{"embeddable":true,"href":"https:\/\/litoral.ufpr.br\/letras\/wp-json\/wp\/v2\/comments?post=3030"}],"version-history":[{"count":6,"href":"https:\/\/litoral.ufpr.br\/letras\/wp-json\/wp\/v2\/pages\/3030\/revisions"}],"predecessor-version":[{"id":4172,"href":"https:\/\/litoral.ufpr.br\/letras\/wp-json\/wp\/v2\/pages\/3030\/revisions\/4172"}],"wp:attachment":[{"href":"https:\/\/litoral.ufpr.br\/letras\/wp-json\/wp\/v2\/media?parent=3030"}],"curies":[{"name":"wp","href":"https:\/\/api.w.org\/{rel}","templated":true}]}}