{"id":1816,"date":"2022-05-17T14:28:34","date_gmt":"2022-05-17T17:28:34","guid":{"rendered":"https:\/\/litoral.ufpr.br\/lincom\/?page_id=1816"},"modified":"2025-11-14T16:09:01","modified_gmt":"2025-11-14T19:09:01","slug":"grade-e-corpo-docente","status":"publish","type":"page","link":"https:\/\/litoral.ufpr.br\/letras\/grade-e-corpo-docente\/","title":{"rendered":"Corpo Docente"},"content":{"rendered":"\n<figure class=\"wp-block-table\"><table><thead><tr><th><strong>DOCENTE<\/strong><\/th><th><strong>TITULA\u00c7\u00c3O<\/strong><\/th><th><strong>CONTATO<\/strong><\/th><th><strong>CURR\u00cdCULO<br>LATTES<\/strong><\/th><\/tr><\/thead><tbody><tr><td><strong>Ana Josefina Ferrari<\/strong><\/td><td>doutora<\/td><td>anajosefina@ufpr.br<\/td><td><a href=\"http:\/\/lattes.cnpq.br\/6453006615547428\" data-type=\"URL\">Acesse<\/a><\/td><\/tr><tr><td><strong>Cristina Cardoso<\/strong><\/td><td>doutora<\/td><td>cristina.cardoso@ufpr.br<\/td><td><a href=\"http:\/\/lattes.cnpq.br\/7116556614171616\">Acesse<\/a><\/td><\/tr><tr><td><strong>Elisiani Vit\u00f3ria Tiepolo<\/strong><\/td><td>doutora<\/td><td>elisiani.tiepolo@ufpr.br<\/td><td><a href=\"http:\/\/lattes.cnpq.br\/7148899466683562\" data-type=\"URL\" data-id=\"http:\/\/lattes.cnpq.br\/7148899466683562\">Acesse<\/a><\/td><\/tr><tr><td><strong>Geovana Gentili dos Santos<\/strong><\/td><td>doutora<\/td><td>geovanagentili@ufpr.br<\/td><td><a href=\"http:\/\/lattes.cnpq.br\/0269042722165774\" data-type=\"URL\" data-id=\"http:\/\/lattes.cnpq.br\/0269042722165774\">Acesse<\/a><\/td><\/tr><tr><td><strong>Mauricio Cesar Vitoria Fagundes<\/strong><\/td><td>doutor<\/td><td>mc.fagundes@ufpr.br<\/td><td><a href=\"http:\/\/lattes.cnpq.br\/3453061683909782\">Acesse<\/a><\/td><\/tr><tr><td><strong>Patricia Paula Schelp<\/strong><\/td><td>doutora<\/td><td>patriciapaula@ufpr.br<\/td><td><a href=\"http:\/\/lattes.cnpq.br\/8637972394942072\">Acesse<\/a><\/td><\/tr><tr><td><strong>Robson Jos\u00e9 Cust\u00f3dio<\/strong><\/td><td>doutor<\/td><td>robsoncustodio@ufpr.br<\/td><td><a href=\"http:\/\/lattes.cnpq.br\/2248945271530745\">Acesse<\/a><\/td><\/tr><tr><td><strong>Roziane Keila Grando<\/strong><\/td><td>doutora<\/td><td>rozianegrando@ufpr.br<\/td><td><a href=\"http:\/\/lattes.cnpq.br\/8778811156995344\">Acesse<\/a><\/td><\/tr><\/tbody><\/table><\/figure>\n\n\n\n<p class=\"has-text-align-center has-pale-cyan-blue-background-color has-background\"><strong>DOCENTES EM COLABORA\u00c7\u00c3O<\/strong><\/p>\n\n\n\n<figure class=\"wp-block-table\"><table><thead><tr><th><strong>DOCENTE<\/strong><\/th><th><strong>TITULA\u00c7\u00c3O<\/strong><\/th><th><strong>CONTATO<\/strong><\/th><th><strong>CURR\u00cdCULO<br>LATTES<\/strong><\/th><\/tr><\/thead><tbody><tr><td><strong>Andrea Knabem<\/strong><\/td><td>doutora<\/td><td>andreak@ufpr.br<\/td><td><a href=\"https:\/\/buscatextual.cnpq.br\/buscatextual\/visualizacv.do\" data-type=\"URL\" data-id=\"https:\/\/buscatextual.cnpq.br\/buscatextual\/visualizacv.do\">Acesse<\/a><\/td><\/tr><tr><td><strong>F\u00e1bio de Carvalho Messa<\/strong><\/td><td>doutor<\/td><td>fabiomessa@ufpr.br<\/td><td><a href=\"http:\/\/lattes.cnpq.br\/5047956171315237\">Acesse<\/a><\/td><\/tr><tr><td><strong>Fl\u00e1via Gilene Ribeiro<\/strong><\/td><td>doutora<\/td><td><\/td><td><a href=\"https:\/\/buscatextual.cnpq.br\/buscatextual\/visualizacv.do?id=K4253440Y1&amp;tokenCaptchar=0cAFcWeA5Ce-Uydulk9ZCBmvfd2aaVBZDJ3VQU5FlXeSM65LVceAl78sTe5F-4I1onv38v5bHEtj0BV0W5_WY56f6J_o9s18UH3ut40psttv01D0Mvwxc-i6aXK417D4aQgVGaa2747DsR778mwCNBekVwd8O9YfEAnGLlvEJO5AIbCMPp6F0dkF4kJEPCm9kSk6i-0DuH33hm1-B73raXgS0DLC4BU_NaFEBfhavtKhn83srAkhb6N9DFcTGY0ZmN_mRR0mwn5oINmbbLR-bed_6sfMaXjGB16a32CJ0lRButAo4h5u4h7_87dJC28gE6AlQfMKvoyM6BbVvg7ejljCHgh4rKP3Iz7i4opXSr0-NjP-ANHomtx1atppkx-q12215DuaSfPkbNTxIPVtjv6BYiyEkcSH4j9F3AA_fS2-wkpGjn7ApjaHlZw-4zQgLaCnALwvYFn5cGROFkaAR9RG5Qk5g1iV54P8xAGjJk-yLEr9BuPQoJAtOJzyF-v-hV5tV2tgyFFc1veUTv9I4166zBVBw_mL0Ucx_OIGmTLVxrIaq2Hk-fHFvbSJNItaI6BBgiEpcFd_NNWCf1bG9_pKhWzLAlw-4xBuqChOiByTKw8xvKcGVXHkrDECTx3F-besG8htHwmonaoU-WJC1Q6ABfU8nkzMTHoClp4BWRnRkoQu8euoVkR6eQuiUD2U6TPfNpd2NVG344alnyX3CrowfOTJbUKGZcTGmuCfLhK-b2Z4ipru7IT1UeenvjE_fXwcsnoSNp3M7DHKGjSp0lQ1jOfWxZOEaV90ecVWCAYgAWYRU4MQQq3849X4cWDeV7a_6_ZOYNQlLE\">Acesse<\/a><\/td><\/tr><tr><td><strong>Nat\u00e1lia Gomes dos Santos<\/strong><\/td><td>doutora<\/td><td>gomesnatalia@ufpr.br<\/td><td><a href=\"http:\/\/lattes.cnpq.br\/0285421632971107\">Acesse<\/a><\/td><\/tr><\/tbody><\/table><\/figure>\n\n\n\n<p class=\"has-text-align-right\" style=\"font-size:12px\"><strong>Atualizado em 17\/10\/2025<\/strong><\/p>\n","protected":false},"excerpt":{"rendered":"<p>DOCENTE TITULA\u00c7\u00c3O CONTATO CURR\u00cdCULOLATTES Ana Josefina Ferrari doutora anajosefina@ufpr.br Acesse Cristina Cardoso doutora cristina.cardoso@ufpr.br Acesse Elisiani Vit\u00f3ria Tiepolo doutora elisiani.tiepolo@ufpr.br Acesse Geovana Gentili dos Santos doutora geovanagentili@ufpr.br Acesse Mauricio Cesar Vitoria Fagundes doutor mc.fagundes@ufpr.br Acesse Patricia Paula Schelp doutora patriciapaula@ufpr.br Acesse Robson Jos\u00e9 Cust\u00f3dio doutor robsoncustodio@ufpr.br Acesse Roziane Keila Grando doutora rozianegrando@ufpr.br Acesse DOCENTES EM [&hellip;]<\/p>\n","protected":false},"author":1589,"featured_media":0,"parent":0,"menu_order":0,"comment_status":"closed","ping_status":"closed","template":"","meta":{"_acf_changed":false,"footnotes":""},"class_list":["post-1816","page","type-page","status-publish","hentry"],"acf":[],"_links":{"self":[{"href":"https:\/\/litoral.ufpr.br\/letras\/wp-json\/wp\/v2\/pages\/1816","targetHints":{"allow":["GET"]}}],"collection":[{"href":"https:\/\/litoral.ufpr.br\/letras\/wp-json\/wp\/v2\/pages"}],"about":[{"href":"https:\/\/litoral.ufpr.br\/letras\/wp-json\/wp\/v2\/types\/page"}],"author":[{"embeddable":true,"href":"https:\/\/litoral.ufpr.br\/letras\/wp-json\/wp\/v2\/users\/1589"}],"replies":[{"embeddable":true,"href":"https:\/\/litoral.ufpr.br\/letras\/wp-json\/wp\/v2\/comments?post=1816"}],"version-history":[{"count":68,"href":"https:\/\/litoral.ufpr.br\/letras\/wp-json\/wp\/v2\/pages\/1816\/revisions"}],"predecessor-version":[{"id":4182,"href":"https:\/\/litoral.ufpr.br\/letras\/wp-json\/wp\/v2\/pages\/1816\/revisions\/4182"}],"wp:attachment":[{"href":"https:\/\/litoral.ufpr.br\/letras\/wp-json\/wp\/v2\/media?parent=1816"}],"curies":[{"name":"wp","href":"https:\/\/api.w.org\/{rel}","templated":true}]}}