{"id":616,"date":"2020-09-23T15:16:20","date_gmt":"2020-09-23T18:16:20","guid":{"rendered":"https:\/\/litoral.ufpr.br\/lecampo\/?page_id=616"},"modified":"2023-09-22T13:18:43","modified_gmt":"2023-09-22T16:18:43","slug":"teses-e-dissertacoes","status":"publish","type":"page","link":"https:\/\/litoral.ufpr.br\/lecampo\/producoes\/teses-e-dissertacoes\/","title":{"rendered":"Teses e Disserta\u00e7\u00f5es"},"content":{"rendered":"<h4><\/h4>\n<p><img loading=\"lazy\" decoding=\"async\" class=\"alignnone  wp-image-678\" src=\"https:\/\/litoral.ufpr.br\/lecampo\/wp-content\/uploads\/sites\/10\/2020\/09\/Girasol.jpg\" alt=\"\" width=\"20\" height=\"20\" srcset=\"https:\/\/litoral.ufpr.br\/lecampo\/wp-content\/uploads\/sites\/10\/2020\/09\/Girasol.jpg 225w, https:\/\/litoral.ufpr.br\/lecampo\/wp-content\/uploads\/sites\/10\/2020\/09\/Girasol-150x150.jpg 150w\" sizes=\"auto, (max-width: 20px) 100vw, 20px\" \/> T\u00edtulo: <strong>O movimento da pol\u00edtica educacional PROCAMPO: uma an\u00e1lise das licenciaturas em educa\u00e7\u00e3o do campo na regi\u00e3o sul do Brasil. <\/strong>(Tese)<\/p>\n<p>Doutorado em Educa\u00e7\u00e3o.<\/p>\n<p>Autor: Ehrick Eduardo Martins Melzer<\/p>\n<p>Orientador: Monica Ribeiro da Silva.<\/p>\n<p>Ano: 2020<\/p>\n<p>Palavras-chave: Educa\u00e7\u00e3o do Campo; Pol\u00edticas Educacionais.<\/p>\n<p><img loading=\"lazy\" decoding=\"async\" class=\"alignnone  wp-image-678\" src=\"https:\/\/litoral.ufpr.br\/lecampo\/wp-content\/uploads\/sites\/10\/2020\/09\/Girasol.jpg\" alt=\"\" width=\"20\" height=\"20\" srcset=\"https:\/\/litoral.ufpr.br\/lecampo\/wp-content\/uploads\/sites\/10\/2020\/09\/Girasol.jpg 225w, https:\/\/litoral.ufpr.br\/lecampo\/wp-content\/uploads\/sites\/10\/2020\/09\/Girasol-150x150.jpg 150w\" sizes=\"auto, (max-width: 20px) 100vw, 20px\" \/> T\u00edtulo:<strong> A diversidade socioterritorial dos sujeitos do campo no curso de Licenciatura em Educa\u00e7\u00e3o do Campo \u2013 Ci\u00eancias da Natureza da Universidade Federal do Paran\u00e1 \u2013 Setor Litoral<\/strong> (Disserta\u00e7\u00e3o)<\/p>\n<p>Autora: Aline Nunes dos Santos<\/p>\n<p>Ano: 2020<\/p>\n<p>Acesse <span style=\"color: #333333\"><a style=\"color: #333333\" href=\"https:\/\/sucupira.capes.gov.br\/sucupira\/public\/consultas\/coleta\/trabalhoConclusao\/viewTrabalhoConclusao.jsf?popup=true&amp;id_trabalho=9247192\"><strong>AQUI<\/strong><\/a><\/span><\/p>\n<p><img loading=\"lazy\" decoding=\"async\" class=\"alignnone  wp-image-678\" src=\"https:\/\/litoral.ufpr.br\/lecampo\/wp-content\/uploads\/sites\/10\/2020\/09\/Girasol.jpg\" alt=\"\" width=\"20\" height=\"20\" srcset=\"https:\/\/litoral.ufpr.br\/lecampo\/wp-content\/uploads\/sites\/10\/2020\/09\/Girasol.jpg 225w, https:\/\/litoral.ufpr.br\/lecampo\/wp-content\/uploads\/sites\/10\/2020\/09\/Girasol-150x150.jpg 150w\" sizes=\"auto, (max-width: 20px) 100vw, 20px\" \/> T\u00edtulo:<strong> Acesso, a\u00e7\u00f5es afirmativas e &#8220;Lei de Cotas&#8221; na educa\u00e7\u00e3o superior : Universidade Federal do Paran\u00e1 \u2013 Litoral<\/strong> (Disserta\u00e7\u00e3o)<\/p>\n<p>Autora: Daniela Caetano Bianchini de Quadros<\/p>\n<p>Ano: 2019<\/p>\n<p>Acesse <span style=\"color: #333333\"><a style=\"color: #333333\" href=\"https:\/\/acervodigital.ufpr.br\/handle\/1884\/61502\"><strong>AQUI<\/strong><\/a><\/span><\/p>\n<p><img loading=\"lazy\" decoding=\"async\" class=\"alignnone  wp-image-678\" src=\"https:\/\/litoral.ufpr.br\/lecampo\/wp-content\/uploads\/sites\/10\/2020\/09\/Girasol.jpg\" alt=\"\" width=\"20\" height=\"20\" srcset=\"https:\/\/litoral.ufpr.br\/lecampo\/wp-content\/uploads\/sites\/10\/2020\/09\/Girasol.jpg 225w, https:\/\/litoral.ufpr.br\/lecampo\/wp-content\/uploads\/sites\/10\/2020\/09\/Girasol-150x150.jpg 150w\" sizes=\"auto, (max-width: 20px) 100vw, 20px\" \/> T\u00edtulo: <strong>A forma\u00e7\u00e3o de educadores(as) do campo como ferramenta para o fortalecimento da r-exist\u00eancia camponesa: Tecendo interpreta\u00e7\u00f5es da realidade com a turma Albert Einstein da Lecampo da UFPR-Setor Litoral<\/strong> (Disserta\u00e7\u00e3o)<\/p>\n<p>Autora: Camila Campos de Lara Jakimiu<\/p>\n<p>Ano: 2018<\/p>\n<p>Acesse <span style=\"color: #333333\"><a style=\"color: #333333\" href=\"https:\/\/sucupira.capes.gov.br\/sucupira\/public\/consultas\/coleta\/trabalhoConclusao\/viewTrabalhoConclusao.jsf?popup=true&amp;id_trabalho=6316482\"><strong>AQUI<\/strong><\/a><\/span><\/p>\n<p><img loading=\"lazy\" decoding=\"async\" class=\"alignnone  wp-image-678\" src=\"https:\/\/litoral.ufpr.br\/lecampo\/wp-content\/uploads\/sites\/10\/2020\/09\/Girasol.jpg\" alt=\"\" width=\"20\" height=\"20\" srcset=\"https:\/\/litoral.ufpr.br\/lecampo\/wp-content\/uploads\/sites\/10\/2020\/09\/Girasol.jpg 225w, https:\/\/litoral.ufpr.br\/lecampo\/wp-content\/uploads\/sites\/10\/2020\/09\/Girasol-150x150.jpg 150w\" sizes=\"auto, (max-width: 20px) 100vw, 20px\" \/> T\u00edtulo: <strong>A \u00e1gua como eixo articulador da aprendizagem dos conte\u00fados de qu\u00edmica, f\u00edsica e biologia no contexto das ci\u00eancias ambientais<\/strong> (Disserta\u00e7\u00e3o)<\/p>\n<p>Autor: Carlos Augusto dos Santos Faias J\u00fanior<\/p>\n<p>Ano: 2018<\/p>\n<p>Acesse <span style=\"color: #333333\"><a style=\"color: #333333\" href=\"https:\/\/acervodigital.ufpr.br\/handle\/1884\/59420\"><strong>AQUI<\/strong><\/a><\/span><\/p>\n<p><img loading=\"lazy\" decoding=\"async\" class=\"alignnone  wp-image-678\" src=\"https:\/\/litoral.ufpr.br\/lecampo\/wp-content\/uploads\/sites\/10\/2020\/09\/Girasol.jpg\" alt=\"\" width=\"20\" height=\"20\" srcset=\"https:\/\/litoral.ufpr.br\/lecampo\/wp-content\/uploads\/sites\/10\/2020\/09\/Girasol.jpg 225w, https:\/\/litoral.ufpr.br\/lecampo\/wp-content\/uploads\/sites\/10\/2020\/09\/Girasol-150x150.jpg 150w\" sizes=\"auto, (max-width: 20px) 100vw, 20px\" \/>\u00a0T\u00edtulo: <strong>Performance, discurso e educa\u00e7\u00e3o: (re)construindo sentidos de escola com professores em forma\u00e7\u00e3o na Licenciatura em Educa\u00e7\u00e3o do Campo \u2013 Ci\u00eancias da Natureza<\/strong> (Tese)<\/p>\n<p>Autora: Michelle Bocchi Goncalves<\/p>\n<p>Ano: 2016<\/p>\n<p>Acesse <span style=\"color: #333333\"><a style=\"color: #333333\" href=\"https:\/\/sucupira.capes.gov.br\/sucupira\/public\/consultas\/coleta\/trabalhoConclusao\/viewTrabalhoConclusao.jsf?popup=true&amp;id_trabalho=4357871\"><strong>AQUI<\/strong><\/a><\/span><\/p>\n","protected":false},"excerpt":{"rendered":"<p>T\u00edtulo: O movimento da pol\u00edtica educacional PROCAMPO: uma an\u00e1lise das licenciaturas em educa\u00e7\u00e3o do campo na regi\u00e3o sul do Brasil. (Tese) Doutorado em Educa\u00e7\u00e3o. Autor: Ehrick Eduardo Martins Melzer Orientador: Monica Ribeiro da Silva. Ano: 2020 Palavras-chave: Educa\u00e7\u00e3o do Campo; Pol\u00edticas Educacionais. T\u00edtulo: A diversidade socioterritorial dos sujeitos do campo no curso de Licenciatura em [&hellip;]<\/p>\n","protected":false},"author":3,"featured_media":0,"parent":612,"menu_order":0,"comment_status":"closed","ping_status":"closed","template":"","meta":{"_acf_changed":false,"footnotes":""},"class_list":["post-616","page","type-page","status-publish","hentry"],"acf":[],"_links":{"self":[{"href":"https:\/\/litoral.ufpr.br\/lecampo\/wp-json\/wp\/v2\/pages\/616","targetHints":{"allow":["GET"]}}],"collection":[{"href":"https:\/\/litoral.ufpr.br\/lecampo\/wp-json\/wp\/v2\/pages"}],"about":[{"href":"https:\/\/litoral.ufpr.br\/lecampo\/wp-json\/wp\/v2\/types\/page"}],"author":[{"embeddable":true,"href":"https:\/\/litoral.ufpr.br\/lecampo\/wp-json\/wp\/v2\/users\/3"}],"replies":[{"embeddable":true,"href":"https:\/\/litoral.ufpr.br\/lecampo\/wp-json\/wp\/v2\/comments?post=616"}],"version-history":[{"count":15,"href":"https:\/\/litoral.ufpr.br\/lecampo\/wp-json\/wp\/v2\/pages\/616\/revisions"}],"predecessor-version":[{"id":1625,"href":"https:\/\/litoral.ufpr.br\/lecampo\/wp-json\/wp\/v2\/pages\/616\/revisions\/1625"}],"up":[{"embeddable":true,"href":"https:\/\/litoral.ufpr.br\/lecampo\/wp-json\/wp\/v2\/pages\/612"}],"wp:attachment":[{"href":"https:\/\/litoral.ufpr.br\/lecampo\/wp-json\/wp\/v2\/media?parent=616"}],"curies":[{"name":"wp","href":"https:\/\/api.w.org\/{rel}","templated":true}]}}