{"id":548,"date":"2020-09-21T10:32:09","date_gmt":"2020-09-21T13:32:09","guid":{"rendered":"https:\/\/litoral.ufpr.br\/lecampo\/?page_id=548"},"modified":"2025-10-15T09:45:24","modified_gmt":"2025-10-15T12:45:24","slug":"fotos","status":"publish","type":"page","link":"https:\/\/litoral.ufpr.br\/lecampo\/curso\/fotos\/","title":{"rendered":"Turmas"},"content":{"rendered":"\n<p>A Lecampo tem a pr\u00e1tica de planejar atividades educativas que visem ao exerc\u00edcio da coletividade. Nesse sentido, \u00e9 proposto aos estudantes que possam autonominar as turmas, promovendo um processo vivenciado durante todo itiner\u00e1rio formativo de constru\u00e7\u00e3o da identidade coletiva da referida turma. Assim, seguem informa\u00e7\u00f5es sobre as turmas do curso.<\/p>\n\n\n\n<h2 class=\"wp-block-heading\"><\/h2>\n\n\n\n<p><strong><img loading=\"lazy\" decoding=\"async\" width=\"20\" height=\"20\" src=\"https:\/\/litoral.ufpr.br\/lecampo\/wp-content\/uploads\/sites\/10\/2020\/09\/Girasol.jpg\" alt=\"\"><\/strong> <strong>2025<\/strong>: ofertada no Vale do Ribeira &#8211; nome: <strong>Turma Yak\u00e3 Je&#8217;a<\/strong><\/p>\n\n\n\n<p><strong><img loading=\"lazy\" decoding=\"async\" width=\"20\" height=\"20\" src=\"https:\/\/litoral.ufpr.br\/lecampo\/wp-content\/uploads\/sites\/10\/2020\/09\/Girasol.jpg\" alt=\"\"><\/strong> <strong>2024<\/strong>: ofertada na Fazenda Canguiri &#8211; nome: <strong>Turma Nhemboaty dos Povos Tradicionais<\/strong><\/p>\n\n\n\n<p><strong><img loading=\"lazy\" decoding=\"async\" width=\"20\" height=\"20\" src=\"https:\/\/litoral.ufpr.br\/lecampo\/wp-content\/uploads\/sites\/10\/2020\/09\/Girasol.jpg\" alt=\"\"><\/strong> <strong>2023<\/strong>: ofertada em Tijucas do Sul &#8211; nome: <strong>Turma Aruat\u00e3<\/strong><\/p>\n\n\n\n<p><strong><img loading=\"lazy\" decoding=\"async\" width=\"20\" height=\"20\" src=\"https:\/\/litoral.ufpr.br\/lecampo\/wp-content\/uploads\/sites\/10\/2020\/09\/Girasol.jpg\" alt=\"\"><\/strong> <strong>2022<\/strong>: ofertada no Setor Litoral &#8211; nome: <strong>Turma Marielle Franco<\/strong> <\/p>\n\n\n\n<p><strong><strong><img loading=\"lazy\" decoding=\"async\" width=\"20\" height=\"20\" src=\"https:\/\/litoral.ufpr.br\/lecampo\/wp-content\/uploads\/sites\/10\/2020\/09\/Girasol.jpg\" alt=\"\"><\/strong><\/strong> <strong>2021<\/strong>: ofertada na Escola Latinoamericana de Agroecologia &#8211; nome: <strong>Turma Vandir de Fran\u00e7a<\/strong> (encerrada)<\/p>\n\n\n\n<p><strong><strong><img loading=\"lazy\" decoding=\"async\" width=\"20\" height=\"20\" src=\"https:\/\/litoral.ufpr.br\/lecampo\/wp-content\/uploads\/sites\/10\/2020\/09\/Girasol.jpg\" alt=\"\"><\/strong><\/strong> <strong>2020<\/strong>: ofertada no Setor Litoral &#8211; nome: <strong>Turma Dandara<\/strong> (encerrada)<\/p>\n\n\n\n<p><strong><strong><img loading=\"lazy\" decoding=\"async\" width=\"20\" height=\"20\" src=\"https:\/\/litoral.ufpr.br\/lecampo\/wp-content\/uploads\/sites\/10\/2020\/09\/Girasol.jpg\" alt=\"\"><\/strong><\/strong> <strong>2019<\/strong>: ofertada no Setor Litoral &#8211; nome: <strong>Turma Chico Mendes<\/strong> (encerrada)<\/p>\n\n\n\n<p><strong><strong><img loading=\"lazy\" decoding=\"async\" width=\"20\" height=\"20\" src=\"https:\/\/litoral.ufpr.br\/lecampo\/wp-content\/uploads\/sites\/10\/2020\/09\/Girasol.jpg\" alt=\"\"><\/strong><\/strong> <strong>2018<\/strong>: ofertada no Setor Litoral &#8211; nome: <strong>Turma Sep\u00e9 Tiaruju<\/strong> (encerrada)<\/p>\n\n\n\n<p><strong><strong><img loading=\"lazy\" decoding=\"async\" width=\"20\" height=\"20\" src=\"https:\/\/litoral.ufpr.br\/lecampo\/wp-content\/uploads\/sites\/10\/2020\/09\/Girasol.jpg\" alt=\"\"><\/strong><\/strong> <strong>2017<\/strong>: ofertada no Setor Litoral &#8211; nome: <strong>Turma Sementes Nativas<\/strong> (encerrada)<\/p>\n\n\n\n<p><strong><strong><img loading=\"lazy\" decoding=\"async\" width=\"20\" height=\"20\" src=\"https:\/\/litoral.ufpr.br\/lecampo\/wp-content\/uploads\/sites\/10\/2020\/09\/Girasol.jpg\" alt=\"\"><\/strong><\/strong> <strong>2016<\/strong>: ofertada em Cerro Azul &#8211; nome: <strong>Turma Flor do Vale<\/strong> (encerrada)<\/p>\n\n\n\n<p><strong><strong><img loading=\"lazy\" decoding=\"async\" width=\"20\" height=\"20\" src=\"https:\/\/litoral.ufpr.br\/lecampo\/wp-content\/uploads\/sites\/10\/2020\/09\/Girasol.jpg\" alt=\"\"><\/strong><\/strong> <strong>2015:<\/strong> ofertada no Setor Litoral &#8211; nome: <strong>Turma Guar\u00e1<\/strong> (encerrada)<\/p>\n\n\n\n<p><strong><strong><img loading=\"lazy\" decoding=\"async\" width=\"20\" height=\"20\" src=\"https:\/\/litoral.ufpr.br\/lecampo\/wp-content\/uploads\/sites\/10\/2020\/09\/Girasol.jpg\" alt=\"\"><\/strong><\/strong> <strong>2015:<\/strong> ofertada na Escola Latinoamericana de Agroecologia &#8211; nome: <strong>Turma Albert Eistein<\/strong> (encerrada)<\/p>\n\n\n\n<p><strong><strong><img loading=\"lazy\" decoding=\"async\" width=\"20\" height=\"20\" src=\"https:\/\/litoral.ufpr.br\/lecampo\/wp-content\/uploads\/sites\/10\/2020\/09\/Girasol.jpg\" alt=\"\"><\/strong><\/strong> <strong>2015:<\/strong> ofertada em Adrian\u00f3polis &#8211; nome: <strong>Turma Paulo Freire<\/strong> (encerrada)<\/p>\n\n\n\n<figure class=\"wp-block-image size-large\"><img loading=\"lazy\" decoding=\"async\" width=\"768\" height=\"1024\" src=\"https:\/\/litoral.ufpr.br\/lecampo\/wp-content\/uploads\/sites\/10\/2020\/11\/1-ENC-DAS-TURMAS-768x1024.jpg\" alt=\"\" class=\"wp-image-714\" srcset=\"https:\/\/litoral.ufpr.br\/lecampo\/wp-content\/uploads\/sites\/10\/2020\/11\/1-ENC-DAS-TURMAS-768x1024.jpg 768w, https:\/\/litoral.ufpr.br\/lecampo\/wp-content\/uploads\/sites\/10\/2020\/11\/1-ENC-DAS-TURMAS-225x300.jpg 225w, https:\/\/litoral.ufpr.br\/lecampo\/wp-content\/uploads\/sites\/10\/2020\/11\/1-ENC-DAS-TURMAS-1152x1536.jpg 1152w, https:\/\/litoral.ufpr.br\/lecampo\/wp-content\/uploads\/sites\/10\/2020\/11\/1-ENC-DAS-TURMAS-1536x2048.jpg 1536w, https:\/\/litoral.ufpr.br\/lecampo\/wp-content\/uploads\/sites\/10\/2020\/11\/1-ENC-DAS-TURMAS-scaled.jpg 1920w\" sizes=\"auto, (max-width: 768px) 100vw, 768px\" \/><\/figure>\n\n\n\n<figure class=\"wp-block-image size-large\"><img loading=\"lazy\" decoding=\"async\" width=\"768\" height=\"1024\" src=\"https:\/\/litoral.ufpr.br\/lecampo\/wp-content\/uploads\/sites\/10\/2020\/11\/2-ALBERT-768x1024.jpg\" alt=\"\" class=\"wp-image-715\" srcset=\"https:\/\/litoral.ufpr.br\/lecampo\/wp-content\/uploads\/sites\/10\/2020\/11\/2-ALBERT-768x1024.jpg 768w, https:\/\/litoral.ufpr.br\/lecampo\/wp-content\/uploads\/sites\/10\/2020\/11\/2-ALBERT-225x300.jpg 225w, https:\/\/litoral.ufpr.br\/lecampo\/wp-content\/uploads\/sites\/10\/2020\/11\/2-ALBERT-1152x1536.jpg 1152w, https:\/\/litoral.ufpr.br\/lecampo\/wp-content\/uploads\/sites\/10\/2020\/11\/2-ALBERT-1536x2048.jpg 1536w, https:\/\/litoral.ufpr.br\/lecampo\/wp-content\/uploads\/sites\/10\/2020\/11\/2-ALBERT-scaled.jpg 1920w\" sizes=\"auto, (max-width: 768px) 100vw, 768px\" \/><\/figure>\n\n\n\n<figure class=\"wp-block-image size-large\"><img loading=\"lazy\" decoding=\"async\" width=\"768\" height=\"1024\" src=\"https:\/\/litoral.ufpr.br\/lecampo\/wp-content\/uploads\/sites\/10\/2020\/11\/3-FLOR-DO-VALE-768x1024.jpg\" alt=\"\" class=\"wp-image-716\" srcset=\"https:\/\/litoral.ufpr.br\/lecampo\/wp-content\/uploads\/sites\/10\/2020\/11\/3-FLOR-DO-VALE-768x1024.jpg 768w, https:\/\/litoral.ufpr.br\/lecampo\/wp-content\/uploads\/sites\/10\/2020\/11\/3-FLOR-DO-VALE-225x300.jpg 225w, https:\/\/litoral.ufpr.br\/lecampo\/wp-content\/uploads\/sites\/10\/2020\/11\/3-FLOR-DO-VALE-1152x1536.jpg 1152w, https:\/\/litoral.ufpr.br\/lecampo\/wp-content\/uploads\/sites\/10\/2020\/11\/3-FLOR-DO-VALE-1536x2048.jpg 1536w, https:\/\/litoral.ufpr.br\/lecampo\/wp-content\/uploads\/sites\/10\/2020\/11\/3-FLOR-DO-VALE-scaled.jpg 1920w\" sizes=\"auto, (max-width: 768px) 100vw, 768px\" \/><\/figure>\n\n\n\n<figure class=\"wp-block-image size-large\"><img loading=\"lazy\" decoding=\"async\" width=\"768\" height=\"1024\" src=\"https:\/\/litoral.ufpr.br\/lecampo\/wp-content\/uploads\/sites\/10\/2020\/11\/4-GUAR\u00c1-768x1024.jpg\" alt=\"\" class=\"wp-image-717\" srcset=\"https:\/\/litoral.ufpr.br\/lecampo\/wp-content\/uploads\/sites\/10\/2020\/11\/4-GUAR\u00c1-768x1024.jpg 768w, https:\/\/litoral.ufpr.br\/lecampo\/wp-content\/uploads\/sites\/10\/2020\/11\/4-GUAR\u00c1-225x300.jpg 225w, https:\/\/litoral.ufpr.br\/lecampo\/wp-content\/uploads\/sites\/10\/2020\/11\/4-GUAR\u00c1-1152x1536.jpg 1152w, https:\/\/litoral.ufpr.br\/lecampo\/wp-content\/uploads\/sites\/10\/2020\/11\/4-GUAR\u00c1-1536x2048.jpg 1536w, https:\/\/litoral.ufpr.br\/lecampo\/wp-content\/uploads\/sites\/10\/2020\/11\/4-GUAR\u00c1-scaled.jpg 1920w\" sizes=\"auto, (max-width: 768px) 100vw, 768px\" \/><\/figure>\n\n\n\n<figure class=\"wp-block-image size-large\"><img loading=\"lazy\" decoding=\"async\" width=\"768\" height=\"1024\" src=\"https:\/\/litoral.ufpr.br\/lecampo\/wp-content\/uploads\/sites\/10\/2020\/11\/5-PAULO-FREIRE-768x1024.jpg\" alt=\"\" class=\"wp-image-718\" srcset=\"https:\/\/litoral.ufpr.br\/lecampo\/wp-content\/uploads\/sites\/10\/2020\/11\/5-PAULO-FREIRE-768x1024.jpg 768w, https:\/\/litoral.ufpr.br\/lecampo\/wp-content\/uploads\/sites\/10\/2020\/11\/5-PAULO-FREIRE-225x300.jpg 225w, https:\/\/litoral.ufpr.br\/lecampo\/wp-content\/uploads\/sites\/10\/2020\/11\/5-PAULO-FREIRE-1152x1536.jpg 1152w, https:\/\/litoral.ufpr.br\/lecampo\/wp-content\/uploads\/sites\/10\/2020\/11\/5-PAULO-FREIRE-1536x2048.jpg 1536w, https:\/\/litoral.ufpr.br\/lecampo\/wp-content\/uploads\/sites\/10\/2020\/11\/5-PAULO-FREIRE-scaled.jpg 1920w\" sizes=\"auto, (max-width: 768px) 100vw, 768px\" \/><\/figure>\n\n\n\n<figure class=\"wp-block-image size-large\"><img loading=\"lazy\" decoding=\"async\" width=\"768\" height=\"1024\" src=\"https:\/\/litoral.ufpr.br\/lecampo\/wp-content\/uploads\/sites\/10\/2020\/11\/6-SEMENTES-768x1024.jpg\" alt=\"\" class=\"wp-image-719\" srcset=\"https:\/\/litoral.ufpr.br\/lecampo\/wp-content\/uploads\/sites\/10\/2020\/11\/6-SEMENTES-768x1024.jpg 768w, https:\/\/litoral.ufpr.br\/lecampo\/wp-content\/uploads\/sites\/10\/2020\/11\/6-SEMENTES-225x300.jpg 225w, https:\/\/litoral.ufpr.br\/lecampo\/wp-content\/uploads\/sites\/10\/2020\/11\/6-SEMENTES-1152x1536.jpg 1152w, https:\/\/litoral.ufpr.br\/lecampo\/wp-content\/uploads\/sites\/10\/2020\/11\/6-SEMENTES-1536x2048.jpg 1536w, https:\/\/litoral.ufpr.br\/lecampo\/wp-content\/uploads\/sites\/10\/2020\/11\/6-SEMENTES-scaled.jpg 1920w\" sizes=\"auto, (max-width: 768px) 100vw, 768px\" \/><\/figure>\n\n\n\n<figure class=\"wp-block-image size-large\"><img loading=\"lazy\" decoding=\"async\" width=\"768\" height=\"1024\" src=\"https:\/\/litoral.ufpr.br\/lecampo\/wp-content\/uploads\/sites\/10\/2020\/11\/7-A-LUTA-CONTINUA-768x1024.jpg\" alt=\"\" class=\"wp-image-720\" srcset=\"https:\/\/litoral.ufpr.br\/lecampo\/wp-content\/uploads\/sites\/10\/2020\/11\/7-A-LUTA-CONTINUA-768x1024.jpg 768w, https:\/\/litoral.ufpr.br\/lecampo\/wp-content\/uploads\/sites\/10\/2020\/11\/7-A-LUTA-CONTINUA-225x300.jpg 225w, https:\/\/litoral.ufpr.br\/lecampo\/wp-content\/uploads\/sites\/10\/2020\/11\/7-A-LUTA-CONTINUA-1152x1536.jpg 1152w, https:\/\/litoral.ufpr.br\/lecampo\/wp-content\/uploads\/sites\/10\/2020\/11\/7-A-LUTA-CONTINUA-1536x2048.jpg 1536w, https:\/\/litoral.ufpr.br\/lecampo\/wp-content\/uploads\/sites\/10\/2020\/11\/7-A-LUTA-CONTINUA-scaled.jpg 1920w\" sizes=\"auto, (max-width: 768px) 100vw, 768px\" \/><figcaption>A luta continua!<br><\/figcaption><\/figure>\n","protected":false},"excerpt":{"rendered":"<p>A Lecampo tem a pr\u00e1tica de planejar atividades educativas que visem ao exerc\u00edcio da coletividade. Nesse sentido, \u00e9 proposto aos estudantes que possam autonominar as turmas, promovendo um processo vivenciado durante todo itiner\u00e1rio formativo de constru\u00e7\u00e3o da identidade coletiva da referida turma. Assim, seguem informa\u00e7\u00f5es sobre as turmas do curso. 2025: ofertada no Vale do [&hellip;]<\/p>\n","protected":false},"author":3,"featured_media":0,"parent":160,"menu_order":0,"comment_status":"closed","ping_status":"closed","template":"","meta":{"_acf_changed":false,"footnotes":""},"class_list":["post-548","page","type-page","status-publish","hentry"],"acf":[],"_links":{"self":[{"href":"https:\/\/litoral.ufpr.br\/lecampo\/wp-json\/wp\/v2\/pages\/548","targetHints":{"allow":["GET"]}}],"collection":[{"href":"https:\/\/litoral.ufpr.br\/lecampo\/wp-json\/wp\/v2\/pages"}],"about":[{"href":"https:\/\/litoral.ufpr.br\/lecampo\/wp-json\/wp\/v2\/types\/page"}],"author":[{"embeddable":true,"href":"https:\/\/litoral.ufpr.br\/lecampo\/wp-json\/wp\/v2\/users\/3"}],"replies":[{"embeddable":true,"href":"https:\/\/litoral.ufpr.br\/lecampo\/wp-json\/wp\/v2\/comments?post=548"}],"version-history":[{"count":9,"href":"https:\/\/litoral.ufpr.br\/lecampo\/wp-json\/wp\/v2\/pages\/548\/revisions"}],"predecessor-version":[{"id":2357,"href":"https:\/\/litoral.ufpr.br\/lecampo\/wp-json\/wp\/v2\/pages\/548\/revisions\/2357"}],"up":[{"embeddable":true,"href":"https:\/\/litoral.ufpr.br\/lecampo\/wp-json\/wp\/v2\/pages\/160"}],"wp:attachment":[{"href":"https:\/\/litoral.ufpr.br\/lecampo\/wp-json\/wp\/v2\/media?parent=548"}],"curies":[{"name":"wp","href":"https:\/\/api.w.org\/{rel}","templated":true}]}}