{"id":409,"date":"2020-08-17T09:05:26","date_gmt":"2020-08-17T12:05:26","guid":{"rendered":"https:\/\/litoral.ufpr.br\/lecampo\/?page_id=409"},"modified":"2025-04-29T13:13:03","modified_gmt":"2025-04-29T16:13:03","slug":"oportunidades-de-bolsas","status":"publish","type":"page","link":"https:\/\/litoral.ufpr.br\/lecampo\/editais\/oportunidades-de-bolsas\/","title":{"rendered":"Oportunidades de Bolsas"},"content":{"rendered":"\n<p>________________________________________________________________________________________________________________<\/p>\n\n\n\n<p class=\"has-text-align-center\"><strong>ANO LETIVO 2025<\/strong><\/p>\n\n\n\n<p>________________________________________________________________________________________________________________<\/p>\n\n\n\n<p><img loading=\"lazy\" decoding=\"async\" width=\"20\" height=\"20\" src=\"https:\/\/litoral.ufpr.br\/lecampo\/wp-content\/uploads\/sites\/10\/2020\/09\/Girasol.jpg\" alt=\"\"> <strong>Sele\u00e7\u00e3o de bolsista e volunt\u00e1rio para o Projeto de Extens\u00e3o: Meio ambiente, alimento e educa\u00e7\u00e3o: interfaces para a sustentabilidade<\/strong><\/p>\n\n\n\n<p><strong>Edital:<\/strong><a href=\"https:\/\/litoral.ufpr.br\/lecampo\/wp-content\/uploads\/sites\/10\/2025\/04\/Inscricoes-2025-e-entrevistas.docx.pdf\"> Acesse aqui<\/a><\/p>\n\n\n\n<p>I<strong>nscri\u00e7\u00f5es homologadas e convoca\u00e7\u00e3o para entrevista: <\/strong><a rel=\"noreferrer noopener\" href=\"https:\/\/litoral.ufpr.br\/lecampo\/wp-content\/uploads\/sites\/10\/2025\/04\/Inscricoes-2025-e-entrevistas.docx.pdf\" target=\"_blank\">Acesse aqui<\/a><br><strong>Resultado: <\/strong><a href=\"https:\/\/litoral.ufpr.br\/lecampo\/wp-content\/uploads\/sites\/10\/2025\/04\/Resultado_final_2025_assinado_assinado.pdf\" target=\"_blank\" rel=\"noreferrer noopener\">Acesse aqui<\/a><\/p>\n\n\n\n<p>________________________________________________________________________________________________________________<\/p>\n\n\n\n<p><img loading=\"lazy\" decoding=\"async\" width=\"20\" height=\"20\" src=\"https:\/\/litoral.ufpr.br\/lecampo\/wp-content\/uploads\/sites\/10\/2020\/09\/Girasol.jpg\" alt=\"\"> <strong>Sele\u00e7\u00e3o de bolsista e volunt\u00e1rio para o Projeto Licenciar<\/strong>: <strong>Materiais did\u00e1ticos sobre Hist\u00f3ria da Natureza &#8211; da ci\u00eancia para a educa\u00e7\u00e3o b\u00e1sica.<\/strong><\/p>\n\n\n\n<p><strong>Edital:<\/strong><a href=\"https:\/\/litoral.ufpr.br\/lecampo\/wp-content\/uploads\/sites\/10\/2025\/04\/Edital_Licenciar_2025_selecao_bolsistas_assinado.pdf\"> Acesse aqui<\/a><\/p>\n\n\n\n<p>________________________________________________________________________________________________________________<\/p>\n\n\n\n<p><img loading=\"lazy\" decoding=\"async\" width=\"20\" height=\"20\" src=\"https:\/\/litoral.ufpr.br\/lecampo\/wp-content\/uploads\/sites\/10\/2020\/09\/Girasol.jpg\" alt=\"\"> <strong>Sele\u00e7\u00e3o de bolsista e volunt\u00e1rio para o Projeto de Extens\u00e3o &#8220;Educa\u00e7\u00e3o Cidad\u00e3 na Forma\u00e7\u00e3o de Professores\u201d<\/strong><\/p>\n\n\n\n<p><strong>Edital:<\/strong><a href=\"https:\/\/litoral.ufpr.br\/lecampo\/wp-content\/uploads\/sites\/10\/2025\/04\/Edital_bolsista_de_extensao_2025_-_Projeto_Ed_Claudemira-Lopes.pdf\" target=\"_blank\" rel=\"noreferrer noopener\"> Acesse aqui<\/a><\/p>\n\n\n\n<p>________________________________________________________________________________________________________________<\/p>\n\n\n\n<p><img loading=\"lazy\" decoding=\"async\" width=\"20\" height=\"20\" src=\"https:\/\/litoral.ufpr.br\/lecampo\/wp-content\/uploads\/sites\/10\/2020\/09\/Girasol.jpg\" alt=\"\"> <strong>Sele\u00e7\u00e3o de bolsista e volunt\u00e1rio para o Projeto de Extens\u00e3o &#8220;A Gen\u00e9tica Tem Cor?&#8221;<\/strong><\/p>\n\n\n\n<p><strong>Edital: <\/strong><a href=\"https:\/\/litoral.ufpr.br\/lecampo\/wp-content\/uploads\/sites\/10\/2025\/04\/Edital_bolsista_de_extensao_2025_-_INSCRICOES_Claudemira-Lopes.pdf\" target=\"_blank\" rel=\"noreferrer noopener\">Acesse aqui<\/a><\/p>\n\n\n\n<p>_______________________________________________________________________________________________________________<\/p>\n\n\n\n<p><img loading=\"lazy\" decoding=\"async\" width=\"20\" height=\"20\" src=\"https:\/\/litoral.ufpr.br\/lecampo\/wp-content\/uploads\/sites\/10\/2020\/09\/Girasol.jpg\" alt=\"\"> <strong>Sele\u00e7\u00e3o de bolsista e volunt\u00e1rio para o Projeto de Extens\u00e3o &#8220;Meio ambiente, alimento e educa\u00e7\u00e3o: interfaces para a sustentabilidade\u201d<\/strong><\/p>\n\n\n\n<p><strong>Edital:<\/strong> <a href=\"https:\/\/litoral.ufpr.br\/lecampo\/wp-content\/uploads\/sites\/10\/2025\/04\/UTF-8Edital_MAAE_extensao_2025.docx_assinado_assinado-1-1.pdf\" target=\"_blank\" rel=\"noreferrer noopener\">Acesse aqui<\/a><\/p>\n\n\n\n<p>________________________________________________________________________________________________________________<\/p>\n\n\n\n<p><img loading=\"lazy\" decoding=\"async\" width=\"20\" height=\"20\" src=\"https:\/\/litoral.ufpr.br\/lecampo\/wp-content\/uploads\/sites\/10\/2020\/09\/Girasol.jpg\" alt=\"\"> <strong>Tutoria<\/strong> <strong>para discente do Curso de Licenciatura em Educa\u00e7\u00e3o F\u00edsica<\/strong><\/p>\n\n\n\n<p> <strong>Edital:<\/strong> <a rel=\"noreferrer noopener\" href=\"https:\/\/litoral.ufpr.br\/lecampo\/wp-content\/uploads\/sites\/10\/2025\/04\/SEI_7586512_CAS__Edital_para_Bolsas_Tutoria_1-1.pdf\" target=\"_blank\">Acesse aqui<\/a><\/p>\n\n\n\n<p>_______________________________________________________________________________________________________________<\/p>\n\n\n\n<p><img loading=\"lazy\" decoding=\"async\" width=\"20\" height=\"20\" src=\"https:\/\/litoral.ufpr.br\/lecampo\/wp-content\/uploads\/sites\/10\/2020\/09\/Girasol.jpg\" alt=\"\"> <strong>Edital de sele\u00e7\u00e3o de bolsistas para a Biblioteca UFPR Litoral<\/strong><\/p>\n\n\n\n<p><strong>Edital<\/strong>: <a rel=\"noreferrer noopener\" href=\"https:\/\/bibliotecas.ufpr.br\/wp-content\/uploads\/2025\/01\/Edital-oficial-BibLit-2025-1.pdf\" target=\"_blank\"><strong>Acesse aqui<\/strong><\/a><\/p>\n\n\n\n<p>________________________________________________________________________________________________________________<\/p>\n\n\n\n<p class=\"has-text-align-center\"><strong>ANO LETIVO 2024<\/strong><\/p>\n\n\n\n<p>________________________________________________________________________________________________________________<\/p>\n\n\n\n<p class=\"has-black-color has-text-color\"><img loading=\"lazy\" decoding=\"async\" width=\"20\" height=\"20\" src=\"https:\/\/litoral.ufpr.br\/lecampo\/wp-content\/uploads\/sites\/10\/2020\/09\/Girasol.jpg\" alt=\"\"> Edital de sele\u00e7\u00e3o de Monitor para o M\u00f3dulo SLEC007 &#8211; As Ci\u00eancias da Natureza e a Pr\u00e1tica de Ensino I.<br><strong>Edital &#8211; <\/strong><mark style=\"background-color:#ffffff\" class=\"has-inline-color has-vivid-red-color\"><strong>RETIFICADO: <a rel=\"noreferrer noopener\" href=\"https:\/\/litoral.ufpr.br\/lecampo\/wp-content\/uploads\/sites\/10\/2024\/03\/Edital-monitoria-2024_1prorrogacao-prazo-1.pdf\" data-type=\"URL\" data-id=\"https:\/\/litoral.ufpr.br\/lecampo\/wp-content\/uploads\/sites\/10\/2024\/03\/Edital-monitoria-2024_1prorrogacao-prazo-1.pdf\" target=\"_blank\">Acesse aqui<\/a><\/strong><br><\/mark><strong><mark style=\"background-color:#ffffff\" class=\"has-inline-color has-black-color\">Resultado<\/mark><\/strong><mark style=\"background-color:#ffffff\" class=\"has-inline-color has-vivid-red-color\"><strong>: <a rel=\"noreferrer noopener\" href=\"https:\/\/litoral.ufpr.br\/lecampo\/wp-content\/uploads\/sites\/10\/2024\/03\/Resultado-monitoria.docx.pdf\" data-type=\"URL\" data-id=\"https:\/\/litoral.ufpr.br\/lecampo\/wp-content\/uploads\/sites\/10\/2024\/03\/Resultado-monitoria.docx.pdf\" target=\"_blank\">Acesse aqui<\/a><\/strong><\/mark><\/p>\n\n\n\n<p>________________________________________________________________________________________________________________<\/p>\n\n\n\n<p class=\"has-text-align-center\"><strong>ANO LETIVO 2023<\/strong><\/p>\n\n\n\n<p>________________________________________________________________________________________________________________<\/p>\n\n\n\n<p><mark style=\"background-color:#ffffff\" class=\"has-inline-color\"><img loading=\"lazy\" decoding=\"async\" width=\"20\" height=\"20\" src=\"https:\/\/litoral.ufpr.br\/lecampo\/wp-content\/uploads\/sites\/10\/2020\/09\/Girasol.jpg\" alt=\"\"> <strong>Projeto de Extens\u00e3o &#8220;Programa Interinstitucional Ci\u00eancia Cidad\u00e3 na Escola \u2013 PICCE&#8221;.<\/strong><br><strong>Edital: <a href=\"https:\/\/litoral.ufpr.br\/lecampo\/wp-content\/uploads\/sites\/10\/2023\/08\/Edital-093-PICCE_timbrado_UFPR-Claudemira-PIBEX.pdf\">Acesse aqui<\/a><\/strong><br><strong>Resultado &#8211; ENCERRADO.<\/strong><\/mark><\/p>\n\n\n\n<p>________________________________________________________________________________________________________________<\/p>\n\n\n\n<p><img loading=\"lazy\" decoding=\"async\" width=\"20\" height=\"20\" src=\"https:\/\/litoral.ufpr.br\/lecampo\/wp-content\/uploads\/sites\/10\/2020\/09\/Girasol.jpg\" alt=\"\"> <strong><mark style=\"background-color:#ffffff\" class=\"has-inline-color has-black-color\"><mark style=\"background-color:#ffffff\" class=\"has-inline-color has-black-color\">Projeto de Extens\u00e3o &#8220;EDUCA\u00c7\u00c3O CIDAD\u00c3 NA FORMA\u00c7\u00c3O DE PROFESSORES&#8221;<\/mark><\/mark>.<br><mark style=\"background-color:#ffffff\" class=\"has-inline-color\">Edital: <a rel=\"noreferrer noopener\" href=\"https:\/\/litoral.ufpr.br\/lecampo\/wp-content\/uploads\/sites\/10\/2023\/08\/Edital-093-PICCE_timbrado_UFPR-Claudemira-PIBEX.pdf\" target=\"_blank\">Acesse aqui<\/a><br>Resultado &#8211; ENCERRADO.<\/mark><\/strong><\/p>\n\n\n\n<p>________________________________________________________________________________________________________________<\/p>\n\n\n\n<p><img loading=\"lazy\" decoding=\"async\" width=\"20\" height=\"20\" src=\"https:\/\/litoral.ufpr.br\/lecampo\/wp-content\/uploads\/sites\/10\/2020\/09\/Girasol.jpg\" alt=\"\"> <mark style=\"background-color:#ffffff\" class=\"has-inline-color has-black-color\"><strong><mark style=\"background-color:#ffffff\" class=\"has-inline-color has-black-color\">Projeto de Extens\u00e3o &#8220;<strong>CI\u00caNCIA CIDAD\u00c3 NA FORMA\u00c7\u00c3O DE PROFESSORES<\/strong>&#8220;<\/mark><\/strong><\/mark>.<br><mark style=\"background-color:#ffffff\" class=\"has-inline-color\"><strong>Edital: <a rel=\"noreferrer noopener\" href=\"https:\/\/litoral.ufpr.br\/lecampo\/wp-content\/uploads\/sites\/10\/2023\/08\/Edital-093-PICCE_timbrado_UFPR-Claudemira-PIBEX.pdf\" target=\"_blank\">Acesse aqui<\/a><\/strong><br><strong>Resultado &#8211; ENCERRADO.<\/strong><\/mark><\/p>\n\n\n\n<p>________________________________________________________________________________________________________________<\/p>\n\n\n\n<p><img loading=\"lazy\" decoding=\"async\" width=\"20\" height=\"20\" src=\"https:\/\/litoral.ufpr.br\/lecampo\/wp-content\/uploads\/sites\/10\/2020\/09\/Girasol.jpg\" alt=\"\"> Projeto de Extens\u00e3o <strong>&#8220;A GEN\u00c9TICA TEM COR?&#8221;<\/strong><br><mark style=\"background-color:#ffffff\" class=\"has-inline-color\"><strong>Edital: <a href=\"https:\/\/litoral.ufpr.br\/lecampo\/wp-content\/uploads\/sites\/10\/2023\/04\/Edital_Proec_Bolsista_Clau-e-Marcia_17-de-abril-1.pdf\">Acesse aqui<\/a><\/strong><br><strong>Resultado &#8211; ENCERRADO.<\/strong><\/mark><\/p>\n\n\n\n<p>________________________________________________________________________________________________________________<\/p>\n\n\n\n<p><img loading=\"lazy\" decoding=\"async\" width=\"20\" height=\"20\" src=\"https:\/\/litoral.ufpr.br\/lecampo\/wp-content\/uploads\/sites\/10\/2020\/09\/Girasol.jpg\" alt=\"\"> Projeto de Extens\u00e3o <strong>&#8220;SABERES E FAZERES DO MAR&#8221;<\/strong>.<br><mark style=\"background-color:#ffffff\" class=\"has-inline-color\"><strong>Edital: <a href=\"https:\/\/litoral.ufpr.br\/lecampo\/wp-content\/uploads\/sites\/10\/2023\/04\/Edital_Proec_Bolsista_Clau-e-Marcia_17-de-abril-1.pdf\" target=\"_blank\" rel=\"noreferrer noopener\">Acesse aqui<\/a><\/strong><br><strong>Resultado &#8211; ENCERRADO.<\/strong><\/mark><\/p>\n\n\n\n<p>________________________________________________________________________________________________________________<\/p>\n\n\n\n<p><img loading=\"lazy\" decoding=\"async\" width=\"20\" height=\"20\" src=\"https:\/\/litoral.ufpr.br\/lecampo\/wp-content\/uploads\/sites\/10\/2020\/09\/Girasol.jpg\" alt=\"\"> Projeto de Extens\u00e3o &#8220;<strong>EDUCA\u00c7\u00c3O DO CAMPO E TERRIT\u00d3RIOS: A\u00c7\u00d5ES DE FORTALECIMENTO DAS COMUNIDADES DO CAMPO, \u00c1GUAS E FLORESTAS<\/strong>&#8220;.<br><mark style=\"background-color:#ffffff\" class=\"has-inline-color\"><strong>Edital: <a href=\"https:\/\/docs.google.com\/document\/d\/14xLYkHuW-CHb2QPgE4_Iy1Y02kSmUacB\/edit\">Acesse aqui<\/a><\/strong><br><strong>Resultado &#8211; ENCERRADO.<\/strong><\/mark><\/p>\n\n\n\n<div class=\"wp-block-group is-vertical is-layout-flex wp-container-core-group-is-layout-8cf370e7 wp-block-group-is-layout-flex\">\n<p><\/p>\n<\/div>\n\n\n\n<p><\/p>\n\n\n\n<div class=\"wp-block-group is-vertical is-layout-flex wp-container-core-group-is-layout-8cf370e7 wp-block-group-is-layout-flex\">\n<p>________________________________________________________________________________________________________________<\/p>\n<\/div>\n\n\n\n<p class=\"has-text-align-center\"><strong>ANO LETIVO 2022<\/strong><\/p>\n\n\n\n<p>________________________________________________________________________________________________________________<\/p>\n\n\n\n<p><strong><img loading=\"lazy\" decoding=\"async\" width=\"20\" height=\"20\" src=\"https:\/\/litoral.ufpr.br\/lecampo\/wp-content\/uploads\/sites\/10\/2020\/09\/Girasol.jpg\" alt=\"\"><\/strong> Projeto de Extens\u00e3o <strong>&#8220;Di\u00e1logo de Saberes &#8211; Tert\u00falia&#8221;<\/strong> &#8211; <strong>ENCERRADO<\/strong><\/p>\n\n\n\n<div class=\"wp-block-group is-vertical is-layout-flex wp-container-core-group-is-layout-8cf370e7 wp-block-group-is-layout-flex\">\n<p>________________________________________________________________________________________________________________<\/p>\n<\/div>\n\n\n\n<p><strong><img loading=\"lazy\" decoding=\"async\" width=\"20\" height=\"20\" src=\"https:\/\/litoral.ufpr.br\/lecampo\/wp-content\/uploads\/sites\/10\/2020\/09\/Girasol.jpg\" alt=\"\"><\/strong> Projeto de Extens\u00e3o <strong>&#8220;Ci\u00eancia cidad\u00e3 na forma\u00e7\u00e3o de professores&#8221;<\/strong>.<\/p>\n\n\n\n<p><strong>Edital<\/strong>: <a href=\"https:\/\/litoral.ufpr.br\/wp-content\/uploads\/2022\/04\/Edital_bolsista_Clau_Educa-Cidada.pdf\" target=\"_blank\" rel=\"noreferrer noopener\">Acesse aqui.<\/a><\/p>\n\n\n\n<p><strong>Resultado final<\/strong>: <a rel=\"noreferrer noopener\" href=\"https:\/\/litoral.ufpr.br\/wp-content\/uploads\/2022\/04\/Resultado_final_Edital_Projeto_Ciencia_Cidada.pdf\" target=\"_blank\">Encerrado<\/a><\/p>\n\n\n\n<div class=\"wp-block-group is-vertical is-content-justification-center is-layout-flex wp-container-core-group-is-layout-4b2eccd6 wp-block-group-is-layout-flex\">\n<p>________________________________________________________________________________________________________________<\/p>\n<\/div>\n\n\n\n<p><strong><img loading=\"lazy\" decoding=\"async\" width=\"20\" height=\"20\" src=\"https:\/\/litoral.ufpr.br\/lecampo\/wp-content\/uploads\/sites\/10\/2020\/09\/Girasol.jpg\" alt=\"\"><\/strong> Projeto de Extens\u00e3o <strong>&#8220;N\u00facleo de Comunica\u00e7\u00e3o Popular da Lecampo&#8221;.<\/strong><\/p>\n\n\n\n<p><strong>Edital<\/strong>: <a href=\"https:\/\/litoral.ufpr.br\/wp-content\/uploads\/2022\/04\/Edital_bolsa_NCP_abr22.pdf\" target=\"_blank\" rel=\"noreferrer noopener\">Acesse aqui.<\/a><\/p>\n\n\n\n<p>________________________________________________________________________________________________________________<\/p>\n\n\n\n<p><strong><img loading=\"lazy\" decoding=\"async\" width=\"20\" height=\"20\" src=\"https:\/\/litoral.ufpr.br\/lecampo\/wp-content\/uploads\/sites\/10\/2020\/09\/Girasol.jpg\" alt=\"\"><\/strong> <strong>EDITAL DE SELE\u00c7\u00c3O DE MONITOR(A) PARA ATUA\u00c7\u00c3O NO M\u00d3DULO SLEC011 &#8211; 2.\u00ba SEMESTRE LETIVO 2022\/2. ENCERRADO<\/strong><br><strong>Edital:<\/strong> <a href=\"https:\/\/litoral.ufpr.br\/lecampo\/wp-content\/uploads\/sites\/10\/2022\/10\/edital-monitoria-2022_2.pdf\">Acesse aqui.<\/a><\/p>\n\n\n\n<p>________________________________________________________________________________________________________________<\/p>\n\n\n\n<p><strong><img loading=\"lazy\" decoding=\"async\" width=\"20\" height=\"20\" src=\"https:\/\/litoral.ufpr.br\/lecampo\/wp-content\/uploads\/sites\/10\/2020\/09\/Girasol.jpg\" alt=\"\"> EDITAL 01\/2022 &#8211; SELE\u00c7\u00c3O DE ESTUDANTES PARA PROGRAMA DE INICIA\u00c7\u00c3O CIENT\u00cdFICA E TECNOL\u00d3GICA &#8211; PROGRAMA INSTITUCIONAL DE BOLSAS DE INICIA\u00c7\u00c3O CIENT\u00cdFICA (PIBIC E PIBIC &#8211; AF). ENCERRADO<\/strong><br><strong>Edital:<\/strong> <a href=\"https:\/\/litoral.ufpr.br\/lecampo\/wp-content\/uploads\/sites\/10\/2022\/06\/Edital-Selecao-Estudantes-IC-_-2022.pdf\">Acesse aqui.<\/a><\/p>\n\n\n\n<p>________________________________________________________________________________________________________________<\/p>\n\n\n\n<p><strong><img loading=\"lazy\" decoding=\"async\" width=\"20\" height=\"20\" src=\"https:\/\/litoral.ufpr.br\/lecampo\/wp-content\/uploads\/sites\/10\/2020\/09\/Girasol.jpg\" alt=\"\"> EDITAL DE SELE\u00c7\u00c3O DE MONITOR (A) PARA ATUA\u00c7\u00c3O NOS M\u00d3DULOS SL48 E SLEC007 &#8211; 1.\u00ba SEMESTRE LETIVO 2022\/2. &#8211; ENCERRADO<\/strong><br><strong>Edital:<\/strong><a href=\"https:\/\/litoral.ufpr.br\/lecampo\/wp-content\/uploads\/sites\/10\/2022\/06\/edital-monitoria-2022_2.pdf\"> Acesse aqui<\/a>.<\/p>\n\n\n\n<p>___________________________________________________________________________________________________________<\/p>\n\n\n\n<p><strong><img loading=\"lazy\" decoding=\"async\" width=\"20\" height=\"20\" src=\"https:\/\/litoral.ufpr.br\/lecampo\/wp-content\/uploads\/sites\/10\/2020\/09\/Girasol.jpg\" alt=\"\"> EDITAL DE SELE\u00c7\u00c3O DE MONITOR (A) PARA ATUA\u00c7\u00c3O NOS M\u00d3DULOS SLEC005 &#8211; 1.\u00ba SEMESTRE LETIVO 2022\/2. &#8211; ENCERRADO<\/strong><br><strong>Edital:<\/strong><a href=\"https:\/\/litoral.ufpr.br\/lecampo\/wp-content\/uploads\/sites\/10\/2022\/06\/edital-monitoria-2022_2.pdf\"> <\/a><a rel=\"noreferrer noopener\" href=\"https:\/\/litoral.ufpr.br\/lecampo\/wp-content\/uploads\/sites\/10\/2022\/05\/Edital-14-2022_PROGRAD-COAFE-MONITORIA.pdf\" data-type=\"URL\" target=\"_blank\">Acesse aqui<\/a><\/p>\n\n\n\n<p>________________________________________________________________________________________________________________<\/p>\n\n\n\n<div class=\"wp-block-group is-vertical is-content-justification-center is-layout-flex wp-container-core-group-is-layout-4b2eccd6 wp-block-group-is-layout-flex\">\n<p class=\"has-text-align-right\">                                                                                                                  <sub><strong>Atualizado em 23\/04\/2025, \u00e0s 11h24<\/strong><\/sub><\/p>\n\n\n\n<p class=\"has-text-align-right\"><sub><strong>.<\/strong><\/sub><\/p>\n<\/div>\n\n\n\n<p><\/p>\n","protected":false},"excerpt":{"rendered":"<p>________________________________________________________________________________________________________________ ANO LETIVO 2025 ________________________________________________________________________________________________________________ Sele\u00e7\u00e3o de bolsista e volunt\u00e1rio para o Projeto de Extens\u00e3o: Meio ambiente, alimento e educa\u00e7\u00e3o: interfaces para a sustentabilidade Edital: Acesse aqui Inscri\u00e7\u00f5es homologadas e convoca\u00e7\u00e3o para entrevista: Acesse aquiResultado: Acesse aqui ________________________________________________________________________________________________________________ Sele\u00e7\u00e3o de bolsista e volunt\u00e1rio para o Projeto Licenciar: Materiais did\u00e1ticos sobre Hist\u00f3ria da Natureza &#8211; da [&hellip;]<\/p>\n","protected":false},"author":3,"featured_media":0,"parent":406,"menu_order":0,"comment_status":"closed","ping_status":"closed","template":"","meta":{"_acf_changed":false,"footnotes":""},"class_list":["post-409","page","type-page","status-publish","hentry"],"acf":[],"_links":{"self":[{"href":"https:\/\/litoral.ufpr.br\/lecampo\/wp-json\/wp\/v2\/pages\/409","targetHints":{"allow":["GET"]}}],"collection":[{"href":"https:\/\/litoral.ufpr.br\/lecampo\/wp-json\/wp\/v2\/pages"}],"about":[{"href":"https:\/\/litoral.ufpr.br\/lecampo\/wp-json\/wp\/v2\/types\/page"}],"author":[{"embeddable":true,"href":"https:\/\/litoral.ufpr.br\/lecampo\/wp-json\/wp\/v2\/users\/3"}],"replies":[{"embeddable":true,"href":"https:\/\/litoral.ufpr.br\/lecampo\/wp-json\/wp\/v2\/comments?post=409"}],"version-history":[{"count":55,"href":"https:\/\/litoral.ufpr.br\/lecampo\/wp-json\/wp\/v2\/pages\/409\/revisions"}],"predecessor-version":[{"id":2122,"href":"https:\/\/litoral.ufpr.br\/lecampo\/wp-json\/wp\/v2\/pages\/409\/revisions\/2122"}],"up":[{"embeddable":true,"href":"https:\/\/litoral.ufpr.br\/lecampo\/wp-json\/wp\/v2\/pages\/406"}],"wp:attachment":[{"href":"https:\/\/litoral.ufpr.br\/lecampo\/wp-json\/wp\/v2\/media?parent=409"}],"curies":[{"name":"wp","href":"https:\/\/api.w.org\/{rel}","templated":true}]}}