{"id":387,"date":"2020-08-17T09:01:39","date_gmt":"2020-08-17T12:01:39","guid":{"rendered":"https:\/\/litoral.ufpr.br\/lecampo\/?page_id=387"},"modified":"2025-04-22T19:41:11","modified_gmt":"2025-04-22T22:41:11","slug":"tcc","status":"publish","type":"page","link":"https:\/\/litoral.ufpr.br\/lecampo\/ensino\/tcc\/","title":{"rendered":"TCC"},"content":{"rendered":"\n<p>O Trabalho de Conclus\u00e3o de Curso (TCC) \u00e9 uma atividade obrigat\u00f3ria, constitu\u00edda por m\u00f3dulos\/unidades curriculares dos curr\u00edculos do curso de Licenciatura em Educa\u00e7\u00e3o do Campo. Ser\u00e1 caracterizado por uma pesquisa cient\u00edfica, relato de experi\u00eancia, artigo publicado ou para publica\u00e7\u00e3o e\/ou tecnol\u00f3gica aplicada. <\/p>\n\n\n\n<h2 class=\"wp-block-heading\">Temas orientados\/mediados por cada docente<\/h2>\n\n\n\n<p> <strong>Adalberto Penha de Paula: <\/strong>Educa\u00e7\u00e3o do Campo, forma\u00e7\u00e3o de professoras\/es e processos educativos escolares; Territ\u00f3rio, movimentos sociais e povos e comunidades tradicionais; Educa\u00e7\u00e3o Popular; Temas relacionados a Filosofia.<\/p>\n\n\n\n<p><strong>\u00c2ndrea Francine Batista:<\/strong> Educa\u00e7\u00e3o do Campo, Educa\u00e7\u00e3o Popular e Emancipa\u00e7\u00e3o Humana; Processo de Consci\u00eancia; Quest\u00e3o Agr\u00e1ria e Movimentos Sociais do Campo na Am\u00e9rica Latina.<\/p>\n\n\n\n<p><strong>Claudemira Vieira Gusm\u00e3o Lopes:<\/strong> Plantas medicinais, condimentares, aliment\u00edcias, ritual\u00edsticas, PANCs no contexto da Etnobot\u00e2nica; Estudo das Rela\u00e7\u00f5es \u00c9tnico-Raciais (Lei 10.639 e 11.645) para promo\u00e7\u00e3o de uma educa\u00e7\u00e3o antirracista; Micropropaga\u00e7\u00e3o de orqu\u00eddeas para recupera\u00e7\u00e3o de \u00e1reas degradadas; Hortas urbanas ou em escola do campo como laborat\u00f3rio pedag\u00f3gico.<\/p>\n\n\n\n<p><b>Gilberto da Silva Guizelin: <\/b>Ensino de Hist\u00f3ria nas Escolas de Educa\u00e7\u00e3o do Campo, Rela\u00e7\u00f5es \u00c9tnico-Raciais, Hist\u00f3ria dos Quilombos e das Comunidades Quilombolas Remanescentes, Hist\u00f3ria dos Povos Ind\u00edgenas Brasileiros; Hist\u00f3ria dos Movimentos Sociais no Campo.<\/p>\n\n\n\n<p><strong>Gilson Walmor Dahmer:<\/strong> Educa\u00e7\u00e3o em Agroecologia; Educa\u00e7\u00e3o em Solos; Qualidade do Solo; Di\u00e1logo de Saberes Etnopedol\u00f3gicos; Implanta\u00e7\u00e3o e manejo de Sistemas Agroflorestais; Paisagismo Agroecol\u00f3gico.<\/p>\n\n\n\n<p><strong>Julio Cesar David Ferreira:<\/strong> Educa\u00e7\u00e3o do Campo e Ci\u00eancias da Natureza: teoria e pr\u00e1tica de ensino; Linguagem e discurso na educa\u00e7\u00e3o; Ci\u00eancia, cultura e educa\u00e7\u00e3o; M\u00faltiplas linguagens (literatura, cinema, m\u00fasica, artes visuais etc.) na educa\u00e7\u00e3o em ci\u00eancias.<\/p>\n\n\n\n<p><strong>Lourival de Moraes Fidelis:<\/strong> Ensino de Agroecologia;Quest\u00e3o Agr\u00e1ria e campesinato das popula\u00e7\u00f5es tradicionais e dos assentamentos da reforma agr\u00e1ria; Ensino de Ci\u00eancias Agr\u00e1rias e Agroecologia; Saberes e etnoconhecimento das popula\u00e7\u00f5es tradicionais quilombola e ind\u00edgena brasileira.<\/p>\n\n\n\n<p><strong>Marcelo Cunha Varella:<\/strong> Quest\u00e3o Agr\u00e1ria, desde a etnografia multiatores e da cartografia social; Povos e comunidades tradicionais: pr\u00e1ticas tradicionais, processos de territorializa\u00e7\u00e3o, r-exist\u00eancia e conflitos socioambientais; Conflitos territoriais oriundos de legisla\u00e7\u00f5es nacionais vigentes, relativas aos seguintes temas: povos e comunidades tradicionais, Educa\u00e7\u00e3o do Campo, movimentos sociais e legisla\u00e7\u00e3o ambiental; Ecologia pol\u00edtica.<\/p>\n\n\n\n<p><strong>Maria Isabel Farias:<\/strong> Educa\u00e7\u00e3o do Campo e escola do campo; Quest\u00e3o Agr\u00e1ria, Movimentos Sociais e territ\u00f3rio; Forma\u00e7\u00e3o de professores da Educa\u00e7\u00e3o do Campo, \u00e1guas e florestas e cartografia;&nbsp;&nbsp;&nbsp;&nbsp;&nbsp; Pol\u00edticas P\u00fablicas e legisla\u00e7\u00e3o&nbsp; na Educa\u00e7\u00e3o do Campo.<\/p>\n\n\n\n<p><strong>Roberto Gon\u00e7alves Barbosa:<\/strong> Educa\u00e7\u00e3o do Campo e Ci\u00eancias da Natureza: teoria e pr\u00e1tica de ensino; Ensino de Ci\u00eancias na perspectiva de Paulo Freire; Hist\u00f3ria da ci\u00eancia ind\u00edgena, quilombola e africana.<\/p>\n\n\n\n<p><strong>Viviane Camejo Pereira:<\/strong> Conserva\u00e7\u00e3o da agrobiodiversidade e pr\u00e1ticas sociais de comunidades rurais; Agroecologia e soberania e seguran\u00e7a alimentar e nutricional; Autonomia e resist\u00eancia camponesa; Tem\u00e1ticas ambientais na educa\u00e7\u00e3o; Desenvolvimento rural e Educa\u00e7\u00e3o do Campo; Etnoecologia e\u00a0biologia na Educa\u00e7\u00e3o do Campo.<\/p>\n\n\n\n<h2 class=\"wp-block-heading\">TCCs publicados<\/h2>\n\n\n\n<p>Acesse <span style=\"color: #000000\"><strong><a href=\"https:\/\/acervodigital.ufpr.br\/handle\/1884\/57004\" target=\"_blank\" rel=\"noreferrer noopener\">AQUI<\/a><\/strong><\/span> os TCCs publicados do Curso de Licenciatura em Educa\u00e7\u00e3o do Campo.<\/p>\n\n\n\n<h2 class=\"wp-block-heading\">Documentos importantes<\/h2>\n\n\n\n<p><a href=\"https:\/\/litoral.ufpr.br\/lecampo\/wp-content\/uploads\/sites\/10\/2025\/04\/Manual_de_Normalizacao-2024-1.pdf\" target=\"_blank\" rel=\"noreferrer noopener\">Manual de normaliza\u00e7\u00e3o<\/a><\/p>\n\n\n\n<p><a href=\"https:\/\/litoral.ufpr.br\/lecampo\/wp-content\/uploads\/sites\/10\/2025\/04\/normas_referencia_exemplo-1.pdf\" target=\"_blank\" rel=\"noreferrer noopener\">Normas de refer\u00eancias<\/a><\/p>\n\n\n\n<p><a href=\"https:\/\/litoral.ufpr.br\/lecampo\/wp-content\/uploads\/sites\/10\/2025\/04\/template_trabalho_academico_-2-1.doc\" target=\"_blank\" rel=\"noreferrer noopener\">Modelo padr\u00e3o<\/a><\/p>\n\n\n\n<p><a href=\"https:\/\/litoral.ufpr.br\/lecampo\/wp-content\/uploads\/sites\/10\/2025\/04\/capa_padrao_ufpr-1.doc\" target=\"_blank\" rel=\"noreferrer noopener\">Modelo de capa<\/a><\/p>\n\n\n\n<p><a href=\"https:\/\/bibliotecas.ufpr.br\/\" target=\"_blank\" rel=\"noreferrer noopener\">Site da Biblioteca UFPR<\/a><\/p>\n\n\n\n<p><a href=\"https:\/\/litoral.ufpr.br\/lecampo\/wp-content\/uploads\/sites\/10\/2025\/04\/REGULAMENTO-TCC.pdf\" target=\"_blank\" rel=\"noreferrer noopener\">Regulamento TCC Lecampo<\/a><\/p>\n","protected":false},"excerpt":{"rendered":"<p>O Trabalho de Conclus\u00e3o de Curso (TCC) \u00e9 uma atividade obrigat\u00f3ria, constitu\u00edda por m\u00f3dulos\/unidades curriculares dos curr\u00edculos do curso de Licenciatura em Educa\u00e7\u00e3o do Campo. Ser\u00e1 caracterizado por uma pesquisa cient\u00edfica, relato de experi\u00eancia, artigo publicado ou para publica\u00e7\u00e3o e\/ou tecnol\u00f3gica aplicada. Temas orientados\/mediados por cada docente Adalberto Penha de Paula: Educa\u00e7\u00e3o do Campo, forma\u00e7\u00e3o [&hellip;]<\/p>\n","protected":false},"author":3,"featured_media":0,"parent":383,"menu_order":0,"comment_status":"closed","ping_status":"closed","template":"","meta":{"_acf_changed":false,"footnotes":""},"class_list":["post-387","page","type-page","status-publish","hentry"],"acf":[],"_links":{"self":[{"href":"https:\/\/litoral.ufpr.br\/lecampo\/wp-json\/wp\/v2\/pages\/387","targetHints":{"allow":["GET"]}}],"collection":[{"href":"https:\/\/litoral.ufpr.br\/lecampo\/wp-json\/wp\/v2\/pages"}],"about":[{"href":"https:\/\/litoral.ufpr.br\/lecampo\/wp-json\/wp\/v2\/types\/page"}],"author":[{"embeddable":true,"href":"https:\/\/litoral.ufpr.br\/lecampo\/wp-json\/wp\/v2\/users\/3"}],"replies":[{"embeddable":true,"href":"https:\/\/litoral.ufpr.br\/lecampo\/wp-json\/wp\/v2\/comments?post=387"}],"version-history":[{"count":10,"href":"https:\/\/litoral.ufpr.br\/lecampo\/wp-json\/wp\/v2\/pages\/387\/revisions"}],"predecessor-version":[{"id":2075,"href":"https:\/\/litoral.ufpr.br\/lecampo\/wp-json\/wp\/v2\/pages\/387\/revisions\/2075"}],"up":[{"embeddable":true,"href":"https:\/\/litoral.ufpr.br\/lecampo\/wp-json\/wp\/v2\/pages\/383"}],"wp:attachment":[{"href":"https:\/\/litoral.ufpr.br\/lecampo\/wp-json\/wp\/v2\/media?parent=387"}],"curies":[{"name":"wp","href":"https:\/\/api.w.org\/{rel}","templated":true}]}}