{"id":385,"date":"2020-08-17T09:01:39","date_gmt":"2020-08-17T12:01:39","guid":{"rendered":"https:\/\/litoral.ufpr.br\/lecampo\/?page_id=385"},"modified":"2025-10-13T11:41:18","modified_gmt":"2025-10-13T14:41:18","slug":"atividades-formativas","status":"publish","type":"page","link":"https:\/\/litoral.ufpr.br\/lecampo\/ensino\/atividades-formativas\/","title":{"rendered":"Atividades Formativas Complementares (AFC)"},"content":{"rendered":"\n<p>As diretrizes das Atividades Formativas Complementares definem que estas se caracterizam pela articula\u00e7\u00e3o entre ensino, pesquisa e extens\u00e3o, assegurando seu car\u00e1ter interdisciplinar em rela\u00e7\u00e3o \u00e0s diversas \u00e1reas do conhecimento e respeitando PPC da Lecampo, tendo por objetivo flexibilizar e enriquecer o processo de ensino-aprendizagem, mediante a inser\u00e7\u00e3o e participa\u00e7\u00e3o do estudante em diferentes espa\u00e7os, projetos e atividades relevantes \u00e0 sua forma\u00e7\u00e3o social, pol\u00edtica, humana, cultural, cient\u00edfica e profissional.<\/p>\n\n\n\n<p><strong>Documentos importantes<\/strong><\/p>\n\n\n\n<p><img loading=\"lazy\" decoding=\"async\" src=\"https:\/\/litoral.ufpr.br\/lecampo\/wp-content\/uploads\/sites\/10\/2020\/09\/Girasol.jpg\" alt=\"\" width=\"20\" height=\"20\"> Resolu\u00e7\u00e3o das Atividades Formativas Complementares UFPR: <a href=\"https:\/\/litoral.ufpr.br\/lecampo\/wp-content\/uploads\/sites\/10\/2020\/09\/RESOLU%C3%87%C3%83O-N%C2%BA-70.04-CEPE-NORMAS-ATIVIDADES-FORMATIVAS.pdf\">clique aqui<\/a>.<\/p>\n\n\n\n<p><img loading=\"lazy\" decoding=\"async\" src=\"https:\/\/litoral.ufpr.br\/lecampo\/wp-content\/uploads\/sites\/10\/2020\/09\/Girasol.jpg\" alt=\"\" width=\"20\" height=\"20\"> Diretrizes das Atividades Formativas Complementares Lecampo: <a href=\"https:\/\/litoral.ufpr.br\/lecampo\/wp-content\/uploads\/sites\/10\/2020\/09\/DIRETRIZES-ATIVIDADES-FORMATIVAS_PPC-LIC-EDUCA%C3%87%C3%83O-DO-CAMPO-APROVADO-CEPE-COUN-DEZ-2013-2.pdf\">clique aqui<\/a>.<\/p>\n\n\n\n<p><img loading=\"lazy\" decoding=\"async\" src=\"https:\/\/litoral.ufpr.br\/lecampo\/wp-content\/uploads\/sites\/10\/2020\/09\/Girasol.jpg\" alt=\"\" width=\"20\" height=\"20\"> Regulamento das Atividades Formativas Complementares Lecampo: <a href=\"https:\/\/litoral.ufpr.br\/lecampo\/wp-content\/uploads\/sites\/10\/2025\/04\/Regulamento-de-AFC-do-Curso.pdf\">clique aqui<\/a>.<\/p>\n\n\n\n<p><img loading=\"lazy\" decoding=\"async\" src=\"https:\/\/litoral.ufpr.br\/lecampo\/wp-content\/uploads\/sites\/10\/2020\/09\/Girasol.jpg\" alt=\"\" width=\"20\" height=\"20\"> Formul\u00e1rio para solicita\u00e7\u00e3o de valida\u00e7\u00e3o de carga hor\u00e1ria: <a href=\"https:\/\/litoral.ufpr.br\/lecampo\/wp-content\/uploads\/sites\/10\/2020\/09\/Anexo-Ficha-I-ATIVIDADES-COMPLEMENTARES-FORMATIVAS-Instrumento-ficha-1.pdf\">clique aqui<\/a>.<\/p>\n\n\n\n<h2 class=\"wp-block-heading\">Editais<\/h2>\n\n\n\n<p><img loading=\"lazy\" decoding=\"async\" src=\"https:\/\/litoral.ufpr.br\/lecampo\/wp-content\/uploads\/sites\/10\/2020\/09\/Girasol.jpg\" alt=\"\" width=\"20\" height=\"20\"> <a href=\"https:\/\/litoral.ufpr.br\/lecampo\/wp-content\/uploads\/sites\/10\/2025\/04\/Edital-CPAAF-2025-1-1.pdf\">Edital 2025.1<\/a><\/p>\n\n\n\n<p><img loading=\"lazy\" decoding=\"async\" src=\"https:\/\/litoral.ufpr.br\/lecampo\/wp-content\/uploads\/sites\/10\/2020\/09\/Girasol.jpg\" alt=\"\" width=\"20\" height=\"20\"> <a href=\"https:\/\/litoral.ufpr.br\/lecampo\/wp-content\/uploads\/sites\/10\/2025\/04\/Edital_CPAAF_2024.2-1.pdf\">Edital 2024.2<\/a><\/p>\n\n\n\n<p><img loading=\"lazy\" decoding=\"async\" src=\"https:\/\/litoral.ufpr.br\/lecampo\/wp-content\/uploads\/sites\/10\/2020\/09\/Girasol.jpg\" alt=\"\" width=\"20\" height=\"20\"> <a href=\"https:\/\/litoral.ufpr.br\/lecampo\/wp-content\/uploads\/sites\/10\/2025\/04\/Edital_CPAAF_2024.1-1.pdf\">Edital 2024.1<\/a><\/p>\n\n\n\n<p><img loading=\"lazy\" decoding=\"async\" src=\"https:\/\/litoral.ufpr.br\/lecampo\/wp-content\/uploads\/sites\/10\/2020\/09\/Girasol.jpg\" alt=\"\" width=\"20\" height=\"20\"> <a href=\"https:\/\/litoral.ufpr.br\/lecampo\/wp-content\/uploads\/sites\/10\/2025\/04\/Edital_CPAAF_2023.2-1.pdf\">Edital 2023.2<\/a><\/p>\n\n\n\n<p><img loading=\"lazy\" decoding=\"async\" src=\"https:\/\/litoral.ufpr.br\/lecampo\/wp-content\/uploads\/sites\/10\/2020\/09\/Girasol.jpg\" alt=\"\" width=\"20\" height=\"20\"> <a href=\"https:\/\/litoral.ufpr.br\/lecampo\/wp-content\/uploads\/sites\/10\/2025\/04\/Edital_CPAAF_2023.1-1.pdf\">Edital 2023.1<\/a><\/p>\n\n\n\n<p><img loading=\"lazy\" decoding=\"async\" src=\"https:\/\/litoral.ufpr.br\/lecampo\/wp-content\/uploads\/sites\/10\/2020\/09\/Girasol.jpg\" alt=\"\" width=\"20\" height=\"20\"> <a href=\"https:\/\/litoral.ufpr.br\/lecampo\/wp-content\/uploads\/sites\/10\/2025\/04\/Edital_CPAAF_2022.2.pdf\">Edital 2022.2<\/a><\/p>\n\n\n\n<p><img loading=\"lazy\" decoding=\"async\" src=\"https:\/\/litoral.ufpr.br\/lecampo\/wp-content\/uploads\/sites\/10\/2020\/09\/Girasol.jpg\" alt=\"\" width=\"20\" height=\"20\"> <a href=\"https:\/\/litoral.ufpr.br\/lecampo\/wp-content\/uploads\/sites\/10\/2025\/04\/Edital_CPAAF_2022.1.pdf\">Edital 2022.1<\/a><\/p>\n\n\n\n<p class=\"has-text-align-right\"><\/p>\n\n\n\n<h2 class=\"wp-block-heading\">Comiss\u00e3o Permanente de Acompanhamento de Atividades Formativas (CPAAF)<\/h2>\n\n\n\n<p><img loading=\"lazy\" decoding=\"async\" width=\"20\" height=\"20\" src=\"https:\/\/litoral.ufpr.br\/lecampo\/wp-content\/uploads\/sites\/10\/2020\/09\/Girasol.jpg\" alt=\"\"> <strong>Objetivo:<\/strong>\u00a0Analisar os documentos apresentados pelos estudantes, em per\u00edodos previamente estipulados em edital, para poss\u00edvel valida\u00e7\u00e3o de acordo com as normativas vigentes, fazendo registro e posteriormente encaminhar a C\u00e2mara da Lecampo o resultado final do processo (PPC Lecampo).<\/p>\n\n\n\n<p><img loading=\"lazy\" decoding=\"async\" width=\"20\" height=\"20\" src=\"https:\/\/litoral.ufpr.br\/lecampo\/wp-content\/uploads\/sites\/10\/2020\/09\/Girasol.jpg\" alt=\"\"> <strong>Membros<\/strong>: \u00c2ndrea Francine Batista, Claudemira Vieira Gusm\u00e3o Lopes e Maria Isabel Farias, conforme conforme Portaria n\u00ba 1979\/2025 Setor Litoral, de 29 de agosto de 2025, com vig\u00eancia de 2 (dois) anos e atos convalidados a partir de 07\/08\/2025.<\/p>\n\n\n\n<p><a rel=\"noreferrer noopener\" href=\"https:\/\/litoral.ufpr.br\/lecampo\/wp-content\/uploads\/sites\/10\/2025\/10\/SEI_8107865_Portaria_1979_2025_SETOR_LITORAL.pdf\" target=\"_blank\">Portaria<\/a><\/p>\n\n\n\n<p><\/p>\n\n\n\n<p class=\"has-text-align-right\"><strong><sub>Atualizado em 13\/10\/2025, \u00e0s 11h39.<\/sub><\/strong><\/p>\n","protected":false},"excerpt":{"rendered":"<p>As diretrizes das Atividades Formativas Complementares definem que estas se caracterizam pela articula\u00e7\u00e3o entre ensino, pesquisa e extens\u00e3o, assegurando seu car\u00e1ter interdisciplinar em rela\u00e7\u00e3o \u00e0s diversas \u00e1reas do conhecimento e respeitando PPC da Lecampo, tendo por objetivo flexibilizar e enriquecer o processo de ensino-aprendizagem, mediante a inser\u00e7\u00e3o e participa\u00e7\u00e3o do estudante em diferentes espa\u00e7os, projetos [&hellip;]<\/p>\n","protected":false},"author":3,"featured_media":0,"parent":383,"menu_order":0,"comment_status":"closed","ping_status":"closed","template":"","meta":{"_acf_changed":false,"footnotes":""},"class_list":["post-385","page","type-page","status-publish","hentry"],"acf":[],"_links":{"self":[{"href":"https:\/\/litoral.ufpr.br\/lecampo\/wp-json\/wp\/v2\/pages\/385","targetHints":{"allow":["GET"]}}],"collection":[{"href":"https:\/\/litoral.ufpr.br\/lecampo\/wp-json\/wp\/v2\/pages"}],"about":[{"href":"https:\/\/litoral.ufpr.br\/lecampo\/wp-json\/wp\/v2\/types\/page"}],"author":[{"embeddable":true,"href":"https:\/\/litoral.ufpr.br\/lecampo\/wp-json\/wp\/v2\/users\/3"}],"replies":[{"embeddable":true,"href":"https:\/\/litoral.ufpr.br\/lecampo\/wp-json\/wp\/v2\/comments?post=385"}],"version-history":[{"count":24,"href":"https:\/\/litoral.ufpr.br\/lecampo\/wp-json\/wp\/v2\/pages\/385\/revisions"}],"predecessor-version":[{"id":2282,"href":"https:\/\/litoral.ufpr.br\/lecampo\/wp-json\/wp\/v2\/pages\/385\/revisions\/2282"}],"up":[{"embeddable":true,"href":"https:\/\/litoral.ufpr.br\/lecampo\/wp-json\/wp\/v2\/pages\/383"}],"wp:attachment":[{"href":"https:\/\/litoral.ufpr.br\/lecampo\/wp-json\/wp\/v2\/media?parent=385"}],"curies":[{"name":"wp","href":"https:\/\/api.w.org\/{rel}","templated":true}]}}