{"id":369,"date":"2020-08-17T08:54:13","date_gmt":"2020-08-17T11:54:13","guid":{"rendered":"https:\/\/litoral.ufpr.br\/lecampo\/?page_id=369"},"modified":"2025-10-15T10:55:25","modified_gmt":"2025-10-15T13:55:25","slug":"assessoria","status":"publish","type":"page","link":"https:\/\/litoral.ufpr.br\/lecampo\/assessoria\/","title":{"rendered":"Assessoria ao curso"},"content":{"rendered":"\n<p><strong><img loading=\"lazy\" decoding=\"async\" width=\"20\" height=\"20\" src=\"https:\/\/litoral.ufpr.br\/lecampo\/wp-content\/uploads\/sites\/10\/2020\/09\/Girasol.jpg\" alt=\"\"><\/strong> <strong>Ana Lu\u00edsa Braga Cabral<\/strong><\/p>\n\n\n\n<p><strong>E-mail:<\/strong> lecampo@ufpr.br<\/p>\n\n\n\n<p><strong>Telefone:<\/strong> (41) 99642-1655<\/p>\n\n\n\n<p><strong>Hor\u00e1rio de atendimento:<\/strong> de segunda a sexta-feira, das 8h \u00e0s 14h.<\/p>\n\n\n\n<p><strong>Cargo: <\/strong>T\u00e9cnico em Assuntos Educacionais | <strong>Fun\u00e7\u00e3o: <\/strong>Assessoria ao Curso de Licenciatura em Educa\u00e7\u00e3o do Campo &#8211; Ci\u00eancias da Natureza | <strong>Lota\u00e7\u00e3o:<\/strong> Se\u00e7\u00e3o de Gest\u00e3o Acad\u00eamica da Gradua\u00e7\u00e3o (SGAG)<\/p>\n\n\n\n<p><a href=\"https:\/\/litoral.ufpr.br\/lecampo\/wp-content\/uploads\/sites\/10\/2025\/10\/CADERNO-DE-ATRIBUICOES-DA-SGAG-2023.pdf\" target=\"_blank\" rel=\"noreferrer noopener\">Caderno de atribui\u00e7\u00f5es<\/a><\/p>\n\n\n\n<figure class=\"wp-block-image size-large\"><img loading=\"lazy\" decoding=\"async\" width=\"1024\" height=\"357\" src=\"https:\/\/litoral.ufpr.br\/lecampo\/wp-content\/uploads\/sites\/10\/2023\/05\/342347254_618282086874894_4351894307032619526_n-1024x357.png\" alt=\"\" class=\"wp-image-1455\" srcset=\"https:\/\/litoral.ufpr.br\/lecampo\/wp-content\/uploads\/sites\/10\/2023\/05\/342347254_618282086874894_4351894307032619526_n-1024x357.png 1024w, https:\/\/litoral.ufpr.br\/lecampo\/wp-content\/uploads\/sites\/10\/2023\/05\/342347254_618282086874894_4351894307032619526_n-300x104.png 300w, https:\/\/litoral.ufpr.br\/lecampo\/wp-content\/uploads\/sites\/10\/2023\/05\/342347254_618282086874894_4351894307032619526_n-768x267.png 768w, https:\/\/litoral.ufpr.br\/lecampo\/wp-content\/uploads\/sites\/10\/2023\/05\/342347254_618282086874894_4351894307032619526_n.png 1364w\" sizes=\"auto, (max-width: 1024px) 100vw, 1024px\" \/><\/figure>\n","protected":false},"excerpt":{"rendered":"<p>Ana Lu\u00edsa Braga Cabral E-mail: lecampo@ufpr.br Telefone: (41) 99642-1655 Hor\u00e1rio de atendimento: de segunda a sexta-feira, das 8h \u00e0s 14h. Cargo: T\u00e9cnico em Assuntos Educacionais | Fun\u00e7\u00e3o: Assessoria ao Curso de Licenciatura em Educa\u00e7\u00e3o do Campo &#8211; Ci\u00eancias da Natureza | Lota\u00e7\u00e3o: Se\u00e7\u00e3o de Gest\u00e3o Acad\u00eamica da Gradua\u00e7\u00e3o (SGAG) Caderno de atribui\u00e7\u00f5es<\/p>\n","protected":false},"author":3,"featured_media":0,"parent":0,"menu_order":0,"comment_status":"closed","ping_status":"closed","template":"","meta":{"_acf_changed":false,"footnotes":""},"class_list":["post-369","page","type-page","status-publish","hentry"],"acf":[],"_links":{"self":[{"href":"https:\/\/litoral.ufpr.br\/lecampo\/wp-json\/wp\/v2\/pages\/369","targetHints":{"allow":["GET"]}}],"collection":[{"href":"https:\/\/litoral.ufpr.br\/lecampo\/wp-json\/wp\/v2\/pages"}],"about":[{"href":"https:\/\/litoral.ufpr.br\/lecampo\/wp-json\/wp\/v2\/types\/page"}],"author":[{"embeddable":true,"href":"https:\/\/litoral.ufpr.br\/lecampo\/wp-json\/wp\/v2\/users\/3"}],"replies":[{"embeddable":true,"href":"https:\/\/litoral.ufpr.br\/lecampo\/wp-json\/wp\/v2\/comments?post=369"}],"version-history":[{"count":23,"href":"https:\/\/litoral.ufpr.br\/lecampo\/wp-json\/wp\/v2\/pages\/369\/revisions"}],"predecessor-version":[{"id":2380,"href":"https:\/\/litoral.ufpr.br\/lecampo\/wp-json\/wp\/v2\/pages\/369\/revisions\/2380"}],"wp:attachment":[{"href":"https:\/\/litoral.ufpr.br\/lecampo\/wp-json\/wp\/v2\/media?parent=369"}],"curies":[{"name":"wp","href":"https:\/\/api.w.org\/{rel}","templated":true}]}}