{"id":355,"date":"2020-08-17T08:39:38","date_gmt":"2020-08-17T11:39:38","guid":{"rendered":"https:\/\/litoral.ufpr.br\/lecampo\/?page_id=355"},"modified":"2025-12-18T09:20:31","modified_gmt":"2025-12-18T12:20:31","slug":"calendarios","status":"publish","type":"page","link":"https:\/\/litoral.ufpr.br\/lecampo\/curso\/calendarios\/","title":{"rendered":"Calend\u00e1rios"},"content":{"rendered":"\n<div data-wp-interactive=\"core\/file\" class=\"wp-block-file\"><object data-wp-bind--hidden=\"!state.hasPdfPreview\" hidden class=\"wp-block-file__embed\" data=\"https:\/\/litoral.ufpr.br\/lecampo\/wp-content\/uploads\/sites\/10\/2025\/12\/Calendario-resumido_2026_1-UFPRGeral.pdf\" type=\"application\/pdf\" style=\"width:100%;height:600px\" aria-label=\"Incorporado de Calend\u00e1rio resumido_2026_1-UFPRGeral.\"><\/object><a id=\"wp-block-file--media-e81d419f-b7ad-4c33-8ba9-efb4ee83b72f\" href=\"https:\/\/litoral.ufpr.br\/lecampo\/wp-content\/uploads\/sites\/10\/2025\/12\/Calendario-resumido_2026_1-UFPRGeral.pdf\">Calend\u00e1rio resumido_2026_1-UFPRGeral<\/a><a href=\"https:\/\/litoral.ufpr.br\/lecampo\/wp-content\/uploads\/sites\/10\/2025\/12\/Calendario-resumido_2026_1-UFPRGeral.pdf\" class=\"wp-block-file__button wp-element-button\" download aria-describedby=\"wp-block-file--media-e81d419f-b7ad-4c33-8ba9-efb4ee83b72f\">Baixar<\/a><\/div>\n\n\n\n<p><\/p>\n\n\n\n<p><\/p>\n\n\n\n<p><strong><img loading=\"lazy\" decoding=\"async\" width=\"20\" height=\"20\" src=\"https:\/\/litoral.ufpr.br\/lecampo\/wp-content\/uploads\/sites\/10\/2020\/09\/Girasol.jpg\" alt=\"\"><\/strong> <a href=\"https:\/\/litoral.ufpr.br\/lecampo\/wp-content\/uploads\/sites\/10\/2025\/12\/Res.-no-22-25-CEPE-.pdf\">Calend\u00e1rio Acad\u00eamico 2026<\/a> &#8211; Resolu\u00e7\u00e3o CEPE n\u00ba 22\/2025 &#8211; Calend\u00e1rio Acad\u00eamico dos cursos de gradua\u00e7\u00e3o e educa\u00e7\u00e3o profissional e tecnol\u00f3gica da Universidade Federal do Paran\u00e1 para o ano letivo de 2026.\u00a0<\/p>\n\n\n\n<p><strong><img loading=\"lazy\" decoding=\"async\" width=\"20\" height=\"20\" src=\"https:\/\/litoral.ufpr.br\/lecampo\/wp-content\/uploads\/sites\/10\/2020\/09\/Girasol.jpg\" alt=\"\"><\/strong> <a href=\"https:\/\/soc.ufpr.br\/wp-content\/uploads\/2024\/12\/RESOLUCAO-No-21-24-CEPE-1.pdf\" target=\"_blank\" rel=\"noreferrer noopener\">Calend\u00e1rio Acad\u00eamico 2025<\/a> &#8211; Resolu\u00e7\u00e3o CEPE n\u00ba 21\/2024 &#8211; Calend\u00e1rio Acad\u00eamico dos cursos de gradua\u00e7\u00e3o do Setor Litoral da Universidade Federal do Paran\u00e1 para o ano letivo de 2025.<\/p>\n\n\n\n<p><strong><img loading=\"lazy\" decoding=\"async\" width=\"20\" height=\"20\" src=\"https:\/\/litoral.ufpr.br\/lecampo\/wp-content\/uploads\/sites\/10\/2020\/09\/Girasol.jpg\" alt=\"\"><\/strong> <a href=\"https:\/\/litoral.ufpr.br\/lecampo\/wp-content\/uploads\/sites\/10\/2024\/11\/Resolucao_12_24_CEPE-Calendario-2024-Pos-greve-Litoral.pdf\" target=\"_blank\" rel=\"noreferrer noopener\">Calend\u00e1rio Acad\u00eamico 2024<\/a> &#8211; Resolu\u00e7\u00e3o CEPE n\u00ba12\/2024 &#8211; Calend\u00e1rio Acad\u00eamico dos cursos de gradua\u00e7\u00e3o do Setor Litoral da Universidade Federal do Paran\u00e1 para o ano letivo de 2024. <strong><mark style=\"background-color:#fcb900\" class=\"has-inline-color has-black-color\">AP\u00d3S A GREVE<\/mark><\/strong><\/p>\n\n\n\n<p><strong><img loading=\"lazy\" decoding=\"async\" width=\"20\" height=\"20\" src=\"https:\/\/litoral.ufpr.br\/lecampo\/wp-content\/uploads\/sites\/10\/2020\/09\/Girasol.jpg\" alt=\"\"><\/strong> <a href=\"http:\/\/www.prograd.ufpr.br\/portal\/wp-content\/uploads\/2023\/12\/RESOLUCAO-No-93-23-CEPE-Litoral.pdf\" target=\"_blank\" rel=\"noreferrer noopener\">Calend\u00e1rio Acad\u00eamico 2024<\/a> &#8211; Resolu\u00e7\u00e3o CEPE n\u00ba 93\/2023 &#8211; Calend\u00e1rio Acad\u00eamico dos cursos de gradua\u00e7\u00e3o do Setor Litoral da UFPR para o ano letivo de 2024.<\/p>\n\n\n\n<p><strong><img loading=\"lazy\" decoding=\"async\" width=\"20\" height=\"20\" src=\"https:\/\/litoral.ufpr.br\/lecampo\/wp-content\/uploads\/sites\/10\/2020\/09\/Girasol.jpg\" alt=\"\"><\/strong> <a href=\"https:\/\/litoral.ufpr.br\/ambientais\/wp-content\/uploads\/sites\/12\/2023\/05\/Calendario-Academico-2023.pdf\" target=\"_blank\" rel=\"noreferrer noopener\">Calend\u00e1rio Acad\u00eamico 2023<\/a> &#8211; Resolu\u00e7\u00e3o CEPE n\u00ba 57\/2023 &#8211; Calend\u00e1rio acad\u00eamico da UFPR &#8211; Setor Litoral para o ano letivo de 2023.<\/p>\n\n\n\n<p><strong><img loading=\"lazy\" decoding=\"async\" width=\"20\" height=\"20\" src=\"https:\/\/litoral.ufpr.br\/lecampo\/wp-content\/uploads\/sites\/10\/2020\/09\/Girasol.jpg\" alt=\"\"><\/strong> <a href=\"https:\/\/litoral.ufpr.br\/lecampo\/wp-content\/uploads\/sites\/10\/2022\/05\/Res.31-22-CEPE-Calendario-academico-2022-1.pdf\" target=\"_blank\" rel=\"noreferrer noopener\">Calend\u00e1rio Acad\u00eamico 2022<\/a> &#8211; Resolu\u00e7\u00e3o CEPE n\u00ba 31\/2022 &#8211; Calend\u00e1rio acad\u00eamico da UFPR para o ano letivo de 2022.<\/p>\n\n\n\n<p><strong><img loading=\"lazy\" decoding=\"async\" width=\"20\" height=\"20\" src=\"https:\/\/litoral.ufpr.br\/lecampo\/wp-content\/uploads\/sites\/10\/2020\/09\/Girasol.jpg\" alt=\"\"><\/strong> <a href=\"https:\/\/litoral.ufpr.br\/wp-content\/uploads\/2021\/09\/Calendario-UFPR-2021-1.pdf\" target=\"_blank\" rel=\"noreferrer noopener\">Calend\u00e1rio Acad\u00eamico 2021<\/a> &#8211; Instru\u00e7\u00e3o Normativa Prograd n\u00ba 02\/2021 &#8211; Calend\u00e1rio acad\u00eamico da UFPR para o ano letivo de 2021<\/p>\n\n\n\n<p><\/p>\n\n\n\n<p class=\"has-text-align-right has-small-font-size\"><em><strong>Atualizado em 18\/12\/2025<\/strong><\/em><\/p>\n\n\n\n<p><\/p>\n","protected":false},"excerpt":{"rendered":"<p>Calend\u00e1rio Acad\u00eamico 2026 &#8211; Resolu\u00e7\u00e3o CEPE n\u00ba 22\/2025 &#8211; Calend\u00e1rio Acad\u00eamico dos cursos de gradua\u00e7\u00e3o e educa\u00e7\u00e3o profissional e tecnol\u00f3gica da Universidade Federal do Paran\u00e1 para o ano letivo de 2026.\u00a0 Calend\u00e1rio Acad\u00eamico 2025 &#8211; Resolu\u00e7\u00e3o CEPE n\u00ba 21\/2024 &#8211; Calend\u00e1rio Acad\u00eamico dos cursos de gradua\u00e7\u00e3o do Setor Litoral da Universidade Federal do Paran\u00e1 para [&hellip;]<\/p>\n","protected":false},"author":3,"featured_media":0,"parent":160,"menu_order":0,"comment_status":"closed","ping_status":"closed","template":"","meta":{"_acf_changed":false,"footnotes":""},"class_list":["post-355","page","type-page","status-publish","hentry"],"acf":[],"_links":{"self":[{"href":"https:\/\/litoral.ufpr.br\/lecampo\/wp-json\/wp\/v2\/pages\/355","targetHints":{"allow":["GET"]}}],"collection":[{"href":"https:\/\/litoral.ufpr.br\/lecampo\/wp-json\/wp\/v2\/pages"}],"about":[{"href":"https:\/\/litoral.ufpr.br\/lecampo\/wp-json\/wp\/v2\/types\/page"}],"author":[{"embeddable":true,"href":"https:\/\/litoral.ufpr.br\/lecampo\/wp-json\/wp\/v2\/users\/3"}],"replies":[{"embeddable":true,"href":"https:\/\/litoral.ufpr.br\/lecampo\/wp-json\/wp\/v2\/comments?post=355"}],"version-history":[{"count":25,"href":"https:\/\/litoral.ufpr.br\/lecampo\/wp-json\/wp\/v2\/pages\/355\/revisions"}],"predecessor-version":[{"id":2450,"href":"https:\/\/litoral.ufpr.br\/lecampo\/wp-json\/wp\/v2\/pages\/355\/revisions\/2450"}],"up":[{"embeddable":true,"href":"https:\/\/litoral.ufpr.br\/lecampo\/wp-json\/wp\/v2\/pages\/160"}],"wp:attachment":[{"href":"https:\/\/litoral.ufpr.br\/lecampo\/wp-json\/wp\/v2\/media?parent=355"}],"curies":[{"name":"wp","href":"https:\/\/api.w.org\/{rel}","templated":true}]}}