{"id":2365,"date":"2025-10-15T10:37:58","date_gmt":"2025-10-15T13:37:58","guid":{"rendered":"https:\/\/litoral.ufpr.br\/lecampo\/?page_id=2365"},"modified":"2025-10-15T13:58:17","modified_gmt":"2025-10-15T16:58:17","slug":"centro-academico","status":"publish","type":"page","link":"https:\/\/litoral.ufpr.br\/lecampo\/centro-academico\/","title":{"rendered":"Centro Acad\u00eamico"},"content":{"rendered":"\n<p>O<strong> Centro Acad\u00eamico 20 de Novembro<\/strong>\u00a0do Curso de Licenciatura em Educa\u00e7\u00e3o do Campo &#8211; Ci\u00eancias da Natureza da UFPR tem entre seus princ\u00edpios defender uma Educa\u00e7\u00e3o que seja emancipadora; uma Educa\u00e7\u00e3o\u00a0que respeite a realidade e as particularidades dos educandos e das educandas da Educa\u00e7\u00e3o do Campo; que leve em considera\u00e7\u00e3o aspectos sociais, culturais, de g\u00eanero, de ra\u00e7a, de etnia, ambientais, pol\u00edticos e econ\u00f4micos da Educa\u00e7\u00e3o do Campo como forma de di\u00e1logo com a sociedade onde os educandos e educandas est\u00e3o inseridos. Temos a Agroecologia como base principal para ocupa\u00e7\u00e3o, perman\u00eancia e resist\u00eancia territorial da classe trabalhadora dos povos do campo, das \u00e1guas e das florestas. <\/p>\n\n\n\n<p>O C.A. atua na defesa dos interesses e direitos dos estudantes do curso, sendo o elo entre o corpo discente, a coordena\u00e7\u00e3o do curso e a universidade. Possui um forte v\u00ednculo com os movimentos sociais e populares do campo, que historicamente demandaram e constru\u00edram a Educa\u00e7\u00e3o do Campo. Em resumo, o C.A. 20 de Novembro se diferencia por seu engajamento na defesa da educa\u00e7\u00e3o p\u00fablica, de qualidade e emancipat\u00f3ria para os povos do campo, das \u00e1guas e das florestas.<\/p>\n\n\n\n<p><strong><img loading=\"lazy\" decoding=\"async\" width=\"20\" height=\"20\" class=\"alignnone  wp-image-678\" src=\"https:\/\/litoral.ufpr.br\/lecampo\/wp-content\/uploads\/sites\/10\/2020\/09\/Girasol.jpg\" alt=\"\" srcset=\"https:\/\/litoral.ufpr.br\/lecampo\/wp-content\/uploads\/sites\/10\/2020\/09\/Girasol.jpg 225w, https:\/\/litoral.ufpr.br\/lecampo\/wp-content\/uploads\/sites\/10\/2020\/09\/Girasol-150x150.jpg 150w\" sizes=\"auto, (max-width: 20px) 100vw, 20px\" \/><\/strong> <strong>Estatuto de Centro Acad\u00eamico 20 de Novembro:<\/strong> <a rel=\"noreferrer noopener\" href=\"https:\/\/litoral.ufpr.br\/lecampo\/wp-content\/uploads\/sites\/10\/2025\/10\/ESTATUTO-CA-20-DE-NOVEMBRO.pdf\" target=\"_blank\">clique aqui<\/a><\/p>\n\n\n\n<p><\/p>\n\n\n\n<h1 class=\"has-text-align-center has-text-color wp-block-heading\" style=\"color:#e30000\">ELEI\u00c7\u00d5ES PARA REPRESENTANTES DO CENTRO ACAD\u00caMICO NO PR\u00d3XIMO ENCONTRO DAS TURMAS<\/h1>\n\n\n\n<p class=\"has-text-align-right has-small-font-size\"><strong>Atualizado em 15\/10\/2025 \u00e0s 13h57<\/strong><\/p>\n\n\n\n<figure class=\"wp-block-image size-large\"><img loading=\"lazy\" decoding=\"async\" width=\"1024\" height=\"357\" src=\"https:\/\/litoral.ufpr.br\/lecampo\/wp-content\/uploads\/sites\/10\/2023\/05\/342347254_618282086874894_4351894307032619526_n-1024x357.png\" alt=\"\" class=\"wp-image-1455\" srcset=\"https:\/\/litoral.ufpr.br\/lecampo\/wp-content\/uploads\/sites\/10\/2023\/05\/342347254_618282086874894_4351894307032619526_n-1024x357.png 1024w, https:\/\/litoral.ufpr.br\/lecampo\/wp-content\/uploads\/sites\/10\/2023\/05\/342347254_618282086874894_4351894307032619526_n-300x104.png 300w, https:\/\/litoral.ufpr.br\/lecampo\/wp-content\/uploads\/sites\/10\/2023\/05\/342347254_618282086874894_4351894307032619526_n-768x267.png 768w, https:\/\/litoral.ufpr.br\/lecampo\/wp-content\/uploads\/sites\/10\/2023\/05\/342347254_618282086874894_4351894307032619526_n.png 1364w\" sizes=\"auto, (max-width: 1024px) 100vw, 1024px\" \/><\/figure>\n","protected":false},"excerpt":{"rendered":"<p>O Centro Acad\u00eamico 20 de Novembro\u00a0do Curso de Licenciatura em Educa\u00e7\u00e3o do Campo &#8211; Ci\u00eancias da Natureza da UFPR tem entre seus princ\u00edpios defender uma Educa\u00e7\u00e3o que seja emancipadora; uma Educa\u00e7\u00e3o\u00a0que respeite a realidade e as particularidades dos educandos e das educandas da Educa\u00e7\u00e3o do Campo; que leve em considera\u00e7\u00e3o aspectos sociais, culturais, de g\u00eanero, [&hellip;]<\/p>\n","protected":false},"author":1645,"featured_media":0,"parent":0,"menu_order":0,"comment_status":"closed","ping_status":"closed","template":"","meta":{"_acf_changed":false,"footnotes":""},"class_list":["post-2365","page","type-page","status-publish","hentry"],"acf":[],"_links":{"self":[{"href":"https:\/\/litoral.ufpr.br\/lecampo\/wp-json\/wp\/v2\/pages\/2365","targetHints":{"allow":["GET"]}}],"collection":[{"href":"https:\/\/litoral.ufpr.br\/lecampo\/wp-json\/wp\/v2\/pages"}],"about":[{"href":"https:\/\/litoral.ufpr.br\/lecampo\/wp-json\/wp\/v2\/types\/page"}],"author":[{"embeddable":true,"href":"https:\/\/litoral.ufpr.br\/lecampo\/wp-json\/wp\/v2\/users\/1645"}],"replies":[{"embeddable":true,"href":"https:\/\/litoral.ufpr.br\/lecampo\/wp-json\/wp\/v2\/comments?post=2365"}],"version-history":[{"count":3,"href":"https:\/\/litoral.ufpr.br\/lecampo\/wp-json\/wp\/v2\/pages\/2365\/revisions"}],"predecessor-version":[{"id":2383,"href":"https:\/\/litoral.ufpr.br\/lecampo\/wp-json\/wp\/v2\/pages\/2365\/revisions\/2383"}],"wp:attachment":[{"href":"https:\/\/litoral.ufpr.br\/lecampo\/wp-json\/wp\/v2\/media?parent=2365"}],"curies":[{"name":"wp","href":"https:\/\/api.w.org\/{rel}","templated":true}]}}