{"id":2339,"date":"2025-10-15T09:19:30","date_gmt":"2025-10-15T12:19:30","guid":{"rendered":"https:\/\/litoral.ufpr.br\/lecampo\/?page_id=2339"},"modified":"2025-10-15T09:22:04","modified_gmt":"2025-10-15T12:22:04","slug":"acoes-de-extensao","status":"publish","type":"page","link":"https:\/\/litoral.ufpr.br\/lecampo\/acoes-de-extensao\/","title":{"rendered":"A\u00e7\u00f5es de Extens\u00e3o"},"content":{"rendered":"\n<p><strong><img loading=\"lazy\" decoding=\"async\" width=\"20\" height=\"20\" class=\"alignnone  wp-image-678\" src=\"https:\/\/litoral.ufpr.br\/lecampo\/wp-content\/uploads\/sites\/10\/2020\/09\/Girasol.jpg\" alt=\"\" srcset=\"https:\/\/litoral.ufpr.br\/lecampo\/wp-content\/uploads\/sites\/10\/2020\/09\/Girasol.jpg 225w, https:\/\/litoral.ufpr.br\/lecampo\/wp-content\/uploads\/sites\/10\/2020\/09\/Girasol-150x150.jpg 150w\" sizes=\"auto, (max-width: 20px) 100vw, 20px\" \/> Projeto de Extens\u00e3o Laborat\u00f3rio de Educa\u00e7\u00e3o do Campo, das \u00c1guas e das florestas<\/strong><\/p>\n\n\n\n<p class=\"has-black-color has-text-color\">Coordenador Adalberto Penha de Paula <\/p>\n\n\n\n<hr class=\"wp-block-separator has-alpha-channel-opacity\" \/>\n\n\n\n<div class=\"wp-block-group has-black-color has-text-color is-horizontal is-content-justification-center is-nowrap is-layout-flex wp-container-core-group-is-layout-7c17ba18 wp-block-group-is-layout-flex\">\n<hr class=\"wp-block-separator has-text-color has-black-color has-alpha-channel-opacity has-black-background-color has-background is-style-wide\" \/>\n<\/div>\n\n\n\n<p><strong><img loading=\"lazy\" decoding=\"async\" width=\"20\" height=\"20\" class=\"alignnone  wp-image-678\" src=\"https:\/\/litoral.ufpr.br\/lecampo\/wp-content\/uploads\/sites\/10\/2020\/09\/Girasol.jpg\" alt=\"\" srcset=\"https:\/\/litoral.ufpr.br\/lecampo\/wp-content\/uploads\/sites\/10\/2020\/09\/Girasol.jpg 225w, https:\/\/litoral.ufpr.br\/lecampo\/wp-content\/uploads\/sites\/10\/2020\/09\/Girasol-150x150.jpg 150w\" sizes=\"auto, (max-width: 20px) 100vw, 20px\" \/> Projeto de Extens\u00e3o Mulheres pensadoras da realidade<\/strong><\/p>\n\n\n\n<p>Coordenadora \u00c2ndrea Francine Batista<\/p>\n\n\n\n<hr class=\"wp-block-separator has-alpha-channel-opacity\" \/>\n\n\n\n<p><strong><img loading=\"lazy\" decoding=\"async\" width=\"20\" height=\"20\" class=\"alignnone  wp-image-678\" src=\"https:\/\/litoral.ufpr.br\/lecampo\/wp-content\/uploads\/sites\/10\/2020\/09\/Girasol.jpg\" alt=\"\" srcset=\"https:\/\/litoral.ufpr.br\/lecampo\/wp-content\/uploads\/sites\/10\/2020\/09\/Girasol.jpg 225w, https:\/\/litoral.ufpr.br\/lecampo\/wp-content\/uploads\/sites\/10\/2020\/09\/Girasol-150x150.jpg 150w\" sizes=\"auto, (max-width: 20px) 100vw, 20px\" \/><\/strong> <strong>Projeto de Extens\u00e3o Xiloteca Cai\u00e7ara<\/strong><\/p>\n\n\n\n<p>Coordenadora Andressa Kerecz Tavares<\/p>\n\n\n\n<hr class=\"wp-block-separator has-alpha-channel-opacity\" \/>\n\n\n\n<p><strong><img loading=\"lazy\" decoding=\"async\" width=\"20\" height=\"20\" class=\"alignnone  wp-image-678\" src=\"https:\/\/litoral.ufpr.br\/lecampo\/wp-content\/uploads\/sites\/10\/2020\/09\/Girasol.jpg\" alt=\"\" srcset=\"https:\/\/litoral.ufpr.br\/lecampo\/wp-content\/uploads\/sites\/10\/2020\/09\/Girasol.jpg 225w, https:\/\/litoral.ufpr.br\/lecampo\/wp-content\/uploads\/sites\/10\/2020\/09\/Girasol-150x150.jpg 150w\" sizes=\"auto, (max-width: 20px) 100vw, 20px\" \/><\/strong> <strong>Projeto de Extens\u00e3o Forma\u00e7\u00e3o de professores em controv\u00e9rsias sociocient\u00edficas: integra\u00e7\u00e3o universidade-escola para uma educa\u00e7\u00e3o cidad\u00e3<\/strong><\/p>\n\n\n\n<p>Coordenadora Carla Krupczak<\/p>\n\n\n\n<hr class=\"wp-block-separator has-alpha-channel-opacity\" \/>\n\n\n\n<p><strong><img loading=\"lazy\" decoding=\"async\" width=\"20\" height=\"20\" class=\"alignnone  wp-image-678\" src=\"https:\/\/litoral.ufpr.br\/lecampo\/wp-content\/uploads\/sites\/10\/2020\/09\/Girasol.jpg\" alt=\"\" srcset=\"https:\/\/litoral.ufpr.br\/lecampo\/wp-content\/uploads\/sites\/10\/2020\/09\/Girasol.jpg 225w, https:\/\/litoral.ufpr.br\/lecampo\/wp-content\/uploads\/sites\/10\/2020\/09\/Girasol-150x150.jpg 150w\" sizes=\"auto, (max-width: 20px) 100vw, 20px\" \/><\/strong> <strong>Projeto de Extens\u00e3o A gen\u00e9tica tem cor? Divulga\u00e7\u00e3o cient\u00edfica da Presen\u00e7a\/Aus\u00eancia da ancestralidade africana nos estudos de Gen\u00e9tica<\/strong><\/p>\n\n\n\n<p>Coordenadora Claudemira Vieira Gusm\u00e3o Lopes<\/p>\n\n\n\n<hr class=\"wp-block-separator has-alpha-channel-opacity\" \/>\n\n\n\n<p><strong><img loading=\"lazy\" decoding=\"async\" width=\"20\" height=\"20\" class=\"alignnone  wp-image-678\" src=\"https:\/\/litoral.ufpr.br\/lecampo\/wp-content\/uploads\/sites\/10\/2020\/09\/Girasol.jpg\" alt=\"\" srcset=\"https:\/\/litoral.ufpr.br\/lecampo\/wp-content\/uploads\/sites\/10\/2020\/09\/Girasol.jpg 225w, https:\/\/litoral.ufpr.br\/lecampo\/wp-content\/uploads\/sites\/10\/2020\/09\/Girasol-150x150.jpg 150w\" sizes=\"auto, (max-width: 20px) 100vw, 20px\" \/><\/strong> <strong>Projeto de Extens\u00e3o Ci\u00eancia Cidad\u00e3 na Forma\u00e7\u00e3o de Professores<\/strong><\/p>\n\n\n\n<p>Coordenadora Claudemira Vieira Gusm\u00e3o Lopes<\/p>\n\n\n\n<hr class=\"wp-block-separator has-alpha-channel-opacity\" \/>\n\n\n\n<p><strong><img loading=\"lazy\" decoding=\"async\" width=\"20\" height=\"20\" class=\"alignnone  wp-image-678\" src=\"https:\/\/litoral.ufpr.br\/lecampo\/wp-content\/uploads\/sites\/10\/2020\/09\/Girasol.jpg\" alt=\"\" srcset=\"https:\/\/litoral.ufpr.br\/lecampo\/wp-content\/uploads\/sites\/10\/2020\/09\/Girasol.jpg 225w, https:\/\/litoral.ufpr.br\/lecampo\/wp-content\/uploads\/sites\/10\/2020\/09\/Girasol-150x150.jpg 150w\" sizes=\"auto, (max-width: 20px) 100vw, 20px\" \/> Projeto de Extens\u00e3o Arboreto-escola: restinga<\/strong><\/p>\n\n\n\n<p>Coordenador Fernando Campanh\u00e3 Bechara<\/p>\n\n\n\n<hr class=\"wp-block-separator has-alpha-channel-opacity\" \/>\n\n\n\n<p><strong><img loading=\"lazy\" decoding=\"async\" width=\"20\" height=\"20\" class=\"alignnone  wp-image-678\" src=\"https:\/\/litoral.ufpr.br\/lecampo\/wp-content\/uploads\/sites\/10\/2020\/09\/Girasol.jpg\" alt=\"\" srcset=\"https:\/\/litoral.ufpr.br\/lecampo\/wp-content\/uploads\/sites\/10\/2020\/09\/Girasol.jpg 225w, https:\/\/litoral.ufpr.br\/lecampo\/wp-content\/uploads\/sites\/10\/2020\/09\/Girasol-150x150.jpg 150w\" sizes=\"auto, (max-width: 20px) 100vw, 20px\" \/><\/strong> <strong>Projeto de Extens\u00e3o M\u00faltiplas linguagens na Educa\u00e7\u00e3o do Campo<\/strong><\/p>\n\n\n\n<p>Coordenador J\u00falio C\u00e9sar David Ferreira<\/p>\n\n\n\n<hr class=\"wp-block-separator has-alpha-channel-opacity\" \/>\n\n\n\n<p><strong><img loading=\"lazy\" decoding=\"async\" width=\"20\" height=\"20\" class=\"alignnone  wp-image-678\" src=\"https:\/\/litoral.ufpr.br\/lecampo\/wp-content\/uploads\/sites\/10\/2020\/09\/Girasol.jpg\" alt=\"\" srcset=\"https:\/\/litoral.ufpr.br\/lecampo\/wp-content\/uploads\/sites\/10\/2020\/09\/Girasol.jpg 225w, https:\/\/litoral.ufpr.br\/lecampo\/wp-content\/uploads\/sites\/10\/2020\/09\/Girasol-150x150.jpg 150w\" sizes=\"auto, (max-width: 20px) 100vw, 20px\" \/> <strong>Projeto de Extens\u00e3o \u00c1gua na Comunidade<\/strong> <\/strong><\/p>\n\n\n\n<p>Coordenador Luiz Everson da Silva<\/p>\n\n\n\n<hr class=\"wp-block-separator has-alpha-channel-opacity\" \/>\n\n\n\n<p><strong><img loading=\"lazy\" decoding=\"async\" width=\"20\" height=\"20\" class=\"alignnone  wp-image-678\" src=\"https:\/\/litoral.ufpr.br\/lecampo\/wp-content\/uploads\/sites\/10\/2020\/09\/Girasol.jpg\" alt=\"\" srcset=\"https:\/\/litoral.ufpr.br\/lecampo\/wp-content\/uploads\/sites\/10\/2020\/09\/Girasol.jpg 225w, https:\/\/litoral.ufpr.br\/lecampo\/wp-content\/uploads\/sites\/10\/2020\/09\/Girasol-150x150.jpg 150w\" sizes=\"auto, (max-width: 20px) 100vw, 20px\" \/> Projeto de Extens\u00e3o N\u00facleo de Defesa de Direitos de Povos e Comunidades Tradicionais &#8211; NUPOVOS<\/strong><\/p>\n\n\n\n<p>Coordenador Marcelo Cunha Varella<\/p>\n\n\n\n<hr class=\"wp-block-separator has-alpha-channel-opacity\" \/>\n\n\n\n<p><strong><img loading=\"lazy\" decoding=\"async\" width=\"20\" height=\"20\" class=\"alignnone  wp-image-678\" src=\"https:\/\/litoral.ufpr.br\/lecampo\/wp-content\/uploads\/sites\/10\/2020\/09\/Girasol.jpg\" alt=\"\" srcset=\"https:\/\/litoral.ufpr.br\/lecampo\/wp-content\/uploads\/sites\/10\/2020\/09\/Girasol.jpg 225w, https:\/\/litoral.ufpr.br\/lecampo\/wp-content\/uploads\/sites\/10\/2020\/09\/Girasol-150x150.jpg 150w\" sizes=\"auto, (max-width: 20px) 100vw, 20px\" \/> Projeto de Extens\u00e3o Forma\u00e7\u00e3o de professores\/as: Cartografando o territ\u00f3rio da Educa\u00e7\u00e3o do Campo, das \u00c1guas e das Florestas a partir das escolas p\u00fablicas com PIBID\/Educa\u00e7\u00e3o do Campo<\/strong><\/p>\n\n\n\n<p class=\"has-black-color has-text-color\">Coordenadora Maria Isabel Farias<\/p>\n\n\n\n<hr class=\"wp-block-separator has-alpha-channel-opacity\" \/>\n\n\n\n<p><strong><img loading=\"lazy\" decoding=\"async\" width=\"20\" height=\"20\" class=\"alignnone  wp-image-678\" src=\"https:\/\/litoral.ufpr.br\/lecampo\/wp-content\/uploads\/sites\/10\/2020\/09\/Girasol.jpg\" alt=\"\" srcset=\"https:\/\/litoral.ufpr.br\/lecampo\/wp-content\/uploads\/sites\/10\/2020\/09\/Girasol.jpg 225w, https:\/\/litoral.ufpr.br\/lecampo\/wp-content\/uploads\/sites\/10\/2020\/09\/Girasol-150x150.jpg 150w\" sizes=\"auto, (max-width: 20px) 100vw, 20px\" \/><\/strong> <strong>Programa de Extens\u00e3o Saberes e Fazeres do Mar<\/strong><\/p>\n\n\n\n<p>Coordenadora Vanessa Marion Andreoli<\/p>\n\n\n\n<hr class=\"wp-block-separator has-alpha-channel-opacity\" \/>\n\n\n\n<p><strong><img loading=\"lazy\" decoding=\"async\" width=\"20\" height=\"20\" class=\"alignnone  wp-image-678\" src=\"https:\/\/litoral.ufpr.br\/lecampo\/wp-content\/uploads\/sites\/10\/2020\/09\/Girasol.jpg\" alt=\"\" srcset=\"https:\/\/litoral.ufpr.br\/lecampo\/wp-content\/uploads\/sites\/10\/2020\/09\/Girasol.jpg 225w, https:\/\/litoral.ufpr.br\/lecampo\/wp-content\/uploads\/sites\/10\/2020\/09\/Girasol-150x150.jpg 150w\" sizes=\"auto, (max-width: 20px) 100vw, 20px\" \/> Projeto de Extens\u00e3o A\u00e7\u00f5es de comunica\u00e7\u00e3o e divulga\u00e7\u00e3o cient\u00edfica no \u00e2mbito do desenvolvimento territorial sustent\u00e1vel<\/strong><\/p>\n\n\n\n<p>Coordenadora Viviane Camejo Pereira<\/p>\n\n\n\n<hr class=\"wp-block-separator has-alpha-channel-opacity\" \/>\n\n\n\n<p><strong><img loading=\"lazy\" decoding=\"async\" width=\"20\" height=\"20\" class=\"alignnone  wp-image-678\" src=\"https:\/\/litoral.ufpr.br\/lecampo\/wp-content\/uploads\/sites\/10\/2020\/09\/Girasol.jpg\" alt=\"\" srcset=\"https:\/\/litoral.ufpr.br\/lecampo\/wp-content\/uploads\/sites\/10\/2020\/09\/Girasol.jpg 225w, https:\/\/litoral.ufpr.br\/lecampo\/wp-content\/uploads\/sites\/10\/2020\/09\/Girasol-150x150.jpg 150w\" sizes=\"auto, (max-width: 20px) 100vw, 20px\" \/><\/strong> <strong>Projeto de Extens\u00e3o Meio ambiente, alimento e educa\u00e7\u00e3o: interfaces para a sustentabilidade<\/strong><\/p>\n\n\n\n<p>Coordenadora Viviane Camejo Pereira<\/p>\n\n\n\n<hr class=\"wp-block-separator has-alpha-channel-opacity\" \/>\n\n\n\n<p class=\"has-text-align-right has-small-font-size\"><strong>Atualizado em 15\/10\/2025 \u00e0s 9h21<\/strong><\/p>\n","protected":false},"excerpt":{"rendered":"<p>Projeto de Extens\u00e3o Laborat\u00f3rio de Educa\u00e7\u00e3o do Campo, das \u00c1guas e das florestas Coordenador Adalberto Penha de Paula Projeto de Extens\u00e3o Mulheres pensadoras da realidade Coordenadora \u00c2ndrea Francine Batista Projeto de Extens\u00e3o Xiloteca Cai\u00e7ara Coordenadora Andressa Kerecz Tavares Projeto de Extens\u00e3o Forma\u00e7\u00e3o de professores em controv\u00e9rsias sociocient\u00edficas: integra\u00e7\u00e3o universidade-escola para uma educa\u00e7\u00e3o cidad\u00e3 Coordenadora Carla [&hellip;]<\/p>\n","protected":false},"author":1645,"featured_media":0,"parent":0,"menu_order":0,"comment_status":"closed","ping_status":"closed","template":"","meta":{"_acf_changed":false,"footnotes":""},"class_list":["post-2339","page","type-page","status-publish","hentry"],"acf":[],"_links":{"self":[{"href":"https:\/\/litoral.ufpr.br\/lecampo\/wp-json\/wp\/v2\/pages\/2339","targetHints":{"allow":["GET"]}}],"collection":[{"href":"https:\/\/litoral.ufpr.br\/lecampo\/wp-json\/wp\/v2\/pages"}],"about":[{"href":"https:\/\/litoral.ufpr.br\/lecampo\/wp-json\/wp\/v2\/types\/page"}],"author":[{"embeddable":true,"href":"https:\/\/litoral.ufpr.br\/lecampo\/wp-json\/wp\/v2\/users\/1645"}],"replies":[{"embeddable":true,"href":"https:\/\/litoral.ufpr.br\/lecampo\/wp-json\/wp\/v2\/comments?post=2339"}],"version-history":[{"count":2,"href":"https:\/\/litoral.ufpr.br\/lecampo\/wp-json\/wp\/v2\/pages\/2339\/revisions"}],"predecessor-version":[{"id":2344,"href":"https:\/\/litoral.ufpr.br\/lecampo\/wp-json\/wp\/v2\/pages\/2339\/revisions\/2344"}],"wp:attachment":[{"href":"https:\/\/litoral.ufpr.br\/lecampo\/wp-json\/wp\/v2\/media?parent=2339"}],"curies":[{"name":"wp","href":"https:\/\/api.w.org\/{rel}","templated":true}]}}