{"id":2236,"date":"2025-10-13T10:03:34","date_gmt":"2025-10-13T13:03:34","guid":{"rendered":"https:\/\/litoral.ufpr.br\/lecampo\/?page_id=2236"},"modified":"2025-10-15T10:54:38","modified_gmt":"2025-10-15T13:54:38","slug":"redes-sociais","status":"publish","type":"page","link":"https:\/\/litoral.ufpr.br\/lecampo\/redes-sociais\/","title":{"rendered":"Redes Sociais"},"content":{"rendered":"\n<p><strong><img loading=\"lazy\" decoding=\"async\" width=\"20\" height=\"20\" src=\"https:\/\/litoral.ufpr.br\/lecampo\/wp-content\/uploads\/sites\/10\/2020\/09\/Girasol.jpg\" alt=\"\"><\/strong> Instagram do Curso: <a rel=\"noreferrer noopener\" href=\"https:\/\/www.instagram.com\/lecampo.ufprlitoral?igsh=NGticzhqc2I5bHZu\" target=\"_blank\">@lecampo.ufprlitoral<\/a><\/p>\n\n\n\n<p><strong><img loading=\"lazy\" decoding=\"async\" width=\"20\" height=\"20\" src=\"https:\/\/litoral.ufpr.br\/lecampo\/wp-content\/uploads\/sites\/10\/2020\/09\/Girasol.jpg\" alt=\"\"><\/strong> Instagram do PET Educa\u00e7\u00e3o do Campo, das \u00c1guas e das Florestas: <a rel=\"noreferrer noopener\" href=\"https:\/\/www.instagram.com\/pet_educampo?igsh=cWRremEzaDhjaGEw\" target=\"_blank\">@pet_educampo<\/a><\/p>\n\n\n\n<p><strong><img loading=\"lazy\" decoding=\"async\" width=\"20\" height=\"20\" src=\"https:\/\/litoral.ufpr.br\/lecampo\/wp-content\/uploads\/sites\/10\/2020\/09\/Girasol.jpg\" alt=\"\"><\/strong> Instagram do Centro Acad\u00eamico 20 de Novembro: <a rel=\"noreferrer noopener\" href=\"https:\/\/www.instagram.com\/c.a.20denovembroufpr?igsh=cnE3YTljZTMwbml1\" target=\"_blank\">@c.a.20denovembroufpr<\/a><\/p>\n\n\n\n<figure class=\"wp-block-image size-large\"><img loading=\"lazy\" decoding=\"async\" width=\"1024\" height=\"357\" src=\"https:\/\/litoral.ufpr.br\/lecampo\/wp-content\/uploads\/sites\/10\/2023\/05\/342347254_618282086874894_4351894307032619526_n-1024x357.png\" alt=\"\" class=\"wp-image-1455\" srcset=\"https:\/\/litoral.ufpr.br\/lecampo\/wp-content\/uploads\/sites\/10\/2023\/05\/342347254_618282086874894_4351894307032619526_n-1024x357.png 1024w, https:\/\/litoral.ufpr.br\/lecampo\/wp-content\/uploads\/sites\/10\/2023\/05\/342347254_618282086874894_4351894307032619526_n-300x104.png 300w, https:\/\/litoral.ufpr.br\/lecampo\/wp-content\/uploads\/sites\/10\/2023\/05\/342347254_618282086874894_4351894307032619526_n-768x267.png 768w, https:\/\/litoral.ufpr.br\/lecampo\/wp-content\/uploads\/sites\/10\/2023\/05\/342347254_618282086874894_4351894307032619526_n.png 1364w\" sizes=\"auto, (max-width: 1024px) 100vw, 1024px\" \/><\/figure>\n","protected":false},"excerpt":{"rendered":"<p>Instagram do Curso: @lecampo.ufprlitoral Instagram do PET Educa\u00e7\u00e3o do Campo, das \u00c1guas e das Florestas: @pet_educampo Instagram do Centro Acad\u00eamico 20 de Novembro: @c.a.20denovembroufpr<\/p>\n","protected":false},"author":1645,"featured_media":0,"parent":0,"menu_order":0,"comment_status":"closed","ping_status":"closed","template":"","meta":{"_acf_changed":false,"footnotes":""},"class_list":["post-2236","page","type-page","status-publish","hentry"],"acf":[],"_links":{"self":[{"href":"https:\/\/litoral.ufpr.br\/lecampo\/wp-json\/wp\/v2\/pages\/2236","targetHints":{"allow":["GET"]}}],"collection":[{"href":"https:\/\/litoral.ufpr.br\/lecampo\/wp-json\/wp\/v2\/pages"}],"about":[{"href":"https:\/\/litoral.ufpr.br\/lecampo\/wp-json\/wp\/v2\/types\/page"}],"author":[{"embeddable":true,"href":"https:\/\/litoral.ufpr.br\/lecampo\/wp-json\/wp\/v2\/users\/1645"}],"replies":[{"embeddable":true,"href":"https:\/\/litoral.ufpr.br\/lecampo\/wp-json\/wp\/v2\/comments?post=2236"}],"version-history":[{"count":3,"href":"https:\/\/litoral.ufpr.br\/lecampo\/wp-json\/wp\/v2\/pages\/2236\/revisions"}],"predecessor-version":[{"id":2378,"href":"https:\/\/litoral.ufpr.br\/lecampo\/wp-json\/wp\/v2\/pages\/2236\/revisions\/2378"}],"wp:attachment":[{"href":"https:\/\/litoral.ufpr.br\/lecampo\/wp-json\/wp\/v2\/media?parent=2236"}],"curies":[{"name":"wp","href":"https:\/\/api.w.org\/{rel}","templated":true}]}}