{"id":2194,"date":"2025-08-22T10:22:09","date_gmt":"2025-08-22T13:22:09","guid":{"rendered":"https:\/\/litoral.ufpr.br\/lecampo\/?page_id=2194"},"modified":"2025-10-15T10:54:10","modified_gmt":"2025-10-15T13:54:10","slug":"indicadores-do-curso","status":"publish","type":"page","link":"https:\/\/litoral.ufpr.br\/lecampo\/indicadores-do-curso\/","title":{"rendered":"Indicadores do Curso"},"content":{"rendered":"\n<p><strong>CONCEITO DO MEC<\/strong><\/p>\n\n\n\n<figure class=\"wp-block-table\"><table><tbody><tr><td class=\"has-text-align-center\" data-align=\"center\">2018<\/td><td class=\"has-text-align-center\" data-align=\"center\">5 (conceito m\u00e1ximo)<\/td><\/tr><tr><td class=\"has-text-align-center\" data-align=\"center\">2015<\/td><td class=\"has-text-align-center\" data-align=\"center\">5 (conceito m\u00e1ximo)<\/td><\/tr><\/tbody><\/table><\/figure>\n\n\n\n<p><strong>ATOS REGULAT\u00d3RIOS DO CURSO<\/strong><\/p>\n\n\n\n<p>Credenciamento da Institui\u00e7\u00e3o: <a href=\"https:\/\/www2.camara.leg.br\/legin\/fed\/declei\/1940-1949\/decreto-lei-9323-6-junho-1946-417411-publicacaooriginal-1-pe.html#:~:text=Disp%C3%B5e%20sobre%20a%20equipara%C3%A7%C3%A3o%20da,e%20aprova%20os%20respectivos%20Estatutos.\" target=\"_blank\" rel=\"noreferrer noopener\">Decreto n\u00ba 9323, de 6 junho de 1946<\/a><\/p>\n\n\n\n<p>Autoriza\u00e7\u00e3o do Curso: <a rel=\"noreferrer noopener\" href=\"https:\/\/litoral.ufpr.br\/lecampo\/wp-content\/uploads\/sites\/10\/2025\/08\/1-Portaria-de-Autorizacao-Curso-de-Farmacia-n.-816-29-10-2015.pdf\" target=\"_blank\">Portaria n\u00ba 816 de 29 de outubro de 2015<\/a><\/p>\n\n\n\n<p>Altera\u00e7\u00e3o da Denomina\u00e7\u00e3o de Curso: <a href=\"https:\/\/litoral.ufpr.br\/lecampo\/wp-content\/uploads\/sites\/10\/2025\/08\/130788.pdf\" target=\"_blank\" rel=\"noreferrer noopener\">Resolu\u00e7\u00e3o 19\/19 &#8211; CEPE, de 29 de agosto de 2019<\/a><\/p>\n\n\n\n<p>Reconhecimento do Curso em 2018: <a href=\"https:\/\/litoral.ufpr.br\/lecampo\/wp-content\/uploads\/sites\/10\/2025\/08\/395128_10152.pdf\" target=\"_blank\" rel=\"noreferrer noopener\">Portaria n\u00ba 877, de 17 de dezembro de 2018<\/a><\/p>\n\n\n\n<p class=\"has-text-align-right has-small-font-size\"><strong>Atualizado em 14\/10\/2025 \u00e0s 11h47<\/strong><\/p>\n\n\n\n<figure class=\"wp-block-image size-large\"><img loading=\"lazy\" decoding=\"async\" width=\"1024\" height=\"357\" src=\"https:\/\/litoral.ufpr.br\/lecampo\/wp-content\/uploads\/sites\/10\/2023\/05\/342347254_618282086874894_4351894307032619526_n-1024x357.png\" alt=\"\" class=\"wp-image-1455\" srcset=\"https:\/\/litoral.ufpr.br\/lecampo\/wp-content\/uploads\/sites\/10\/2023\/05\/342347254_618282086874894_4351894307032619526_n-1024x357.png 1024w, https:\/\/litoral.ufpr.br\/lecampo\/wp-content\/uploads\/sites\/10\/2023\/05\/342347254_618282086874894_4351894307032619526_n-300x104.png 300w, https:\/\/litoral.ufpr.br\/lecampo\/wp-content\/uploads\/sites\/10\/2023\/05\/342347254_618282086874894_4351894307032619526_n-768x267.png 768w, https:\/\/litoral.ufpr.br\/lecampo\/wp-content\/uploads\/sites\/10\/2023\/05\/342347254_618282086874894_4351894307032619526_n.png 1364w\" sizes=\"auto, (max-width: 1024px) 100vw, 1024px\" \/><\/figure>\n","protected":false},"excerpt":{"rendered":"<p>CONCEITO DO MEC 2018 5 (conceito m\u00e1ximo) 2015 5 (conceito m\u00e1ximo) ATOS REGULAT\u00d3RIOS DO CURSO Credenciamento da Institui\u00e7\u00e3o: Decreto n\u00ba 9323, de 6 junho de 1946 Autoriza\u00e7\u00e3o do Curso: Portaria n\u00ba 816 de 29 de outubro de 2015 Altera\u00e7\u00e3o da Denomina\u00e7\u00e3o de Curso: Resolu\u00e7\u00e3o 19\/19 &#8211; CEPE, de 29 de agosto de 2019 Reconhecimento do [&hellip;]<\/p>\n","protected":false},"author":1645,"featured_media":0,"parent":0,"menu_order":0,"comment_status":"closed","ping_status":"closed","template":"","meta":{"_acf_changed":false,"footnotes":""},"class_list":["post-2194","page","type-page","status-publish","hentry"],"acf":[],"_links":{"self":[{"href":"https:\/\/litoral.ufpr.br\/lecampo\/wp-json\/wp\/v2\/pages\/2194","targetHints":{"allow":["GET"]}}],"collection":[{"href":"https:\/\/litoral.ufpr.br\/lecampo\/wp-json\/wp\/v2\/pages"}],"about":[{"href":"https:\/\/litoral.ufpr.br\/lecampo\/wp-json\/wp\/v2\/types\/page"}],"author":[{"embeddable":true,"href":"https:\/\/litoral.ufpr.br\/lecampo\/wp-json\/wp\/v2\/users\/1645"}],"replies":[{"embeddable":true,"href":"https:\/\/litoral.ufpr.br\/lecampo\/wp-json\/wp\/v2\/comments?post=2194"}],"version-history":[{"count":5,"href":"https:\/\/litoral.ufpr.br\/lecampo\/wp-json\/wp\/v2\/pages\/2194\/revisions"}],"predecessor-version":[{"id":2377,"href":"https:\/\/litoral.ufpr.br\/lecampo\/wp-json\/wp\/v2\/pages\/2194\/revisions\/2377"}],"wp:attachment":[{"href":"https:\/\/litoral.ufpr.br\/lecampo\/wp-json\/wp\/v2\/media?parent=2194"}],"curies":[{"name":"wp","href":"https:\/\/api.w.org\/{rel}","templated":true}]}}