{"id":1958,"date":"2025-04-22T09:12:11","date_gmt":"2025-04-22T12:12:11","guid":{"rendered":"https:\/\/litoral.ufpr.br\/lecampo\/?page_id=1958"},"modified":"2025-07-10T13:53:28","modified_gmt":"2025-07-10T16:53:28","slug":"equipe-2","status":"publish","type":"page","link":"https:\/\/litoral.ufpr.br\/lecampo\/equipe-2\/","title":{"rendered":"Equipe Lecampo"},"content":{"rendered":"\n<h2 class=\"wp-block-heading\">Coordena\u00e7\u00e3o<\/h2>\n\n\n\n<p><strong><img loading=\"lazy\" decoding=\"async\" width=\"20\" height=\"20\" src=\"https:\/\/litoral.ufpr.br\/lecampo\/wp-content\/uploads\/sites\/10\/2020\/09\/Girasol.jpg\" alt=\"\"><\/strong> <strong>Coordenador:&nbsp;Prof. Dr. Gilberto da Silva Guizelin<\/strong><\/p>\n\n\n\n<p>Contato: gilberto.guizelin@ufpr.br<\/p>\n\n\n\n<p>Lattes:&nbsp;<a href=\"https:\/\/buscatextual.cnpq.br\/buscatextual\/visualizacv.do?id=K4599540J7&amp;tokenCaptchar=03AFcWeA7lEzHi8PhYK0PUNEaGOVpx5c05k9uvs4pSz16Tng32yDdrG_7hULu4azsfHUkNJc5oepdifVngEvbFoGL18gRkE_XkBv-3R82d3ZdssS7er1NtGGUyC2MMjtgjxaWWx3oxzKXsSiwOgPbGqy1kkUoxjuM-N4tuM-PYY1XyABEH7nRoZMIifGEvaekkPWDZYN0oeKyiQGKVG-ESAedvAC_ovtpus4eJQWYJBYFa-Qw6W2PmIphQD_QWVUEDZ48IHF7WijPGw1Xr1vVQoYuZgP6NxvSYSE5r_43_1pfUXEg6Av9gZEn2hX-hEKGgnJwEz9nTfA8QeGRl04DOtBLIh9VQ39O-uWiP2PnILpHjekWUJmsibnGk8YXdi6J3ga4ahLLlqQ7ojgLN7BL6umJ_zWuAoE2lC47n8Hm-wD6RK8DTmzL7LHIQFWdAYGSwruMh2HAbnqFz69-eUkV2ZPLPRW4gXxjEZfAkmHpDZlB-p13xeEiwws-z0SNdr1kE8V6cmVFoUZ8KwLaLt4Us0_q6ezn_lEG-tzWEI8AgIbKofPuz4QkhrClcaYK138bRC_fyvF1-JoGimbFna-AefCx8INvnCnrQ8IEt6AQECD1wIUO2kwsgQCBpeZRZj19S_3O3Ue8BWGemmfJu2Vi5XI6O1_voAiwOJCckrbqck1uiq8EnYVeei6y9-S_zSc_9Q0PiAqSwhJqHRCPGqbU4ku1ZG5_K1dQnaruMqCmHxULl3QwTodlMkvK-PZj_SVzoz2uxRGandRysUZkNNhrdE0OIuwYHSkE7db12GzvTgwaxcwNuJ4gcDxPV7u9DwV0Oq0hYbdH4N0xAOmOvw7z5gQ0siOlDIoyr9iI68LIMvTuccAeO_WDEe_i1dS77X7ETgw57WHqAEbYM\">clique aqui<\/a><\/p>\n\n\n\n<p>Portaria:&nbsp;<a href=\"https:\/\/litoral.ufpr.br\/lecampo\/wp-content\/uploads\/sites\/10\/2024\/11\/LECAMPO_Coord_Gilberto_184R-2-2.pdf\">clique aqui<\/a><\/p>\n\n\n\n<p>Atua\u00e7\u00e3o da coordena\u00e7\u00e3o: <a href=\"https:\/\/litoral.ufpr.br\/lecampo\/wp-content\/uploads\/sites\/10\/2025\/04\/ATUACAO-DO-COORDENADOR.pdf\" target=\"_blank\" rel=\"noreferrer noopener\">clique aqui<\/a>.<\/p>\n\n\n\n<p><strong><img loading=\"lazy\" decoding=\"async\" width=\"20\" height=\"20\" src=\"https:\/\/litoral.ufpr.br\/lecampo\/wp-content\/uploads\/sites\/10\/2020\/09\/Girasol.jpg\" alt=\"\"><\/strong> <strong>Vice-coordenadora: Andressa Kerecz Tavares<\/strong><\/p>\n\n\n\n<p>Contato: andressa.tavares@ufpr.br<\/p>\n\n\n\n<p>Lattes:&nbsp;<a href=\"https:\/\/buscatextual.cnpq.br\/buscatextual\/visualizacv.do?id=K4581854T0&amp;tokenCaptchar=03AFcWeA6yHQhytxZ7a7V_xgqBikhB8254siqEJnoTw6L-buitSnZJMjmSI-6ujX4wJV9KOO5mxb2dOxO2HbyOtV_is6HkRfHqoCoJeWtHZ1hXLbQoNxbnT8rv8S85orhhJfcGvGcS8Yz5HV0DurqA0rKnGOL9V5iL9nlvwVG4jcbvszPDn9Fnvpr5WG2s_Sdb7jrgwcDJSz7F4uvdEJ94wFnKIgKudXaEQfn85eXQBYQoYXSv1uyhXDOOGl0FpmnTNkkeF55Z3VXijl_N5aTvSeMmg6v2KfK4Likn3JznfyKenHlSWu-B0mwBbssy5XkTvgf7wI03nRCaxWXwMPGN7PKVbWzEQJfSrYYgMttIMJZmXXlEb3vautm3k0qKfNf7Vv6ktUvb5c_dS2r046MjciVbfoDwqiY76ZVLT4TZKt77pZ3H9GFB-WVAhX6ah_0odNe2IDHSnr2nZW4bilovN-UI5wN_P8sxPJ2gpvytNgJ7YvI3gg6u1umTdumkwNEuNuDU3tRBldfXDkQwj1guX-vVatbM5JLZ1L6YoA06GpeB-1skn44QdReMvDGnLQZTu8gYmiAJrkS7aUUW6V3jhQoHgublQ2-BelxpbCMnqqNuGwT1YVA1k6ytEFzaPakR3Ua10ldecte9aVys00TfFEckwUEvFALql0HYQ17J718Ai_GQDOiFXGlhqB3EmAkQy0dH9_PkkoNjlv6dp1vvSYjAezene7Hc9v-agjGQsGIrfvqAsFGGj341H-cJXDmcbbuLU4QAiuniQ3ZIy5L7QfJAUDbKoVOW4t3BXjotGx6ro_11KU5mCdZQAZCG7Uytjr7AxvOvyHkDsoOyVWC1Zx-Mjx6XHr-06C3tXw5WvQcaDRu5Fli8u2o\" target=\"_blank\" rel=\"noreferrer noopener\">clique aqui<\/a><\/p>\n\n\n\n<p>Portaria:&nbsp;<a rel=\"noreferrer noopener\" href=\"https:\/\/litoral.ufpr.br\/lecampo\/wp-content\/uploads\/sites\/10\/2024\/11\/LECAMPO_Vice-Coord_Andressa_881R-1.pdf\" target=\"_blank\">clique aqui<\/a><\/p>\n\n\n\n<h2 class=\"wp-block-heading\">Assessoria<\/h2>\n\n\n\n<p><strong><img loading=\"lazy\" decoding=\"async\" width=\"20\" height=\"20\" src=\"https:\/\/litoral.ufpr.br\/lecampo\/wp-content\/uploads\/sites\/10\/2020\/09\/Girasol.jpg\" alt=\"\"><\/strong> <strong>Ana Lu\u00edsa Braga Cabral<\/strong><\/p>\n\n\n\n<p>Cargo: T\u00e9cnico em Assuntos Educacionais <\/p>\n\n\n\n<p>E-mail:&nbsp;lecampo@ufpr.br<\/p>\n\n\n\n<p>Telefone: (41) 99642-1655<\/p>\n\n\n\n<p>Hor\u00e1rio de atendimento: de segunda \u00e0 sexta-feira, das 8h \u00e0s 14h.<\/p>\n\n\n\n<h2 class=\"wp-block-heading\">Comiss\u00f5es<\/h2>\n\n\n\n<figure class=\"wp-block-table\"><table><tbody><tr><td><strong><img loading=\"lazy\" decoding=\"async\" width=\"20\" height=\"20\" src=\"https:\/\/litoral.ufpr.br\/lecampo\/wp-content\/uploads\/sites\/10\/2020\/09\/Girasol.jpg\" alt=\"\"><\/strong> <strong>Comiss\u00e3o Permanente de Acompanhamento de Atividades Formativas \u2013 CPAAF<\/strong><\/td><\/tr><tr><td><strong>Objetivo:<\/strong> Analisar os documentos apresentados pelos estudantes, em per\u00edodos previamente estipulados em edital, para poss\u00edvel valida\u00e7\u00e3o de acordo com as normativas vigentes, fazendo registro e posteriormente encaminhar a C\u00e2mara da Lecampo o resultado final do processo (PPC Lecampo). <strong>Docentes<\/strong>: \u00c2ndrea Francine Batista, Claudemira Vieira Gusm\u00e3o Lopes e Gilson Walmor Dahmer, conforme conforme Portaria n\u00ba 1751\/2024 Setor Litoral, de 14 de fevereiro de 2024, com vig\u00eancia de 2 (dois) anos e atos convalidados a partir de 16\/11\/2023. <a href=\"https:\/\/litoral.ufpr.br\/lecampo\/wp-content\/uploads\/sites\/10\/2024\/02\/SEI_6395027_Portaria_1751_2024_SETOR_LITORAL.pdf\">Portaria<\/a><\/td><\/tr><tr><td><strong><img loading=\"lazy\" decoding=\"async\" width=\"20\" height=\"20\" src=\"https:\/\/litoral.ufpr.br\/lecampo\/wp-content\/uploads\/sites\/10\/2020\/09\/Girasol.jpg\" alt=\"\"><\/strong> <strong>Comiss\u00e3o Orientadora de Est\u00e1gio \u2013 COE<\/strong><\/td><\/tr><tr><td><strong>Objetivo:<\/strong> Organizar o est\u00e1gio no \u00e2mbito do curso, auxiliar os diferentes sujeitos que comp\u00f5em o processo de est\u00e1gio e emitir comunicado semestral com prazos estabelecidos institucionalmente e outras informa\u00e7\u00f5es importantes, conforme as Diretrizes do Est\u00e1gio Curricular Supervisionado Lecampo\/UFPR. <strong>Docentes:<\/strong> J\u00falio C\u00e9sar David Ferreira, Luiz Everson da Silva, Roberto Gon\u00e7alves Barbosa, conforme Portaria n\u00ba 1785\/2024 Setor Litoral, de 05 de Julho de 2024, com vig\u00eancia de 3 (tr\u00eas) anos e atos convalidados a partir de 20\/02\/2024. <a href=\"https:\/\/litoral.ufpr.br\/lecampo\/wp-content\/uploads\/sites\/10\/2024\/11\/SEI_6803011_Portaria_1785_2024_SETOR_LITORAL-3.pdf\">Portaria<\/a><\/td><\/tr><tr><td><strong><img loading=\"lazy\" decoding=\"async\" width=\"20\" height=\"20\" src=\"https:\/\/litoral.ufpr.br\/lecampo\/wp-content\/uploads\/sites\/10\/2020\/09\/Girasol.jpg\" alt=\"\"><\/strong> <strong>Comiss\u00e3o de Orienta\u00e7\u00e3o Acad\u00eamica \u2013 COA<\/strong><\/td><\/tr><tr><td><strong>Objetivo:<\/strong> Orientar a estudante e o estudante em sua trajet\u00f3ria acad\u00eamica nos cursos de gradua\u00e7\u00e3o e de educa\u00e7\u00e3o profissional, no intuito de identificar preventivamente e criar solu\u00e7\u00f5es para a supera\u00e7\u00e3o de obst\u00e1culos ao processo de ensino-aprendizagem, reduzindo a reten\u00e7\u00e3o e a evas\u00e3o (Resolu\u00e7\u00e3o n\u00b0 95-A\/15 \u2013 CEPE, Art. 1\u00ba).&nbsp; <strong>Docentes:<\/strong> Adalberto Penha de Paula, Claudemira Vieira Gusm\u00e3o Lopes e Viviane Camejo Pereira, conforme Portaria n\u00ba 1749\/2024 Setor Litoral, de 14 de fevereiro de 2024, com vig\u00eancia de 2 (dois) anos e atos convalidados a partir de 16\/11\/2023. <a href=\"https:\/\/litoral.ufpr.br\/lecampo\/wp-content\/uploads\/sites\/10\/2024\/02\/SEI_6394888_Portaria_1749_2024_SETOR_LITORAL.pdf\">Portaria<\/a><\/td><\/tr><tr><td><strong><img loading=\"lazy\" decoding=\"async\" width=\"20\" height=\"20\" src=\"https:\/\/litoral.ufpr.br\/lecampo\/wp-content\/uploads\/sites\/10\/2020\/09\/Girasol.jpg\" alt=\"\"><\/strong> <strong>N\u00facleo Docente Estruturante \u2013 NDE<\/strong><\/td><\/tr><tr><td><strong>Objetivo: <\/strong>Tem como atribui\u00e7\u00f5es consultivas, propositivas e de assessoria sobre mat\u00e9ria de natureza acad\u00eamica, correspons\u00e1vel pela elabora\u00e7\u00e3o, implementa\u00e7\u00e3o e consolida\u00e7\u00e3o do Projeto Pedag\u00f3gico de Curso (Resolu\u00e7\u00e3o 34\/11 \u2013 CEPE). <strong>Presidente: <\/strong>Gilberto da Silva Guizelin <strong>Membros: <\/strong>Adalberto Penha de Paula, \u00c2ndrea Francine Batista, Claudemira Vieira Gusm\u00e3o Lopes, Gilson Walmor Dahmer, J\u00falio Cesar David Ferreira, Lourival de Moraes Fidelis, Marcelo Cunha Varella e Viviane Camejo Pereira, conforme Portaria n\u00ba 1784\/2024 Setor Litoral, de 05 de julho de 2024, com vig\u00eancia de 3 (tr\u00eas) anos e atos convalidados a partir de 01\/03\/2024. <a href=\"https:\/\/litoral.ufpr.br\/lecampo\/wp-content\/uploads\/sites\/10\/2024\/11\/SEI_6803000_Portaria_1784_2024_SETOR_LITORAL-5-1.pdf\">Portaria<\/a><\/td><\/tr><\/tbody><\/table><\/figure>\n","protected":false},"excerpt":{"rendered":"<p>Coordena\u00e7\u00e3o Coordenador:&nbsp;Prof. Dr. Gilberto da Silva Guizelin Contato: gilberto.guizelin@ufpr.br Lattes:&nbsp;clique aqui Portaria:&nbsp;clique aqui Atua\u00e7\u00e3o da coordena\u00e7\u00e3o: clique aqui. Vice-coordenadora: Andressa Kerecz Tavares Contato: andressa.tavares@ufpr.br Lattes:&nbsp;clique aqui Portaria:&nbsp;clique aqui Assessoria Ana Lu\u00edsa Braga Cabral Cargo: T\u00e9cnico em Assuntos Educacionais E-mail:&nbsp;lecampo@ufpr.br Telefone: (41) 99642-1655 Hor\u00e1rio de atendimento: de segunda \u00e0 sexta-feira, das 8h \u00e0s 14h. Comiss\u00f5es Comiss\u00e3o [&hellip;]<\/p>\n","protected":false},"author":1645,"featured_media":0,"parent":0,"menu_order":0,"comment_status":"closed","ping_status":"closed","template":"","meta":{"_acf_changed":false,"footnotes":""},"class_list":["post-1958","page","type-page","status-publish","hentry"],"acf":[],"_links":{"self":[{"href":"https:\/\/litoral.ufpr.br\/lecampo\/wp-json\/wp\/v2\/pages\/1958","targetHints":{"allow":["GET"]}}],"collection":[{"href":"https:\/\/litoral.ufpr.br\/lecampo\/wp-json\/wp\/v2\/pages"}],"about":[{"href":"https:\/\/litoral.ufpr.br\/lecampo\/wp-json\/wp\/v2\/types\/page"}],"author":[{"embeddable":true,"href":"https:\/\/litoral.ufpr.br\/lecampo\/wp-json\/wp\/v2\/users\/1645"}],"replies":[{"embeddable":true,"href":"https:\/\/litoral.ufpr.br\/lecampo\/wp-json\/wp\/v2\/comments?post=1958"}],"version-history":[{"count":6,"href":"https:\/\/litoral.ufpr.br\/lecampo\/wp-json\/wp\/v2\/pages\/1958\/revisions"}],"predecessor-version":[{"id":2176,"href":"https:\/\/litoral.ufpr.br\/lecampo\/wp-json\/wp\/v2\/pages\/1958\/revisions\/2176"}],"wp:attachment":[{"href":"https:\/\/litoral.ufpr.br\/lecampo\/wp-json\/wp\/v2\/media?parent=1958"}],"curies":[{"name":"wp","href":"https:\/\/api.w.org\/{rel}","templated":true}]}}