{"id":1907,"date":"2025-02-26T11:35:48","date_gmt":"2025-02-26T14:35:48","guid":{"rendered":"https:\/\/litoral.ufpr.br\/lecampo\/?page_id=1907"},"modified":"2025-04-22T11:04:18","modified_gmt":"2025-04-22T14:04:18","slug":"siga","status":"publish","type":"page","link":"https:\/\/litoral.ufpr.br\/lecampo\/siga\/","title":{"rendered":"SIGA"},"content":{"rendered":"\n<p><strong><img loading=\"lazy\" decoding=\"async\" width=\"20\" height=\"20\" src=\"https:\/\/litoral.ufpr.br\/lecampo\/wp-content\/uploads\/sites\/10\/2020\/09\/Girasol.jpg\" alt=\"\"><\/strong> <a href=\"https:\/\/litoral.ufpr.br\/lecampo\/wp-content\/uploads\/sites\/10\/2025\/04\/MANUAL-DOS-SITEMAS-UFPR-1-2.pdf\" target=\"_blank\" rel=\"noreferrer noopener\">Manual de como acessar os Sistemas UFPR<\/a><\/p>\n\n\n\n<p><strong><img loading=\"lazy\" decoding=\"async\" width=\"20\" height=\"20\" src=\"https:\/\/litoral.ufpr.br\/lecampo\/wp-content\/uploads\/sites\/10\/2020\/09\/Girasol.jpg\" alt=\"\"><\/strong> <a rel=\"noreferrer noopener\" href=\"https:\/\/ufpraberta.ufpr.br\/course\/view.php?id=9\" target=\"_blank\">Manual para solicita\u00e7\u00f5es no SIGA<\/a>: equival\u00eancia, adiantamento de conhecimento, aproveitamento de conhecimento, matr\u00edcula, ajuste de matr\u00edcula, cancelamento de matr\u00edcula, disciplinas eletivas, trancamento, destrancamento, hist\u00f3rico escolar, declara\u00e7\u00f5es, comprovante de matr\u00edcula, relat\u00f3rio de integraliza\u00e7\u00e3o, upload de documentos pessoais, comprovante de vacina\u00e7\u00e3o, upload da foto de perfil, credita\u00e7\u00e3o da extens\u00e3o, diploma digital e cadastro de nome social<\/p>\n\n\n\n<p><\/p>\n\n\n\n<p><\/p>\n\n\n\n<p><\/p>\n\n\n\n<p><\/p>\n\n\n\n<p><\/p>\n","protected":false},"excerpt":{"rendered":"<p>Manual de como acessar os Sistemas UFPR Manual para solicita\u00e7\u00f5es no SIGA: equival\u00eancia, adiantamento de conhecimento, aproveitamento de conhecimento, matr\u00edcula, ajuste de matr\u00edcula, cancelamento de matr\u00edcula, disciplinas eletivas, trancamento, destrancamento, hist\u00f3rico escolar, declara\u00e7\u00f5es, comprovante de matr\u00edcula, relat\u00f3rio de integraliza\u00e7\u00e3o, upload de documentos pessoais, comprovante de vacina\u00e7\u00e3o, upload da foto de perfil, credita\u00e7\u00e3o da extens\u00e3o, diploma [&hellip;]<\/p>\n","protected":false},"author":1645,"featured_media":0,"parent":0,"menu_order":0,"comment_status":"closed","ping_status":"closed","template":"","meta":{"_acf_changed":false,"footnotes":""},"class_list":["post-1907","page","type-page","status-publish","hentry"],"acf":[],"_links":{"self":[{"href":"https:\/\/litoral.ufpr.br\/lecampo\/wp-json\/wp\/v2\/pages\/1907","targetHints":{"allow":["GET"]}}],"collection":[{"href":"https:\/\/litoral.ufpr.br\/lecampo\/wp-json\/wp\/v2\/pages"}],"about":[{"href":"https:\/\/litoral.ufpr.br\/lecampo\/wp-json\/wp\/v2\/types\/page"}],"author":[{"embeddable":true,"href":"https:\/\/litoral.ufpr.br\/lecampo\/wp-json\/wp\/v2\/users\/1645"}],"replies":[{"embeddable":true,"href":"https:\/\/litoral.ufpr.br\/lecampo\/wp-json\/wp\/v2\/comments?post=1907"}],"version-history":[{"count":3,"href":"https:\/\/litoral.ufpr.br\/lecampo\/wp-json\/wp\/v2\/pages\/1907\/revisions"}],"predecessor-version":[{"id":1997,"href":"https:\/\/litoral.ufpr.br\/lecampo\/wp-json\/wp\/v2\/pages\/1907\/revisions\/1997"}],"wp:attachment":[{"href":"https:\/\/litoral.ufpr.br\/lecampo\/wp-json\/wp\/v2\/media?parent=1907"}],"curies":[{"name":"wp","href":"https:\/\/api.w.org\/{rel}","templated":true}]}}