{"id":181,"date":"2018-07-03T10:23:07","date_gmt":"2018-07-03T13:23:07","guid":{"rendered":"https:\/\/litoral.ufpr.br\/lecampo\/?page_id=181"},"modified":"2020-09-23T15:24:30","modified_gmt":"2020-09-23T18:24:30","slug":"informativos","status":"publish","type":"page","link":"https:\/\/litoral.ufpr.br\/lecampo\/informativos\/","title":{"rendered":"Informativos"},"content":{"rendered":"\n<p>N\u00e3o incluir texto nesta p\u00e1gina, ela \u00e9 auto preenchida pelos informativos da capa da p\u00e1gina. <\/p>\n","protected":false},"excerpt":{"rendered":"<p>N\u00e3o incluir texto nesta p\u00e1gina, ela \u00e9 auto preenchida pelos informativos da capa da p\u00e1gina.<\/p>\n","protected":false},"author":3,"featured_media":0,"parent":0,"menu_order":0,"comment_status":"closed","ping_status":"closed","template":"informativos.php","meta":{"_acf_changed":false,"footnotes":""},"class_list":["post-181","page","type-page","status-publish","hentry"],"acf":[],"_links":{"self":[{"href":"https:\/\/litoral.ufpr.br\/lecampo\/wp-json\/wp\/v2\/pages\/181","targetHints":{"allow":["GET"]}}],"collection":[{"href":"https:\/\/litoral.ufpr.br\/lecampo\/wp-json\/wp\/v2\/pages"}],"about":[{"href":"https:\/\/litoral.ufpr.br\/lecampo\/wp-json\/wp\/v2\/types\/page"}],"author":[{"embeddable":true,"href":"https:\/\/litoral.ufpr.br\/lecampo\/wp-json\/wp\/v2\/users\/3"}],"replies":[{"embeddable":true,"href":"https:\/\/litoral.ufpr.br\/lecampo\/wp-json\/wp\/v2\/comments?post=181"}],"version-history":[{"count":2,"href":"https:\/\/litoral.ufpr.br\/lecampo\/wp-json\/wp\/v2\/pages\/181\/revisions"}],"predecessor-version":[{"id":627,"href":"https:\/\/litoral.ufpr.br\/lecampo\/wp-json\/wp\/v2\/pages\/181\/revisions\/627"}],"wp:attachment":[{"href":"https:\/\/litoral.ufpr.br\/lecampo\/wp-json\/wp\/v2\/media?parent=181"}],"curies":[{"name":"wp","href":"https:\/\/api.w.org\/{rel}","templated":true}]}}