{"id":1792,"date":"2024-11-18T15:52:26","date_gmt":"2024-11-18T18:52:26","guid":{"rendered":"https:\/\/litoral.ufpr.br\/lecampo\/?page_id=1792"},"modified":"2025-04-22T13:03:05","modified_gmt":"2025-04-22T16:03:05","slug":"ufpr-aberta","status":"publish","type":"page","link":"https:\/\/litoral.ufpr.br\/lecampo\/ufpr-aberta\/","title":{"rendered":"UFPR Aberta"},"content":{"rendered":"\n<p>A UFPR Aberta \u00e9 uma plataforma com os mais diversos cursos livres para todas as pessoas e de forma on-line e gratuita. <a href=\"https:\/\/ufpraberta.ufpr.br\/\" target=\"_blank\" rel=\"noreferrer noopener\">Acesse aqui<\/a> e conhe\u00e7a dezenas de cursos. <\/p>\n\n\n\n<p>No site, voc\u00ea tamb\u00e9m pode aprender mais como utilizar o SIGA (Sistema Integrado de Gest\u00e3o Acad\u00eamica). Para conhecer mais sobre o SIGA, <a rel=\"noreferrer noopener\" href=\"https:\/\/ufpraberta.ufpr.br\/course\/view.php?id=9\" target=\"_blank\">clique aqui<\/a>.<\/p>\n\n\n\n<figure class=\"wp-block-image size-large\"><img loading=\"lazy\" decoding=\"async\" width=\"1024\" height=\"472\" src=\"https:\/\/litoral.ufpr.br\/lecampo\/wp-content\/uploads\/sites\/10\/2025\/04\/image-1024x472.png\" alt=\"\" class=\"wp-image-2019\" srcset=\"https:\/\/litoral.ufpr.br\/lecampo\/wp-content\/uploads\/sites\/10\/2025\/04\/image-1024x472.png 1024w, https:\/\/litoral.ufpr.br\/lecampo\/wp-content\/uploads\/sites\/10\/2025\/04\/image-300x138.png 300w, https:\/\/litoral.ufpr.br\/lecampo\/wp-content\/uploads\/sites\/10\/2025\/04\/image-768x354.png 768w, https:\/\/litoral.ufpr.br\/lecampo\/wp-content\/uploads\/sites\/10\/2025\/04\/image-1536x708.png 1536w, https:\/\/litoral.ufpr.br\/lecampo\/wp-content\/uploads\/sites\/10\/2025\/04\/image.png 1591w\" sizes=\"auto, (max-width: 1024px) 100vw, 1024px\" \/><\/figure>\n","protected":false},"excerpt":{"rendered":"<p>A UFPR Aberta \u00e9 uma plataforma com os mais diversos cursos livres para todas as pessoas e de forma on-line e gratuita. Acesse aqui e conhe\u00e7a dezenas de cursos. No site, voc\u00ea tamb\u00e9m pode aprender mais como utilizar o SIGA (Sistema Integrado de Gest\u00e3o Acad\u00eamica). Para conhecer mais sobre o SIGA, clique aqui.<\/p>\n","protected":false},"author":1645,"featured_media":0,"parent":0,"menu_order":0,"comment_status":"closed","ping_status":"closed","template":"","meta":{"_acf_changed":false,"footnotes":""},"class_list":["post-1792","page","type-page","status-publish","hentry"],"acf":[],"_links":{"self":[{"href":"https:\/\/litoral.ufpr.br\/lecampo\/wp-json\/wp\/v2\/pages\/1792","targetHints":{"allow":["GET"]}}],"collection":[{"href":"https:\/\/litoral.ufpr.br\/lecampo\/wp-json\/wp\/v2\/pages"}],"about":[{"href":"https:\/\/litoral.ufpr.br\/lecampo\/wp-json\/wp\/v2\/types\/page"}],"author":[{"embeddable":true,"href":"https:\/\/litoral.ufpr.br\/lecampo\/wp-json\/wp\/v2\/users\/1645"}],"replies":[{"embeddable":true,"href":"https:\/\/litoral.ufpr.br\/lecampo\/wp-json\/wp\/v2\/comments?post=1792"}],"version-history":[{"count":4,"href":"https:\/\/litoral.ufpr.br\/lecampo\/wp-json\/wp\/v2\/pages\/1792\/revisions"}],"predecessor-version":[{"id":2020,"href":"https:\/\/litoral.ufpr.br\/lecampo\/wp-json\/wp\/v2\/pages\/1792\/revisions\/2020"}],"wp:attachment":[{"href":"https:\/\/litoral.ufpr.br\/lecampo\/wp-json\/wp\/v2\/media?parent=1792"}],"curies":[{"name":"wp","href":"https:\/\/api.w.org\/{rel}","templated":true}]}}