{"id":1791,"date":"2024-11-18T15:52:26","date_gmt":"2024-11-18T18:52:26","guid":{"rendered":"https:\/\/litoral.ufpr.br\/lecampo\/?page_id=1791"},"modified":"2025-04-22T11:29:08","modified_gmt":"2025-04-22T14:29:08","slug":"coa","status":"publish","type":"page","link":"https:\/\/litoral.ufpr.br\/lecampo\/coa\/","title":{"rendered":"Comiss\u00e3o de Orienta\u00e7\u00e3o Acad\u00eamica (COA)"},"content":{"rendered":"\n<p>O objetivo da <strong>Comiss\u00e3o de Orienta\u00e7\u00e3o Acad\u00eamica<\/strong> \u00e9 orientar a estudante e o estudante em sua trajet\u00f3ria acad\u00eamica nos cursos de gradua\u00e7\u00e3o e de educa\u00e7\u00e3o profissional, no intuito de identificar preventivamente e criar solu\u00e7\u00f5es para a supera\u00e7\u00e3o de obst\u00e1culos ao processo de ensino-aprendizagem, reduzindo a reten\u00e7\u00e3o e a evas\u00e3o (Resolu\u00e7\u00e3o n\u00b0 95-A\/15 \u2013 CEPE, Art. 1\u00ba).\u00a0\u00a0<\/p>\n\n\n\n<p><strong>Docentes:<\/strong>\u00a0Adalberto Penha de Paula, Claudemira Vieira Gusm\u00e3o Lopes e Viviane Camejo Pereira, conforme Portaria n\u00ba 1749\/2024 Setor Litoral, de 14 de fevereiro de 2024, com vig\u00eancia de 2 (dois) anos e atos convalidados a partir de 16\/11\/2023<\/p>\n\n\n\n<p>Precisa de ajuda? Enviei um e-mail para coalecampo@ufpr.br<\/p>\n\n\n\n<figure class=\"wp-block-image size-large\"><img loading=\"lazy\" decoding=\"async\" width=\"768\" height=\"1024\" src=\"https:\/\/litoral.ufpr.br\/lecampo\/wp-content\/uploads\/sites\/10\/2025\/04\/Acampamento-Volta-as-Aulas-Cartaz-para-Porta-de-Sala-de-Aula-768x1024.png\" alt=\"\" class=\"wp-image-2002\" srcset=\"https:\/\/litoral.ufpr.br\/lecampo\/wp-content\/uploads\/sites\/10\/2025\/04\/Acampamento-Volta-as-Aulas-Cartaz-para-Porta-de-Sala-de-Aula-768x1024.png 768w, https:\/\/litoral.ufpr.br\/lecampo\/wp-content\/uploads\/sites\/10\/2025\/04\/Acampamento-Volta-as-Aulas-Cartaz-para-Porta-de-Sala-de-Aula-225x300.png 225w, https:\/\/litoral.ufpr.br\/lecampo\/wp-content\/uploads\/sites\/10\/2025\/04\/Acampamento-Volta-as-Aulas-Cartaz-para-Porta-de-Sala-de-Aula-1152x1536.png 1152w, https:\/\/litoral.ufpr.br\/lecampo\/wp-content\/uploads\/sites\/10\/2025\/04\/Acampamento-Volta-as-Aulas-Cartaz-para-Porta-de-Sala-de-Aula-1536x2048.png 1536w, https:\/\/litoral.ufpr.br\/lecampo\/wp-content\/uploads\/sites\/10\/2025\/04\/Acampamento-Volta-as-Aulas-Cartaz-para-Porta-de-Sala-de-Aula.png 1728w\" sizes=\"auto, (max-width: 768px) 100vw, 768px\" \/><\/figure>\n","protected":false},"excerpt":{"rendered":"<p>O objetivo da Comiss\u00e3o de Orienta\u00e7\u00e3o Acad\u00eamica \u00e9 orientar a estudante e o estudante em sua trajet\u00f3ria acad\u00eamica nos cursos de gradua\u00e7\u00e3o e de educa\u00e7\u00e3o profissional, no intuito de identificar preventivamente e criar solu\u00e7\u00f5es para a supera\u00e7\u00e3o de obst\u00e1culos ao processo de ensino-aprendizagem, reduzindo a reten\u00e7\u00e3o e a evas\u00e3o (Resolu\u00e7\u00e3o n\u00b0 95-A\/15 \u2013 CEPE, Art. [&hellip;]<\/p>\n","protected":false},"author":1645,"featured_media":0,"parent":0,"menu_order":0,"comment_status":"closed","ping_status":"closed","template":"","meta":{"_acf_changed":false,"footnotes":""},"class_list":["post-1791","page","type-page","status-publish","hentry"],"acf":[],"_links":{"self":[{"href":"https:\/\/litoral.ufpr.br\/lecampo\/wp-json\/wp\/v2\/pages\/1791","targetHints":{"allow":["GET"]}}],"collection":[{"href":"https:\/\/litoral.ufpr.br\/lecampo\/wp-json\/wp\/v2\/pages"}],"about":[{"href":"https:\/\/litoral.ufpr.br\/lecampo\/wp-json\/wp\/v2\/types\/page"}],"author":[{"embeddable":true,"href":"https:\/\/litoral.ufpr.br\/lecampo\/wp-json\/wp\/v2\/users\/1645"}],"replies":[{"embeddable":true,"href":"https:\/\/litoral.ufpr.br\/lecampo\/wp-json\/wp\/v2\/comments?post=1791"}],"version-history":[{"count":5,"href":"https:\/\/litoral.ufpr.br\/lecampo\/wp-json\/wp\/v2\/pages\/1791\/revisions"}],"predecessor-version":[{"id":2004,"href":"https:\/\/litoral.ufpr.br\/lecampo\/wp-json\/wp\/v2\/pages\/1791\/revisions\/2004"}],"wp:attachment":[{"href":"https:\/\/litoral.ufpr.br\/lecampo\/wp-json\/wp\/v2\/media?parent=1791"}],"curies":[{"name":"wp","href":"https:\/\/api.w.org\/{rel}","templated":true}]}}