{"id":1678,"date":"2024-01-31T10:29:33","date_gmt":"2024-01-31T13:29:33","guid":{"rendered":"https:\/\/litoral.ufpr.br\/lecampo\/?page_id=1678"},"modified":"2025-10-23T09:19:47","modified_gmt":"2025-10-23T12:19:47","slug":"corpo-docente","status":"publish","type":"page","link":"https:\/\/litoral.ufpr.br\/lecampo\/corpo-docente\/","title":{"rendered":"Corpo Docente"},"content":{"rendered":"\n<p><\/p>\n\n\n\n<div class=\"wp-block-group\"><div class=\"wp-block-group__inner-container is-layout-flow wp-block-group-is-layout-flow\">\n<figure class=\"wp-block-table is-style-regular\"><table><tbody><tr><td><strong>DOCENTE<\/strong><\/td><td><strong>TITULA\u00c7\u00c3O<\/strong><\/td><td><strong>V\u00cdNCULO UFPR<\/strong><\/td><td><strong>CURR\u00cdCULO<\/strong><\/td><td><strong>CONTATO<\/strong><\/td><\/tr><tr><td>Adalberto Penha de Paula<\/td><td>Gradua\u00e7\u00e3o em Licenciatura em Pedagogia e Licenciatura em Filosofia, Especializa\u00e7\u00e3o em Educa\u00e7\u00e3o de Jovens e Adultos, Mestrado e Doutorado em Educa\u00e7\u00e3o<\/td><td>2014<\/td><td><a rel=\"noreferrer noopener\" href=\"http:\/\/lattes.cnpq.br\/4303133554137624\" target=\"_blank\">Lattes<\/a><br><a href=\"https:\/\/orcid.org\/0000-0002-9906-3989\" target=\"_blank\" rel=\"noreferrer noopener\">Orcid<\/a><\/td><td>adalberto@ufpr.br<\/td><\/tr><tr><td>\u00c2ndrea Francine Batista<\/td><td>Gradua\u00e7\u00e3o em Pedagogia, Mestrado em Geografia e Doutorado em Servi\u00e7o Social<\/td><td>2022<\/td><td><a href=\"http:\/\/lattes.cnpq.br\/2250576568736349\" target=\"_blank\" rel=\"noreferrer noopener\">Lattes<\/a><\/td><td>andrea.batista@ufpr.br<\/td><\/tr><tr><td>Andressa Kerecz Tavares<\/td><td>Gradua\u00e7\u00e3o em Engenharia Agr\u00f4noma, Especializa\u00e7\u00e3o em Educa\u00e7\u00e3o do Campo, Mestrado e Doutorado em Ci\u00eancia do Solo<\/td><td>2014<\/td><td><a href=\"http:\/\/lattes.cnpq.br\/0954757414727840\" target=\"_blank\" rel=\"noreferrer noopener\">Lattes<\/a><\/td><td>andressa.tavares@ufpr.br<\/td><\/tr><tr><td>Carla Krupczak<\/td><td>Gradua\u00e7\u00e3o (Licenciatura e Bacharelado) em Qu\u00edmica, Mestrado e Doutorado em Educa\u00e7\u00e3o em Ci\u00eancias e em Matem\u00e1tica<\/td><td>2024<\/td><td><a rel=\"noreferrer noopener\" href=\"http:\/\/lattes.cnpq.br\/9301662169410756\" target=\"_blank\">Lattes<\/a><br><a href=\"https:\/\/orcid.org\/0000-0003-0692-2789\" target=\"_blank\" rel=\"noreferrer noopener\">Orcid<\/a><\/td><td>krupczak@ufpr.br<\/td><\/tr><tr><td>Claudemira Vieira Gusm\u00e3o Lopes<\/td><td>Gradua\u00e7\u00e3o em Ci\u00eancias Biol\u00f3gicas, Especializa\u00e7\u00e3o em Metodologia das Ci\u00eancias, Mestrado em Ci\u00eancia do Solo, Doutorado em Ci\u00eancias<\/td><td>2014<\/td><td><a href=\"http:\/\/lattes.cnpq.br\/1342667420502622\" target=\"_blank\" rel=\"noreferrer noopener\">Lattes<\/a><br><a href=\"https:\/\/orcid.org\/0000-0001-5710-5434\" target=\"_blank\" rel=\"noreferrer noopener\">Orcid<\/a><\/td><td>claudemira@ufpr.br<\/td><\/tr><tr><td>Fernando Campanh\u00e3 Bechara [colabora\u00e7\u00e3o t\u00e9cnica da UTFPR at\u00e9 2026]<\/td><td><br>Gradua\u00e7\u00e3o em Engenharia Florestal, <br>Mestrado em Biologia Vegetal e <br>Doutorado em Recursos Florestais<\/td><td>Colabora\u00e7\u00e3o t\u00e9cnica da UTFPR desde 2024<\/td><td><a rel=\"noreferrer noopener\" href=\"http:\/\/lattes.cnpq.br\/8651851040427432\" target=\"_blank\">Lattes<\/a><br><a href=\"https:\/\/orcid.org\/0000-0001-7573-2124\" target=\"_blank\" rel=\"noreferrer noopener\">Orcid<\/a><\/td><td>fernandobechara@ufpr.br<\/td><\/tr><tr><td>Gilberto da Silva Guizelin [afastado para estudos]<\/td><td>Gradua\u00e7\u00e3o em Hist\u00f3ria, Mestrado em Hist\u00f3ria Social, Doutorado em Hist\u00f3ria<\/td><td>2021<\/td><td><a href=\"http:\/\/lattes.cnpq.br\/2909858642735974\" target=\"_blank\" rel=\"noreferrer noopener\">Lattes<\/a><br><a href=\"https:\/\/orcid.org\/0000-0001-5208-8188\" target=\"_blank\" rel=\"noreferrer noopener\">Orcid<\/a><\/td><td>gilberto.guizelin@ufpr.br<\/td><\/tr><tr><td>J\u00falio C\u00e9sar David Ferreira<\/td><td>Gradua\u00e7\u00e3o em F\u00edsica, Mestrado e Doutorado em Educa\u00e7\u00e3o<\/td><td>2016<\/td><td><a rel=\"noreferrer noopener\" href=\"http:\/\/lattes.cnpq.br\/7214022870204678\" target=\"_blank\">Lattes<\/a><br><a href=\"https:\/\/orcid.org\/0000-0002-9493-161X\" target=\"_blank\" rel=\"noreferrer noopener\">Orcid<\/a><\/td><td>ferreirajcd@ufpr.br<\/td><\/tr><tr><td>Lourival de Moraes Fidelis<\/td><td>Gradua\u00e7\u00e3o em Agronomia, Especia\u00e7\u00e3o em Educa\u00e7\u00e3o do Campo, Mestrado e Doutorado em Engenharia Agr\u00edcola<\/td><td>2014<\/td><td><a href=\"http:\/\/lattes.cnpq.br\/4043167673688973\" target=\"_blank\" rel=\"noreferrer noopener\">Lattes<\/a><\/td><td>lourivalfidelis@ufpr.br<\/td><\/tr><tr><td>Luiz Everson da Silva<\/td><td>Gradua\u00e7\u00e3o, Mestrado e Doutorado em Qu\u00edmica<\/td><td>2010<\/td><td><a href=\"http:\/\/lattes.cnpq.br\/4038338525106985\" target=\"_blank\" rel=\"noreferrer noopener\">Lattes<\/a><\/td><td>luizeverson@ufpr.br<\/td><\/tr><tr><td>Marcelo Cunha Varella<\/td><td>Gradua\u00e7\u00e3o em Gest\u00e3o Ambiental, Especializa\u00e7\u00e3o em Quest\u00e3o Social, Mestrado em Planejamento Territorial e Desenvolvimento Socioambiental e Doutorado em Geografia<\/td><td>2016<\/td><td><a href=\"http:\/\/lattes.cnpq.br\/9356948866106926\" target=\"_blank\" rel=\"noreferrer noopener\">Lattes<\/a><\/td><td>mvarella@ufpr.br<\/td><\/tr><tr><td>Maria Isabel Farias<\/td><td>Gradua\u00e7\u00e3o em Geografia, Especializa\u00e7\u00e3o em Educa\u00e7\u00e3o do Campo e Desenvolvimento, Mestrado e Doutorado em Geografia<\/td><td>2016<\/td><td><a href=\"http:\/\/lattes.cnpq.br\/2415043117493558\" target=\"_blank\" rel=\"noreferrer noopener\">Lattes<\/a><\/td><td>mariaisabel.farias@ufpr.br<\/td><\/tr><tr><td>Paulo Rog\u00e9rio Lopes<\/td><td>Gradua\u00e7\u00e3o em Agronomia, <br>Especializa\u00e7\u00e3o em Educa\u00e7\u00e3o do Campo e Agroecologia na Agricultura Familiar, <br>Mestrado em Agroecologia e Desenvolvimento Rural e <br>Doutorado em Ecologia Aplicad<\/td><td>2018<\/td><td><a href=\"http:\/\/lattes.cnpq.br\/0354540389206559\" target=\"_blank\" rel=\"noreferrer noopener\">Lattes<\/a><\/td><td>paulolopes@ufpr.br<\/td><\/tr><tr><td>Roberto Gon\u00e7alves Barbosa <\/td><td>Gradua\u00e7\u00e3o em F\u00edsica, Mestrado em Educa\u00e7\u00e3o para a Ci\u00eancia e Ensino de Matem\u00e1tica, Doutorado em Ensino de Ci\u00eancias e Educa\u00e7\u00e3o Matem\u00e1tica<\/td><td>2016<\/td><td><a href=\"http:\/\/lattes.cnpq.br\/7582382018927653\" target=\"_blank\" rel=\"noreferrer noopener\">Lattes<\/a><\/td><td>robertobarbosa@ufpr.br<\/td><\/tr><tr><td>Vanessa Marion Andreoli [afastada para Dire\u00e7\u00e3o do Setor Litoral]<\/td><td>Gradua\u00e7\u00e3o em Pedagogia, Especializa\u00e7\u00e3o em Educa\u00e7\u00e3o, Meio Ambiente e Desenvolvimento, Mestrado em Sociologia e Doutorado em Educa\u00e7\u00e3o<\/td><td>2006<\/td><td><a href=\"http:\/\/lattes.cnpq.br\/3365383793778932\" target=\"_blank\" rel=\"noreferrer noopener\">Lattes<\/a><\/td><td>vanessaandreoli@ufpr.br<\/td><\/tr><tr><td>Viviane Camejo Pereira<\/td><td>Gradua\u00e7\u00e3o em Biologia, Mestrado e Doutorado em Desenvolvimento Rural<\/td><td>2019<\/td><td><a href=\"http:\/\/lattes.cnpq.br\/5334242486372595\" target=\"_blank\" rel=\"noreferrer noopener\">Lattes<\/a><\/td><td>viviane.camejo@ufpr.br<\/td><\/tr><\/tbody><\/table><\/figure>\n<\/div><\/div>\n","protected":false},"excerpt":{"rendered":"<p>DOCENTE TITULA\u00c7\u00c3O V\u00cdNCULO UFPR CURR\u00cdCULO CONTATO Adalberto Penha de Paula Gradua\u00e7\u00e3o em Licenciatura em Pedagogia e Licenciatura em Filosofia, Especializa\u00e7\u00e3o em Educa\u00e7\u00e3o de Jovens e Adultos, Mestrado e Doutorado em Educa\u00e7\u00e3o 2014 LattesOrcid adalberto@ufpr.br \u00c2ndrea Francine Batista Gradua\u00e7\u00e3o em Pedagogia, Mestrado em Geografia e Doutorado em Servi\u00e7o Social 2022 Lattes andrea.batista@ufpr.br Andressa Kerecz Tavares Gradua\u00e7\u00e3o [&hellip;]<\/p>\n","protected":false},"author":1622,"featured_media":0,"parent":0,"menu_order":0,"comment_status":"closed","ping_status":"closed","template":"","meta":{"_acf_changed":false,"footnotes":""},"class_list":["post-1678","page","type-page","status-publish","hentry"],"acf":[],"_links":{"self":[{"href":"https:\/\/litoral.ufpr.br\/lecampo\/wp-json\/wp\/v2\/pages\/1678","targetHints":{"allow":["GET"]}}],"collection":[{"href":"https:\/\/litoral.ufpr.br\/lecampo\/wp-json\/wp\/v2\/pages"}],"about":[{"href":"https:\/\/litoral.ufpr.br\/lecampo\/wp-json\/wp\/v2\/types\/page"}],"author":[{"embeddable":true,"href":"https:\/\/litoral.ufpr.br\/lecampo\/wp-json\/wp\/v2\/users\/1622"}],"replies":[{"embeddable":true,"href":"https:\/\/litoral.ufpr.br\/lecampo\/wp-json\/wp\/v2\/comments?post=1678"}],"version-history":[{"count":20,"href":"https:\/\/litoral.ufpr.br\/lecampo\/wp-json\/wp\/v2\/pages\/1678\/revisions"}],"predecessor-version":[{"id":2405,"href":"https:\/\/litoral.ufpr.br\/lecampo\/wp-json\/wp\/v2\/pages\/1678\/revisions\/2405"}],"wp:attachment":[{"href":"https:\/\/litoral.ufpr.br\/lecampo\/wp-json\/wp\/v2\/media?parent=1678"}],"curies":[{"name":"wp","href":"https:\/\/api.w.org\/{rel}","templated":true}]}}