{"id":710,"date":"2023-03-16T15:24:55","date_gmt":"2023-03-16T18:24:55","guid":{"rendered":"https:\/\/litoral.ufpr.br\/gestaoturismo\/?page_id=710"},"modified":"2023-03-20T11:59:41","modified_gmt":"2023-03-20T14:59:41","slug":"ppc-2023-novo","status":"publish","type":"page","link":"https:\/\/litoral.ufpr.br\/gestaoturismo\/ppc-2023-novo\/","title":{"rendered":"PPC 2023"},"content":{"rendered":"\n<p><strong>AJUSTE CURRICULAR DO CURSO <\/strong><\/p>\n\n\n\n<p>Desde a origem do Setor Litoral como unidade de ensino da UFPR no Litoral do Paran\u00e1, uma das mais importantes regi\u00f5es tur\u00edsticas do Sul do Brasil, a oferta educativa na \u00e1rea de turismo \u00e9 contemplada. No ano de 2005, ofertou-se o curso T\u00e9cnico em Hotelaria. A partir de 2006, o curso T\u00e9cnico em Turismo e Hospitalidade. Na sequ\u00eancia, no ano de 2009, o curso passou para a modalidade de gradua\u00e7\u00e3o tecnol\u00f3gica e a denominar-se Curso de Tecnologia em Gest\u00e3o de Turismo, que realizou seu primeiro vestibular em junho de 2009. A C\u00e2mara do curso, naquele momento, planejou a evolu\u00e7\u00e3o para um curso superior de Tecnologia em Gest\u00e3o de Turismo com o intuito de contribuir com os objetivos do Setor Litoral, pois busca formar agentes de desenvolvimento capazes de intervir na transforma\u00e7\u00e3o da realidade local.<\/p>\n\n\n\n<p>A C\u00e2mara do Curso trabalha com avalia\u00e7\u00e3o permanente das condi\u00e7\u00f5es do curso, o que inclui a concep\u00e7\u00e3o pedag\u00f3gica, a estrutura curricular e, sobretudo, a sintonia com as demandas da regi\u00e3o. No final de 2013, como medida sum\u00e1ria \u00e0 reforma curricular e \u00e0 contrata\u00e7\u00e3o de novos docentes, a C\u00e2mara promoveu um estudo avan\u00e7ado sobre 4 temas: (a) Educa\u00e7\u00e3o de n\u00edvel tecnol\u00f3gico; (b) Caracter\u00edsticas da educa\u00e7\u00e3o de n\u00edvel tecnol\u00f3gico; (c) Hist\u00f3rico da educa\u00e7\u00e3o tecnol\u00f3gica em turismo; (d) Panorama curricular de cursos de Gest\u00e3o de Turismo no Brasil. Neste momento j\u00e1 estava clara a necessidade de mudan\u00e7as, que se consubstanciaram na reforma curricular de 2014.<\/p>\n\n\n\n<p>Paralelamente, em 2014, presenciou-se o advento de ordenamento legal que estabeleceu a compuls\u00f3ria inser\u00e7\u00e3o da extens\u00e3o nos cursos superiores do pa\u00eds, cuja g\u00eanese ocorre com a Lei n\u00ba 13.005, de 25\/06\/2014, que instituiu o Plano Nacional de Educa\u00e7\u00e3o. No \u00e2mbito institucional foi editada a Resolu\u00e7\u00e3o N\u00ba 7\/2018-MEC\/CNE\/CES, que estabelece as Diretrizes para Extens\u00e3o na Educa\u00e7\u00e3o Superior Brasileira e regimenta o disposto na Meta 12.7 da Lei No 13.005\/2014, que aprova o Plano Nacional de Educa\u00e7\u00e3o PNE 2014-2024. Posteriormente, ainda no \u00e2mbito intrainstitucional, \u00e9 editada a Resolu\u00e7\u00e3o n\u00ba 86\/20 \/CEPE, que estabelece as normas para implanta\u00e7\u00e3o das Atividades Curriculares de Extens\u00e3o na UFPR e de acordo com o Plano de Desenvolvimento Institucional 2017-2021 da UFPR da qual \u00e9 derivada a Instru\u00e7\u00e3o Normativa PROGRAD N\u00b0 001\/2022, 23 de mar\u00e7o de 2022, que estabelece que a realiza\u00e7\u00e3o de atividades curriculares de extens\u00e3o \u00e9 componente curricular obrigat\u00f3rio para: a) todos(as) os(as) estudantes dos cursos de gradua\u00e7\u00e3o ingressantes na UFPR a partir do ano letivo de 2023; b) todos(as) os(as) estudantes que ingressaram anteriormente ao ano de 2023 cujos PPCs j\u00e1 estiverem adequados \u00e0 Resolu\u00e7\u00e3o 86\/20-CEPE; c) todos(as) os(as) estudantes que optarem por migrar para PPC que j\u00e1 tenha incorporado a integraliza\u00e7\u00e3o da extens\u00e3o, conforme previsto na Resolu\u00e7\u00e3o 86\/20-CEPE.<\/p>\n\n\n\n<p>Assim, o presente Ajuste Curricular visa atender o disposto nesses diplomas legais, mas, para al\u00e9m do aspecto jur\u00eddico, tamb\u00e9m busca proporcionar uma forma\u00e7\u00e3o alinhada ao princ\u00edpio da indissociabilidade do ensino, pesquisa e extens\u00e3o.&nbsp;<\/p>\n","protected":false},"excerpt":{"rendered":"<p>AJUSTE CURRICULAR DO CURSO Desde a origem do Setor Litoral como unidade de ensino da UFPR no Litoral do Paran\u00e1, uma das mais importantes regi\u00f5es tur\u00edsticas do Sul do Brasil, a oferta educativa na \u00e1rea de turismo \u00e9 contemplada. No ano de 2005, ofertou-se o curso T\u00e9cnico em Hotelaria. A partir de 2006, o curso [&hellip;]<\/p>\n","protected":false},"author":1638,"featured_media":0,"parent":0,"menu_order":0,"comment_status":"closed","ping_status":"closed","template":"","meta":{"_acf_changed":false,"footnotes":""},"class_list":["post-710","page","type-page","status-publish","hentry"],"acf":[],"_links":{"self":[{"href":"https:\/\/litoral.ufpr.br\/gestaoturismo\/wp-json\/wp\/v2\/pages\/710","targetHints":{"allow":["GET"]}}],"collection":[{"href":"https:\/\/litoral.ufpr.br\/gestaoturismo\/wp-json\/wp\/v2\/pages"}],"about":[{"href":"https:\/\/litoral.ufpr.br\/gestaoturismo\/wp-json\/wp\/v2\/types\/page"}],"author":[{"embeddable":true,"href":"https:\/\/litoral.ufpr.br\/gestaoturismo\/wp-json\/wp\/v2\/users\/1638"}],"replies":[{"embeddable":true,"href":"https:\/\/litoral.ufpr.br\/gestaoturismo\/wp-json\/wp\/v2\/comments?post=710"}],"version-history":[{"count":4,"href":"https:\/\/litoral.ufpr.br\/gestaoturismo\/wp-json\/wp\/v2\/pages\/710\/revisions"}],"predecessor-version":[{"id":753,"href":"https:\/\/litoral.ufpr.br\/gestaoturismo\/wp-json\/wp\/v2\/pages\/710\/revisions\/753"}],"wp:attachment":[{"href":"https:\/\/litoral.ufpr.br\/gestaoturismo\/wp-json\/wp\/v2\/media?parent=710"}],"curies":[{"name":"wp","href":"https:\/\/api.w.org\/{rel}","templated":true}]}}