{"id":174,"date":"2018-07-04T09:30:49","date_gmt":"2018-07-04T12:30:49","guid":{"rendered":"https:\/\/litoral.ufpr.br\/gestaoturismo\/?page_id=174"},"modified":"2025-06-18T15:37:29","modified_gmt":"2025-06-18T18:37:29","slug":"editais","status":"publish","type":"page","link":"https:\/\/litoral.ufpr.br\/gestaoturismo\/editais\/","title":{"rendered":"Editais"},"content":{"rendered":"\n<p class=\"has-large-font-size\"><mark class=\"has-inline-color has-luminous-vivid-amber-color\"><strong>2025\/1<\/strong><\/mark><\/p>\n\n\n\n<p class=\"has-vivid-green-cyan-color has-text-color\"><a href=\"https:\/\/litoral.ufpr.br\/gestaoturismo\/wp-content\/uploads\/sites\/13\/2025\/06\/Projeto-Nossas-Marcas.pdf\"><strong>Projeto Nossas Marcas &#8211; Inscri\u00e7\u00e3o at\u00e9 19 de junho<\/strong><\/a><\/p>\n\n\n\n<p class=\"has-vivid-red-color has-text-color\"><strong>Resultado Editais Bolsas de Extens\u00e3o<\/strong>:<\/p>\n\n\n\n<p class=\"has-vivid-red-color has-text-color\"><a href=\"https:\/\/litoral.ufpr.br\/gestaoturismo\/wp-content\/uploads\/sites\/13\/2025\/04\/LBAF_resultado5_CHAMADA_INTERNA_assinado.pdf\">Resultado Bolsista &#8211; COMUNICA TURISMO (PEX-00007615)<\/a><\/p>\n\n\n\n<p class=\"has-vivid-red-color has-text-color\"><a href=\"https:\/\/litoral.ufpr.br\/gestaoturismo\/wp-content\/uploads\/sites\/13\/2025\/04\/LBAF_resultado6_CHAMADA_INTERNA_assinado.pdf\">Resultado Bolsista &#8211; CIBERCOMUNICA\u00c7\u00c3O<\/a><\/p>\n\n\n\n<p class=\"has-vivid-cyan-blue-color has-text-color\"><a href=\"https:\/\/litoral.ufpr.br\/gestaoturismo\/wp-content\/uploads\/sites\/13\/2025\/04\/CIBERCOMUNICACAO.pdf\"><strong>Projeto Cibercomunica\u00e7\u00e3o &#8230; Sele\u00e7\u00e3o de Bolsista<\/strong><\/a> &#8211; Inscri\u00e7\u00e3o at\u00e9 21\/04\/2025<\/p>\n\n\n\n<p class=\"has-vivid-cyan-blue-color has-text-color\"><a href=\"https:\/\/litoral.ufpr.br\/gestaoturismo\/wp-content\/uploads\/sites\/13\/2025\/04\/COMUNICA-TURISMO.pdf\"><strong>Projeto Comunica Turismo<\/strong><\/a><strong> &#8211; Sele\u00e7\u00e3o de Bolsista<\/strong> &#8211; Inscri\u00e7\u00e3o at\u00e9 21\/04\/2025<\/p>\n\n\n\n<p>&#8212;&#8212;&#8212;&#8212;&#8212;&#8212;&#8212;&#8212;&#8212;&#8212;&#8212;&#8212;&#8212;&#8212;&#8212;&#8212;&#8212;&#8212;&#8212;&#8212;&#8212;&#8212;&#8212;&#8212;&#8212;&#8212;&#8212;&#8212;<\/p>\n\n\n\n<p><a href=\"https:\/\/litoral.ufpr.br\/gestaoturismo\/wp-content\/uploads\/sites\/13\/2025\/03\/Resultado_Monitoria_A_26_B_assinado.pdf\">Resultado Monitoria Gest\u00e3o de Alimentos &amp; Alimentos<\/a><\/p>\n\n\n\n<p><a href=\"https:\/\/litoral.ufpr.br\/gestaoturismo\/wp-content\/uploads\/sites\/13\/2025\/03\/Resultado_Monitoria_Agenciamento_e_Transportes_assinado.pdf\">Resultado Monitoria Agenciamento e Transportes<\/a><\/p>\n\n\n\n<p><a href=\"http:\/\/SELE\u00c7AO DE MONITORIA GEST\u00c3O DE ALIMENTOS E BEBIDAS\">MONITORIA GEST\u00c3O DE ALIMENTOS E BEBIDAS<\/a><\/p>\n\n\n\n<p><a href=\"https:\/\/litoral.ufpr.br\/gestaoturismo\/wp-content\/uploads\/sites\/13\/2025\/02\/EDITAL_DE_SELECAO_DE_MONITORA_-_Agenciamento_e_Transportes_assinado.pdf\">MONITORIA AGENCIAMENTO E TRANSPORTES<\/a><\/p>\n\n\n\n<p>As inscri\u00e7\u00f5es devem ser efetuadas por meio do preenchimento do formul\u00e1rio<br>eletr\u00f4nico: <em><a href=\"https:\/\/forms.gle\/Mvn7JjZPuQdLyVkg9\">https:\/\/forms.gle\/Mvn7JjZPuQdLyVkg9<\/a><\/em> entre os dias 24\/02\/2025 at\u00e9 \u00e0s<br>23h59 do dia 14\/03\/2025.<\/p>\n\n\n\n<p class=\"has-large-font-size\"><strong><mark class=\"has-inline-color has-vivid-green-cyan-color\">2024\/2<\/mark><\/strong><\/p>\n\n\n\n<p class=\"has-vivid-red-color has-text-color has-medium-font-size\"><a href=\"https:\/\/litoral.ufpr.br\/gestaoturismo\/wp-content\/uploads\/sites\/13\/2025\/01\/EDITAL_DE_CLASSIFICACAO_assinado_assinado_assinado-1-jan25.pdf\">Edital 03\/2024  Classifica\u00e7\u00e3o Candidatos Rota Cai\u00e7ara de Ciclo Turismo<\/a><\/p>\n\n\n\n<p class=\"has-vivid-red-color has-text-color has-medium-font-size\"><a href=\"https:\/\/litoral.ufpr.br\/gestaoturismo\/wp-content\/uploads\/sites\/13\/2025\/01\/EDITAL_NC2BA_02.2024_E28093_DE_HOMOLOGACAO_DE_INSCRICOES_assinado_28129_assinado_assinado-jan25.pdf\">RETIFICA\u00c7\u00c3O Homologa\u00e7\u00e3o Inscri\u00e7\u00f5es Rota Cai\u00e7ara<\/a><\/p>\n\n\n\n<p class=\"has-vivid-red-color has-text-color has-medium-font-size\"><a href=\"https:\/\/litoral.ufpr.br\/gestaoturismo\/wp-content\/uploads\/sites\/13\/2025\/01\/Retificacao_Edital_Rota_Caicara-janeiro25.pdf\">RETIFICA\u00c7\u00c3O Edital Rota Cai\u00e7ara<\/a><\/p>\n\n\n\n<p><a href=\"https:\/\/litoral.ufpr.br\/gestaoturismo\/wp-content\/uploads\/sites\/13\/2024\/12\/EDITAL_NBA.pdf\">Homologa\u00e7\u00e3o das Inscri\u00e7\u00f5es para Rota Cai\u00e7ara<\/a><\/p>\n\n\n\n<p><a href=\"https:\/\/litoral.ufpr.br\/gestaoturismo\/wp-content\/uploads\/sites\/13\/2024\/12\/Edital_Teia-2.pdf\">EDITAL DE SELE\u00c7\u00c3O DE ALUNOS BOLSISTAS ROTA CAI\u00c7ARA DE CICLOTURISMO <\/a><\/p>\n\n\n\n<p><a href=\"https:\/\/litoral.ufpr.br\/gestaoturismo\/wp-content\/uploads\/sites\/13\/2024\/12\/Edital_Teia-2.pdf\">CHAMADA GRANDE RESERVA MATA ATL\u00c2NTICA<\/a><\/p>\n\n\n\n<p><strong>Inscri\u00e7\u00f5es at\u00e9 13\/12\/24.<\/strong><\/p>\n\n\n\n<p class=\"has-large-font-size\"><strong><mark style=\"background-color:#ffffff\" class=\"has-inline-color has-vivid-green-cyan-color\">Resultado Editais 2024\/2<\/mark><\/strong><\/p>\n\n\n\n<p><a href=\"https:\/\/litoral.ufpr.br\/gestaoturismo\/wp-content\/uploads\/sites\/13\/2024\/09\/Resultado_Monitoria_ICH_assinado.pdf\"><mark style=\"background-color:#ffffff\" class=\"has-inline-color has-vivid-green-cyan-color\">Monitoria ICH<\/mark><\/a><\/p>\n\n\n\n<p><a href=\"https:\/\/litoral.ufpr.br\/gestaoturismo\/wp-content\/uploads\/sites\/13\/2024\/09\/Resultado_MONITORIA_metodologia_assinado.pdf\"><mark style=\"background-color:#ffffff\" class=\"has-inline-color has-vivid-green-cyan-color\">Monitoria Metodologia<\/mark><\/a><\/p>\n\n\n\n<p><a href=\"https:\/\/litoral.ufpr.br\/gestaoturismo\/wp-content\/uploads\/sites\/13\/2024\/09\/Resultado_Monitoria_Gestao_de_Meios_de_Hospedagem._assinado.pdf\"><mark style=\"background-color:#ffffff\" class=\"has-inline-color has-vivid-green-cyan-color\">Monitoria Gest\u00e3o de Meios de Hospedagem<\/mark><\/a><\/p>\n\n\n\n<p><a href=\"https:\/\/litoral.ufpr.br\/gestaoturismo\/wp-content\/uploads\/sites\/13\/2024\/09\/Resultado_Monitoria_TIC_assinado.pdf\"><mark style=\"background-color:#ffffff\" class=\"has-inline-color has-vivid-green-cyan-color\">Monitoria TIC Tecnologia da Informa\u00e7\u00e3o<\/mark><\/a><\/p>\n\n\n\n<p><a href=\"https:\/\/litoral.ufpr.br\/gestaoturismo\/wp-content\/uploads\/sites\/13\/2024\/09\/LBAF_-EDITAL-DE-SELECAO-DE-BOLSISTA-EXTENSAO_assinado.pdf\"><mark style=\"background-color:#ffffff\" class=\"has-inline-color has-vivid-green-cyan-color\">Bolsa Extens\u00e3o &#8211; Comunica Turismo &#8211; Edital 03\/24<\/mark><\/a><\/p>\n\n\n\n<p><a href=\"https:\/\/litoral.ufpr.br\/gestaoturismo\/wp-content\/uploads\/sites\/13\/2024\/09\/LBAF_RESULTADO_FINAL_CHAMADA_INTERNA_assinado.pdf\"><mark style=\"background-color:#ffffff\" class=\"has-inline-color has-vivid-green-cyan-color\">Bolsa de Extens\u00e3o &#8211; Comunica Turismo &#8211; CI 02\/24 PROEC<\/mark><\/a><\/p>\n\n\n\n<p class=\"has-large-font-size\"><strong><mark style=\"background-color:#ffffff\" class=\"has-inline-color has-vivid-cyan-blue-color\">Editais 2024\/2<\/mark><\/strong><\/p>\n\n\n\n<p><strong>Projeto &#8220;Desenvolvimento de Pesquisas e Cadeias de Valor da Agrobiodiversidade, por meio da cria\u00e7\u00e3o das bases de uma marca coletiva regional&#8221;<\/strong><\/p>\n\n\n\n<p><a href=\"https:\/\/litoral.ufpr.br\/gestaoturismo\/wp-content\/uploads\/sites\/13\/2024\/08\/edital-03-2024-mcl_bolsista_estudante_eixo-gestao-e-design-1-2.pdf\">Sele\u00e7\u00e3o de Bolsista &#8211; eixo tem\u00e1tico Gest\u00e3o e Design<\/a><\/p>\n\n\n\n<p><a href=\"https:\/\/litoral.ufpr.br\/gestaoturismo\/wp-content\/uploads\/sites\/13\/2024\/08\/edital-01-2024-mcl_bolsista_estudante_eixo.pdf\">Sele\u00e7\u00e3o de Bolsista &#8211; eixo tem\u00e1tico Turismo<\/a><\/p>\n\n\n\n<p>                    <em> <strong>Anexo II &#8211; marca coletiva regional<\/strong><\/em>   <a href=\"https:\/\/litoral.ufpr.br\/gestaoturismo\/wp-content\/uploads\/sites\/13\/2024\/08\/ANEXO-II-EDITAL-SELECAO-BOLSISTA-PROJETO-MARCA-COLETIVA.docx\">Anexo II<\/a><\/p>\n\n\n\n<p>                     <strong><em>Passo a passo para Formul\u00e1rio de Sele\u00e7\u00e3o<\/em> <\/strong>  <a href=\"https:\/\/litoral.ufpr.br\/gestaoturismo\/wp-content\/uploads\/sites\/13\/2024\/08\/Passo-a-Passo-Formulario-de-Selecao-da-Marca-Coletiva-Litoral.pdf\">Roteiro preenchimento formul\u00e1rio<\/a><\/p>\n\n\n\n<p><\/p>\n\n\n\n<p><\/p>\n\n\n\n<p><strong>Monitorias Profa.Beatriz Cabral<\/strong><\/p>\n\n\n\n<p><a href=\"https:\/\/litoral.ufpr.br\/gestaoturismo\/wp-content\/uploads\/sites\/13\/2024\/08\/BEATRIZ_-EDITAL-DE-SELECAO-DE-MONITORA_FUNDAMENTOS-TURISMO-2_2024_2-1.pdf\">Monitoria SLGT023 &#8211; Fundamentos do Turismo e Hospitalidade II<\/a><\/p>\n\n\n\n<p><a href=\"https:\/\/litoral.ufpr.br\/gestaoturismo\/wp-content\/uploads\/sites\/13\/2024\/08\/BEATRIZ_-EDITAL-DE-SELECAO-DE-MONITORA_https:\/\/litoral.ufpr.br\/gestaoturismo\/wp-content\/uploads\/sites\/13\/2024\/08\/BEATRIZ_-EDITAL-DE-SELECAO-DE-MONITORA_GESTAO-DE-EVENTOS_2024_2.pdf\">Monitoria SLGTX037 &#8211; Gest\u00e3o de Eventos<\/a><\/p>\n\n\n\n<p><\/p>\n\n\n\n<p><\/p>\n\n\n\n<p><strong>Monitorias Profa.Lara Brunelle:<\/strong><\/p>\n\n\n\n<p><a href=\"https:\/\/litoral.ufpr.br\/gestaoturismo\/wp-content\/uploads\/sites\/13\/2024\/08\/Metodologia__EDITAL_DE_SELECAO_DE_MONITORA_assinado.pdf\">Monitoria SLGT024 &#8211; Metodologia e Conhecimento Cient\u00edfico<\/a><\/p>\n\n\n\n<p><a href=\"https:\/\/litoral.ufpr.br\/gestaoturismo\/wp-content\/uploads\/sites\/13\/2024\/08\/Tic_EDITAL_DE_SELECAO_DE_MONITORA_assinado.pdf\">Monitoria SLGT030 &#8211; Tecnologia da Informa\u00e7\u00e3o em Turismo<\/a><\/p>\n\n\n\n<p><a href=\"https:\/\/litoral.ufpr.br\/gestaoturismo\/wp-content\/uploads\/sites\/13\/2024\/08\/ich_EDITAL_DE_SELECAO_DE_MONITORA_assinado.pdf\">Monitoria ICHs &#8211; Intera\u00e7\u00f5es Culturais e Human\u00edsticas<\/a><\/p>\n\n\n\n<p><a href=\"https:\/\/litoral.ufpr.br\/gestaoturismo\/wp-content\/uploads\/sites\/13\/2024\/08\/Gestao_de_Meios_de_Hospedagem_EDITAL_DE_SELECAO_DE_MONITORA_assinado.pdf\">Monitoria SLGT036 &#8211; Gest\u00e3o de Meios de Hospedagem<\/a><\/p>\n\n\n\n<hr class=\"wp-block-separator has-css-opacity\" \/>\n","protected":false},"excerpt":{"rendered":"<p>2025\/1 Projeto Nossas Marcas &#8211; Inscri\u00e7\u00e3o at\u00e9 19 de junho Resultado Editais Bolsas de Extens\u00e3o: Resultado Bolsista &#8211; COMUNICA TURISMO (PEX-00007615) Resultado Bolsista &#8211; CIBERCOMUNICA\u00c7\u00c3O Projeto Cibercomunica\u00e7\u00e3o &#8230; Sele\u00e7\u00e3o de Bolsista &#8211; Inscri\u00e7\u00e3o at\u00e9 21\/04\/2025 Projeto Comunica Turismo &#8211; Sele\u00e7\u00e3o de Bolsista &#8211; Inscri\u00e7\u00e3o at\u00e9 21\/04\/2025 &#8212;&#8212;&#8212;&#8212;&#8212;&#8212;&#8212;&#8212;&#8212;&#8212;&#8212;&#8212;&#8212;&#8212;&#8212;&#8212;&#8212;&#8212;&#8212;&#8212;&#8212;&#8212;&#8212;&#8212;&#8212;&#8212;&#8212;&#8212; Resultado Monitoria Gest\u00e3o de Alimentos &amp; Alimentos Resultado [&hellip;]<\/p>\n","protected":false},"author":3,"featured_media":0,"parent":0,"menu_order":0,"comment_status":"closed","ping_status":"closed","template":"","meta":{"_acf_changed":false,"footnotes":""},"class_list":["post-174","page","type-page","status-publish","hentry"],"acf":[],"_links":{"self":[{"href":"https:\/\/litoral.ufpr.br\/gestaoturismo\/wp-json\/wp\/v2\/pages\/174","targetHints":{"allow":["GET"]}}],"collection":[{"href":"https:\/\/litoral.ufpr.br\/gestaoturismo\/wp-json\/wp\/v2\/pages"}],"about":[{"href":"https:\/\/litoral.ufpr.br\/gestaoturismo\/wp-json\/wp\/v2\/types\/page"}],"author":[{"embeddable":true,"href":"https:\/\/litoral.ufpr.br\/gestaoturismo\/wp-json\/wp\/v2\/users\/3"}],"replies":[{"embeddable":true,"href":"https:\/\/litoral.ufpr.br\/gestaoturismo\/wp-json\/wp\/v2\/comments?post=174"}],"version-history":[{"count":69,"href":"https:\/\/litoral.ufpr.br\/gestaoturismo\/wp-json\/wp\/v2\/pages\/174\/revisions"}],"predecessor-version":[{"id":1235,"href":"https:\/\/litoral.ufpr.br\/gestaoturismo\/wp-json\/wp\/v2\/pages\/174\/revisions\/1235"}],"wp:attachment":[{"href":"https:\/\/litoral.ufpr.br\/gestaoturismo\/wp-json\/wp\/v2\/media?parent=174"}],"curies":[{"name":"wp","href":"https:\/\/api.w.org\/{rel}","templated":true}]}}