{"id":172,"date":"2018-07-04T09:28:55","date_gmt":"2018-07-04T12:28:55","guid":{"rendered":"https:\/\/litoral.ufpr.br\/gestaoturismo\/?page_id=172"},"modified":"2025-12-17T17:21:21","modified_gmt":"2025-12-17T20:21:21","slug":"calendario","status":"publish","type":"page","link":"https:\/\/litoral.ufpr.br\/gestaoturismo\/calendario\/","title":{"rendered":"Calend\u00e1rio"},"content":{"rendered":"\n<p><a href=\"https:\/\/litoral.ufpr.br\/gestaoturismo\/wp-content\/uploads\/sites\/13\/2025\/12\/Calendario-resumido_2026_1-UFPRGeral.pdf\">Calend\u00e1rio Resumido 26-1<\/a><\/p>\n\n\n\n<hr class=\"wp-block-separator has-css-opacity\" \/>\n\n\n\n<div data-wp-interactive=\"core\/file\" class=\"wp-block-file\"><object data-wp-bind--hidden=\"!state.hasPdfPreview\" hidden class=\"wp-block-file__embed\" data=\"https:\/\/litoral.ufpr.br\/gestaoturismo\/wp-content\/uploads\/sites\/13\/2025\/12\/Calendario-resumido_2026_1-UFPRGeral-2.pdf\" type=\"application\/pdf\" style=\"width:100%;height:600px\" aria-label=\"Incorporado de Calend\u00e1rio resumido_2026_1-UFPRGeral.\"><\/object><a id=\"wp-block-file--media-fca899fd-b8cd-4fed-9443-df78d91b86f4\" href=\"https:\/\/litoral.ufpr.br\/gestaoturismo\/wp-content\/uploads\/sites\/13\/2025\/12\/Calendario-resumido_2026_1-UFPRGeral-2.pdf\">Calend\u00e1rio resumido_2026_1-UFPRGeral<\/a><a href=\"https:\/\/litoral.ufpr.br\/gestaoturismo\/wp-content\/uploads\/sites\/13\/2025\/12\/Calendario-resumido_2026_1-UFPRGeral-2.pdf\" class=\"wp-block-file__button wp-element-button\" download aria-describedby=\"wp-block-file--media-fca899fd-b8cd-4fed-9443-df78d91b86f4\">Baixar<\/a><\/div>\n\n\n\n<hr class=\"wp-block-separator has-css-opacity\" \/>\n\n\n\n<p><\/p>\n\n\n\n<p><\/p>\n\n\n\n<p><a href=\"https:\/\/litoral.ufpr.br\/gestaoturismo\/wp-content\/uploads\/sites\/13\/2025\/12\/Res.-no-22-25-CEPE-CALENDARIO-ACADEMICO-2026.pdf\">CALEND\u00c1RIO ACADEMICO 2026 &#8211; RESOLU\u00c7\u00c3O 22\/25<\/a><\/p>\n","protected":false},"excerpt":{"rendered":"<p>Calend\u00e1rio Resumido 26-1 CALEND\u00c1RIO ACADEMICO 2026 &#8211; RESOLU\u00c7\u00c3O 22\/25<\/p>\n","protected":false},"author":3,"featured_media":0,"parent":0,"menu_order":0,"comment_status":"closed","ping_status":"closed","template":"","meta":{"_acf_changed":false,"footnotes":""},"class_list":["post-172","page","type-page","status-publish","hentry"],"acf":[],"_links":{"self":[{"href":"https:\/\/litoral.ufpr.br\/gestaoturismo\/wp-json\/wp\/v2\/pages\/172","targetHints":{"allow":["GET"]}}],"collection":[{"href":"https:\/\/litoral.ufpr.br\/gestaoturismo\/wp-json\/wp\/v2\/pages"}],"about":[{"href":"https:\/\/litoral.ufpr.br\/gestaoturismo\/wp-json\/wp\/v2\/types\/page"}],"author":[{"embeddable":true,"href":"https:\/\/litoral.ufpr.br\/gestaoturismo\/wp-json\/wp\/v2\/users\/3"}],"replies":[{"embeddable":true,"href":"https:\/\/litoral.ufpr.br\/gestaoturismo\/wp-json\/wp\/v2\/comments?post=172"}],"version-history":[{"count":49,"href":"https:\/\/litoral.ufpr.br\/gestaoturismo\/wp-json\/wp\/v2\/pages\/172\/revisions"}],"predecessor-version":[{"id":1500,"href":"https:\/\/litoral.ufpr.br\/gestaoturismo\/wp-json\/wp\/v2\/pages\/172\/revisions\/1500"}],"wp:attachment":[{"href":"https:\/\/litoral.ufpr.br\/gestaoturismo\/wp-json\/wp\/v2\/media?parent=172"}],"curies":[{"name":"wp","href":"https:\/\/api.w.org\/{rel}","templated":true}]}}