{"id":991,"date":"2025-11-19T18:38:47","date_gmt":"2025-11-19T21:38:47","guid":{"rendered":"https:\/\/litoral.ufpr.br\/geografia\/?page_id=991"},"modified":"2025-11-19T18:38:47","modified_gmt":"2025-11-19T21:38:47","slug":"transporte","status":"publish","type":"page","link":"https:\/\/litoral.ufpr.br\/geografia\/transporte\/","title":{"rendered":"Transporte"},"content":{"rendered":"\n<p>Transporte<\/p>\n\n\n\n<p>O Interpraias \u00e9 um servi\u00e7o ofertado pela UFPR, por meio da Central de Transportes, de uso exclusivo de estudantes e servidores da institui\u00e7\u00e3o. A linha Litoral visa atender principalmente a comunidade acad\u00eamica do Setor Litoral e do Centro de Estudos do Mar (Pontal do Paran\u00e1).<\/p>\n\n\n\n<p>O trajeto realizado \u00e9: CEM (Pontal do Paran\u00e1) &lt;\u2013&gt; Setor Litoral (Matinhos).<\/p>\n\n\n\n<p>Confira os pontos e hor\u00e1rios das paradas:<\/p>\n\n\n\n<figure class=\"wp-block-image size-full is-resized\"><img loading=\"lazy\" decoding=\"async\" width=\"490\" height=\"484\" src=\"https:\/\/litoral.ufpr.br\/geografia\/wp-content\/uploads\/sites\/11\/2025\/11\/image-1.png\" alt=\"\" class=\"wp-image-993\" style=\"width:527px;height:auto\" srcset=\"https:\/\/litoral.ufpr.br\/geografia\/wp-content\/uploads\/sites\/11\/2025\/11\/image-1.png 490w, https:\/\/litoral.ufpr.br\/geografia\/wp-content\/uploads\/sites\/11\/2025\/11\/image-1-300x296.png 300w\" sizes=\"auto, (max-width: 490px) 100vw, 490px\" \/><\/figure>\n\n\n\n<figure class=\"wp-block-image size-full is-resized\"><img loading=\"lazy\" decoding=\"async\" width=\"510\" height=\"541\" src=\"https:\/\/litoral.ufpr.br\/geografia\/wp-content\/uploads\/sites\/11\/2025\/11\/image-2.png\" alt=\"\" class=\"wp-image-994\" style=\"width:519px;height:auto\" srcset=\"https:\/\/litoral.ufpr.br\/geografia\/wp-content\/uploads\/sites\/11\/2025\/11\/image-2.png 510w, https:\/\/litoral.ufpr.br\/geografia\/wp-content\/uploads\/sites\/11\/2025\/11\/image-2-283x300.png 283w\" sizes=\"auto, (max-width: 510px) 100vw, 510px\" \/><\/figure>\n","protected":false},"excerpt":{"rendered":"<p>Transporte O Interpraias \u00e9 um servi\u00e7o ofertado pela UFPR, por meio da Central de Transportes, de uso exclusivo de estudantes e servidores da institui\u00e7\u00e3o. A linha Litoral visa atender principalmente a comunidade acad\u00eamica do Setor Litoral e do Centro de Estudos do Mar (Pontal do Paran\u00e1). O trajeto realizado \u00e9: CEM (Pontal do Paran\u00e1) &lt;\u2013&gt; [&hellip;]<\/p>\n","protected":false},"author":1657,"featured_media":0,"parent":0,"menu_order":0,"comment_status":"closed","ping_status":"closed","template":"","meta":{"_acf_changed":false,"footnotes":""},"class_list":["post-991","page","type-page","status-publish","hentry"],"acf":[],"_links":{"self":[{"href":"https:\/\/litoral.ufpr.br\/geografia\/wp-json\/wp\/v2\/pages\/991","targetHints":{"allow":["GET"]}}],"collection":[{"href":"https:\/\/litoral.ufpr.br\/geografia\/wp-json\/wp\/v2\/pages"}],"about":[{"href":"https:\/\/litoral.ufpr.br\/geografia\/wp-json\/wp\/v2\/types\/page"}],"author":[{"embeddable":true,"href":"https:\/\/litoral.ufpr.br\/geografia\/wp-json\/wp\/v2\/users\/1657"}],"replies":[{"embeddable":true,"href":"https:\/\/litoral.ufpr.br\/geografia\/wp-json\/wp\/v2\/comments?post=991"}],"version-history":[{"count":1,"href":"https:\/\/litoral.ufpr.br\/geografia\/wp-json\/wp\/v2\/pages\/991\/revisions"}],"predecessor-version":[{"id":995,"href":"https:\/\/litoral.ufpr.br\/geografia\/wp-json\/wp\/v2\/pages\/991\/revisions\/995"}],"wp:attachment":[{"href":"https:\/\/litoral.ufpr.br\/geografia\/wp-json\/wp\/v2\/media?parent=991"}],"curies":[{"name":"wp","href":"https:\/\/api.w.org\/{rel}","templated":true}]}}