{"id":982,"date":"2025-11-19T17:54:30","date_gmt":"2025-11-19T20:54:30","guid":{"rendered":"https:\/\/litoral.ufpr.br\/geografia\/?page_id=982"},"modified":"2025-11-19T17:54:30","modified_gmt":"2025-11-19T20:54:30","slug":"saps","status":"publish","type":"page","link":"https:\/\/litoral.ufpr.br\/geografia\/saps\/","title":{"rendered":"SAPS"},"content":{"rendered":"\n<p>A Se\u00e7\u00e3o de Aten\u00e7\u00e3o e Promo\u00e7\u00e3o \u00e0 Sa\u00fade (SAPS) \u00e9 respons\u00e1vel por ofertar atendimento m\u00e9dico e de enfermagem \u00e0 Comunidade Universit\u00e1ria do Setor Litoral, bem como desenvolver projetos em conjunto com os cursos de gradua\u00e7\u00e3o e p\u00f3s-gradua\u00e7\u00e3o.<\/p>\n\n\n\n<p>Atendimentos especialidades<\/p>\n\n\n\n<p>Al\u00e9m dos atendimentos pr\u00f3prios da SAPS, temos parceria com o CASA 3 e CASA 4 e Unidade Escola de Curitiba com atendimentos Odontol\u00f3gicos, Cl\u00ednicos, Ginecol\u00f3gicos, Fisioter\u00e1picos, Nutri\u00e7\u00e3o, Psiqui\u00e1tricos e Psicol\u00f3gicos. Para esses atendimentos \u00e9 necess\u00e1rio entrar em contato com a SAPS para orienta\u00e7\u00f5es de como agendar consulta, bem como o transporte at\u00e9 Curitiba (o formul\u00e1rio deve ser enviado at\u00e9 12h do dia anterior ao da consulta).<\/p>\n\n\n\n<p>Hor\u00e1rio de atendimento: de segunda \u00e0 sexta, das 8h \u00e0s 12h e das 13h \u00e0s 19h<\/p>\n\n\n\n<p>Contatos Whatsapp: <a href=\"https:\/\/api.whatsapp.com\/send\/?phone=41988627888&amp;text&amp;type=phone_number&amp;app_absent=0\">(41) 98862-7888<\/a> <\/p>\n\n\n\n<p>E-mail: <a href=\"sapslitoral@ufpr.br\">sapslitoral@ufpr.br<\/a><\/p>\n\n\n\n<p>Outras informa\u00e7\u00f5es importantes <\/p>\n\n\n\n<p><a href=\"https:\/\/litoral.ufpr.br\/wp-content\/uploads\/2024\/02\/CADERNO-DE-ATRIBUICOES-DA-SAPS-2023.pdf\" data-type=\"link\" data-id=\"https:\/\/litoral.ufpr.br\/wp-content\/uploads\/2024\/02\/CADERNO-DE-ATRIBUICOES-DA-SAPS-2023.pdf\">Caderno de atribui\u00e7\u00f5es SAPS <\/a><\/p>\n\n\n\n<p><a href=\"https:\/\/litoral.ufpr.br\/blog\/noticia\/procedimentos-sobre-infeccao-confirmada\/\" data-type=\"link\" data-id=\"https:\/\/litoral.ufpr.br\/blog\/noticia\/procedimentos-sobre-infeccao-confirmada\/\">COVID-19: Procedimentos sobre infec\u00e7\u00e3o confirmada<\/a> <\/p>\n\n\n\n<p><a href=\"https:\/\/litoral.ufpr.br\/wp-content\/uploads\/2022\/07\/Agendamentos-de-transporte-para-saudeconsultas.pdf\">Orienta\u00e7\u00f5es sobre transporte<\/a><\/p>\n\n\n\n<p><\/p>\n","protected":false},"excerpt":{"rendered":"<p>A Se\u00e7\u00e3o de Aten\u00e7\u00e3o e Promo\u00e7\u00e3o \u00e0 Sa\u00fade (SAPS) \u00e9 respons\u00e1vel por ofertar atendimento m\u00e9dico e de enfermagem \u00e0 Comunidade Universit\u00e1ria do Setor Litoral, bem como desenvolver projetos em conjunto com os cursos de gradua\u00e7\u00e3o e p\u00f3s-gradua\u00e7\u00e3o. Atendimentos especialidades Al\u00e9m dos atendimentos pr\u00f3prios da SAPS, temos parceria com o CASA 3 e CASA 4 e [&hellip;]<\/p>\n","protected":false},"author":1657,"featured_media":0,"parent":0,"menu_order":0,"comment_status":"closed","ping_status":"closed","template":"","meta":{"_acf_changed":false,"footnotes":""},"class_list":["post-982","page","type-page","status-publish","hentry"],"acf":[],"_links":{"self":[{"href":"https:\/\/litoral.ufpr.br\/geografia\/wp-json\/wp\/v2\/pages\/982","targetHints":{"allow":["GET"]}}],"collection":[{"href":"https:\/\/litoral.ufpr.br\/geografia\/wp-json\/wp\/v2\/pages"}],"about":[{"href":"https:\/\/litoral.ufpr.br\/geografia\/wp-json\/wp\/v2\/types\/page"}],"author":[{"embeddable":true,"href":"https:\/\/litoral.ufpr.br\/geografia\/wp-json\/wp\/v2\/users\/1657"}],"replies":[{"embeddable":true,"href":"https:\/\/litoral.ufpr.br\/geografia\/wp-json\/wp\/v2\/comments?post=982"}],"version-history":[{"count":1,"href":"https:\/\/litoral.ufpr.br\/geografia\/wp-json\/wp\/v2\/pages\/982\/revisions"}],"predecessor-version":[{"id":983,"href":"https:\/\/litoral.ufpr.br\/geografia\/wp-json\/wp\/v2\/pages\/982\/revisions\/983"}],"wp:attachment":[{"href":"https:\/\/litoral.ufpr.br\/geografia\/wp-json\/wp\/v2\/media?parent=982"}],"curies":[{"name":"wp","href":"https:\/\/api.w.org\/{rel}","templated":true}]}}