{"id":967,"date":"2025-10-08T17:18:21","date_gmt":"2025-10-08T20:18:21","guid":{"rendered":"https:\/\/litoral.ufpr.br\/geografia\/?page_id=967"},"modified":"2025-10-08T17:18:21","modified_gmt":"2025-10-08T20:18:21","slug":"atividades-formativas-complementares","status":"publish","type":"page","link":"https:\/\/litoral.ufpr.br\/geografia\/atividades-formativas-complementares\/","title":{"rendered":"ATIVIDADES FORMATIVAS COMPLEMENTARES"},"content":{"rendered":"\n<p>As atividades complementares, assim denominadas pelo Conselho Nacional de Educa\u00e7\u00e3o, s\u00e3o regulamentadas na Universidade Federal do Paran\u00e1 pela Resolu\u00e7\u00e3o n\u00ba 70\/04-CEPE com a denomina\u00e7\u00e3o de Atividades Formativas, definindo-as como atividades complementares em rela\u00e7\u00e3o ao eixo fundamental do curr\u00edculo, objetivando sua flexibiliza\u00e7\u00e3o. Devem contemplar a articula\u00e7\u00e3o entre o ensino, pesquisa e extens\u00e3o, assegurando seu car\u00e1ter interdisciplinar em rela\u00e7\u00e3o \u00e0s diversas \u00e1reas do conhecimento, respeitando, no entanto, o Projeto Pedag\u00f3gico de cada Curso.<\/p>\n\n\n\n<p>A carga hor\u00e1ria das atividades formativas do Curso de Licenciatura em Geografia ser\u00e1 de 200 horas e a normatiza\u00e7\u00e3o espec\u00edfica de sua valida\u00e7\u00e3o ser\u00e1 fixada pela C\u00e2mara do Curso, a qual validar\u00e1 as atividades apresentadas pelos discentes mediante tabela de converg\u00eancia de horas estruturada segundo o rol de atividades estabelecida pela Resolu\u00e7\u00e3o n\u00ba 70\/04-CEPE em seu artigo 4\u00ba. Este rol poder\u00e1 ser completado por outras atividades que a C\u00e2mara de Curso vier a aprovar. As Atividades Formativas ser\u00e3o distribu\u00eddas pelos seguintes grupos, sem preju\u00edzo de outros que venham a ser formados:<\/p>\n\n\n\n<ol class=\"wp-block-list\"><li>Atividades de ensino (monitoria, PET, disciplinas eletivas, oficinas did\u00e1ticas, educa\u00e7\u00e3o a dist\u00e2ncia, projetos vinculados \u00e0 licenciatura, e outras);<\/li><li>Atividades de pesquisa e inova\u00e7\u00e3o (projetos de pesquisa, inicia\u00e7\u00e3o cient\u00edfica, produtos e outras);<\/li><li>Atividades de extens\u00e3o e cultura (projetos e cursos de extens\u00e3o e cultura, a\u00e7\u00f5es de voluntariado, participa\u00e7\u00e3o em programas e projetos institucionais, e outras);<\/li><li>Atividades voltadas \u00e0 profissionaliza\u00e7\u00e3o (est\u00e1gios n\u00e3o obrigat\u00f3rios, participa\u00e7\u00e3o em Empresa J\u00fanior reconhecida formalmente como tal pela UFPR e outras);<\/li><li>Atividades de representa\u00e7\u00e3o (membro de comiss\u00e3o, representa\u00e7\u00e3o acad\u00eamica em conselhos, e outras);<\/li><li>Eventos acad\u00eamico-cient\u00edficos (semin\u00e1rios, jornadas, congressos, simp\u00f3sios e outros).<\/li><\/ol>\n\n\n\n<p>Para integraliza\u00e7\u00e3o das horas de Atividades Formativas o aluno dever\u00e1 apresentar atividades em, pelo menos, tr\u00eas grupos dos grupos estabelecidos.<\/p>\n","protected":false},"excerpt":{"rendered":"<p>As atividades complementares, assim denominadas pelo Conselho Nacional de Educa\u00e7\u00e3o, s\u00e3o regulamentadas na Universidade Federal do Paran\u00e1 pela Resolu\u00e7\u00e3o n\u00ba 70\/04-CEPE com a denomina\u00e7\u00e3o de Atividades Formativas, definindo-as como atividades complementares em rela\u00e7\u00e3o ao eixo fundamental do curr\u00edculo, objetivando sua flexibiliza\u00e7\u00e3o. Devem contemplar a articula\u00e7\u00e3o entre o ensino, pesquisa e extens\u00e3o, assegurando seu car\u00e1ter interdisciplinar [&hellip;]<\/p>\n","protected":false},"author":1657,"featured_media":0,"parent":0,"menu_order":0,"comment_status":"closed","ping_status":"closed","template":"","meta":{"_acf_changed":false,"footnotes":""},"class_list":["post-967","page","type-page","status-publish","hentry"],"acf":[],"_links":{"self":[{"href":"https:\/\/litoral.ufpr.br\/geografia\/wp-json\/wp\/v2\/pages\/967","targetHints":{"allow":["GET"]}}],"collection":[{"href":"https:\/\/litoral.ufpr.br\/geografia\/wp-json\/wp\/v2\/pages"}],"about":[{"href":"https:\/\/litoral.ufpr.br\/geografia\/wp-json\/wp\/v2\/types\/page"}],"author":[{"embeddable":true,"href":"https:\/\/litoral.ufpr.br\/geografia\/wp-json\/wp\/v2\/users\/1657"}],"replies":[{"embeddable":true,"href":"https:\/\/litoral.ufpr.br\/geografia\/wp-json\/wp\/v2\/comments?post=967"}],"version-history":[{"count":1,"href":"https:\/\/litoral.ufpr.br\/geografia\/wp-json\/wp\/v2\/pages\/967\/revisions"}],"predecessor-version":[{"id":968,"href":"https:\/\/litoral.ufpr.br\/geografia\/wp-json\/wp\/v2\/pages\/967\/revisions\/968"}],"wp:attachment":[{"href":"https:\/\/litoral.ufpr.br\/geografia\/wp-json\/wp\/v2\/media?parent=967"}],"curies":[{"name":"wp","href":"https:\/\/api.w.org\/{rel}","templated":true}]}}