{"id":259,"date":"2019-02-21T08:44:04","date_gmt":"2019-02-21T11:44:04","guid":{"rendered":"https:\/\/litoral.ufpr.br\/geografia\/?page_id=259"},"modified":"2025-03-24T16:56:16","modified_gmt":"2025-03-24T19:56:16","slug":"calendarios","status":"publish","type":"page","link":"https:\/\/litoral.ufpr.br\/geografia\/calendarios\/","title":{"rendered":"Calend\u00e1rios"},"content":{"rendered":"\n<p>Calend\u00e1rio Acad\u00eamico 2025<\/p>\n\n\n\n<div data-wp-interactive=\"core\/file\" class=\"wp-block-file\"><object data-wp-bind--hidden=\"!state.hasPdfPreview\" hidden class=\"wp-block-file__embed\" data=\"https:\/\/litoral.ufpr.br\/geografia\/wp-content\/uploads\/sites\/11\/2025\/03\/Resolucao-no-21-24-CEPE.pdf\" type=\"application\/pdf\" style=\"width:100%;height:600px\" aria-label=\"Incorporado de Incorporado de Resolucao-no-21-24-CEPE..\"><\/object><a id=\"wp-block-file--media-29a9c19b-b11f-46c2-bc44-63ae1939d45e\" href=\"https:\/\/litoral.ufpr.br\/geografia\/wp-content\/uploads\/sites\/11\/2025\/03\/Resolucao-no-21-24-CEPE.pdf\">Resolucao-no-21-24-CEPE<\/a><a href=\"https:\/\/litoral.ufpr.br\/geografia\/wp-content\/uploads\/sites\/11\/2025\/03\/Resolucao-no-21-24-CEPE.pdf\" class=\"wp-block-file__button\" download aria-describedby=\"wp-block-file--media-29a9c19b-b11f-46c2-bc44-63ae1939d45e\">Baixar<\/a><\/div>\n\n\n\n<p>Calend\u00e1rio Acad\u00eamico 2024.1<\/p>\n\n\n\n<div data-wp-interactive=\"core\/file\" class=\"wp-block-file\"><object data-wp-bind--hidden=\"!state.hasPdfPreview\" hidden class=\"wp-block-file__embed\" data=\"https:\/\/litoral.ufpr.br\/geografia\/wp-content\/uploads\/sites\/11\/2024\/07\/Resolucao_12_24_CEPE-Calendario-2024-Pos-greve-Litoral.pdf\" type=\"application\/pdf\" style=\"width:100%;height:600px\" aria-label=\"Incorporado de Incorporado de Resolucao_12_24_CEPE-Calendario-2024-Pos-greve-Litoral..\"><\/object><a id=\"wp-block-file--media-158c7a04-a3ae-494a-b780-2f90d159033e\" href=\"https:\/\/litoral.ufpr.br\/geografia\/wp-content\/uploads\/sites\/11\/2024\/07\/Resolucao_12_24_CEPE-Calendario-2024-Pos-greve-Litoral.pdf\">Resolucao_12_24_CEPE-Calendario-2024-Pos-greve-Litoral<\/a><a href=\"https:\/\/litoral.ufpr.br\/geografia\/wp-content\/uploads\/sites\/11\/2024\/07\/Resolucao_12_24_CEPE-Calendario-2024-Pos-greve-Litoral.pdf\" class=\"wp-block-file__button\" download aria-describedby=\"wp-block-file--media-158c7a04-a3ae-494a-b780-2f90d159033e\">Baixar<\/a><\/div>\n\n\n\n<p><strong>Calend\u00e1rio Acad\u00eamico 2023 &#8211; Setor Litoral:<\/strong><\/p>\n\n\n\n<div data-wp-interactive=\"core\/file\" class=\"wp-block-file\"><object data-wp-bind--hidden=\"!state.hasPdfPreview\" hidden class=\"wp-block-file__embed\" data=\"https:\/\/litoral.ufpr.br\/geografia\/wp-content\/uploads\/sites\/11\/2023\/07\/Res.57-23-CEPE_Calendario_SL-1.pdf\" type=\"application\/pdf\" style=\"width:100%;height:600px\" aria-label=\"Incorporado de Incorporado de Res.57-23-CEPE_Calendario_SL (1)..\"><\/object><a id=\"wp-block-file--media-7e746c44-7718-4788-999f-fe9809f98d92\" href=\"https:\/\/litoral.ufpr.br\/geografia\/wp-content\/uploads\/sites\/11\/2023\/07\/Res.57-23-CEPE_Calendario_SL-1.pdf\">Res.57-23-CEPE_Calendario_SL (1)<\/a><a href=\"https:\/\/litoral.ufpr.br\/geografia\/wp-content\/uploads\/sites\/11\/2023\/07\/Res.57-23-CEPE_Calendario_SL-1.pdf\" class=\"wp-block-file__button\" download aria-describedby=\"wp-block-file--media-7e746c44-7718-4788-999f-fe9809f98d92\">Baixar<\/a><\/div>\n\n\n\n<p><strong>Aulas de Campo<\/strong><\/p>\n\n\n\n<p>S\u00e3o programadas no in\u00edcio de cada semestre com o coletivo de educandos(as) e educadores(as) do Curso.<\/p>\n\n\n\n<p>Hist\u00f3rico de localidades onde foram desenvolvidas atividades de aulas de campo: Matinhos, Guaratuba, Pontal do Paran\u00e1, Morretes, Antonina, Guaraque\u00e7aba, Ilha de Superagui.<\/p>\n\n\n\n<p><strong>Reuni\u00f5es da C\u00e2mara do Curso:<\/strong><\/p>\n\n\n\n<ul class=\"wp-block-list\"><li>Todas as ter\u00e7as-feiras das 14h00m \u00e0s 17h00m;<\/li><li>Assembleia coletiva (docentes e discentes) &#8211; uma vez ao m\u00eas (alternadas entre 2\u00aas, 3\u00aas e 5\u00aas-feiras), das 19h30m \u00e0s 22h30m.<\/li><\/ul>\n\n\n\n<p> (Atualiza\u00e7\u00e3o: 18\/07\/2023) <\/p>\n\n\n\n<figure class=\"wp-block-gallery has-nested-images columns-default is-cropped wp-block-gallery-1 is-layout-flex wp-block-gallery-is-layout-flex\"><\/figure>\n\n\n\n<figure class=\"wp-block-gallery has-nested-images columns-default is-cropped wp-block-gallery-2 is-layout-flex wp-block-gallery-is-layout-flex\"><\/figure>\n\n\n\n\n\n\n\n\n\n\n","protected":false},"excerpt":{"rendered":"<p>Calend\u00e1rio Acad\u00eamico 2025 Calend\u00e1rio Acad\u00eamico 2024.1 Calend\u00e1rio Acad\u00eamico 2023 &#8211; Setor Litoral: Aulas de Campo S\u00e3o programadas no in\u00edcio de cada semestre com o coletivo de educandos(as) e educadores(as) do Curso. Hist\u00f3rico de localidades onde foram desenvolvidas atividades de aulas de campo: Matinhos, Guaratuba, Pontal do Paran\u00e1, Morretes, Antonina, Guaraque\u00e7aba, Ilha de Superagui. Reuni\u00f5es da [&hellip;]<\/p>\n","protected":false},"author":3,"featured_media":0,"parent":0,"menu_order":0,"comment_status":"closed","ping_status":"closed","template":"","meta":{"_acf_changed":false,"footnotes":""},"class_list":["post-259","page","type-page","status-publish","hentry"],"acf":[],"_links":{"self":[{"href":"https:\/\/litoral.ufpr.br\/geografia\/wp-json\/wp\/v2\/pages\/259","targetHints":{"allow":["GET"]}}],"collection":[{"href":"https:\/\/litoral.ufpr.br\/geografia\/wp-json\/wp\/v2\/pages"}],"about":[{"href":"https:\/\/litoral.ufpr.br\/geografia\/wp-json\/wp\/v2\/types\/page"}],"author":[{"embeddable":true,"href":"https:\/\/litoral.ufpr.br\/geografia\/wp-json\/wp\/v2\/users\/3"}],"replies":[{"embeddable":true,"href":"https:\/\/litoral.ufpr.br\/geografia\/wp-json\/wp\/v2\/comments?post=259"}],"version-history":[{"count":22,"href":"https:\/\/litoral.ufpr.br\/geografia\/wp-json\/wp\/v2\/pages\/259\/revisions"}],"predecessor-version":[{"id":895,"href":"https:\/\/litoral.ufpr.br\/geografia\/wp-json\/wp\/v2\/pages\/259\/revisions\/895"}],"wp:attachment":[{"href":"https:\/\/litoral.ufpr.br\/geografia\/wp-json\/wp\/v2\/media?parent=259"}],"curies":[{"name":"wp","href":"https:\/\/api.w.org\/{rel}","templated":true}]}}