{"id":257,"date":"2019-02-21T08:43:52","date_gmt":"2019-02-21T11:43:52","guid":{"rendered":"https:\/\/litoral.ufpr.br\/geografia\/?page_id=257"},"modified":"2025-03-24T18:32:27","modified_gmt":"2025-03-24T21:32:27","slug":"documentos","status":"publish","type":"page","link":"https:\/\/litoral.ufpr.br\/geografia\/documentos\/","title":{"rendered":"Documentos"},"content":{"rendered":"\n<p><strong>Plano de A\u00e7\u00e3o do Curso (2019-2023)<\/strong><\/p>\n\n\n\n\n<div class=\"wp-block-file\"><a href=\"https:\/\/litoral.ufpr.br\/geografia\/wp-content\/uploads\/sites\/11\/2022\/03\/Plano-de-Acoes-LIGEO-2019-2023.xlsx\">Plano-de-Acoes-LIGEO-2019-2023<\/a><a href=\"https:\/\/litoral.ufpr.br\/geografia\/wp-content\/uploads\/sites\/11\/2022\/03\/Plano-de-Acoes-LIGEO-2019-2023.xlsx\" class=\"wp-block-file__button\">Baixar<\/a><\/div>\n\n\n\n\n<p><\/p>\n\n\n\n<p><strong>Projeto pedag\u00f3gico do Curso<\/strong> (2023)<\/p>\n\n\n\n<p><a href=\"https:\/\/litoral.ufpr.br\/geografia\/wp-content\/uploads\/sites\/11\/2025\/03\/PPC_LiGeo_2023.pdf\">https:\/\/litoral.ufpr.br\/geografia\/wp-content\/uploads\/sites\/11\/2025\/03\/PPC_LiGeo_2023.pdf<\/a><\/p>\n\n\n\n<p><strong>Projeto pedag\u00f3gico do Curso<\/strong> (2017)<\/p>\n\n\n\n<div class=\"wp-block-file\"><a href=\"https:\/\/litoral.ufpr.br\/geografia\/wp-content\/uploads\/sites\/11\/2022\/03\/PPC-Geografia-Versao-Final-AlteradoCoord-geral-estagio-of-11fev2016-1.pdf\">PPC-Geografia-Versao-Final-AlteradoCoord-geral-estagio-of-11fev2016-1<\/a><a href=\"https:\/\/litoral.ufpr.br\/geografia\/wp-content\/uploads\/sites\/11\/2022\/03\/PPC-Geografia-Versao-Final-AlteradoCoord-geral-estagio-of-11fev2016-1.pdf\" class=\"wp-block-file__button\">Baixar<\/a><\/div>\n\n\n\n<p><strong>Diretrizes do curso<\/strong><\/p>\n\n\n\n<p><\/p>\n\n\n\n<div data-wp-interactive=\"core\/file\" class=\"wp-block-file\"><a href=\"https:\/\/litoral.ufpr.br\/geografia\/wp-content\/uploads\/sites\/11\/2022\/03\/Diretrizes-para-a-elaboracao-do-Portfolio-de-Aprendizagem_2021.pdf\">Diretrizes-para-a-elaboracao-do-Portfolio-de-Aprendizagem_2021<\/a><a href=\"https:\/\/litoral.ufpr.br\/geografia\/wp-content\/uploads\/sites\/11\/2022\/03\/Diretrizes-para-a-elaboracao-do-Portfolio-de-Aprendizagem_2021.pdf\" class=\"wp-block-file__button\" download>Baixar<\/a><\/div>\n\n\n\n<p><\/p>\n\n\n\n<p><\/p>\n\n\n\n<p><strong>Documentos Est\u00e1gio<\/strong><\/p>\n\n\n\n<p><\/p>\n\n\n\n<div data-wp-interactive=\"core\/file\" class=\"wp-block-file\"><a href=\"https:\/\/litoral.ufpr.br\/geografia\/wp-content\/uploads\/sites\/11\/2022\/03\/01_cadastro-central-de-seguranca_-1.pdf\">01_cadastro-central-de-seguranca_-1<\/a><a href=\"https:\/\/litoral.ufpr.br\/geografia\/wp-content\/uploads\/sites\/11\/2022\/03\/01_cadastro-central-de-seguranca_-1.pdf\" class=\"wp-block-file__button\" download>Baixar<\/a><\/div>\n\n\n\n<div data-wp-interactive=\"core\/file\" class=\"wp-block-file\"><a href=\"https:\/\/litoral.ufpr.br\/geografia\/wp-content\/uploads\/sites\/11\/2022\/03\/Esta\u0301gioobrigatorio_tutorial2022-1.pdf\">Esta\u0301gioobrigatorio_tutorial2022-1<\/a><a href=\"https:\/\/litoral.ufpr.br\/geografia\/wp-content\/uploads\/sites\/11\/2022\/03\/Esta\u0301gioobrigatorio_tutorial2022-1.pdf\" class=\"wp-block-file__button\" download>Baixar<\/a><\/div>\n\n\n\n<p><\/p>\n\n\n\n<div data-wp-interactive=\"core\/file\" class=\"wp-block-file\"><a href=\"https:\/\/litoral.ufpr.br\/geografia\/wp-content\/uploads\/sites\/11\/2022\/03\/Fluxo_SEED_2022-1-1.pdf\">Fluxo_SEED_2022-1-1<\/a><a href=\"https:\/\/litoral.ufpr.br\/geografia\/wp-content\/uploads\/sites\/11\/2022\/03\/Fluxo_SEED_2022-1-1.pdf\" class=\"wp-block-file__button\" download>Baixar<\/a><\/div>\n\n\n\n<div data-wp-interactive=\"core\/file\" class=\"wp-block-file\"><a href=\"https:\/\/litoral.ufpr.br\/geografia\/wp-content\/uploads\/sites\/11\/2022\/03\/Manual_de_Estagios___Versao_Final-1.pdf\">Manual_de_Estagios___Versao_Final-1<\/a><a href=\"https:\/\/litoral.ufpr.br\/geografia\/wp-content\/uploads\/sites\/11\/2022\/03\/Manual_de_Estagios___Versao_Final-1.pdf\" class=\"wp-block-file__button\" download>Baixar<\/a><\/div>\n\n\n\n<p><\/p>\n","protected":false},"excerpt":{"rendered":"<p>Plano de A\u00e7\u00e3o do Curso (2019-2023) Plano-de-Acoes-LIGEO-2019-2023Baixar Projeto pedag\u00f3gico do Curso (2023) https:\/\/litoral.ufpr.br\/geografia\/wp-content\/uploads\/sites\/11\/2025\/03\/PPC_LiGeo_2023.pdf Projeto pedag\u00f3gico do Curso (2017) PPC-Geografia-Versao-Final-AlteradoCoord-geral-estagio-of-11fev2016-1Baixar Diretrizes do curso Documentos Est\u00e1gio<\/p>\n","protected":false},"author":3,"featured_media":0,"parent":0,"menu_order":0,"comment_status":"closed","ping_status":"closed","template":"","meta":{"_acf_changed":false,"footnotes":""},"class_list":["post-257","page","type-page","status-publish","hentry"],"acf":[],"_links":{"self":[{"href":"https:\/\/litoral.ufpr.br\/geografia\/wp-json\/wp\/v2\/pages\/257","targetHints":{"allow":["GET"]}}],"collection":[{"href":"https:\/\/litoral.ufpr.br\/geografia\/wp-json\/wp\/v2\/pages"}],"about":[{"href":"https:\/\/litoral.ufpr.br\/geografia\/wp-json\/wp\/v2\/types\/page"}],"author":[{"embeddable":true,"href":"https:\/\/litoral.ufpr.br\/geografia\/wp-json\/wp\/v2\/users\/3"}],"replies":[{"embeddable":true,"href":"https:\/\/litoral.ufpr.br\/geografia\/wp-json\/wp\/v2\/comments?post=257"}],"version-history":[{"count":10,"href":"https:\/\/litoral.ufpr.br\/geografia\/wp-json\/wp\/v2\/pages\/257\/revisions"}],"predecessor-version":[{"id":901,"href":"https:\/\/litoral.ufpr.br\/geografia\/wp-json\/wp\/v2\/pages\/257\/revisions\/901"}],"wp:attachment":[{"href":"https:\/\/litoral.ufpr.br\/geografia\/wp-json\/wp\/v2\/media?parent=257"}],"curies":[{"name":"wp","href":"https:\/\/api.w.org\/{rel}","templated":true}]}}