{"id":255,"date":"2019-02-21T08:43:36","date_gmt":"2019-02-21T11:43:36","guid":{"rendered":"https:\/\/litoral.ufpr.br\/geografia\/?page_id=255"},"modified":"2022-03-04T08:58:38","modified_gmt":"2022-03-04T11:58:38","slug":"extensao","status":"publish","type":"page","link":"https:\/\/litoral.ufpr.br\/geografia\/programas-e-projetos\/extensao\/","title":{"rendered":"Extens\u00e3o"},"content":{"rendered":"\n<p>Manuais e Materiais Did\u00e1ticos: seus usos no ensino de Geografia e Matem\u00e1tica no Munic\u00edpio de Matinho \u2013 Paran\u00e1 &#8211; Coordena\u00e7\u00e3o: Prof\u00aa Dr\u00aa Neusa Maria Tauscheck; Vice-coordena\u00e7\u00e3o: Prof. Dr. Marcos Aur\u00e9lio Zanlorenzi<\/p>\n\n\n\n<p>Laborat\u00f3rio de Estudos em Ludicidade, Tecnologia e Comunica\u00e7\u00e3o (LUTECOM) &#8211; Coordena\u00e7\u00e3o: Prof. Dr. Ehrick Eduardo Martins Melzer; Vice-coordena\u00e7\u00e3o:  Prof. Dr. Marcos Aur\u00e9lio Zanlorenzi<\/p>\n\n\n\n<p>Espa\u00e7os Culturais na\/da Periferia: Territ\u00f3rios em Resist\u00eancia &#8211; Coordena\u00e7\u00e3o:  Prof. Dr. Marcos Aur\u00e9lio Zanlorenzi; Vice-Coordena\u00e7\u00e3o:  Prof\u00aa Dr\u00aa Neusa Maria Tauscheck<\/p>\n\n\n\n<p>Agroecologia nas escolas p\u00fablicas: educa\u00e7\u00e3o ambiental e resgate dos saberes populares &#8211; Coordena\u00e7\u00e3o: Prof\u00aa Dr\u00aa Gabriela Schenato Bica; Vice-coordena\u00e7\u00e3o: Rodrigo Rosi Mengarelli<\/p>\n\n\n\n<p>Yoga no cotidiano: princ\u00edpios e pr\u00e1ticas &#8211; Coordena\u00e7\u00e3o Prof\u00aa Ms\u00aa Ione Maria Aschidamini; Vice-coordena\u00e7\u00e3o: Prof. Dr. Paulo Gaspar Graziola Junior<\/p>\n","protected":false},"excerpt":{"rendered":"<p>Manuais e Materiais Did\u00e1ticos: seus usos no ensino de Geografia e Matem\u00e1tica no Munic\u00edpio de Matinho \u2013 Paran\u00e1 &#8211; Coordena\u00e7\u00e3o: Prof\u00aa Dr\u00aa Neusa Maria Tauscheck; Vice-coordena\u00e7\u00e3o: Prof. Dr. Marcos Aur\u00e9lio Zanlorenzi Laborat\u00f3rio de Estudos em Ludicidade, Tecnologia e Comunica\u00e7\u00e3o (LUTECOM) &#8211; Coordena\u00e7\u00e3o: Prof. Dr. Ehrick Eduardo Martins Melzer; Vice-coordena\u00e7\u00e3o: Prof. Dr. Marcos Aur\u00e9lio Zanlorenzi Espa\u00e7os [&hellip;]<\/p>\n","protected":false},"author":3,"featured_media":0,"parent":246,"menu_order":0,"comment_status":"closed","ping_status":"closed","template":"","meta":{"_acf_changed":false,"footnotes":""},"class_list":["post-255","page","type-page","status-publish","hentry"],"acf":[],"_links":{"self":[{"href":"https:\/\/litoral.ufpr.br\/geografia\/wp-json\/wp\/v2\/pages\/255","targetHints":{"allow":["GET"]}}],"collection":[{"href":"https:\/\/litoral.ufpr.br\/geografia\/wp-json\/wp\/v2\/pages"}],"about":[{"href":"https:\/\/litoral.ufpr.br\/geografia\/wp-json\/wp\/v2\/types\/page"}],"author":[{"embeddable":true,"href":"https:\/\/litoral.ufpr.br\/geografia\/wp-json\/wp\/v2\/users\/3"}],"replies":[{"embeddable":true,"href":"https:\/\/litoral.ufpr.br\/geografia\/wp-json\/wp\/v2\/comments?post=255"}],"version-history":[{"count":4,"href":"https:\/\/litoral.ufpr.br\/geografia\/wp-json\/wp\/v2\/pages\/255\/revisions"}],"predecessor-version":[{"id":635,"href":"https:\/\/litoral.ufpr.br\/geografia\/wp-json\/wp\/v2\/pages\/255\/revisions\/635"}],"up":[{"embeddable":true,"href":"https:\/\/litoral.ufpr.br\/geografia\/wp-json\/wp\/v2\/pages\/246"}],"wp:attachment":[{"href":"https:\/\/litoral.ufpr.br\/geografia\/wp-json\/wp\/v2\/media?parent=255"}],"curies":[{"name":"wp","href":"https:\/\/api.w.org\/{rel}","templated":true}]}}