{"id":253,"date":"2019-02-21T08:43:15","date_gmt":"2019-02-21T11:43:15","guid":{"rendered":"https:\/\/litoral.ufpr.br\/geografia\/?page_id=253"},"modified":"2025-07-02T19:21:04","modified_gmt":"2025-07-02T22:21:04","slug":"pesquisa","status":"publish","type":"page","link":"https:\/\/litoral.ufpr.br\/geografia\/programas-e-projetos\/pesquisa\/","title":{"rendered":"Pesquisa"},"content":{"rendered":"\n<p><strong>Projetos de Pesquisa <\/strong><\/p>\n\n\n\n<p>Desterritorializa\u00e7\u00e3o\/reterritorializa\u00e7\u00e3o da escola: possibilidades para uma educa\u00e7\u00e3o na (p\u00f3s)pandemia &#8211; Coordena\u00e7\u00e3o: Prof. Dr. Marcos Aur\u00e9lio Zanlorenzi<\/p>\n\n\n\n<p>O Tr\u00e1fego Dial\u00e9tico de Saberes: analisando as rela\u00e7\u00f5es entre epistemologia, pol\u00edtica na produ\u00e7\u00e3o dos saberes escolares &#8211; Coordena\u00e7\u00e3o: Prof. Dr. Ehrick Eduardo Martins Melzer<\/p>\n\n\n\n<p>A Universidade e a Educa\u00e7\u00e3o B\u00e1sica na forma\u00e7\u00e3o inicial e continuada de professores que ensinam Ci\u00eancias da Natureza e Matem\u00e1tica no Brasil &#8211; Coordena\u00e7\u00e3o:  Prof. Dr. Ehrick Eduardo Martins Melzer <\/p>\n\n\n\n<p>Forma\u00e7\u00e3o de Professores e Paradigmas Curriculares nas IES &#8211; Coordena\u00e7\u00e3o: Prof. Dr. Rodrigo Rosi Mengarelli <\/p>\n\n\n\n<p>Da minha janela vejo o mundo: a geografia local, cartografias, materiais did\u00e1ticos e forma\u00e7\u00e3o docente &#8211; Coordena\u00e7\u00e3o: P<span style=\"font-size: revert;color: initial\">rof\u00aa Dr\u00aa \u00c2ngela Massumi Katuta<\/span> <\/p>\n\n\n\n<p><strong>Grupos de Pesquisa<\/strong><\/p>\n\n\n\n<ul class=\"wp-block-list\"><li> Prof. Dr. Ehrick Eduardo Martins Melzer<\/li><\/ul>\n\n\n\n<p>Grupo Interdisciplinar de Estudos e Pesquisas para o Desenvolvimento Sustent\u00e1vel do Litoral do Paran\u00e1 &#8211; <a href=\"http:\/\/dgp.cnpq.br\/dgp\/espelhogrupo\/2797677075762879\">link do grupo<\/a><\/p>\n\n\n\n<p>N\u00facleo de Pesquisa em Educa\u00e7\u00e3o do Campo, Movimentos Sociais e Pr\u00e1ticas Pedag\u00f3gicas &#8211; <a href=\"http:\/\/dgp.cnpq.br\/dgp\/espelhogrupo\/1906536912456991\">link do grupo<\/a><\/p>\n\n\n\n<ul class=\"wp-block-list\"><li>Prof\u00aa Dr\u00aa \u00c2ngela Massumi Katuta<\/li><\/ul>\n\n\n\n<p>Enconttra- Coletivo de Estudos sobre Conflitos pelo Territ\u00f3rio e pela Terra; Observat\u00f3rio da quest\u00e3o agr\u00e1ria no Paran\u00e1 &#8211; <a href=\"http:\/\/dgp.cnpq.br\/dgp\/espelhogrupo\/6641924509172811\">Link do grupo<\/a><\/p>\n\n\n\n<p>Prof. Dr. Marcos Aur\u00e9lio Zanlorenzi<\/p>\n\n\n\n<p>Grupo Interdisciplinar de Estudos e Pesquisas para o Desenvolvimento Sustent\u00e1vel do Litoral do Paran\u00e1 &#8211; <a href=\"http:\/\/dgp.cnpq.br\/dgp\/espelhogrupo\/2797677075762879\">link do grupo<\/a> <\/p>\n\n\n\n<p>Educa\u00e7\u00e3o Matem\u00e1tica &#8211;<a href=\"http:\/\/dgp.cnpq.br\/dgp\/espelhogrupo\/0449355747771467\"> link do grupo<\/a><\/p>\n\n\n\n<p><\/p>\n\n\n\n<p><strong>Grupo de pesquisa<\/strong><\/p>\n\n\n\n<p>Pr\u00e1ticas de ensino, pesquisa e extens\u00e3o em Geografia<\/p>\n\n\n\n<p>Prof. Dr. Antonio Marcio Haliski<\/p>\n\n\n\n<p><a href=\"http:\/\/dgp.cnpq.br\/dgp\/espelhogrupo\/0362920124647646\">dgp.cnpq.br\/dgp\/espelhogrupo\/0362920124647646<\/a><\/p>\n\n\n\n<p><\/p>\n","protected":false},"excerpt":{"rendered":"<p>Projetos de Pesquisa Desterritorializa\u00e7\u00e3o\/reterritorializa\u00e7\u00e3o da escola: possibilidades para uma educa\u00e7\u00e3o na (p\u00f3s)pandemia &#8211; Coordena\u00e7\u00e3o: Prof. Dr. Marcos Aur\u00e9lio Zanlorenzi O Tr\u00e1fego Dial\u00e9tico de Saberes: analisando as rela\u00e7\u00f5es entre epistemologia, pol\u00edtica na produ\u00e7\u00e3o dos saberes escolares &#8211; Coordena\u00e7\u00e3o: Prof. Dr. Ehrick Eduardo Martins Melzer A Universidade e a Educa\u00e7\u00e3o B\u00e1sica na forma\u00e7\u00e3o inicial e continuada de [&hellip;]<\/p>\n","protected":false},"author":3,"featured_media":0,"parent":246,"menu_order":0,"comment_status":"closed","ping_status":"closed","template":"","meta":{"_acf_changed":false,"footnotes":""},"class_list":["post-253","page","type-page","status-publish","hentry"],"acf":[],"_links":{"self":[{"href":"https:\/\/litoral.ufpr.br\/geografia\/wp-json\/wp\/v2\/pages\/253","targetHints":{"allow":["GET"]}}],"collection":[{"href":"https:\/\/litoral.ufpr.br\/geografia\/wp-json\/wp\/v2\/pages"}],"about":[{"href":"https:\/\/litoral.ufpr.br\/geografia\/wp-json\/wp\/v2\/types\/page"}],"author":[{"embeddable":true,"href":"https:\/\/litoral.ufpr.br\/geografia\/wp-json\/wp\/v2\/users\/3"}],"replies":[{"embeddable":true,"href":"https:\/\/litoral.ufpr.br\/geografia\/wp-json\/wp\/v2\/comments?post=253"}],"version-history":[{"count":7,"href":"https:\/\/litoral.ufpr.br\/geografia\/wp-json\/wp\/v2\/pages\/253\/revisions"}],"predecessor-version":[{"id":919,"href":"https:\/\/litoral.ufpr.br\/geografia\/wp-json\/wp\/v2\/pages\/253\/revisions\/919"}],"up":[{"embeddable":true,"href":"https:\/\/litoral.ufpr.br\/geografia\/wp-json\/wp\/v2\/pages\/246"}],"wp:attachment":[{"href":"https:\/\/litoral.ufpr.br\/geografia\/wp-json\/wp\/v2\/media?parent=253"}],"curies":[{"name":"wp","href":"https:\/\/api.w.org\/{rel}","templated":true}]}}