{"id":251,"date":"2019-02-21T08:43:04","date_gmt":"2019-02-21T11:43:04","guid":{"rendered":"https:\/\/litoral.ufpr.br\/geografia\/?page_id=251"},"modified":"2025-07-07T18:48:41","modified_gmt":"2025-07-07T21:48:41","slug":"ensino","status":"publish","type":"page","link":"https:\/\/litoral.ufpr.br\/geografia\/programas-e-projetos\/ensino\/","title":{"rendered":"Ensino"},"content":{"rendered":"\n<p><strong>Programa Licenciar:<\/strong> <\/p>\n\n\n\n<p>LABORAT\u00d3RIO DE OBJETOS EDUCACIONAIS DIGITAIS VOLTADOS A DOC\u00caNCIA DIGITAL NA EDUCA\u00c7\u00c3O B\u00c1SICA E FORMA\u00c7\u00c3O DE PROFESSORES &#8211; Coordena\u00e7\u00e3o: Prof. Dr. Ehrick Eduardo Martins Melzer e Colabora\u00e7\u00e3o: Prof. Dr. Marcos Aur\u00e9lio Zanlorenzi e Prof\u00aa Dr\u00aa Neusa Maria Tauscheck <\/p>\n\n\n\n<p><strong>Especializa\u00e7\u00e3o: <\/strong><\/p>\n\n\n\n<p>Saberes e fazeres do mar: di\u00e1logos entre o curr\u00edculo e a realidade local nas escolas das ilhas do litoral paranaense &#8211; Coordena\u00e7\u00e3o: Prof\u00aa Dr\u00aa Vanessa Marion Andreoli, Vice-coordena\u00e7\u00e3o: Prof\u00aa Dr\u00aa Lilian Medeiros de Mello e Colabora\u00e7\u00e3o:  Prof. Dr. Marcos Aur\u00e9lio Zanlorenzi, Prof\u00aa Dr\u00aa Neusa Maria Tauscheck e Prof. Dr. Ehrick Eduardo Martins Melzer<\/p>\n\n\n\n<p>Alternativas para uma Nova Educa\u00e7\u00e3o (ANE) &#8211; Coordena\u00e7\u00e3o: Prof\u00aa Dr\u00aa Franc\u00e9li Brizolla, Prof. Dr. Valdo Cavallet e Colabora\u00e7\u00e3o: Prof. Dr. Rodrigo Rosi Mengarelli<\/p>\n\n\n\n<p>Quest\u00e3o Social pela Perspectiva Interdisciplinar &#8211; Coordena\u00e7\u00e3o:  Prof\u00aa Dr\u00aa Giselle \u00c1vila de Leal Meirelles, Vice-coordena\u00e7\u00e3o: Prof. Dr. Robson de Oliveira e Colabora\u00e7\u00e3o:  Prof. Dr. Rodrigo Rosi Mengarelli <\/p>\n\n\n\n<p><\/p>\n\n\n\n<p><strong>Programa Institucional de Bolsa de Inicia\u00e7\u00e3o \u00e0 Doc\u00eancia PIBID <\/strong>(Projeto conjunto entre a Geografia Setor Litoral e Geografia Curitiba, dez 2024-dez 2026)<\/p>\n\n\n\n<p>Coordenadores: Dr. Antonio Marcio Haliski, Dr\u00aa Karina Rousseng Dal Pont, Dr\u00aa Elaine de Cacia de Lima Frick, Dr. Daniel Luiz Stefenon<\/p>\n","protected":false},"excerpt":{"rendered":"<p>Programa Licenciar: LABORAT\u00d3RIO DE OBJETOS EDUCACIONAIS DIGITAIS VOLTADOS A DOC\u00caNCIA DIGITAL NA EDUCA\u00c7\u00c3O B\u00c1SICA E FORMA\u00c7\u00c3O DE PROFESSORES &#8211; Coordena\u00e7\u00e3o: Prof. Dr. Ehrick Eduardo Martins Melzer e Colabora\u00e7\u00e3o: Prof. Dr. Marcos Aur\u00e9lio Zanlorenzi e Prof\u00aa Dr\u00aa Neusa Maria Tauscheck Especializa\u00e7\u00e3o: Saberes e fazeres do mar: di\u00e1logos entre o curr\u00edculo e a realidade local nas escolas [&hellip;]<\/p>\n","protected":false},"author":3,"featured_media":0,"parent":246,"menu_order":0,"comment_status":"closed","ping_status":"closed","template":"","meta":{"_acf_changed":false,"footnotes":""},"class_list":["post-251","page","type-page","status-publish","hentry"],"acf":[],"_links":{"self":[{"href":"https:\/\/litoral.ufpr.br\/geografia\/wp-json\/wp\/v2\/pages\/251","targetHints":{"allow":["GET"]}}],"collection":[{"href":"https:\/\/litoral.ufpr.br\/geografia\/wp-json\/wp\/v2\/pages"}],"about":[{"href":"https:\/\/litoral.ufpr.br\/geografia\/wp-json\/wp\/v2\/types\/page"}],"author":[{"embeddable":true,"href":"https:\/\/litoral.ufpr.br\/geografia\/wp-json\/wp\/v2\/users\/3"}],"replies":[{"embeddable":true,"href":"https:\/\/litoral.ufpr.br\/geografia\/wp-json\/wp\/v2\/comments?post=251"}],"version-history":[{"count":11,"href":"https:\/\/litoral.ufpr.br\/geografia\/wp-json\/wp\/v2\/pages\/251\/revisions"}],"predecessor-version":[{"id":921,"href":"https:\/\/litoral.ufpr.br\/geografia\/wp-json\/wp\/v2\/pages\/251\/revisions\/921"}],"up":[{"embeddable":true,"href":"https:\/\/litoral.ufpr.br\/geografia\/wp-json\/wp\/v2\/pages\/246"}],"wp:attachment":[{"href":"https:\/\/litoral.ufpr.br\/geografia\/wp-json\/wp\/v2\/media?parent=251"}],"curies":[{"name":"wp","href":"https:\/\/api.w.org\/{rel}","templated":true}]}}