{"id":244,"date":"2019-02-21T08:41:08","date_gmt":"2019-02-21T11:41:08","guid":{"rendered":"https:\/\/litoral.ufpr.br\/geografia\/?page_id=244"},"modified":"2025-10-08T17:25:36","modified_gmt":"2025-10-08T20:25:36","slug":"estagios","status":"publish","type":"page","link":"https:\/\/litoral.ufpr.br\/geografia\/curriculo\/estagios\/","title":{"rendered":"Est\u00e1gios"},"content":{"rendered":"\n<p>Est\u00e1gio Curricular<\/p>\n\n\n\n<p>O est\u00e1gio, conceituado como elemento curricular de car\u00e1ter formador e como um ato educativo supervisionado previsto para o Curso de Licenciatura em Geografia, est\u00e1 regulamentado em conson\u00e2ncia com a defini\u00e7\u00e3o do perfil do profissional egresso, bem como com os objetivos para a sua forma\u00e7\u00e3o.<\/p>\n\n\n\n<p>O Projeto Pedag\u00f3gico do Curso de Licenciatura em Geografia prev\u00ea a realiza\u00e7\u00e3o de est\u00e1gio em duas modalidades: O est\u00e1gio obrigat\u00f3rio e o n\u00e3o obrigat\u00f3rio. O objetivo dessas modalidades de est\u00e1gio \u00e9 de viabilizar ao educando o aprimoramento t\u00e9cnico-cient\u00edfico na forma\u00e7\u00e3o do profissional, mediante a an\u00e1lise e a solu\u00e7\u00e3o de problemas concretos em condi\u00e7\u00f5es reais de trabalho, por interm\u00e9dio de situa\u00e7\u00f5es relacionadas a natureza e especificidade do curso e da aplica\u00e7\u00e3o dos conhecimentos te\u00f3ricos e pr\u00e1ticos adquiridos nos diversos m\u00f3dulos previstos no PPC. O est\u00e1gio obrigat\u00f3rio ter\u00e1 carga hor\u00e1ria de 400 horas a serem cumpridas no(s) semestre(s).<\/p>\n\n\n\n<p>O Regulamento do Est\u00e1gio consta no Anexo II do PPC, no qual s\u00e3o estabelecidas as normas para a sua realiza\u00e7\u00e3o em ambas as modalidades previstas.<\/p>\n\n\n\n<p>Para informa\u00e7\u00f5es sobre os est\u00e1gio no \u00e2mbito da UFPR acesse o Manual de Est\u00e1gios:<br><\/p>\n\n\n\n<div data-wp-interactive=\"core\/file\" class=\"wp-block-file\"><a href=\"https:\/\/litoral.ufpr.br\/geografia\/wp-content\/uploads\/sites\/11\/2022\/03\/Manual_de_Estagios___Versao_Final.pdf\">Manual_de_Estagios___Versao_Final<\/a><a href=\"https:\/\/litoral.ufpr.br\/geografia\/wp-content\/uploads\/sites\/11\/2022\/03\/Manual_de_Estagios___Versao_Final.pdf\" class=\"wp-block-file__button\" download>Baixar<\/a><\/div>\n\n\n\n<p>Orienta\u00e7\u00f5es para desenvolvimento dos est\u00e1gio de acordo com as normativas da Secretaria Estadual de Educa\u00e7\u00e3o do Estado do Paran\u00e1 (SEED-PR):<\/p>\n\n\n\n<p><strong>Fluxo para a realiza\u00e7\u00e3o de Est\u00e1gios Obrigat\u00f3rios:<\/strong><\/p>\n\n\n\n<div data-wp-interactive=\"core\/file\" class=\"wp-block-file\"><a href=\"https:\/\/litoral.ufpr.br\/geografia\/wp-content\/uploads\/sites\/11\/2022\/03\/Fluxo_SEED_2022-1.pdf\">Fluxo_SEED_2022-1<\/a><a href=\"https:\/\/litoral.ufpr.br\/geografia\/wp-content\/uploads\/sites\/11\/2022\/03\/Fluxo_SEED_2022-1.pdf\" class=\"wp-block-file__button\" download>Baixar<\/a><\/div>\n\n\n\n<p>Orienta\u00e7\u00e3o para <strong>SOLICITA\u00c7\u00c3O DE CAMPO DE EST\u00c1GIO SUPERVISIONADO<\/strong>:<\/p>\n\n\n\n<div class=\"wp-block-group\"><div class=\"wp-block-group__inner-container is-layout-flow wp-block-group-is-layout-flow\">\n<div data-wp-interactive=\"core\/file\" class=\"wp-block-file\"><a href=\"https:\/\/litoral.ufpr.br\/geografia\/wp-content\/uploads\/sites\/11\/2022\/03\/Esta\u0301gioobrigatorio_tutorial2022.pdf\">Esta\u0301gioobrigatorio_tutorial2022<\/a><a href=\"https:\/\/litoral.ufpr.br\/geografia\/wp-content\/uploads\/sites\/11\/2022\/03\/Esta\u0301gioobrigatorio_tutorial2022.pdf\" class=\"wp-block-file__button\" download>Baixar<\/a><\/div>\n<\/div><\/div>\n\n\n\n<p><strong>Cadastro Central de Seguran\u00e7a (SEED-PR):<\/strong><\/p>\n\n\n\n<p><\/p>\n\n\n\n<div data-wp-interactive=\"core\/file\" class=\"wp-block-file\"><a href=\"https:\/\/litoral.ufpr.br\/geografia\/wp-content\/uploads\/sites\/11\/2022\/03\/01_cadastro-central-de-seguranca_.pdf\">01_cadastro-central-de-seguranca_<\/a><a href=\"https:\/\/litoral.ufpr.br\/geografia\/wp-content\/uploads\/sites\/11\/2022\/03\/01_cadastro-central-de-seguranca_.pdf\" class=\"wp-block-file__button\" download>Baixar<\/a><\/div>\n\n\n\n<p> (Atualiza\u00e7\u00e3o: 02\/03\/2022) <\/p>\n","protected":false},"excerpt":{"rendered":"<p>Est\u00e1gio Curricular O est\u00e1gio, conceituado como elemento curricular de car\u00e1ter formador e como um ato educativo supervisionado previsto para o Curso de Licenciatura em Geografia, est\u00e1 regulamentado em conson\u00e2ncia com a defini\u00e7\u00e3o do perfil do profissional egresso, bem como com os objetivos para a sua forma\u00e7\u00e3o. O Projeto Pedag\u00f3gico do Curso de Licenciatura em Geografia [&hellip;]<\/p>\n","protected":false},"author":3,"featured_media":0,"parent":240,"menu_order":0,"comment_status":"closed","ping_status":"closed","template":"","meta":{"_acf_changed":false,"footnotes":""},"class_list":["post-244","page","type-page","status-publish","hentry"],"acf":[],"_links":{"self":[{"href":"https:\/\/litoral.ufpr.br\/geografia\/wp-json\/wp\/v2\/pages\/244","targetHints":{"allow":["GET"]}}],"collection":[{"href":"https:\/\/litoral.ufpr.br\/geografia\/wp-json\/wp\/v2\/pages"}],"about":[{"href":"https:\/\/litoral.ufpr.br\/geografia\/wp-json\/wp\/v2\/types\/page"}],"author":[{"embeddable":true,"href":"https:\/\/litoral.ufpr.br\/geografia\/wp-json\/wp\/v2\/users\/3"}],"replies":[{"embeddable":true,"href":"https:\/\/litoral.ufpr.br\/geografia\/wp-json\/wp\/v2\/comments?post=244"}],"version-history":[{"count":5,"href":"https:\/\/litoral.ufpr.br\/geografia\/wp-json\/wp\/v2\/pages\/244\/revisions"}],"predecessor-version":[{"id":970,"href":"https:\/\/litoral.ufpr.br\/geografia\/wp-json\/wp\/v2\/pages\/244\/revisions\/970"}],"up":[{"embeddable":true,"href":"https:\/\/litoral.ufpr.br\/geografia\/wp-json\/wp\/v2\/pages\/240"}],"wp:attachment":[{"href":"https:\/\/litoral.ufpr.br\/geografia\/wp-json\/wp\/v2\/media?parent=244"}],"curies":[{"name":"wp","href":"https:\/\/api.w.org\/{rel}","templated":true}]}}